{"id":3622,"date":"2018-04-16T19:56:26","date_gmt":"2018-04-16T17:56:26","guid":{"rendered":"http:\/\/www.cmmlaser.it\/?page_id=3622"},"modified":"2018-04-20T14:36:35","modified_gmt":"2018-04-20T12:36:35","slug":"pouvez-vous-me-garantir-la-tracabilite-totale-des-pieces-usinees-avec-la-decoupe-laser","status":"publish","type":"page","link":"https:\/\/www.cmmlaser.it\/fr\/faq\/pouvez-vous-me-garantir-la-tracabilite-totale-des-pieces-usinees-avec-la-decoupe-laser\/","title":{"rendered":"Pouvez-vous me garantir la tra\u00e7abilit\u00e9 totale des pi\u00e8ces usin\u00e9es avec la d\u00e9coupe laser ?"},"content":{"rendered":"<p>[vc_row][vc_column][vc_empty_space alter_height=&#8221;small&#8221; hide_on_mobile=&#8221;&#8221;][vc_column_text]Oui, nous pouvons vous <strong>garantir la tra\u00e7abilit\u00e9 totale<\/strong> de chaque pi\u00e8ce usin\u00e9e avec la <a href=\"\/fr\/decoupe-laser\/\" target=\"_blank\" rel=\"noopener\"><strong>d\u00e9coupe laser<\/strong><\/a> gr\u00e2ce \u00e0 l&#8217;obtention de la <a href=\"\/fr\/cmm-laser\/certifications\/\" target=\"_blank\" rel=\"noopener\">certification UNI EN ISO 9001: 2008<\/a>, qui garantit le contr\u00f4le de tout le cycle de production et le bon fonctionnement de l&#8217;organisation, et de la certification UNI EN 1090-1, qui permet la production et le marquage CE des \u00e9l\u00e9ments structurels en acier et en aluminium avec classe d&#8217;ex\u00e9cution EXC1, EXC2 et EXC3.[\/vc_column_text][vc_empty_space alter_height=&#8221;small&#8221; hide_on_mobile=&#8221;&#8221;][\/vc_column][\/vc_row]<\/p>\n","protected":false},"excerpt":{"rendered":"<p>[vc_row][vc_column][vc_empty_space alter_height=&#8221;small&#8221; hide_on_mobile=&#8221;&#8221;][vc_column_text]Oui, nous pouvons vous garantir la tra\u00e7abilit\u00e9 totale de chaque pi\u00e8ce usin\u00e9e avec la d\u00e9coupe laser gr\u00e2ce \u00e0 l&#8217;obtention de la certification UNI EN ISO 9001: 2008, qui&hellip;<\/p>\n","protected":false},"author":2,"featured_media":0,"parent":3362,"menu_order":0,"comment_status":"closed","ping_status":"closed","template":"","meta":[],"_links":{"self":[{"href":"https:\/\/www.cmmlaser.it\/fr\/wp-json\/wp\/v2\/pages\/3622"}],"collection":[{"href":"https:\/\/www.cmmlaser.it\/fr\/wp-json\/wp\/v2\/pages"}],"about":[{"href":"https:\/\/www.cmmlaser.it\/fr\/wp-json\/wp\/v2\/types\/page"}],"author":[{"embeddable":true,"href":"https:\/\/www.cmmlaser.it\/fr\/wp-json\/wp\/v2\/users\/2"}],"replies":[{"embeddable":true,"href":"https:\/\/www.cmmlaser.it\/fr\/wp-json\/wp\/v2\/comments?post=3622"}],"version-history":[{"count":4,"href":"https:\/\/www.cmmlaser.it\/fr\/wp-json\/wp\/v2\/pages\/3622\/revisions"}],"predecessor-version":[{"id":4223,"href":"https:\/\/www.cmmlaser.it\/fr\/wp-json\/wp\/v2\/pages\/3622\/revisions\/4223"}],"up":[{"embeddable":true,"href":"https:\/\/www.cmmlaser.it\/fr\/wp-json\/wp\/v2\/pages\/3362"}],"wp:attachment":[{"href":"https:\/\/www.cmmlaser.it\/fr\/wp-json\/wp\/v2\/media?parent=3622"}],"curies":[{"name":"wp","href":"https:\/\/api.w.org\/{rel}","templated":true}]}}