{"id":3452,"date":"2018-04-16T16:28:09","date_gmt":"2018-04-16T14:28:09","guid":{"rendered":"http:\/\/www.cmmlaser.it\/?page_id=3452"},"modified":"2018-06-19T14:54:14","modified_gmt":"2018-06-19T12:54:14","slug":"laiton","status":"publish","type":"page","link":"https:\/\/www.cmmlaser.it\/fr\/conception\/laiton\/","title":{"rendered":"Laiton"},"content":{"rendered":"<p>[vc_row][vc_column][vc_empty_space alter_height=&#8221;small&#8221; hide_on_mobile=&#8221;&#8221;]<div id=\"sc_title_1224922545\"\n\t\tclass=\"sc_title sc_title_default\"><h2 class=\"sc_item_title sc_title_title sc_align_default sc_item_title_style_default sc_item_title_tag\">D\u00e9coupe Laser de T\u00f4les en Laiton<\/h2><\/div><!-- \/.sc_title -->[vc_column_text]<strong>CMM<\/strong> effectue la <strong>d\u00e9coupe laser des t\u00f4les<\/strong> en laiton de 8 mm maximum, en s&#8217;occupant de la d\u00e9coupe laser et de la phase de <a href=\"\/fr\/travail\/pliage\/\" target=\"_blank\" rel=\"noopener\">pliage<\/a>, jusqu&#8217;\u00e0 l&#8217;<a href=\"\/fr\/travail\/assemblage\/\" target=\"_blank\" rel=\"noopener\">assemblage<\/a>, pour obtenir un produit final complet ou une pi\u00e8ce de composition, en fonction des exigences du client.<\/p>\n<p>La <strong>d\u00e9coupe laser de t\u00f4les en laiton<\/strong>, qui est un m\u00e9tal pr\u00e9sentant des caract\u00e9ristiques de r\u00e9sistance m\u00e9canique, ouvrabilit\u00e9, ductilit\u00e9, r\u00e9sistance \u00e0 l&#8217;abrasion et \u00e0 la corrosion, est largement utilis\u00e9e dans le secteur de l&#8217;ameublement et du design d&#8217;int\u00e9rieurs.<\/p>\n<p>[\/vc_column_text][vc_empty_space alter_height=&#8221;medium&#8221; hide_on_mobile=&#8221;&#8221;][\/vc_column][\/vc_row]<\/p>\n","protected":false},"excerpt":{"rendered":"<p>[vc_row][vc_column][vc_empty_space alter_height=&#8221;small&#8221; hide_on_mobile=&#8221;&#8221;][vc_column_text]CMM effectue la d\u00e9coupe laser des t\u00f4les en laiton de 8 mm maximum, en s&#8217;occupant de la d\u00e9coupe laser et de la phase de pliage, jusqu&#8217;\u00e0 l&#8217;assemblage, pour&hellip;<\/p>\n","protected":false},"author":2,"featured_media":3679,"parent":5483,"menu_order":0,"comment_status":"closed","ping_status":"closed","template":"","meta":[],"_links":{"self":[{"href":"https:\/\/www.cmmlaser.it\/fr\/wp-json\/wp\/v2\/pages\/3452"}],"collection":[{"href":"https:\/\/www.cmmlaser.it\/fr\/wp-json\/wp\/v2\/pages"}],"about":[{"href":"https:\/\/www.cmmlaser.it\/fr\/wp-json\/wp\/v2\/types\/page"}],"author":[{"embeddable":true,"href":"https:\/\/www.cmmlaser.it\/fr\/wp-json\/wp\/v2\/users\/2"}],"replies":[{"embeddable":true,"href":"https:\/\/www.cmmlaser.it\/fr\/wp-json\/wp\/v2\/comments?post=3452"}],"version-history":[{"count":4,"href":"https:\/\/www.cmmlaser.it\/fr\/wp-json\/wp\/v2\/pages\/3452\/revisions"}],"predecessor-version":[{"id":4206,"href":"https:\/\/www.cmmlaser.it\/fr\/wp-json\/wp\/v2\/pages\/3452\/revisions\/4206"}],"up":[{"embeddable":true,"href":"https:\/\/www.cmmlaser.it\/fr\/wp-json\/wp\/v2\/pages\/5483"}],"wp:featuredmedia":[{"embeddable":true,"href":"https:\/\/www.cmmlaser.it\/fr\/wp-json\/wp\/v2\/media\/3679"}],"wp:attachment":[{"href":"https:\/\/www.cmmlaser.it\/fr\/wp-json\/wp\/v2\/media?parent=3452"}],"curies":[{"name":"wp","href":"https:\/\/api.w.org\/{rel}","templated":true}]}}