{"id":3430,"date":"2018-04-16T16:23:08","date_gmt":"2018-04-16T14:23:08","guid":{"rendered":"http:\/\/www.cmmlaser.it\/?page_id=3430"},"modified":"2026-02-13T16:44:26","modified_gmt":"2026-02-13T15:44:26","slug":"aluminium","status":"publish","type":"page","link":"https:\/\/www.cmmlaser.it\/fr\/conception\/aluminium\/","title":{"rendered":"Aluminium"},"content":{"rendered":"<p>[vc_row][vc_column][vc_empty_space alter_height=&#8221;small&#8221; hide_on_mobile=&#8221;&#8221;]<div id=\"sc_title_937038657\"\n\t\tclass=\"sc_title sc_title_default\"><h2 class=\"sc_item_title sc_title_title sc_align_default sc_item_title_style_default sc_item_title_tag\">D\u00e9coupe Laser de T\u00f4les en Aluminium<\/h2><\/div><!-- \/.sc_title -->[vc_column_text]<strong>CMM<\/strong> se charge de la <strong>d\u00e9coupe laser de t\u00f4les en aluminium<\/strong> ayant une \u00e9paisseur maximum de 30 mm, un m\u00e9tal l\u00e9ger, ductile et r\u00e9sistant qui peut \u00eatre utilis\u00e9 dans le secteur a\u00e9rospatial et des transports gr\u00e2ce \u00e0 sa r\u00e9sistance \u00e0 la corrosion.<\/p>\n<p>CMM est en mesure de suivre toutes les <a href=\"\/fr\/travail\/\" target=\"_blank\" rel=\"noopener\">phases d&#8217;usinage de m\u00e9taux<\/a> : poin\u00e7onnage, pliage, <a href=\"\/fr\/travail\/soudure\/\" target=\"_blank\" rel=\"noopener\">soudage<\/a> et <a href=\"\/fr\/travail\/assemblage\/\" target=\"_blank\" rel=\"noopener\">assemblage<\/a>. Si la demande du client concerne un produit complet, l&#8217;entreprise est en mesure de satisfaire toutes les demandes, tout comme dans le cas d&#8217;une commande d&#8217;une seule pi\u00e8ce ou d&#8217;une seule phase d&#8217;usinage. Les domaines d&#8217;application de la d\u00e9coupe laser de produits en aluminium vont des profil\u00e9s antid\u00e9rapants aux compl\u00e9ments d&#8217;ameublement, en passant par les \u00e9l\u00e9ments de finition et les carters.<\/p>\n<p>Les domaines d&#8217;application de l&#8217;<strong>aluminium<\/strong> vont des <a href=\"\/fr\/antiderapant\/\" target=\"_blank\" rel=\"noopener\"><strong>profil\u00e9s antid\u00e9rapants<\/strong><\/a> aux compl\u00e9ments d&#8217;ameublement, en passant par les \u00e9l\u00e9ments de finition et les carters.[\/vc_column_text][vc_empty_space alter_height=&#8221;medium&#8221; hide_on_mobile=&#8221;&#8221;][\/vc_column][\/vc_row]<\/p>\n","protected":false},"excerpt":{"rendered":"<p>[vc_row][vc_column][vc_empty_space alter_height=&#8221;small&#8221; hide_on_mobile=&#8221;&#8221;][vc_column_text]CMM se charge de la d\u00e9coupe laser de t\u00f4les en aluminium ayant une \u00e9paisseur maximum de 30 mm, un m\u00e9tal l\u00e9ger, ductile et r\u00e9sistant qui peut \u00eatre utilis\u00e9&hellip;<\/p>\n","protected":false},"author":2,"featured_media":3677,"parent":5483,"menu_order":0,"comment_status":"closed","ping_status":"closed","template":"","meta":[],"_links":{"self":[{"href":"https:\/\/www.cmmlaser.it\/fr\/wp-json\/wp\/v2\/pages\/3430"}],"collection":[{"href":"https:\/\/www.cmmlaser.it\/fr\/wp-json\/wp\/v2\/pages"}],"about":[{"href":"https:\/\/www.cmmlaser.it\/fr\/wp-json\/wp\/v2\/types\/page"}],"author":[{"embeddable":true,"href":"https:\/\/www.cmmlaser.it\/fr\/wp-json\/wp\/v2\/users\/2"}],"replies":[{"embeddable":true,"href":"https:\/\/www.cmmlaser.it\/fr\/wp-json\/wp\/v2\/comments?post=3430"}],"version-history":[{"count":8,"href":"https:\/\/www.cmmlaser.it\/fr\/wp-json\/wp\/v2\/pages\/3430\/revisions"}],"predecessor-version":[{"id":27734,"href":"https:\/\/www.cmmlaser.it\/fr\/wp-json\/wp\/v2\/pages\/3430\/revisions\/27734"}],"up":[{"embeddable":true,"href":"https:\/\/www.cmmlaser.it\/fr\/wp-json\/wp\/v2\/pages\/5483"}],"wp:featuredmedia":[{"embeddable":true,"href":"https:\/\/www.cmmlaser.it\/fr\/wp-json\/wp\/v2\/media\/3677"}],"wp:attachment":[{"href":"https:\/\/www.cmmlaser.it\/fr\/wp-json\/wp\/v2\/media?parent=3430"}],"curies":[{"name":"wp","href":"https:\/\/api.w.org\/{rel}","templated":true}]}}