{"id":3422,"date":"2018-04-16T16:20:29","date_gmt":"2018-04-16T14:20:29","guid":{"rendered":"http:\/\/www.cmmlaser.it\/?page_id=3422"},"modified":"2026-02-13T16:42:44","modified_gmt":"2026-02-13T15:42:44","slug":"acier-inox","status":"publish","type":"page","link":"https:\/\/www.cmmlaser.it\/fr\/conception\/acier-inox\/","title":{"rendered":"Acier Inox"},"content":{"rendered":"<p>[vc_row][vc_column][vc_empty_space alter_height=&#8221;small&#8221; hide_on_mobile=&#8221;&#8221;]<div id=\"sc_title_1202556635\"\n\t\tclass=\"sc_title sc_title_default\"><h2 class=\"sc_item_title sc_title_title sc_align_default sc_item_title_style_default sc_item_title_tag\">D\u00e9coupe Laser De T\u00f4les en Acier Inox<\/h2><\/div><!-- \/.sc_title -->[vc_column_text]<\/p>\n<div class=\"col1\">\n<div class=\"blk-txt\">\n<p><strong>CMM<\/strong> s&#8217;occupe de la <strong>d\u00e9coupe laser de t\u00f4les en aci<\/strong><a href=\"\/fr\/decoupe-laser\/\" target=\"_blank\" rel=\"noopener\"><strong>er inox<\/strong><\/a> ayant une \u00e9paisseur maximum de 40 mm, avec possibilit\u00e9 de d\u00e9coupe en biseau jusqu&#8217;\u00e0 30 mm,\u00a0 un mat\u00e9riau polyvalent, tr\u00e8s r\u00e9pandu et particuli\u00e8rement r\u00e9sistant \u00e0 la corrosion auquel CMM est en mesure d&#8217;appliquer des usinages de <a href=\"\/fr\/travail\/poinconnage\/\" target=\"_blank\" rel=\"noopener\">poin\u00e7onnage<\/a>, <a href=\"\/fr\/travail\/pliage\/\" target=\"_blank\" rel=\"noopener\">pliage<\/a>, soudage et assemblage, afin d&#8217;obtenir un produit final complet ou de garantir le maximum d&#8217;efficacit\u00e9 lors de chaque phase d&#8217;usinage demand\u00e9e par le client.<\/p>\n<p>En plus des <strong>t\u00f4les en acier inox<\/strong>, CMM se charge de la d\u00e9coupe laser de t\u00f4les en plusieurs autres <a href=\"\/fr\/materiaux\/\" target=\"_blank\" rel=\"noopener\">m\u00e9taux<\/a>, entre autres l&#8217;acier corten, hardox et domex.<\/p>\n<p>Apr\u00e8s la d\u00e9coupe laser, les t\u00f4les en acier inox seront nettoy\u00e9es pour \u00e9liminer les taches et les imperfections et pour \u00e9liminer \u00e9galement les r\u00e9sidus les plus difficiles \u00e0 atteindre, caus\u00e9s par une l\u00e9g\u00e8re fusion du mat\u00e9riau, il faut utiliser de la p\u00e2te abrasive sp\u00e9cifique pour l&#8217;acier, des solvants ou du papier de verre. Apr\u00e8s la transformation des t\u00f4les en acier inox \u00e0 l&#8217;aide de la d\u00e9coupe laser, il est possible d&#8217;obtenir des composants structurels ou des parties d&#8217;autres \u00e9l\u00e9ments pour fabriquer des hottes de cuisine, des plans de travail, des compl\u00e9ments d&#8217;ameublement, des composants pour appareils \u00e9lectrom\u00e9dicaux et des profil\u00e9s antid\u00e9rapants.<\/p>\n<\/div>\n<\/div>\n<p>[\/vc_column_text][vc_empty_space alter_height=&#8221;medium&#8221; hide_on_mobile=&#8221;&#8221;][\/vc_column][\/vc_row]<\/p>\n","protected":false},"excerpt":{"rendered":"<p>[vc_row][vc_column][vc_empty_space alter_height=&#8221;small&#8221; hide_on_mobile=&#8221;&#8221;][vc_column_text] CMM s&#8217;occupe de la d\u00e9coupe laser de t\u00f4les en acier inox ayant une \u00e9paisseur maximum de 40 mm, avec possibilit\u00e9 de d\u00e9coupe en biseau jusqu&#8217;\u00e0 30 mm,\u00a0&hellip;<\/p>\n","protected":false},"author":2,"featured_media":3676,"parent":5483,"menu_order":0,"comment_status":"closed","ping_status":"closed","template":"","meta":[],"_links":{"self":[{"href":"https:\/\/www.cmmlaser.it\/fr\/wp-json\/wp\/v2\/pages\/3422"}],"collection":[{"href":"https:\/\/www.cmmlaser.it\/fr\/wp-json\/wp\/v2\/pages"}],"about":[{"href":"https:\/\/www.cmmlaser.it\/fr\/wp-json\/wp\/v2\/types\/page"}],"author":[{"embeddable":true,"href":"https:\/\/www.cmmlaser.it\/fr\/wp-json\/wp\/v2\/users\/2"}],"replies":[{"embeddable":true,"href":"https:\/\/www.cmmlaser.it\/fr\/wp-json\/wp\/v2\/comments?post=3422"}],"version-history":[{"count":10,"href":"https:\/\/www.cmmlaser.it\/fr\/wp-json\/wp\/v2\/pages\/3422\/revisions"}],"predecessor-version":[{"id":27732,"href":"https:\/\/www.cmmlaser.it\/fr\/wp-json\/wp\/v2\/pages\/3422\/revisions\/27732"}],"up":[{"embeddable":true,"href":"https:\/\/www.cmmlaser.it\/fr\/wp-json\/wp\/v2\/pages\/5483"}],"wp:featuredmedia":[{"embeddable":true,"href":"https:\/\/www.cmmlaser.it\/fr\/wp-json\/wp\/v2\/media\/3676"}],"wp:attachment":[{"href":"https:\/\/www.cmmlaser.it\/fr\/wp-json\/wp\/v2\/media?parent=3422"}],"curies":[{"name":"wp","href":"https:\/\/api.w.org\/{rel}","templated":true}]}}