{"id":3379,"date":"2018-04-16T16:05:49","date_gmt":"2018-04-16T14:05:49","guid":{"rendered":"http:\/\/www.cmmlaser.it\/?page_id=3379"},"modified":"2018-06-19T14:27:29","modified_gmt":"2018-06-19T12:27:29","slug":"cmm-laser","status":"publish","type":"page","link":"https:\/\/www.cmmlaser.it\/fr\/cmm-laser\/","title":{"rendered":"CMM Laser"},"content":{"rendered":"<p>[vc_row el_class=&#8221;news&#8221;][vc_column][vc_empty_space alter_height=&#8221;medium&#8221; hide_on_mobile=&#8221;&#8221;]<div id=\"sc_title_2018240195\"\n\t\tclass=\"sc_title sc_title_default\"><h2 class=\"sc_item_title sc_title_title sc_align_left sc_item_title_style_default sc_item_title_tag\">Centre de Services dans le Secteur de la D\u00e9coupe Laser reconnu au Niveau Europ\u00e9en<\/h2><\/div><!-- \/.sc_title -->[vc_column_text]<strong>CMM<\/strong> est l&#8217;un des principaux centres europ\u00e9ens de service dans la sous-traitance de la <a href=\"\/fr\/decoupe-laser\/decoupe-laser-des-tubes\/\" target=\"_blank\" rel=\"noopener\"><strong>d\u00e9coupe laser de tubes<\/strong><\/a>, t\u00f4les et poutres, en partant du plan, fourni par le client ou pr\u00e9par\u00e9 par le bureau d\u2019etude interne, pour arriver au produit fini et complet.<\/p>\n<p>Sp\u00e9cialis\u00e9e depuis plus de 40 ans dans la <strong>transformation de l&#8217;acier<\/strong>, ses investissements technologiques constants lui ont permis d&#8217;am\u00e9liorer ses performances pour obtenir un produit fini de grande qualit\u00e9, complet et conforme aux objectifs du client.<\/p>\n<p>Chez CMM, les origines artisanales et familiales s&#8217;allient au d\u00e9sir d&#8217;\u00e9largir sans cesse ses propres horizons pour se pr\u00e9senter comme un partenaire, plus que comme fournisseur, \u00e0 l&#8217;\u00e9coute du client pour r\u00e9pondre au mieux aux exigences et besoins et pour instaurer une relation de confiance r\u00e9ciproque.[\/vc_column_text][vc_empty_space alter_height=&#8221;medium&#8221; hide_on_mobile=&#8221;&#8221;][vc_basic_grid post_type=&#8221;ids&#8221; element_width=&#8221;3&#8243; item=&#8221;1953&#8243; grid_id=&#8221;vc_gid:1524233156138-a4642dea-aa7b-3&#8243; include=&#8221;3085, 2885, 2864, 2926&#8243;][vc_empty_space alter_height=&#8221;medium&#8221; hide_on_mobile=&#8221;&#8221;][\/vc_column][\/vc_row][vc_row el_class=&#8221;informazioni_preventivo&#8221;][vc_column]<div class=\"sc_layouts sc_layouts_default sc_layouts_3257\">[vc_row full_width=\"stretch_row\" equal_height=\"yes\" content_placement=\"middle\" scheme=\"dark\" row_delimiter=\"\" row_fixed=\"\" hide_on_mobile=\"\" hide_on_frontpage=\"\" css=\".vc_custom_1523443605967{padding-top: 60px !important;padding-bottom: 60px !important;background-image: url(http:\/\/www.cmmlaser.it\/wp-content\/uploads\/2018\/04\/saldatura-travi.jpg?id=2648) !important;background-position: center !important;background-repeat: no-repeat !important;background-size: cover !important;}\" el_class=\"informazioni_preventivo\"][vc_column width=\"1\/2\"][vc_column_text]\r\n<h3 style=\"text-align: center;\"><strong>Contactez-nous<\/strong> pour plus <strong>d'informations<\/strong> ou pour demander un <strong>devis<\/strong><\/h3>\r\n[\/vc_column_text][\/vc_column][vc_column width=\"1\/2\"][vc_empty_space alter_height=\"medium\" hide_on_mobile=\"\"]\n<div class=\"wpcf7 no-js\" id=\"wpcf7-f3255-o1\" lang=\"it-IT\" dir=\"ltr\">\n<div class=\"screen-reader-response\"><p role=\"status\" aria-live=\"polite\" aria-atomic=\"true\"><\/p> <ul><\/ul><\/div>\n<form action=\"\/fr\/wp-json\/wp\/v2\/pages\/3379#wpcf7-f3255-o1\" method=\"post\" class=\"wpcf7-form init wpcf7-acceptance-as-validation\" aria-label=\"Formulaire de contact\" novalidate=\"novalidate\" data-status=\"init\">\n<div style=\"display: none;\">\n<input type=\"hidden\" name=\"_wpcf7\" value=\"3255\" \/>\n<input type=\"hidden\" name=\"_wpcf7_version\" value=\"5.7.7\" \/>\n<input type=\"hidden\" name=\"_wpcf7_locale\" value=\"it_IT\" \/>\n<input type=\"hidden\" name=\"_wpcf7_unit_tag\" value=\"wpcf7-f3255-o1\" \/>\n<input type=\"hidden\" name=\"_wpcf7_container_post\" value=\"0\" \/>\n<input type=\"hidden\" name=\"_wpcf7_posted_data_hash\" value=\"\" \/>\n<input type=\"hidden\" name=\"_wpcf7_recaptcha_response\" value=\"\" \/>\n<\/div>\n<div class=\"form-footer\">\n\t<div class=\"vc_row contatti footer\">\n\t\t<div class=\"vc_col-sm-6\">\n\t\t\t<p><span class=\"wpcf7-form-control-wrap\" data-name=\"your-name\"><input size=\"40\" class=\"wpcf7-form-control wpcf7-text wpcf7-validates-as-required\" aria-required=\"true\" aria-invalid=\"false\" placeholder=\"Nom et Pr\u00e9nom *\" value=\"\" type=\"text\" name=\"your-name\" \/><\/span>\n\t\t\t<\/p>\n\t\t<\/div>\n\t\t<div class=\"vc_col-sm-6\">\n\t\t\t<p><span class=\"wpcf7-form-control-wrap\" data-name=\"your-agency\"><input size=\"40\" class=\"wpcf7-form-control wpcf7-text\" aria-invalid=\"false\" placeholder=\"Soci\u00e9t\u00e9\" value=\"\" type=\"text\" name=\"your-agency\" \/><\/span>\n\t\t\t<\/p>\n\t\t<\/div>\n\t<\/div>\n\t<div class=\"vc_row contatti footer\">\n\t\t<div class=\"vc_col-sm-12\">\n\t\t\t<p><span class=\"wpcf7-form-control-wrap\" data-name=\"your-email\"><input size=\"40\" class=\"wpcf7-form-control wpcf7-text wpcf7-email wpcf7-validates-as-required wpcf7-validates-as-email\" aria-required=\"true\" aria-invalid=\"false\" placeholder=\"E-Mail *\" value=\"\" type=\"email\" name=\"your-email\" \/><\/span>\n\t\t\t<\/p>\n\t\t<\/div>\n\t<\/div>\n\t<div class=\"vc_row contatti footer\">\n\t\t<div class=\"vc_col-sm-12\">\n\t\t\t<p><span class=\"wpcf7-form-control-wrap\" data-name=\"your-message\"><textarea cols=\"40\" rows=\"10\" class=\"wpcf7-form-control wpcf7-textarea\" aria-invalid=\"false\" placeholder=\"Message\" name=\"your-message\"><\/textarea><\/span>\n\t\t\t<\/p>\n\t\t<\/div>\n\t<\/div>\n\t<p>Je suis d'accord avec la politique de confidentialit\u00e9 (<a class=\"footer_acceptance\" href='\/fr\/privacy\/' target=\"_blank\">voir l'avis de confidentialit\u00e9<\/a>)<span class=\"wpcf7-form-control-wrap\" data-name=\"acceptance-17\"><span class=\"wpcf7-form-control wpcf7-acceptance\"><span class=\"wpcf7-list-item\"><input type=\"checkbox\" name=\"acceptance-17\" value=\"1\" aria-invalid=\"false\" \/><\/span><\/span><\/span>\n\t<\/p>\n\t<div class=\"vc_row contatti footer\">\n\t\t<div class=\"vc_col-sm-8\">\n\t\t\n\t\t<\/div>\n\t\t<div class=\"vc_col-sm-3\" style=\"float:right; text-align:right; padding:0!important\">\n\t\t\t<p><input class=\"wpcf7-form-control has-spinner wpcf7-submit\" type=\"submit\" value=\"Envoyer\" \/>\n\t\t\t<\/p>\n\t\t<\/div>\n\t<\/div>\n<\/div><div class=\"wpcf7-response-output\" aria-hidden=\"true\"><\/div>\n<\/form>\n<\/div>\n[\/vc_column][\/vc_row]<\/div>[\/vc_column][\/vc_row]<\/p>\n","protected":false},"excerpt":{"rendered":"<p>[vc_row el_class=&#8221;news&#8221;][vc_column][vc_empty_space alter_height=&#8221;medium&#8221; hide_on_mobile=&#8221;&#8221;][vc_column_text]CMM est l&#8217;un des principaux centres europ\u00e9ens de service dans la sous-traitance de la d\u00e9coupe laser de tubes, t\u00f4les et poutres, en partant du plan, fourni par&hellip;<\/p>\n","protected":false},"author":2,"featured_media":0,"parent":0,"menu_order":0,"comment_status":"closed","ping_status":"closed","template":"","meta":[],"_links":{"self":[{"href":"https:\/\/www.cmmlaser.it\/fr\/wp-json\/wp\/v2\/pages\/3379"}],"collection":[{"href":"https:\/\/www.cmmlaser.it\/fr\/wp-json\/wp\/v2\/pages"}],"about":[{"href":"https:\/\/www.cmmlaser.it\/fr\/wp-json\/wp\/v2\/types\/page"}],"author":[{"embeddable":true,"href":"https:\/\/www.cmmlaser.it\/fr\/wp-json\/wp\/v2\/users\/2"}],"replies":[{"embeddable":true,"href":"https:\/\/www.cmmlaser.it\/fr\/wp-json\/wp\/v2\/comments?post=3379"}],"version-history":[{"count":6,"href":"https:\/\/www.cmmlaser.it\/fr\/wp-json\/wp\/v2\/pages\/3379\/revisions"}],"predecessor-version":[{"id":4229,"href":"https:\/\/www.cmmlaser.it\/fr\/wp-json\/wp\/v2\/pages\/3379\/revisions\/4229"}],"wp:attachment":[{"href":"https:\/\/www.cmmlaser.it\/fr\/wp-json\/wp\/v2\/media?parent=3379"}],"curies":[{"name":"wp","href":"https:\/\/api.w.org\/{rel}","templated":true}]}}