{"id":3085,"date":"2018-04-13T15:00:45","date_gmt":"2018-04-13T13:00:45","guid":{"rendered":"http:\/\/www.cmmlaser.it\/?page_id=3085"},"modified":"2022-12-07T16:23:45","modified_gmt":"2022-12-07T15:23:45","slug":"decoupe-laser-pour-des-tiers","status":"publish","type":"page","link":"https:\/\/www.cmmlaser.it\/fr\/cmm-laser\/decoupe-laser-pour-des-tiers\/","title":{"rendered":"D\u00e9coupe Laser pour des Tiers"},"content":{"rendered":"<p>[vc_row equal_height=&#8221;yes&#8221; css_animation=&#8221;slideInLeft&#8221; el_id=&#8221;storia&#8221;][vc_column][vc_empty_space alter_height=&#8221;small&#8221; hide_on_mobile=&#8221;&#8221;][\/vc_column][vc_column width=&#8221;1\/2&#8243;][vc_single_image image=&#8221;2673&#8243; img_size=&#8221;large&#8221; alignment=&#8221;center&#8221;][vc_empty_space alter_height=&#8221;medium&#8221; hide_on_mobile=&#8221;&#8221;][\/vc_column][vc_column width=&#8221;1\/2&#8243;]<div id=\"sc_title_880675647\"\n\t\tclass=\"sc_title sc_title_default\"><h2 class=\"sc_item_title sc_title_title sc_align_default sc_item_title_style_default sc_item_title_tag\">Les \u00e9tapes de l'histoire de la CMM<\/h2><\/div><!-- \/.sc_title -->[vc_tta_tabs style=&#8221;flat&#8221; shape=&#8221;square&#8221; color=&#8221;blue&#8221; active_section=&#8221;1&#8243; no_fill_content_area=&#8221;true&#8221;][vc_tta_section title=&#8221;1974&#8243; tab_id=&#8221;1485784971404-8682046f-17f0&#8243;][vc_column_text]L\u2019histoire de CMM commence en 1974, avec la cr\u00e9ation de la soci\u00e9t\u00e9 de la famille Ghirardi situ\u00e9e \u00e0 Medole, une charpenterie m\u00e9tallique qui s\u2019occupe d\u2019usinages artisanaux pour les particuliers.[\/vc_column_text][\/vc_tta_section][vc_tta_section title=&#8221;1978&#8243; tab_id=&#8221;1485784971491-d4994758-c559&#8243;][vc_column_text]Apr\u00e8s seulement quatre ans d\u2019activit\u00e9, en 1978 CMM commence \u00e0 s\u2019adresser au march\u00e9 professionnel au cours d\u2019une p\u00e9riode caract\u00e9ris\u00e9e par le boom \u00e9conomique de l\u2019Italie.[\/vc_column_text][\/vc_tta_section][vc_tta_section title=&#8221;1981 &#8211; 1989&#8243; tab_id=&#8221;1485785070957-9af0be1d-c28e&#8221;][vc_column_text]Entre 1981 et 1989, arrivent les premi\u00e8res installations de pliage et de poin\u00e7onnage \u00e0 commande num\u00e9rique, desquelles sont n\u00e9es les machines de d\u00e9coupe laser utilis\u00e9es, aujourd\u2019hui, par CMM.[\/vc_column_text][\/vc_tta_section][vc_tta_section title=&#8221;1994 &#8211; 1996&#8243; tab_id=&#8221;1485785088815-c311a9d2-4ef8&#8243;][vc_column_text]La premi\u00e8re machine de poin\u00e7onnage mixte laser est install\u00e9e dans les ateliers de CMM en 1994. En 1996, la machine de d\u00e9coupe laser \u00e9quip\u00e9e d\u2019une broche lat\u00e9rale<br \/>\nsera install\u00e9e, \u00e0 son tour, dans les ateliers de CMM, donnant naissance \u00e0 l\u2019intuition, bien avant l\u2019heure et les futures tendances du march\u00e9, d\u2019utiliser le laser pour l\u2019usinage des tubes.[\/vc_column_text][\/vc_tta_section][vc_tta_section title=&#8221;1998&#8243; tab_id=&#8221;1521725744097-551e6662-a1ab&#8221;][vc_column_text]En 1998, installation de la premi\u00e8re machine de d\u00e9coupe laser pour les tubes, le premier jalon de de ce qui deviendra l\u2019activit\u00e9 la plus importante de la soci\u00e9t\u00e9, dans laquelle elle parviendra \u00e0 se distinguer au niveau europ\u00e9en et pour laquelle un atelier d\u00e9di\u00e9, sera cr\u00e9\u00e9, en 2001.[\/vc_column_text][\/vc_tta_section][vc_tta_section title=&#8221;Ann\u00e9es 2000&#8243; tab_id=&#8221;1521725796296-cfff968c-a43a&#8221;][vc_column_text]Au d\u00e9but des ann\u00e9es 2000, avec l\u2019ouverture des march\u00e9s ext\u00e9rieurs, CMM passe d\u2019une dimension artisanale \u00e0 une dimension de soci\u00e9t\u00e9 internationale. En 2007, elle d\u00e9cide d\u2019investir dans l\u2019ouverture d\u2019un nouveau bureau d\u00e9di\u00e9 au commerce ext\u00e9rieur.[\/vc_column_text][\/vc_tta_section][vc_tta_section title=&#8221;2007&#8243; tab_id=&#8221;1521725807402-24067dc6-1701&#8243;][vc_column_text]L\u2019ann\u00e9e 2007 est une ann\u00e9e importante pour CMM. En effet, elle marque l\u2019introduction dans la soci\u00e9t\u00e9 de celle qui deviendra la machine de pointe et le produit-phare de la gamme.[\/vc_column_text][\/vc_tta_section][vc_tta_section title=&#8221;AUJOURD&#8217;HUI&#8221; tab_id=&#8221;1521725819984-cf8f397a-247f&#8221;][vc_column_text]Du d\u00e9but des ann\u00e9es 2000 \u00e0 aujourd\u2019hui, CMM a continu\u00e9 \u00e0 investir dans la formation continue de ses salari\u00e9s, dans l\u2019am\u00e9lioration technologique des machines et dans l\u2019exportation de ses machines \u00e0 l\u2019international, en surmontant de mani\u00e8re positive m\u00eame les moments les plus dif ciles que l\u2019Italie a connu.<br \/>\nAujourd\u2019hui, CMM enregistre une forte expansion, ce qui lui a permis de devenir un des principaux centres europ\u00e9ens de d\u00e9coupe laser des tubes, des poutres et des t\u00f4les. C\u2019est aussi une soci\u00e9t\u00e9 solide en pleine croissance, toujours \u00e0 la recherche des meilleures solutions pour ses clients.[\/vc_column_text][\/vc_tta_section][\/vc_tta_tabs][vc_row_inner el_class=&#8221;row_brochure&#8221;][vc_column_inner width=&#8221;1\/2&#8243;][vc_column_text el_class=&#8221;sc_item_button sc_button_wrap brochure&#8221;]<a href=\"http:\/\/www.cmmlaser.it\/wp-content\/uploads\/2018\/04\/CMM_brochure_2018_D-FR.pdf\" target=\"_blank\" rel=\"noopener\">T\u00e9l\u00e9charger la brochure<\/a>[\/vc_column_text][\/vc_column_inner][vc_column_inner width=&#8221;1\/2&#8243;][\/vc_column_inner][\/vc_row_inner][vc_empty_space alter_height=&#8221;medium&#8221; hide_on_mobile=&#8221;&#8221;][\/vc_column][\/vc_row][vc_row full_width=&#8221;stretch_row&#8221; equal_height=&#8221;yes&#8221; css_animation=&#8221;flipInX&#8221; css=&#8221;.vc_custom_1522057149338{background-color: #f0f0f0 !important;}&#8221; el_id=&#8221;mission&#8221;][vc_column][vc_empty_space alter_height=&#8221;medium&#8221; hide_on_mobile=&#8221;&#8221;][\/vc_column][vc_column width=&#8221;1\/2&#8243;]<div id=\"sc_title_1598197652\"\n\t\tclass=\"sc_title sc_title_default\"><h2 class=\"sc_item_title sc_title_title sc_align_default sc_item_title_style_default sc_item_title_tag\">La Mission de l'Entreprise<\/h2><div class=\"sc_item_descr sc_title_descr sc_align_default\">Travailler en synergie avec les clients, en tirant profit de la technologie de la d\u00e9coupe laser et en cr\u00e9ant des relations durables bas\u00e9es sur une confiance r\u00e9ciproque, est l\u2019objectif quotidien de CMM.<br \/>\nNous collaborons avec nos clients non seulement en tant que fournisseur mais aussi et surtout en tant que partenaire capable d\u2019offrir, dans le respect des d\u00e9lais impartis, la meilleure solution possible aux besoins sp\u00e9cifiques.<\/div><\/div><!-- \/.sc_title -->[\/vc_column][vc_column width=&#8221;1\/2&#8243;][vc_single_image image=&#8221;2692&#8243; img_size=&#8221;large&#8221;][\/vc_column][vc_column][vc_empty_space alter_height=&#8221;medium&#8221; hide_on_mobile=&#8221;&#8221;][\/vc_column][\/vc_row][vc_row full_width=&#8221;stretch_row&#8221; full_height=&#8221;yes&#8221; content_placement=&#8221;middle&#8221; css_animation=&#8221;fadeIn&#8221; css=&#8221;.vc_custom_1523443743040{padding-top: 0px !important;padding-bottom: 0px !important;background: #ffffff url(http:\/\/www.cmmlaser.it\/wp-content\/uploads\/2018\/04\/CMM-laser-sedi.png?id=2681) !important;background-position: center !important;background-repeat: no-repeat !important;background-size: cover !important;}&#8221; el_id=&#8221;sedi&#8221;][vc_column][vc_empty_space alter_height=&#8221;large&#8221; hide_on_mobile=&#8221;&#8221;][vc_column_text css_animation=&#8221;slideInLeft&#8221; el_class=&#8221;sedi&#8221; css=&#8221;.vc_custom_1523624942781{background-color: rgba(255,255,255,0.4) !important;*background-color: rgb(255,255,255) !important;}&#8221;]<\/p>\n<h2>Nos Sites<\/h2>\n<p><strong>En Europe:<\/strong> Allemagne, France, Angleterre, Suisse,<br \/>\nAutriche, Luxembourg, Espagne, Slovaquie, Russie.<\/p>\n<p><strong>Reste du monde, indirectement:<\/strong> USA, Am\u00e9rique du Nord, Am\u00e9rique du Sud.[\/vc_column_text][vc_empty_space alter_height=&#8221;medium&#8221; hide_on_mobile=&#8221;&#8221;]<div id=\"sc_skills_1678003269\"\n\t\tclass=\"sc_skills sc_skills_counter\"\n\t\t\t\tdata-type=\"counter\"\n\t\t><div class=\"sc_skills_columns sc_item_columns trx_addons_columns_wrap columns_padding_bottom\"><div class=\"sc_skills_column trx_addons_column-1_5\"><div class=\"sc_skills_item_wrap\"><div class=\"sc_skills_item\"><div class=\"sc_skills_total\" data-start=\"0\" data-stop=\"2\" data-step=\"200\" data-max=\"20000\" data-speed=\"13\" data-duration=\"0\" data-ed=\"\">0<\/div><\/div><div class=\"sc_skills_item_title\">Sites de Production<\/div><\/div><\/div><div class=\"sc_skills_column trx_addons_column-1_5\"><div class=\"sc_skills_item_wrap\"><div class=\"sc_skills_item\"><div class=\"sc_skills_total\" data-start=\"0\" data-stop=\"20000\" data-step=\"200\" data-max=\"20000\" data-speed=\"13\" data-duration=\"1300\" data-ed=\"\">0<\/div><\/div><div class=\"sc_skills_item_title\">Surface de Production (MQ)<\/div><\/div><\/div><div class=\"sc_skills_column trx_addons_column-1_5\"><div class=\"sc_skills_item_wrap\"><div class=\"sc_skills_item\"><div class=\"sc_skills_total\" data-start=\"0\" data-stop=\"130\" data-step=\"200\" data-max=\"20000\" data-speed=\"33\" data-duration=\"21\" data-ed=\"\">0<\/div><\/div><div class=\"sc_skills_item_title\">Employ\u00e9s<\/div><\/div><\/div><div class=\"sc_skills_column trx_addons_column-1_5\"><div class=\"sc_skills_item_wrap\"><div class=\"sc_skills_item\"><div class=\"sc_skills_total\" data-start=\"0\" data-stop=\"40\" data-step=\"200\" data-max=\"20000\" data-speed=\"22\" data-duration=\"4\" data-ed=\"\">0<\/div><\/div><div class=\"sc_skills_item_title\">Ann\u00e9es d&#039;exp\u00e9rience<\/div><\/div><\/div><div class=\"sc_skills_column trx_addons_column-1_5\"><div class=\"sc_skills_item_wrap\"><div class=\"sc_skills_item\"><div class=\"sc_skills_total\" data-start=\"0\" data-stop=\"20000\" data-step=\"200\" data-max=\"20000\" data-speed=\"35\" data-duration=\"3500\" data-ed=\"\">0<\/div><\/div><div class=\"sc_skills_item_title\">Tonnes d&#039;acier Usin\u00e9es <\/div><\/div><\/div><\/div><\/div>[vc_empty_space alter_height=&#8221;large&#8221; hide_on_mobile=&#8221;&#8221;][\/vc_column][\/vc_row][vc_row full_width=&#8221;stretch_row&#8221; equal_height=&#8221;yes&#8221; css_animation=&#8221;flipInX&#8221; css=&#8221;.vc_custom_1522057149338{background-color: #f0f0f0 !important;}&#8221;][vc_column][vc_empty_space alter_height=&#8221;medium&#8221; hide_on_mobile=&#8221;&#8221;]<div id=\"sc_title_1802753342\"\n\t\tclass=\"sc_title sc_title_default\"><h2 class=\"sc_item_title sc_title_title sc_align_default sc_item_title_style_default sc_item_title_tag\">Vid\u00e9o d'Entreprise<\/h2><\/div><!-- \/.sc_title --><div id=\"widget_video_1998550925\" class=\"widget_area sc_widget_video vc_widget_video wpb_content_element\"><aside id=\"widget_video_1998550925_widget\" class=\"widget widget_video\"><div class=\"trx_addons_video_player without_cover\"><div class=\"video_embed video_frame\"><iframe width=\"560\" height=\"315\" src=\"https:\/\/www.youtube.com\/embed\/n1sSAcwlfNE?rel=0&amp;showinfo=0&amp;autoplay=1&amp;loop=1\" frameborder=\"0\" allowfullscreen><\/iframe><\/div><\/div><\/aside><\/div>[vc_empty_space alter_height=&#8221;medium&#8221; hide_on_mobile=&#8221;&#8221;][\/vc_column][\/vc_row][vc_row el_class=&#8221;informazioni_preventivo&#8221;][vc_column]<div class=\"sc_layouts sc_layouts_default sc_layouts_3257\">[vc_row full_width=\"stretch_row\" equal_height=\"yes\" content_placement=\"middle\" scheme=\"dark\" row_delimiter=\"\" row_fixed=\"\" hide_on_mobile=\"\" hide_on_frontpage=\"\" css=\".vc_custom_1523443605967{padding-top: 60px !important;padding-bottom: 60px !important;background-image: url(http:\/\/www.cmmlaser.it\/wp-content\/uploads\/2018\/04\/saldatura-travi.jpg?id=2648) !important;background-position: center !important;background-repeat: no-repeat !important;background-size: cover !important;}\" el_class=\"informazioni_preventivo\"][vc_column width=\"1\/2\"][vc_column_text]\r\n<h3 style=\"text-align: center;\"><strong>Contactez-nous<\/strong> pour plus <strong>d'informations<\/strong> ou pour demander un <strong>devis<\/strong><\/h3>\r\n[\/vc_column_text][\/vc_column][vc_column width=\"1\/2\"][vc_empty_space alter_height=\"medium\" hide_on_mobile=\"\"]\n<div class=\"wpcf7 no-js\" id=\"wpcf7-f3255-o1\" lang=\"it-IT\" dir=\"ltr\">\n<div class=\"screen-reader-response\"><p role=\"status\" aria-live=\"polite\" aria-atomic=\"true\"><\/p> <ul><\/ul><\/div>\n<form action=\"\/fr\/wp-json\/wp\/v2\/pages\/3085#wpcf7-f3255-o1\" method=\"post\" class=\"wpcf7-form init wpcf7-acceptance-as-validation\" aria-label=\"Formulaire de contact\" novalidate=\"novalidate\" data-status=\"init\">\n<div style=\"display: none;\">\n<input type=\"hidden\" name=\"_wpcf7\" value=\"3255\" \/>\n<input type=\"hidden\" name=\"_wpcf7_version\" value=\"5.7.7\" \/>\n<input type=\"hidden\" name=\"_wpcf7_locale\" value=\"it_IT\" \/>\n<input type=\"hidden\" name=\"_wpcf7_unit_tag\" value=\"wpcf7-f3255-o1\" \/>\n<input type=\"hidden\" name=\"_wpcf7_container_post\" value=\"0\" \/>\n<input type=\"hidden\" name=\"_wpcf7_posted_data_hash\" value=\"\" \/>\n<input type=\"hidden\" name=\"_wpcf7_recaptcha_response\" value=\"\" \/>\n<\/div>\n<div class=\"form-footer\">\n\t<div class=\"vc_row contatti footer\">\n\t\t<div class=\"vc_col-sm-6\">\n\t\t\t<p><span class=\"wpcf7-form-control-wrap\" data-name=\"your-name\"><input size=\"40\" class=\"wpcf7-form-control wpcf7-text wpcf7-validates-as-required\" aria-required=\"true\" aria-invalid=\"false\" placeholder=\"Nom et Pr\u00e9nom *\" value=\"\" type=\"text\" name=\"your-name\" \/><\/span>\n\t\t\t<\/p>\n\t\t<\/div>\n\t\t<div class=\"vc_col-sm-6\">\n\t\t\t<p><span class=\"wpcf7-form-control-wrap\" data-name=\"your-agency\"><input size=\"40\" class=\"wpcf7-form-control wpcf7-text\" aria-invalid=\"false\" placeholder=\"Soci\u00e9t\u00e9\" value=\"\" type=\"text\" name=\"your-agency\" \/><\/span>\n\t\t\t<\/p>\n\t\t<\/div>\n\t<\/div>\n\t<div class=\"vc_row contatti footer\">\n\t\t<div class=\"vc_col-sm-12\">\n\t\t\t<p><span class=\"wpcf7-form-control-wrap\" data-name=\"your-email\"><input size=\"40\" class=\"wpcf7-form-control wpcf7-text wpcf7-email wpcf7-validates-as-required wpcf7-validates-as-email\" aria-required=\"true\" aria-invalid=\"false\" placeholder=\"E-Mail *\" value=\"\" type=\"email\" name=\"your-email\" \/><\/span>\n\t\t\t<\/p>\n\t\t<\/div>\n\t<\/div>\n\t<div class=\"vc_row contatti footer\">\n\t\t<div class=\"vc_col-sm-12\">\n\t\t\t<p><span class=\"wpcf7-form-control-wrap\" data-name=\"your-message\"><textarea cols=\"40\" rows=\"10\" class=\"wpcf7-form-control wpcf7-textarea\" aria-invalid=\"false\" placeholder=\"Message\" name=\"your-message\"><\/textarea><\/span>\n\t\t\t<\/p>\n\t\t<\/div>\n\t<\/div>\n\t<p>Je suis d'accord avec la politique de confidentialit\u00e9 (<a class=\"footer_acceptance\" href='\/fr\/privacy\/' target=\"_blank\">voir l'avis de confidentialit\u00e9<\/a>)<span class=\"wpcf7-form-control-wrap\" data-name=\"acceptance-17\"><span class=\"wpcf7-form-control wpcf7-acceptance\"><span class=\"wpcf7-list-item\"><input type=\"checkbox\" name=\"acceptance-17\" value=\"1\" aria-invalid=\"false\" \/><\/span><\/span><\/span>\n\t<\/p>\n\t<div class=\"vc_row contatti footer\">\n\t\t<div class=\"vc_col-sm-8\">\n\t\t\n\t\t<\/div>\n\t\t<div class=\"vc_col-sm-3\" style=\"float:right; text-align:right; padding:0!important\">\n\t\t\t<p><input class=\"wpcf7-form-control has-spinner wpcf7-submit\" type=\"submit\" value=\"Envoyer\" \/>\n\t\t\t<\/p>\n\t\t<\/div>\n\t<\/div>\n<\/div><div class=\"wpcf7-response-output\" aria-hidden=\"true\"><\/div>\n<\/form>\n<\/div>\n[\/vc_column][\/vc_row]<\/div>[\/vc_column][\/vc_row]<\/p>\n","protected":false},"excerpt":{"rendered":"<p>[vc_row equal_height=&#8221;yes&#8221; css_animation=&#8221;slideInLeft&#8221; el_id=&#8221;storia&#8221;][vc_column][vc_empty_space alter_height=&#8221;small&#8221; hide_on_mobile=&#8221;&#8221;][\/vc_column][vc_column width=&#8221;1\/2&#8243;][vc_single_image image=&#8221;2673&#8243; img_size=&#8221;large&#8221; alignment=&#8221;center&#8221;][vc_empty_space alter_height=&#8221;medium&#8221; hide_on_mobile=&#8221;&#8221;][\/vc_column][vc_column width=&#8221;1\/2&#8243;][vc_tta_tabs style=&#8221;flat&#8221; shape=&#8221;square&#8221; color=&#8221;blue&#8221; active_section=&#8221;1&#8243; no_fill_content_area=&#8221;true&#8221;][vc_tta_section title=&#8221;1974&#8243; tab_id=&#8221;1485784971404-8682046f-17f0&#8243;][vc_column_text]L\u2019histoire de CMM commence en 1974, avec la cr\u00e9ation de la&hellip;<\/p>\n","protected":false},"author":2,"featured_media":2673,"parent":3379,"menu_order":0,"comment_status":"closed","ping_status":"closed","template":"","meta":[],"_links":{"self":[{"href":"https:\/\/www.cmmlaser.it\/fr\/wp-json\/wp\/v2\/pages\/3085"}],"collection":[{"href":"https:\/\/www.cmmlaser.it\/fr\/wp-json\/wp\/v2\/pages"}],"about":[{"href":"https:\/\/www.cmmlaser.it\/fr\/wp-json\/wp\/v2\/types\/page"}],"author":[{"embeddable":true,"href":"https:\/\/www.cmmlaser.it\/fr\/wp-json\/wp\/v2\/users\/2"}],"replies":[{"embeddable":true,"href":"https:\/\/www.cmmlaser.it\/fr\/wp-json\/wp\/v2\/comments?post=3085"}],"version-history":[{"count":14,"href":"https:\/\/www.cmmlaser.it\/fr\/wp-json\/wp\/v2\/pages\/3085\/revisions"}],"predecessor-version":[{"id":7340,"href":"https:\/\/www.cmmlaser.it\/fr\/wp-json\/wp\/v2\/pages\/3085\/revisions\/7340"}],"up":[{"embeddable":true,"href":"https:\/\/www.cmmlaser.it\/fr\/wp-json\/wp\/v2\/pages\/3379"}],"wp:featuredmedia":[{"embeddable":true,"href":"https:\/\/www.cmmlaser.it\/fr\/wp-json\/wp\/v2\/media\/2673"}],"wp:attachment":[{"href":"https:\/\/www.cmmlaser.it\/fr\/wp-json\/wp\/v2\/media?parent=3085"}],"curies":[{"name":"wp","href":"https:\/\/api.w.org\/{rel}","templated":true}]}}