{"id":3077,"date":"2018-04-13T14:42:26","date_gmt":"2018-04-13T12:42:26","guid":{"rendered":"http:\/\/www.cmmlaser.it\/?page_id=3077"},"modified":"2018-06-18T17:07:20","modified_gmt":"2018-06-18T15:07:20","slug":"decoupe-laser-des-tubes","status":"publish","type":"page","link":"https:\/\/www.cmmlaser.it\/fr\/decoupe-laser\/decoupe-laser-des-tubes\/","title":{"rendered":"D\u00e9coupe laser des tubes"},"content":{"rendered":"<p>[vc_row][vc_column][vc_empty_space alter_height=&#8221;small&#8221; hide_on_mobile=&#8221;&#8221;]<div id=\"sc_title_935327687\"\n\t\tclass=\"sc_title sc_title_default justify  vc_custom_1523623037415\"><h2 class=\"sc_item_title sc_title_title sc_align_default sc_item_title_style_default sc_item_title_tag\">D\u00e9coupe Laser de Tubes en Sous-Traintance<\/h2><\/div><!-- \/.sc_title -->[\/vc_column][vc_column width=&#8221;6\/12&#8243;][vc_column_text el_class=&#8221;justify&#8221;]CMM poss\u00e8de un atelier, de tout premier plan en Europe, pour la <strong>d\u00e9coupe laser de tubes<\/strong>, de tubulaires et de profils.<br \/>\nL\u2019exp\u00e9rience de <strong>CMM<\/strong>, mise en \u0153uvre d\u00e8s 1998 avec l\u2019installation de la premi\u00e8re machine, a \u00e9t\u00e9 continuellement enrichie. Elle a donn\u00e9 naissance, en l\u2019an 2000, \u00e0 l\u2019atelier exclusivement d\u00e9di\u00e9 \u00e0 la d\u00e9coupe laser des tubes.<\/p>\n<p>Aujourd\u2019hui, la soci\u00e9t\u00e9 est \u00e9quip\u00e9e de 9 installations laser de la derni\u00e8re g\u00e9n\u00e9ration en mesure de <strong>d\u00e9couper des tubes<\/strong> d\u2019un diam\u00e8tre allant d\u2019un minimum de 12 mm jusqu\u2019\u00e0 508 mm.<\/p>\n<p>Les secteurs cibl\u00e9s par cette production sont les secteurs agricole, alimentaire, chimique, \u00e9lectrom\u00e9nager, p\u00e9trolier ainsi que ceux de l\u2019ameublement, des engins \u00e0 moteur, du b\u00e2timent et du terrassement.<\/p>\n<p>La particularit\u00e9 du centre de services de CMM r\u00e9side dans sa capacit\u00e9 \u00e0 usiner des tubes non seulement en carbone et en <strong>acier inox<\/strong> mais aussi \u2013 gr\u00e2ce \u00e0 la technologie innovante de la fibre optique \u2013 en cuivre, en laiton et en <strong>aluminium<\/strong>.<\/p>\n<p>CMM ne s\u2019occupe pas uniquement de <strong>d\u00e9coupe laser de tubes<\/strong> mais aussi de per\u00e7age, d\u2019\u00e9vidage, de contournage, de marquage, de chanfreinage et de d\u00e9coupe inclin\u00e9e. Chaque type de tube est usin\u00e9, le plus minutieusement possible, avec une installation en mesure de r\u00e9pondre \u00e0 tous les besoins du client.<br \/>\nL\u2019\u00e9quipe technique de CMM utilise des logiciels innovants pour la conception 3D qui exploitent les chiers fournis directement par le client tout en recherchant toujours de nouvelles solutions technologiques en mesure d\u2019am\u00e9liorer la qualit\u00e9 du service fourni.<\/p>\n<p>En plus du service de <strong>d\u00e9coupe laser<\/strong> de tubes, CMM s&#8217;occupe aussi de <a href=\"\/fr\/decoupe-laser\/decoupe-laser-de-toles-plates\/\" target=\"_blank\" rel=\"noopener\">d\u00e9coupe laser de t\u00f4les<\/a> et <a href=\"\/fr\/decoupe-laser\/decoupe-laser-des-poutres\/\" target=\"_blank\" rel=\"noopener\">d\u00e9coupe laser de poutres<\/a>.[\/vc_column_text][vc_empty_space alter_height=&#8221;small&#8221; hide_on_mobile=&#8221;2&#8243;][\/vc_column][vc_column width=&#8221;6\/12&#8243;][vc_column_text el_class=&#8221;justify&#8221;]<\/p>\n<table summary=\"D\u00e9coupe Laser de Tubes en Sous-Traintance\" cellspacing=\"0\">\n<tbody>\n<tr>\n<td style=\"text-align: center;\">Nombre d\u2019installations<\/td>\n<td style=\"text-align: center;\">9<\/td>\n<\/tr>\n<tr>\n<td style=\"text-align: center;\">Section minimum<\/td>\n<td style=\"text-align: center;\">12 mm<\/td>\n<\/tr>\n<tr>\n<td style=\"text-align: center;\">Section maximum<\/td>\n<td style=\"text-align: center;\">508 mm<\/td>\n<\/tr>\n<tr>\n<td style=\"text-align: center;\">Charge maximum<\/td>\n<td style=\"text-align: center;\">200 daN\/m<\/td>\n<\/tr>\n<tr>\n<td style=\"text-align: center;\">Longueur minimum de la barre<\/td>\n<td style=\"text-align: center;\">2.500 mm<\/td>\n<\/tr>\n<tr>\n<td style=\"text-align: center;\">Longueur maximum de la barre<\/td>\n<td style=\"text-align: center;\">15.000 mm<\/td>\n<\/tr>\n<tr>\n<td style=\"text-align: center;\">Epaisseur maximum<\/td>\n<td style=\"text-align: center;\">20 mm<\/td>\n<\/tr>\n<tr>\n<td style=\"text-align: center;\">Mat\u00e9riaux usinables<\/td>\n<td style=\"text-align: center;\">Inox, Fer, Aluminium, Laiton, Cuivre<\/td>\n<\/tr>\n<\/tbody>\n<\/table>\n<p>[\/vc_column_text][vc_empty_space alter_height=&#8221;small&#8221; hide_on_mobile=&#8221;&#8221;]<div id=\"widget_slider_1597939921\" class=\"widget_area sc_widget_slider vc_widget_slider wpb_content_element\"><aside id=\"widget_slider_1597939921_widget\" class=\"widget widget_slider\">\t\t\t<div class=\"slider_wrap slider_engine_swiper\">\n\t\t\t\t<div id=\"widget_slider_1597939921_outer\" class=\"slider_swiper_outer slider_style_default slider_outer_controls slider_outer_controls_side slider_outer_nopagination slider_outer_titles_center slider_outer_one\"><div id=\"widget_slider_1597939921_swiper\" class=\"slider_swiper swiper-slider-container slider_controls slider_controls_side slider_nopagination slider_titles_center slider_one slider_resize slider_height_auto slider_type_bg\" data-ratio=\"16:9\" data-interval=\"3000\" data-effect=\"slide\" data-pagination=\"bullets\" data-slides-per-view=\"1\" data-slides-space=\"0\">\n\t\t\t\t\t\t<div class=\"swiper-wrapper\"><div  class=\"swiper-slide\" data-image=\"https:\/\/www.cmmlaser.it\/wp-content\/uploads\/2018\/04\/taglio-laser-tubi-profili-acciaio.jpg\" style=\"background-image:url(https:\/\/www.cmmlaser.it\/wp-content\/uploads\/2018\/04\/taglio-laser-tubi-profili-acciaio.jpg);\"><\/div><div  class=\"swiper-slide\" data-image=\"https:\/\/www.cmmlaser.it\/wp-content\/uploads\/2018\/04\/taglio-laser-tubolari.jpg\" style=\"background-image:url(https:\/\/www.cmmlaser.it\/wp-content\/uploads\/2018\/04\/taglio-laser-tubolari.jpg);\"><\/div><div  class=\"swiper-slide\" data-image=\"https:\/\/www.cmmlaser.it\/wp-content\/uploads\/2018\/04\/taglio-laser-tubi.jpg\" style=\"background-image:url(https:\/\/www.cmmlaser.it\/wp-content\/uploads\/2018\/04\/taglio-laser-tubi.jpg);\"><\/div><\/div><div class=\"slider_controls_wrap\"><a class=\"slider_prev swiper-button-prev\" href=\"#\"><\/a><a class=\"slider_next swiper-button-next\" href=\"#\"><\/a><\/div><\/div><\/div>\t\t\t<\/div>\n\t\t\t<\/aside><\/div>[\/vc_column][\/vc_row][vc_row full_width=&#8221;stretch_row&#8221; css_animation=&#8221;slideInUp&#8221; css=&#8221;.vc_custom_1529331946456{padding-top: 0px !important;padding-bottom: 0px !important;background-color: #f0f0f0 !important;}&#8221;][vc_column][vc_empty_space alter_height=&#8221;medium&#8221; hide_on_mobile=&#8221;&#8221;]<div id=\"sc_title_1967517686\"\n\t\tclass=\"sc_title sc_title_default\"><h6 class=\"sc_item_subtitle sc_title_subtitle sc_align_left sc_item_title_style_default\">News<\/h6><h2 class=\"sc_item_title sc_title_title sc_align_left sc_item_title_style_default sc_item_title_tag\">Restez \u00e0 jour sur l'activit\u00e9 de <b>d\u00e9coupe laser<\/b> effectu\u00e9e par CMM.<\/h2><\/div><!-- \/.sc_title -->[vc_basic_grid post_type=&#8221;post&#8221; max_items=&#8221;9&#8243; style=&#8221;pagination&#8221; items_per_page=&#8221;3&#8243; paging_design=&#8221;square_dots&#8221; loop=&#8221;yes&#8221; item=&#8221;1474&#8243; grid_id=&#8221;vc_gid:1529334419360-a775725f-1f8f-7&#8243; taxonomies=&#8221;107&#8243;][vc_empty_space alter_height=&#8221;medium&#8221; hide_on_mobile=&#8221;&#8221;][\/vc_column][\/vc_row][vc_row el_class=&#8221;informazioni_preventivo&#8221;][vc_column]<div class=\"sc_layouts sc_layouts_default sc_layouts_3257\">[vc_row full_width=\"stretch_row\" equal_height=\"yes\" content_placement=\"middle\" scheme=\"dark\" row_delimiter=\"\" row_fixed=\"\" hide_on_mobile=\"\" hide_on_frontpage=\"\" css=\".vc_custom_1523443605967{padding-top: 60px !important;padding-bottom: 60px !important;background-image: url(http:\/\/www.cmmlaser.it\/wp-content\/uploads\/2018\/04\/saldatura-travi.jpg?id=2648) !important;background-position: center !important;background-repeat: no-repeat !important;background-size: cover !important;}\" el_class=\"informazioni_preventivo\"][vc_column width=\"1\/2\"][vc_column_text]\r\n<h3 style=\"text-align: center;\"><strong>Contactez-nous<\/strong> pour plus <strong>d'informations<\/strong> ou pour demander un <strong>devis<\/strong><\/h3>\r\n[\/vc_column_text][\/vc_column][vc_column width=\"1\/2\"][vc_empty_space alter_height=\"medium\" hide_on_mobile=\"\"]\n<div class=\"wpcf7 no-js\" id=\"wpcf7-f3255-o1\" lang=\"it-IT\" dir=\"ltr\">\n<div class=\"screen-reader-response\"><p role=\"status\" aria-live=\"polite\" aria-atomic=\"true\"><\/p> <ul><\/ul><\/div>\n<form action=\"\/fr\/wp-json\/wp\/v2\/pages\/3077#wpcf7-f3255-o1\" method=\"post\" class=\"wpcf7-form init wpcf7-acceptance-as-validation\" aria-label=\"Formulaire de contact\" novalidate=\"novalidate\" data-status=\"init\">\n<div style=\"display: none;\">\n<input type=\"hidden\" name=\"_wpcf7\" value=\"3255\" \/>\n<input type=\"hidden\" name=\"_wpcf7_version\" value=\"5.7.7\" \/>\n<input type=\"hidden\" name=\"_wpcf7_locale\" value=\"it_IT\" \/>\n<input type=\"hidden\" name=\"_wpcf7_unit_tag\" value=\"wpcf7-f3255-o1\" \/>\n<input type=\"hidden\" name=\"_wpcf7_container_post\" value=\"0\" \/>\n<input type=\"hidden\" name=\"_wpcf7_posted_data_hash\" value=\"\" \/>\n<input type=\"hidden\" name=\"_wpcf7_recaptcha_response\" value=\"\" \/>\n<\/div>\n<div class=\"form-footer\">\n\t<div class=\"vc_row contatti footer\">\n\t\t<div class=\"vc_col-sm-6\">\n\t\t\t<p><span class=\"wpcf7-form-control-wrap\" data-name=\"your-name\"><input size=\"40\" class=\"wpcf7-form-control wpcf7-text wpcf7-validates-as-required\" aria-required=\"true\" aria-invalid=\"false\" placeholder=\"Nom et Pr\u00e9nom *\" value=\"\" type=\"text\" name=\"your-name\" \/><\/span>\n\t\t\t<\/p>\n\t\t<\/div>\n\t\t<div class=\"vc_col-sm-6\">\n\t\t\t<p><span class=\"wpcf7-form-control-wrap\" data-name=\"your-agency\"><input size=\"40\" class=\"wpcf7-form-control wpcf7-text\" aria-invalid=\"false\" placeholder=\"Soci\u00e9t\u00e9\" value=\"\" type=\"text\" name=\"your-agency\" \/><\/span>\n\t\t\t<\/p>\n\t\t<\/div>\n\t<\/div>\n\t<div class=\"vc_row contatti footer\">\n\t\t<div class=\"vc_col-sm-12\">\n\t\t\t<p><span class=\"wpcf7-form-control-wrap\" data-name=\"your-email\"><input size=\"40\" class=\"wpcf7-form-control wpcf7-text wpcf7-email wpcf7-validates-as-required wpcf7-validates-as-email\" aria-required=\"true\" aria-invalid=\"false\" placeholder=\"E-Mail *\" value=\"\" type=\"email\" name=\"your-email\" \/><\/span>\n\t\t\t<\/p>\n\t\t<\/div>\n\t<\/div>\n\t<div class=\"vc_row contatti footer\">\n\t\t<div class=\"vc_col-sm-12\">\n\t\t\t<p><span class=\"wpcf7-form-control-wrap\" data-name=\"your-message\"><textarea cols=\"40\" rows=\"10\" class=\"wpcf7-form-control wpcf7-textarea\" aria-invalid=\"false\" placeholder=\"Message\" name=\"your-message\"><\/textarea><\/span>\n\t\t\t<\/p>\n\t\t<\/div>\n\t<\/div>\n\t<p>Je suis d'accord avec la politique de confidentialit\u00e9 (<a class=\"footer_acceptance\" href='\/fr\/privacy\/' target=\"_blank\">voir l'avis de confidentialit\u00e9<\/a>)<span class=\"wpcf7-form-control-wrap\" data-name=\"acceptance-17\"><span class=\"wpcf7-form-control wpcf7-acceptance\"><span class=\"wpcf7-list-item\"><input type=\"checkbox\" name=\"acceptance-17\" value=\"1\" aria-invalid=\"false\" \/><\/span><\/span><\/span>\n\t<\/p>\n\t<div class=\"vc_row contatti footer\">\n\t\t<div class=\"vc_col-sm-8\">\n\t\t\n\t\t<\/div>\n\t\t<div class=\"vc_col-sm-3\" style=\"float:right; text-align:right; padding:0!important\">\n\t\t\t<p><input class=\"wpcf7-form-control has-spinner wpcf7-submit\" type=\"submit\" value=\"Envoyer\" \/>\n\t\t\t<\/p>\n\t\t<\/div>\n\t<\/div>\n<\/div><div class=\"wpcf7-response-output\" aria-hidden=\"true\"><\/div>\n<\/form>\n<\/div>\n[\/vc_column][\/vc_row]<\/div>[\/vc_column][\/vc_row]<\/p>\n","protected":false},"excerpt":{"rendered":"<p>[vc_row][vc_column][vc_empty_space alter_height=&#8221;small&#8221; hide_on_mobile=&#8221;&#8221;][\/vc_column][vc_column width=&#8221;6\/12&#8243;][vc_column_text el_class=&#8221;justify&#8221;]CMM poss\u00e8de un atelier, de tout premier plan en Europe, pour la d\u00e9coupe laser de tubes, de tubulaires et de profils. L\u2019exp\u00e9rience de CMM, mise en&hellip;<\/p>\n","protected":false},"author":2,"featured_media":2620,"parent":3388,"menu_order":0,"comment_status":"closed","ping_status":"closed","template":"","meta":[],"_links":{"self":[{"href":"https:\/\/www.cmmlaser.it\/fr\/wp-json\/wp\/v2\/pages\/3077"}],"collection":[{"href":"https:\/\/www.cmmlaser.it\/fr\/wp-json\/wp\/v2\/pages"}],"about":[{"href":"https:\/\/www.cmmlaser.it\/fr\/wp-json\/wp\/v2\/types\/page"}],"author":[{"embeddable":true,"href":"https:\/\/www.cmmlaser.it\/fr\/wp-json\/wp\/v2\/users\/2"}],"replies":[{"embeddable":true,"href":"https:\/\/www.cmmlaser.it\/fr\/wp-json\/wp\/v2\/comments?post=3077"}],"version-history":[{"count":9,"href":"https:\/\/www.cmmlaser.it\/fr\/wp-json\/wp\/v2\/pages\/3077\/revisions"}],"predecessor-version":[{"id":4653,"href":"https:\/\/www.cmmlaser.it\/fr\/wp-json\/wp\/v2\/pages\/3077\/revisions\/4653"}],"up":[{"embeddable":true,"href":"https:\/\/www.cmmlaser.it\/fr\/wp-json\/wp\/v2\/pages\/3388"}],"wp:featuredmedia":[{"embeddable":true,"href":"https:\/\/www.cmmlaser.it\/fr\/wp-json\/wp\/v2\/media\/2620"}],"wp:attachment":[{"href":"https:\/\/www.cmmlaser.it\/fr\/wp-json\/wp\/v2\/media?parent=3077"}],"curies":[{"name":"wp","href":"https:\/\/api.w.org\/{rel}","templated":true}]}}