{"id":3037,"date":"2018-04-13T12:33:57","date_gmt":"2018-04-13T10:33:57","guid":{"rendered":"http:\/\/www.cmmlaser.it\/?page_id=3037"},"modified":"2018-06-19T14:42:08","modified_gmt":"2018-06-19T12:42:08","slug":"soudure","status":"publish","type":"page","link":"https:\/\/www.cmmlaser.it\/fr\/travail\/soudure\/","title":{"rendered":"Soudure"},"content":{"rendered":"<p>[vc_row][vc_column]<div id=\"sc_title_297392159\"\n\t\tclass=\"sc_title sc_title_default justify  vc_custom_1523615562132\"><h3 class=\"sc_item_title sc_title_title sc_align_default sc_item_title_style_default\">Soudage de T\u00f4les pour la D\u00e9coupe Laser de Tubes, T\u00f4les et Poutres<\/h3><\/div><!-- \/.sc_title -->[\/vc_column][vc_column width=&#8221;6\/12&#8243;][vc_column_text el_class=&#8221;justify&#8221;]La <strong>soudure<\/strong> est une phase particuli\u00e8rement d\u00e9licate du processus de production. Elle exige une extr\u00eame attention et une pr\u00e9cision optimale. Chez CMM, la soudure est soit automatis\u00e9e, en cas de grandes s\u00e9ries ou p\u00e9rim\u00e8tres, soit manuelle. Une \u00e9valuation, r\u00e9alis\u00e9e sur la base des besoins personnels du client, sert \u00e0 d\u00e9 nir la meilleure proc\u00e9dure \u00e0 utiliser pour r\u00e9pondre au cahier des charges de sa commande.<\/p>\n<p><strong>CMM<\/strong> r\u00e9alise, tous les jours, de nombreux travaux de soudure de t\u00f4les, de tubes et de poutres caract\u00e9ris\u00e9s par une pr\u00e9cision optimale et une grande flexibilit\u00e9 d\u2019utilisation.<br \/>\nTout le processus de soudure des t\u00f4les, des tubes et des poutres a \u00e9t\u00e9 certi \u00e9 selon des normes internationales UNI EN 3834 &#8211; 2 : 2006 et EN 1090, autorisant ainsi l\u2019apposition de la marque CE sur les soudures structurelles de l\u2019acier au carbone jusqu\u2019\u00e0 la classe EXC3.<\/p>\n<p><a href=\"\/fr\/decoupe-laser\/\">D\u00e9coupe au laser<\/a> et autres traitements de l&#8217;acier:\u00a0<a href=\"\/fr\/travail\/poinconnage\/\">poin\u00e7onnage des t\u00f4les<\/a>,\u00a0<a href=\"\/fr\/travail\/pliage\/\" target=\"_blank\" rel=\"noopener\">pliage de t\u00f4les<\/a>, <a href=\"\/fr\/travail\/assemblage\/\" target=\"_blank\" rel=\"noopener\">assemblage de t\u00f4les<\/a>\u00a0en different <a href=\"\/fr\/materiaux\/\" target=\"_blank\" rel=\"noopener\">mat\u00e9riaux de l&#8217;acier<\/a>.[\/vc_column_text][vc_empty_space alter_height=&#8221;small&#8221; hide_on_mobile=&#8221;2&#8243;][\/vc_column][vc_column width=&#8221;6\/12&#8243;][vc_column_text]<\/p>\n<table summary=\"Soudage de T\u00f4les pour la D\u00e9coupe Laser de Tubes, T\u00f4les et Poutres\" cellspacing=\"0\">\n<tbody>\n<tr>\n<td style=\"text-align: center;\">Nombre d\u2019installations robotis\u00e9es<\/td>\n<td style=\"text-align: center;\">2<\/td>\n<\/tr>\n<tr>\n<td style=\"text-align: center;\">Nombre d\u2019ilots manuels<\/td>\n<td style=\"text-align: center;\">5<\/td>\n<\/tr>\n<\/tbody>\n<\/table>\n<p>[\/vc_column_text][vc_empty_space alter_height=&#8221;small&#8221; hide_on_mobile=&#8221;&#8221;]<div id=\"widget_slider_850555230\" class=\"widget_area sc_widget_slider vc_widget_slider wpb_content_element\"><aside id=\"widget_slider_850555230_widget\" class=\"widget widget_slider\">\t\t\t<div class=\"slider_wrap slider_engine_swiper\">\n\t\t\t\t<div id=\"widget_slider_850555230_outer\" class=\"slider_swiper_outer slider_style_default slider_outer_controls slider_outer_controls_side slider_outer_nopagination slider_outer_titles_center slider_outer_one\"><div id=\"widget_slider_850555230_swiper\" class=\"slider_swiper swiper-slider-container slider_controls slider_controls_side slider_nopagination slider_titles_center slider_one slider_resize slider_height_auto slider_type_bg\" data-ratio=\"16:9\" data-interval=\"3000\" data-effect=\"slide\" data-pagination=\"bullets\" data-slides-per-view=\"1\" data-slides-space=\"0\">\n\t\t\t\t\t\t<div class=\"swiper-wrapper\"><div  class=\"swiper-slide\" data-image=\"https:\/\/www.cmmlaser.it\/wp-content\/uploads\/2018\/04\/saldatura-travi.jpg\" style=\"background-image:url(https:\/\/www.cmmlaser.it\/wp-content\/uploads\/2018\/04\/saldatura-travi.jpg);\"><\/div><div  class=\"swiper-slide\" data-image=\"https:\/\/www.cmmlaser.it\/wp-content\/uploads\/2018\/04\/saldatura-tubi.jpg\" style=\"background-image:url(https:\/\/www.cmmlaser.it\/wp-content\/uploads\/2018\/04\/saldatura-tubi.jpg);\"><\/div><div  class=\"swiper-slide\" data-image=\"https:\/\/www.cmmlaser.it\/wp-content\/uploads\/2018\/04\/saldatura-lamiere.jpg\" style=\"background-image:url(https:\/\/www.cmmlaser.it\/wp-content\/uploads\/2018\/04\/saldatura-lamiere.jpg);\"><\/div><div  class=\"swiper-slide\" data-image=\"https:\/\/www.cmmlaser.it\/wp-content\/uploads\/2018\/04\/saldatura-lamiere-CMM.jpg\" style=\"background-image:url(https:\/\/www.cmmlaser.it\/wp-content\/uploads\/2018\/04\/saldatura-lamiere-CMM.jpg);\"><\/div><div  class=\"swiper-slide\" data-image=\"https:\/\/www.cmmlaser.it\/wp-content\/uploads\/2018\/04\/saldature-strutturali-dellacciaio-in-carbonio.jpg\" style=\"background-image:url(https:\/\/www.cmmlaser.it\/wp-content\/uploads\/2018\/04\/saldature-strutturali-dellacciaio-in-carbonio.jpg);\"><\/div><\/div><div class=\"slider_controls_wrap\"><a class=\"slider_prev swiper-button-prev\" href=\"#\"><\/a><a class=\"slider_next swiper-button-next\" href=\"#\"><\/a><\/div><\/div><\/div>\t\t\t<\/div>\n\t\t\t<\/aside><\/div>[\/vc_column][\/vc_row][vc_row el_class=&#8221;informazioni_preventivo&#8221;][vc_column][vc_empty_space alter_height=&#8221;medium&#8221; hide_on_mobile=&#8221;&#8221;]<div class=\"sc_layouts sc_layouts_default sc_layouts_3257\">[vc_row full_width=\"stretch_row\" equal_height=\"yes\" content_placement=\"middle\" scheme=\"dark\" row_delimiter=\"\" row_fixed=\"\" hide_on_mobile=\"\" hide_on_frontpage=\"\" css=\".vc_custom_1523443605967{padding-top: 60px !important;padding-bottom: 60px !important;background-image: url(http:\/\/www.cmmlaser.it\/wp-content\/uploads\/2018\/04\/saldatura-travi.jpg?id=2648) !important;background-position: center !important;background-repeat: no-repeat !important;background-size: cover !important;}\" el_class=\"informazioni_preventivo\"][vc_column width=\"1\/2\"][vc_column_text]\r\n<h3 style=\"text-align: center;\"><strong>Contactez-nous<\/strong> pour plus <strong>d'informations<\/strong> ou pour demander un <strong>devis<\/strong><\/h3>\r\n[\/vc_column_text][\/vc_column][vc_column width=\"1\/2\"][vc_empty_space alter_height=\"medium\" hide_on_mobile=\"\"]\n<div class=\"wpcf7 no-js\" id=\"wpcf7-f3255-o1\" lang=\"it-IT\" dir=\"ltr\">\n<div class=\"screen-reader-response\"><p role=\"status\" aria-live=\"polite\" aria-atomic=\"true\"><\/p> <ul><\/ul><\/div>\n<form action=\"\/fr\/wp-json\/wp\/v2\/pages\/3037#wpcf7-f3255-o1\" method=\"post\" class=\"wpcf7-form init wpcf7-acceptance-as-validation\" aria-label=\"Formulaire de contact\" novalidate=\"novalidate\" data-status=\"init\">\n<div style=\"display: none;\">\n<input type=\"hidden\" name=\"_wpcf7\" value=\"3255\" \/>\n<input type=\"hidden\" name=\"_wpcf7_version\" value=\"5.7.7\" \/>\n<input type=\"hidden\" name=\"_wpcf7_locale\" value=\"it_IT\" \/>\n<input type=\"hidden\" name=\"_wpcf7_unit_tag\" value=\"wpcf7-f3255-o1\" \/>\n<input type=\"hidden\" name=\"_wpcf7_container_post\" value=\"0\" \/>\n<input type=\"hidden\" name=\"_wpcf7_posted_data_hash\" value=\"\" \/>\n<input type=\"hidden\" name=\"_wpcf7_recaptcha_response\" value=\"\" \/>\n<\/div>\n<div class=\"form-footer\">\n\t<div class=\"vc_row contatti footer\">\n\t\t<div class=\"vc_col-sm-6\">\n\t\t\t<p><span class=\"wpcf7-form-control-wrap\" data-name=\"your-name\"><input size=\"40\" class=\"wpcf7-form-control wpcf7-text wpcf7-validates-as-required\" aria-required=\"true\" aria-invalid=\"false\" placeholder=\"Nom et Pr\u00e9nom *\" value=\"\" type=\"text\" name=\"your-name\" \/><\/span>\n\t\t\t<\/p>\n\t\t<\/div>\n\t\t<div class=\"vc_col-sm-6\">\n\t\t\t<p><span class=\"wpcf7-form-control-wrap\" data-name=\"your-agency\"><input size=\"40\" class=\"wpcf7-form-control wpcf7-text\" aria-invalid=\"false\" placeholder=\"Soci\u00e9t\u00e9\" value=\"\" type=\"text\" name=\"your-agency\" \/><\/span>\n\t\t\t<\/p>\n\t\t<\/div>\n\t<\/div>\n\t<div class=\"vc_row contatti footer\">\n\t\t<div class=\"vc_col-sm-12\">\n\t\t\t<p><span class=\"wpcf7-form-control-wrap\" data-name=\"your-email\"><input size=\"40\" class=\"wpcf7-form-control wpcf7-text wpcf7-email wpcf7-validates-as-required wpcf7-validates-as-email\" aria-required=\"true\" aria-invalid=\"false\" placeholder=\"E-Mail *\" value=\"\" type=\"email\" name=\"your-email\" \/><\/span>\n\t\t\t<\/p>\n\t\t<\/div>\n\t<\/div>\n\t<div class=\"vc_row contatti footer\">\n\t\t<div class=\"vc_col-sm-12\">\n\t\t\t<p><span class=\"wpcf7-form-control-wrap\" data-name=\"your-message\"><textarea cols=\"40\" rows=\"10\" class=\"wpcf7-form-control wpcf7-textarea\" aria-invalid=\"false\" placeholder=\"Message\" name=\"your-message\"><\/textarea><\/span>\n\t\t\t<\/p>\n\t\t<\/div>\n\t<\/div>\n\t<p>Je suis d'accord avec la politique de confidentialit\u00e9 (<a class=\"footer_acceptance\" href='\/fr\/privacy\/' target=\"_blank\">voir l'avis de confidentialit\u00e9<\/a>)<span class=\"wpcf7-form-control-wrap\" data-name=\"acceptance-17\"><span class=\"wpcf7-form-control wpcf7-acceptance\"><span class=\"wpcf7-list-item\"><input type=\"checkbox\" name=\"acceptance-17\" value=\"1\" aria-invalid=\"false\" \/><\/span><\/span><\/span>\n\t<\/p>\n\t<div class=\"vc_row contatti footer\">\n\t\t<div class=\"vc_col-sm-8\">\n\t\t\n\t\t<\/div>\n\t\t<div class=\"vc_col-sm-3\" style=\"float:right; text-align:right; padding:0!important\">\n\t\t\t<p><input class=\"wpcf7-form-control has-spinner wpcf7-submit\" type=\"submit\" value=\"Envoyer\" \/>\n\t\t\t<\/p>\n\t\t<\/div>\n\t<\/div>\n<\/div><div class=\"wpcf7-response-output\" aria-hidden=\"true\"><\/div>\n<\/form>\n<\/div>\n[\/vc_column][\/vc_row]<\/div>[\/vc_column][\/vc_row]<\/p>\n","protected":false},"excerpt":{"rendered":"<p>[vc_row][vc_column][\/vc_column][vc_column width=&#8221;6\/12&#8243;][vc_column_text el_class=&#8221;justify&#8221;]La soudure est une phase particuli\u00e8rement d\u00e9licate du processus de production. Elle exige une extr\u00eame attention et une pr\u00e9cision optimale. Chez CMM, la soudure est soit automatis\u00e9e, en&hellip;<\/p>\n","protected":false},"author":2,"featured_media":2647,"parent":3396,"menu_order":0,"comment_status":"closed","ping_status":"closed","template":"","meta":[],"_links":{"self":[{"href":"https:\/\/www.cmmlaser.it\/fr\/wp-json\/wp\/v2\/pages\/3037"}],"collection":[{"href":"https:\/\/www.cmmlaser.it\/fr\/wp-json\/wp\/v2\/pages"}],"about":[{"href":"https:\/\/www.cmmlaser.it\/fr\/wp-json\/wp\/v2\/types\/page"}],"author":[{"embeddable":true,"href":"https:\/\/www.cmmlaser.it\/fr\/wp-json\/wp\/v2\/users\/2"}],"replies":[{"embeddable":true,"href":"https:\/\/www.cmmlaser.it\/fr\/wp-json\/wp\/v2\/comments?post=3037"}],"version-history":[{"count":4,"href":"https:\/\/www.cmmlaser.it\/fr\/wp-json\/wp\/v2\/pages\/3037\/revisions"}],"predecessor-version":[{"id":4165,"href":"https:\/\/www.cmmlaser.it\/fr\/wp-json\/wp\/v2\/pages\/3037\/revisions\/4165"}],"up":[{"embeddable":true,"href":"https:\/\/www.cmmlaser.it\/fr\/wp-json\/wp\/v2\/pages\/3396"}],"wp:featuredmedia":[{"embeddable":true,"href":"https:\/\/www.cmmlaser.it\/fr\/wp-json\/wp\/v2\/media\/2647"}],"wp:attachment":[{"href":"https:\/\/www.cmmlaser.it\/fr\/wp-json\/wp\/v2\/media?parent=3037"}],"curies":[{"name":"wp","href":"https:\/\/api.w.org\/{rel}","templated":true}]}}