{"id":3024,"date":"2018-04-13T12:20:44","date_gmt":"2018-04-13T10:20:44","guid":{"rendered":"http:\/\/www.cmmlaser.it\/?page_id=3024"},"modified":"2018-06-19T14:39:29","modified_gmt":"2018-06-19T12:39:29","slug":"poinconnage","status":"publish","type":"page","link":"https:\/\/www.cmmlaser.it\/fr\/travail\/poinconnage\/","title":{"rendered":"Poin\u00e7onnage"},"content":{"rendered":"<p>[vc_row][vc_column][vc_empty_space alter_height=&#8221;small&#8221; hide_on_mobile=&#8221;&#8221;]<div id=\"sc_title_1518287002\"\n\t\tclass=\"sc_title sc_title_default justify  vc_custom_1523614666641\"><h3 class=\"sc_item_title sc_title_title sc_align_default sc_item_title_style_default\">Poin\u00e7onnage des T\u00f4les<\/h3><\/div><!-- \/.sc_title -->[\/vc_column][vc_column width=&#8221;6\/12&#8243;][vc_column_text el_class=&#8221;justify&#8221;]Le <strong>poin\u00e7onnage des t\u00f4les<\/strong> repr\u00e9sente l\u2019activit\u00e9 de base de\u00a0<strong>CMM<\/strong>. Ladite activit\u00e9 rev\u00eat, aujourd\u2019hui, une importance fondamentale pour la soci\u00e9t\u00e9: panneaux, carters, t\u00f4les perc\u00e9es et embouties de toutes formes et dimensions sont r\u00e9alis\u00e9es avec deux installations \u00e9quip\u00e9e de chargement\/ d\u00e9chargement automatique. Gr\u00e2ce \u00e0 la mise \u00e0 jour continue de ses techniques de poin\u00e7onnage des t\u00f4les, la soci\u00e9t\u00e9 a mis au point une nouvelle ligne de pro ls antid\u00e9rapants. CMM a investi et continue \u00e0 investir dans des poin\u00e7onneuses de t\u00f4les plus performantes, assurant une productivit\u00e9, une pr\u00e9cision, une utilisation polyvalente in\u00e9gal\u00e9es, caract\u00e9ristiques fondamentales pour les usinages \u00e0 fa\u00e7on r\u00e9alis\u00e9s par la soci\u00e9t\u00e9.<\/p>\n<p>CMM a d\u00e9velopp\u00e9 un solide savoir-faire dans la r\u00e9alisation de profils sur mesure r\u00e9serv\u00e9s \u00e0 de nombreuses applications. En effet, la possibilit\u00e9 d\u2019associer les <strong>op\u00e9rations de poin\u00e7onnage<\/strong>, de <a href=\"\/fr\/decoupe-laser\/\" target=\"_blank\" rel=\"noopener\">d\u00e9coupe laser<\/a> et de <a href=\"\/fr\/travail\/pliage\/\" target=\"_blank\" rel=\"noopener\">pliage<\/a> permet de r\u00e9aliser des profils sur mesure selon les besoins du client. L\u2019usinage traditionnel, impliquant l\u2019achat de profils aux dimensions standard qui doivent, ensuite, subir des travaux de charpenterie avec un important gaspillage de mat\u00e9riel et de temps, fait d\u00e9sormais partie du pass\u00e9 gr\u00e2ce \u00e0 l\u2019usinage CMM.<\/p>\n<p>Le produit est pr\u00e9alablement con\u00e7u en fonction de l\u2019installation pr\u00e9vue puis usin\u00e9 avec des machines hautement sp\u00e9cialis\u00e9es garantissant ainsi un r\u00e9sultat impeccable sans aucun d\u00e9chet ni investissement suppl\u00e9mentaire pour le client final.<br \/>\nLes champs d\u2019application de cette activit\u00e9 sont multiples. Ils vont des <a href=\"\/fr\/antiderapant\/\" target=\"_blank\" rel=\"noopener\">profils antid\u00e9rapants<\/a> pour les installations sportives aux pro ls pour les machines de production, en passant par l\u2019ameublement int\u00e9rieur, les fa\u00e7ades continues des b\u00e2timents industriels, &#8230;[\/vc_column_text][vc_empty_space alter_height=&#8221;small&#8221; hide_on_mobile=&#8221;2&#8243;][\/vc_column][vc_column width=&#8221;6\/12&#8243;][vc_column_text el_class=&#8221;justify&#8221;]<\/p>\n<table summary=\"Poin\u00e7onnage des T\u00f4les\" cellspacing=\"0\">\n<tbody>\n<tr>\n<td style=\"text-align: center;\">Nombre d\u2019installation<\/td>\n<td style=\"text-align: center;\">2<\/td>\n<\/tr>\n<tr>\n<td style=\"text-align: center;\">Intervalle de travail<\/td>\n<td style=\"text-align: center;\">4000 mm x 1500 mm<\/td>\n<\/tr>\n<tr>\n<td style=\"text-align: center;\">Option<\/td>\n<td style=\"text-align: center;\">Chargement et d\u00e9chargement automatiques<\/td>\n<\/tr>\n<\/tbody>\n<\/table>\n<p>[\/vc_column_text][vc_empty_space alter_height=&#8221;small&#8221; hide_on_mobile=&#8221;&#8221;]<div id=\"widget_slider_681684203\" class=\"widget_area sc_widget_slider vc_widget_slider wpb_content_element\"><aside id=\"widget_slider_681684203_widget\" class=\"widget widget_slider\">\t\t\t<div class=\"slider_wrap slider_engine_swiper\">\n\t\t\t\t<div id=\"widget_slider_681684203_outer\" class=\"slider_swiper_outer slider_style_default slider_outer_controls slider_outer_controls_side slider_outer_nopagination slider_outer_titles_center slider_outer_one\"><div id=\"widget_slider_681684203_swiper\" class=\"slider_swiper swiper-slider-container slider_controls slider_controls_side slider_nopagination slider_titles_center slider_one slider_resize slider_height_auto slider_type_bg\" data-ratio=\"16:9\" data-interval=\"3000\" data-effect=\"slide\" data-pagination=\"bullets\" data-slides-per-view=\"1\" data-slides-space=\"0\">\n\t\t\t\t\t\t<div class=\"swiper-wrapper\"><div  class=\"swiper-slide\" data-image=\"https:\/\/www.cmmlaser.it\/wp-content\/uploads\/2018\/04\/punzonatura-carico-scarico-automatico.jpg\" style=\"background-image:url(https:\/\/www.cmmlaser.it\/wp-content\/uploads\/2018\/04\/punzonatura-carico-scarico-automatico.jpg);\"><\/div><div  class=\"swiper-slide\" data-image=\"https:\/\/www.cmmlaser.it\/wp-content\/uploads\/2018\/04\/punzonatura-lamiere-forate.jpg\" style=\"background-image:url(https:\/\/www.cmmlaser.it\/wp-content\/uploads\/2018\/04\/punzonatura-lamiere-forate.jpg);\"><\/div><div  class=\"swiper-slide\" data-image=\"https:\/\/www.cmmlaser.it\/wp-content\/uploads\/2018\/04\/punzonatura-lamiere.jpg\" style=\"background-image:url(https:\/\/www.cmmlaser.it\/wp-content\/uploads\/2018\/04\/punzonatura-lamiere.jpg);\"><\/div><\/div><div class=\"slider_controls_wrap\"><a class=\"slider_prev swiper-button-prev\" href=\"#\"><\/a><a class=\"slider_next swiper-button-next\" href=\"#\"><\/a><\/div><\/div><\/div>\t\t\t<\/div>\n\t\t\t<\/aside><\/div>[\/vc_column][\/vc_row][vc_row full_width=&#8221;stretch_row&#8221; css_animation=&#8221;slideInUp&#8221; css=&#8221;.vc_custom_1529331946456{padding-top: 0px !important;padding-bottom: 0px !important;background-color: #f0f0f0 !important;}&#8221;][vc_column][vc_empty_space alter_height=&#8221;medium&#8221; hide_on_mobile=&#8221;&#8221;]<div id=\"sc_title_1276600434\"\n\t\tclass=\"sc_title sc_title_default\"><h6 class=\"sc_item_subtitle sc_title_subtitle sc_align_left sc_item_title_style_default\">News<\/h6><h2 class=\"sc_item_title sc_title_title sc_align_left sc_item_title_style_default sc_item_title_tag\">Restez \u00e0 jour sur l'activit\u00e9 de <b>poin\u00e7onnage<\/b> de la t\u00f4le effectu\u00e9e par CMM.<\/h2><\/div><!-- \/.sc_title -->[vc_basic_grid post_type=&#8221;post&#8221; max_items=&#8221;9&#8243; style=&#8221;pagination&#8221; items_per_page=&#8221;3&#8243; paging_design=&#8221;square_dots&#8221; loop=&#8221;yes&#8221; item=&#8221;1474&#8243; grid_id=&#8221;vc_gid:1529336016425-921f4133-a21f-1&#8243; taxonomies=&#8221;110&#8243;][vc_empty_space alter_height=&#8221;medium&#8221; hide_on_mobile=&#8221;&#8221;][\/vc_column][\/vc_row][vc_row el_class=&#8221;informazioni_preventivo&#8221;][vc_column]<div class=\"sc_layouts sc_layouts_default sc_layouts_3257\">[vc_row full_width=\"stretch_row\" equal_height=\"yes\" content_placement=\"middle\" scheme=\"dark\" row_delimiter=\"\" row_fixed=\"\" hide_on_mobile=\"\" hide_on_frontpage=\"\" css=\".vc_custom_1523443605967{padding-top: 60px !important;padding-bottom: 60px !important;background-image: url(http:\/\/www.cmmlaser.it\/wp-content\/uploads\/2018\/04\/saldatura-travi.jpg?id=2648) !important;background-position: center !important;background-repeat: no-repeat !important;background-size: cover !important;}\" el_class=\"informazioni_preventivo\"][vc_column width=\"1\/2\"][vc_column_text]\r\n<h3 style=\"text-align: center;\"><strong>Contactez-nous<\/strong> pour plus <strong>d'informations<\/strong> ou pour demander un <strong>devis<\/strong><\/h3>\r\n[\/vc_column_text][\/vc_column][vc_column width=\"1\/2\"][vc_empty_space alter_height=\"medium\" hide_on_mobile=\"\"]\n<div class=\"wpcf7 no-js\" id=\"wpcf7-f3255-o1\" lang=\"it-IT\" dir=\"ltr\">\n<div class=\"screen-reader-response\"><p role=\"status\" aria-live=\"polite\" aria-atomic=\"true\"><\/p> <ul><\/ul><\/div>\n<form action=\"\/fr\/wp-json\/wp\/v2\/pages\/3024#wpcf7-f3255-o1\" method=\"post\" class=\"wpcf7-form init wpcf7-acceptance-as-validation\" aria-label=\"Formulaire de contact\" novalidate=\"novalidate\" data-status=\"init\">\n<div style=\"display: none;\">\n<input type=\"hidden\" name=\"_wpcf7\" value=\"3255\" \/>\n<input type=\"hidden\" name=\"_wpcf7_version\" value=\"5.7.7\" \/>\n<input type=\"hidden\" name=\"_wpcf7_locale\" value=\"it_IT\" \/>\n<input type=\"hidden\" name=\"_wpcf7_unit_tag\" value=\"wpcf7-f3255-o1\" \/>\n<input type=\"hidden\" name=\"_wpcf7_container_post\" value=\"0\" \/>\n<input type=\"hidden\" name=\"_wpcf7_posted_data_hash\" value=\"\" \/>\n<input type=\"hidden\" name=\"_wpcf7_recaptcha_response\" value=\"\" \/>\n<\/div>\n<div class=\"form-footer\">\n\t<div class=\"vc_row contatti footer\">\n\t\t<div class=\"vc_col-sm-6\">\n\t\t\t<p><span class=\"wpcf7-form-control-wrap\" data-name=\"your-name\"><input size=\"40\" class=\"wpcf7-form-control wpcf7-text wpcf7-validates-as-required\" aria-required=\"true\" aria-invalid=\"false\" placeholder=\"Nom et Pr\u00e9nom *\" value=\"\" type=\"text\" name=\"your-name\" \/><\/span>\n\t\t\t<\/p>\n\t\t<\/div>\n\t\t<div class=\"vc_col-sm-6\">\n\t\t\t<p><span class=\"wpcf7-form-control-wrap\" data-name=\"your-agency\"><input size=\"40\" class=\"wpcf7-form-control wpcf7-text\" aria-invalid=\"false\" placeholder=\"Soci\u00e9t\u00e9\" value=\"\" type=\"text\" name=\"your-agency\" \/><\/span>\n\t\t\t<\/p>\n\t\t<\/div>\n\t<\/div>\n\t<div class=\"vc_row contatti footer\">\n\t\t<div class=\"vc_col-sm-12\">\n\t\t\t<p><span class=\"wpcf7-form-control-wrap\" data-name=\"your-email\"><input size=\"40\" class=\"wpcf7-form-control wpcf7-text wpcf7-email wpcf7-validates-as-required wpcf7-validates-as-email\" aria-required=\"true\" aria-invalid=\"false\" placeholder=\"E-Mail *\" value=\"\" type=\"email\" name=\"your-email\" \/><\/span>\n\t\t\t<\/p>\n\t\t<\/div>\n\t<\/div>\n\t<div class=\"vc_row contatti footer\">\n\t\t<div class=\"vc_col-sm-12\">\n\t\t\t<p><span class=\"wpcf7-form-control-wrap\" data-name=\"your-message\"><textarea cols=\"40\" rows=\"10\" class=\"wpcf7-form-control wpcf7-textarea\" aria-invalid=\"false\" placeholder=\"Message\" name=\"your-message\"><\/textarea><\/span>\n\t\t\t<\/p>\n\t\t<\/div>\n\t<\/div>\n\t<p>Je suis d'accord avec la politique de confidentialit\u00e9 (<a class=\"footer_acceptance\" href='\/fr\/privacy\/' target=\"_blank\">voir l'avis de confidentialit\u00e9<\/a>)<span class=\"wpcf7-form-control-wrap\" data-name=\"acceptance-17\"><span class=\"wpcf7-form-control wpcf7-acceptance\"><span class=\"wpcf7-list-item\"><input type=\"checkbox\" name=\"acceptance-17\" value=\"1\" aria-invalid=\"false\" \/><\/span><\/span><\/span>\n\t<\/p>\n\t<div class=\"vc_row contatti footer\">\n\t\t<div class=\"vc_col-sm-8\">\n\t\t\n\t\t<\/div>\n\t\t<div class=\"vc_col-sm-3\" style=\"float:right; text-align:right; padding:0!important\">\n\t\t\t<p><input class=\"wpcf7-form-control has-spinner wpcf7-submit\" type=\"submit\" value=\"Envoyer\" \/>\n\t\t\t<\/p>\n\t\t<\/div>\n\t<\/div>\n<\/div><div class=\"wpcf7-response-output\" aria-hidden=\"true\"><\/div>\n<\/form>\n<\/div>\n[\/vc_column][\/vc_row]<\/div>[\/vc_column][\/vc_row]<\/p>\n","protected":false},"excerpt":{"rendered":"<p>[vc_row][vc_column][vc_empty_space alter_height=&#8221;small&#8221; hide_on_mobile=&#8221;&#8221;][\/vc_column][vc_column width=&#8221;6\/12&#8243;][vc_column_text el_class=&#8221;justify&#8221;]Le poin\u00e7onnage des t\u00f4les repr\u00e9sente l\u2019activit\u00e9 de base de\u00a0CMM. Ladite activit\u00e9 rev\u00eat, aujourd\u2019hui, une importance fondamentale pour la soci\u00e9t\u00e9: panneaux, carters, t\u00f4les perc\u00e9es et embouties de&hellip;<\/p>\n","protected":false},"author":2,"featured_media":2634,"parent":3396,"menu_order":0,"comment_status":"closed","ping_status":"closed","template":"","meta":[],"_links":{"self":[{"href":"https:\/\/www.cmmlaser.it\/fr\/wp-json\/wp\/v2\/pages\/3024"}],"collection":[{"href":"https:\/\/www.cmmlaser.it\/fr\/wp-json\/wp\/v2\/pages"}],"about":[{"href":"https:\/\/www.cmmlaser.it\/fr\/wp-json\/wp\/v2\/types\/page"}],"author":[{"embeddable":true,"href":"https:\/\/www.cmmlaser.it\/fr\/wp-json\/wp\/v2\/users\/2"}],"replies":[{"embeddable":true,"href":"https:\/\/www.cmmlaser.it\/fr\/wp-json\/wp\/v2\/comments?post=3024"}],"version-history":[{"count":9,"href":"https:\/\/www.cmmlaser.it\/fr\/wp-json\/wp\/v2\/pages\/3024\/revisions"}],"predecessor-version":[{"id":4677,"href":"https:\/\/www.cmmlaser.it\/fr\/wp-json\/wp\/v2\/pages\/3024\/revisions\/4677"}],"up":[{"embeddable":true,"href":"https:\/\/www.cmmlaser.it\/fr\/wp-json\/wp\/v2\/pages\/3396"}],"wp:featuredmedia":[{"embeddable":true,"href":"https:\/\/www.cmmlaser.it\/fr\/wp-json\/wp\/v2\/media\/2634"}],"wp:attachment":[{"href":"https:\/\/www.cmmlaser.it\/fr\/wp-json\/wp\/v2\/media?parent=3024"}],"curies":[{"name":"wp","href":"https:\/\/api.w.org\/{rel}","templated":true}]}}