{"id":3008,"date":"2018-04-13T11:59:41","date_gmt":"2018-04-13T09:59:41","guid":{"rendered":"http:\/\/www.cmmlaser.it\/?page_id=3008"},"modified":"2023-07-04T16:02:44","modified_gmt":"2023-07-04T14:02:44","slug":"profile-antideperant-full-grip","status":"publish","type":"page","link":"https:\/\/www.cmmlaser.it\/fr\/antiderapants\/profile-antideperant-full-grip\/","title":{"rendered":"Profil\u00e9 Antid\u00e9perant Full Grip"},"content":{"rendered":"<p>[vc_row][vc_column][vc_empty_space alter_height=&#8221;small&#8221; hide_on_mobile=&#8221;&#8221;]<div id=\"sc_title_78781481\"\n\t\tclass=\"sc_title sc_title_default justify  vc_custom_1523613574781\"><h2 class=\"sc_item_title sc_title_title sc_align_default sc_item_title_style_default sc_item_title_tag\">Profil\u00e9 Antid\u00e9perant Full Grip en acier et feuille<\/h2><\/div><!-- \/.sc_title -->[vc_column_text el_class=&#8221;justify&#8221;]Les <strong>profil\u00e9s antid\u00e9rapants Full Grip de CMM<\/strong> repr\u00e9sentent une solution pour les situations qui requi\u00e8rent des \u00e9l\u00e9ments particuliers de stabilit\u00e9 et de s\u00e9curit\u00e9 puisque leur denture marqu\u00e9e garantit une tenue excellente tout en permettant l&#8217;\u00e9vacuation des r\u00e9sidus \u00e9ventuels, comme des huiles ou de la neige, \u00e0 travers les larges fentes.<\/p>\n<p>Le marquage prononc\u00e9 de la denture est la principale caract\u00e9ristique de ce <a href=\"\/fr\/antiderapant\/\" target=\"_blank\" rel=\"noopener\"><strong>profil\u00e9 antid\u00e9rapant<\/strong><\/a>, qui pr\u00e9sente un haut degr\u00e9 de classe R et est donc la solution id\u00e9ale pour les clients exigeant une forte adh\u00e9rence et une grande s\u00e9curit\u00e9.<\/p>\n<p>Les <strong>profil\u00e9s antid\u00e9rapants Full Grip<\/strong> sont fabriqu\u00e9s dans les mat\u00e9riaux suivants:<\/p>\n<ul class=\"trx_addons_list_success\">\n<li>T\u00f4le pr\u00e9galvanis\u00e9e<\/li>\n<li>Acier inox<\/li>\n<li>Aluminium Peraluman<\/li>\n<li>Acier carbone<\/li>\n<\/ul>\n<p>Si vous avez besoin d&#8217;obtenir un profil\u00e9 antid\u00e9rapant avec une tenue moins importante et une surface plus confortable et transitable, CMM vous propose les mod\u00e8les antid\u00e9rapants de la ligne Easy Grip, con\u00e7us sp\u00e9cialement pour ces exigences.[\/vc_column_text][\/vc_column][\/vc_row][vc_row full_width=&#8221;stretch_row&#8221; css=&#8221;.vc_custom_1674559651315{background-color: #f0f0f0 !important;}&#8221;][vc_column][vc_column_text]CMM produit diff\u00e9rents types de <strong>profil\u00e9s antid\u00e9rapants pleine adh\u00e9rence.<\/strong>[\/vc_column_text][vc_empty_space alter_height=&#8221;medium&#8221; hide_on_mobile=&#8221;&#8221;][vc_tta_tabs style=&#8221;flat&#8221; shape=&#8221;square&#8221; color=&#8221;blue&#8221; active_section=&#8221;1&#8243; no_fill_content_area=&#8221;true&#8221;][vc_tta_section title=&#8221;BL&#8221; tab_id=&#8221;1674560094126-7bd6b0ab-aa585944-fa34&#8243;][vc_row_inner equal_height=&#8221;yes&#8221; content_placement=&#8221;middle&#8221; css=&#8221;.vc_custom_1680171139037{padding-top: 0px !important;}&#8221;][vc_column_inner width=&#8221;1\/2&#8243;][vc_column_text css=&#8221;.vc_custom_1688463568684{margin-bottom: 20px !important;}&#8221;]Les profil\u00e9s antid\u00e9rapants repr\u00e9sentent la solution id\u00e9ale \u00e0 toutes les situations qui requi\u00e8rent des \u00e9l\u00e9ments particuliers de stabilit\u00e9 et de s\u00e9curit\u00e9 : en effet, la denture prononc\u00e9e \u00e0 peigne garantit une excellente tenue et est id\u00e9ale pour les clients \u00e0 la recherche d\u2019une forte adh\u00e9rence et d\u2019une s\u00e9curit\u00e9 optimale.[\/vc_column_text][vc_column_text css=&#8221;.vc_custom_1688463585670{margin-top: 20px !important;}&#8221;]<\/p>\n<p style=\"font-size: 12px;\">* CMM se r\u00e9serve le droit d\u2019\u00e9valuer, au cas par cas, la faisabilit\u00e9 du projet en fonction des dimensions des panneaux \u00e0 produire.<\/p>\n<p>[\/vc_column_text][vc_raw_html]JTNDdGFibGUlMjBzdHlsZSUzRCUyMndpZHRoJTNBMTAwJTI1JTIyJTNFJTBBJTIwJTIwJTNDdHIlM0UlMEElMjAlMjAlMjAlMjAlM0N0aCUzRU1hdGVyaWFsJTNDJTJGdGglM0UlMEElMjAlMjAlMjAlMjAlM0N0aCUzRSVDMyU4OXBhaXNzZXVyJTIwZGUlMjBsYSUyMHQlQzMlQjRsZSUzQyUyRnRoJTNFJTBBJTIwJTIwJTNDJTJGdHIlM0UlMEElMjAlMjAlM0N0ciUzRSUwQSUyMCUyMCUyMCUyMCUzQ3RkJTNFQWNpZXIlMjBicnV0JTJDJTIwYWNpZXIlMjBnYWx2YW5pcyVDMyVBOSUyMCVDMyVBMCUyMGNoYXVkJTIwVU5JJTIwRU4lMjBJU08lMjAxNDYxJTNDJTJGdGQlM0UlMEElMjAlMjAlMjAlMjAlM0N0ZCUyMHN0eWxlJTNEJTIydGV4dC1hbGlnbiUzQSUyMGNlbnRlciUzQiUyMiUzRTElMkM1JTJGMiUyRjIlMkM1JTNDJTJGdGQlM0UlMEElMjAlMjAlM0MlMkZ0ciUzRSUwQSUyMCUyMCUzQ3RyJTNFJTBBJTIwJTIwJTIwJTIwJTNDdGQlM0VBY2llciUyMHByJUMzJUE5LWdhbHZhbmlzJUMzJUE5JTNDJTJGdGQlM0UlMEElMjAlMjAlMjAlMjAlM0N0ZCUyMHN0eWxlJTNEJTIydGV4dC1hbGlnbiUzQSUyMGNlbnRlciUzQiUyMiUzRTElMkM1JTJGMiUyRjIlMkM1JTNDJTJGdGQlM0UlMEElMjAlMjAlM0MlMkZ0ciUzRSUwQSUyMCUyMCUzQ3RyJTNFJTBBJTIwJTIwJTIwJTIwJTNDdGQlM0VBY2llciUyMHByJUMzJUE5LWdhbHZhbmlzJUMzJUE5JTNDJTJGdGQlM0UlMEElMjAlMjAlMjAlMjAlM0N0ZCUyMHN0eWxlJTNEJTIydGV4dC1hbGlnbiUzQSUyMGNlbnRlciUzQiUyMiUzRTElMkM1JTJGMiUyQSUzQyUyRnRkJTNFJTBBJTIwJTIwJTNDJTJGdHIlM0UlMEElMjAlMjAlM0N0ciUzRSUwQSUyMCUyMCUyMCUyMCUzQ3RkJTNFQWx1bWluaXVtJTNDJTJGdGQlM0UlMEElMjAlMjAlMjAlMjAlM0N0ZCUyMHN0eWxlJTNEJTIydGV4dC1hbGlnbiUzQSUyMGNlbnRlciUzQiUyMiUzRTElMkM1JTJGMiUyRjIlMkM1JTNDJTJGdGQlM0UlMEElMjAlMjAlM0MlMkZ0ciUzRSUwQSUyMCUyMCUzQ3RyJTNFJTBBJTIwJTIwJTIwJTIwJTNDdGQlMjBjb2xzcGFuJTNEJTIyMiUyMiUyMHN0eWxlJTNEJTIydGV4dC1hbGlnbiUzQSUyMGNlbnRlciUzQiUyMiUzRUNoYW1wJTIwZGUlMjB0cmF2YWlsJTIwbWF4aW11bSUyMDQwMDB4MTUwMCUzQyUyRnRkJTNFJTBBJTIwJTIwJTNDJTJGdHIlM0UlMEElM0MlMkZ0YWJsZSUzRQ==[\/vc_raw_html][\/vc_column_inner][vc_column_inner width=&#8221;1\/2&#8243;][vc_single_image image=&#8221;7558&#8243; img_size=&#8221;full&#8221;][\/vc_column_inner][\/vc_row_inner][vc_row_inner css=&#8221;.vc_custom_1680171042120{padding-top: 0px !important;}&#8221;][vc_column_inner width=&#8221;1\/2&#8243;][vc_single_image image=&#8221;7511&#8243; img_size=&#8221;full&#8221;][\/vc_column_inner][vc_column_inner width=&#8221;1\/2&#8243;][vc_single_image image=&#8221;7512&#8243; img_size=&#8221;full&#8221;][\/vc_column_inner][\/vc_row_inner][\/vc_tta_section][vc_tta_section title=&#8221;C2&#8243; tab_id=&#8221;1674560094132-47003356-8b675944-fa34&#8243;][vc_row_inner equal_height=&#8221;yes&#8221; content_placement=&#8221;middle&#8221; css=&#8221;.vc_custom_1680171863386{padding-top: 0px !important;}&#8221;][vc_column_inner width=&#8221;1\/2&#8243;][vc_column_text css=&#8221;.vc_custom_1688463736851{margin-bottom: 20px !important;}&#8221;]Les profil\u00e9s antid\u00e9rapants <strong>C2<\/strong> repr\u00e9sentent la solution id\u00e9ale \u00e0 toutes les situations qui requi\u00e8rent des \u00e9l\u00e9ments particuliers de <strong>stabilit\u00e9 et de s\u00e9curit\u00e9<\/strong> : en effet, la denture prononc\u00e9e \u00e0 peigne garantit une excellente tenue et est id\u00e9ale pour les clients \u00e0 la recherche d\u2019une forte adh\u00e9rence et d\u2019une s\u00e9curit\u00e9 optimale.[\/vc_column_text][vc_raw_html]JTNDdGFibGUlMjBzdHlsZSUzRCUyMndpZHRoJTNBMTAwJTI1JTIyJTNFJTBBJTIwJTIwJTNDdHIlM0UlMEElMjAlMjAlMjAlMjAlM0N0aCUzRU1hdGVyaWFsJTNDJTJGdGglM0UlMEElMjAlMjAlMjAlMjAlM0N0aCUzRSVDMyU4OXBhaXNzZXVyJTIwZGUlMjB0JUMzJUI0bGUlM0MlMkZ0aCUzRSUwQSUyMCUyMCUzQyUyRnRyJTNFJTBBJTIwJTIwJTNDdHIlM0UlMEElMjAlMjAlMjAlMjAlM0N0ZCUzRUFjaWVyJTIwYnJ1dCUyQyUyMGFjaWVyJTIwZ2FsdmFuaXMlQzMlQTklMjAlQzMlQTAlMjBjaGF1ZCUyMFVOSSUyMEVOJTIwSVNPJTIwMTQ2MSUzQyUyRnRkJTNFJTBBJTIwJTIwJTIwJTIwJTNDdGQlMjBzdHlsZSUzRCUyMnRleHQtYWxpZ24lM0ElMjBjZW50ZXIlM0IlMjIlM0UxJTJDNSUyRjIlMkYyJTJDNSUyRjMlMkElM0MlMkZ0ZCUzRSUwQSUyMCUyMCUzQyUyRnRyJTNFJTBBJTIwJTIwJTNDdHIlM0UlMEElMjAlMjAlMjAlMjAlM0N0ZCUzRUFjaWVyJTIwcHIlQzMlQTktZ2FsdmFuaXMlQzMlQTklM0MlMkZ0ZCUzRSUwQSUyMCUyMCUyMCUyMCUzQ3RkJTIwc3R5bGUlM0QlMjJ0ZXh0LWFsaWduJTNBJTIwY2VudGVyJTNCJTIyJTNFMSUyQzUlMkYyJTJGMiUyQzUlMkYzJTJBJTNDJTJGdGQlM0UlMEElMjAlMjAlM0MlMkZ0ciUzRSUwQSUyMCUyMCUzQ3RyJTNFJTBBJTIwJTIwJTIwJTIwJTNDdGQlM0VBY2llciUyMGlub3glM0MlMkZ0ZCUzRSUwQSUyMCUyMCUyMCUyMCUzQ3RkJTIwc3R5bGUlM0QlMjJ0ZXh0LWFsaWduJTNBJTIwY2VudGVyJTNCJTIyJTNFMSUyQzUlMkElMkYyJTJBJTNDJTJGdGQlM0UlMEElMjAlMjAlM0MlMkZ0ciUzRSUwQSUyMCUyMCUzQ3RyJTNFJTBBJTIwJTIwJTIwJTIwJTNDdGQlM0VBbHVtaW5pdW0lM0MlMkZ0ZCUzRSUwQSUyMCUyMCUyMCUyMCUzQ3RkJTIwc3R5bGUlM0QlMjJ0ZXh0LWFsaWduJTNBJTIwY2VudGVyJTNCJTIyJTNFMSUyQzUlMkYyJTJGMiUyQzUlMkYzJTJBJTNDJTJGdGQlM0UlMEElMjAlMjAlM0MlMkZ0ciUzRSUwQSUyMCUyMCUzQ3RyJTNFJTBBJTIwJTIwJTIwJTIwJTNDdGQlMjBjb2xzcGFuJTNEJTIyMiUyMiUyMHN0eWxlJTNEJTIydGV4dC1hbGlnbiUzQSUyMGNlbnRlciUzQiUyMiUzRUNoYW1wJTIwZGUlMjB0cmF2YWlsJTIwbWF4aW11bSUyMDQwMDB4MTUwMCUzQyUyRnRkJTNFJTBBJTIwJTIwJTNDJTJGdHIlM0UlMEElM0MlMkZ0YWJsZSUzRQ==[\/vc_raw_html][vc_column_text css=&#8221;.vc_custom_1688463816319{margin-top: 20px !important;}&#8221;]<\/p>\n<p style=\"font-size: 12px;\">* CMM se r\u00e9serve le droit d\u2019\u00e9valuer, au cas par cas, la faisabilit\u00e9 du projet en fonction des dimensions des panneaux \u00e0 produire.<\/p>\n<p>[\/vc_column_text][\/vc_column_inner][vc_column_inner width=&#8221;1\/2&#8243;][vc_single_image image=&#8221;7517&#8243; img_size=&#8221;full&#8221;][\/vc_column_inner][\/vc_row_inner][vc_row_inner css=&#8221;.vc_custom_1680171852328{padding-top: 0px !important;}&#8221;][vc_column_inner width=&#8221;1\/2&#8243;][vc_single_image image=&#8221;7515&#8243; img_size=&#8221;full&#8221;][\/vc_column_inner][vc_column_inner width=&#8221;1\/2&#8243;][vc_single_image image=&#8221;7516&#8243; img_size=&#8221;full&#8221;][\/vc_column_inner][\/vc_row_inner][\/vc_tta_section][vc_tta_section title=&#8221;FG&#8221; tab_id=&#8221;1675848550397-24276947-06215944-fa34&#8243;][vc_row_inner equal_height=&#8221;yes&#8221; content_placement=&#8221;middle&#8221; css=&#8221;.vc_custom_1680178190303{padding-top: 0px !important;}&#8221;][vc_column_inner width=&#8221;1\/2&#8243;][vc_column_text css=&#8221;.vc_custom_1688463855448{margin-bottom: 20px !important;}&#8221;]Les profil\u00e9s antid\u00e9rapants <strong>FG<\/strong> repr\u00e9sentent la solution id\u00e9ale \u00e0 toutes les situations qui requi\u00e8rent des \u00e9l\u00e9ments particuliers de <strong>stabilit\u00e9 et de s\u00e9curit\u00e9.<\/strong> La denture prononc\u00e9e garantit une excellente tenue, tout en permettant l\u2019\u00e9vacuation d\u2019\u00e9ventuels r\u00e9sidus comme les huiles et la neige \u00e0 travers leurs larges fentes. La denture dense est la principale caract\u00e9ristique de ce profil\u00e9 antid\u00e9rapant qui pr\u00e9sente un haut degr\u00e9 de classe R, id\u00e9al pour tous les clients qui recherchent une forte adh\u00e9rence et une s\u00e9curit\u00e9 optimale.[\/vc_column_text][vc_raw_html]JTNDdGFibGUlMjBzdHlsZSUzRCUyMndpZHRoJTNBMTAwJTI1JTIyJTNFJTBBJTIwJTIwJTNDdHIlM0UlMEElMjAlMjAlMjAlMjAlM0N0aCUzRU1hdGVyaWFsJTNDJTJGdGglM0UlMEElMjAlMjAlMjAlMjAlM0N0aCUzRSVDMyU4OXBhaXNzZXVyJTIwZGUlMjB0JUMzJUI0bGUlM0MlMkZ0aCUzRSUwQSUyMCUyMCUzQyUyRnRyJTNFJTBBJTIwJTIwJTNDdHIlM0UlMEElMjAlMjAlMjAlMjAlM0N0ZCUzRUFjaWVyJTIwYnJ1dCUyQyUyMGFjaWVyJTIwZ2FsdmFuaXMlQzMlQTklMjAlQzMlQTAlMjBjaGF1ZCUyMFVOSSUyMEVOJTIwSVNPJTIwMTQ2MSUzQyUyRnRkJTNFJTBBJTIwJTIwJTIwJTIwJTNDdGQlMjBzdHlsZSUzRCUyMnRleHQtYWxpZ24lM0ElMjBjZW50ZXIlM0IlMjIlM0UxJTJDNSUyRjIlM0MlMkZ0ZCUzRSUwQSUyMCUyMCUzQyUyRnRyJTNFJTBBJTIwJTIwJTNDdHIlM0UlMEElMjAlMjAlMjAlMjAlM0N0ZCUzRUFjaWVyJTIwcHIlQzMlQTktZ2FsdmFuaXMlQzMlQTklM0MlMkZ0ZCUzRSUwQSUyMCUyMCUyMCUyMCUzQ3RkJTIwc3R5bGUlM0QlMjJ0ZXh0LWFsaWduJTNBJTIwY2VudGVyJTNCJTIyJTNFMSUyQzUlMkYyJTNDJTJGdGQlM0UlMEElMjAlMjAlM0MlMkZ0ciUzRSUwQSUyMCUyMCUzQ3RyJTNFJTBBJTIwJTIwJTIwJTIwJTNDdGQlM0VBY2llciUyMGlub3glM0MlMkZ0ZCUzRSUwQSUyMCUyMCUyMCUyMCUzQ3RkJTIwc3R5bGUlM0QlMjJ0ZXh0LWFsaWduJTNBJTIwY2VudGVyJTNCJTIyJTNFMSUyQzUlM0MlMkZ0ZCUzRSUwQSUyMCUyMCUzQyUyRnRyJTNFJTBBJTIwJTIwJTNDdHIlM0UlMEElMjAlMjAlMjAlMjAlM0N0ZCUzRUFsdW1pbml1bSUzQyUyRnRkJTNFJTBBJTIwJTIwJTIwJTIwJTNDdGQlMjBzdHlsZSUzRCUyMnRleHQtYWxpZ24lM0ElMjBjZW50ZXIlM0IlMjIlM0UxJTJDNSUyRjIlMkYyJTJDNSUzQyUyRnRkJTNFJTBBJTIwJTIwJTNDJTJGdHIlM0UlMEElMjAlMjAlM0N0ciUzRSUwQSUyMCUyMCUyMCUyMCUzQ3RkJTIwY29sc3BhbiUzRCUyMjIlMjIlMjBzdHlsZSUzRCUyMnRleHQtYWxpZ24lM0ElMjBjZW50ZXIlM0IlMjIlM0VDaGFtcCUyMGRlJTIwdHJhdmFpbCUyMG1heGltdW0lMjA0MDAweDE1MDAlM0MlMkZ0ZCUzRSUwQSUyMCUyMCUzQyUyRnRyJTNFJTBBJTNDJTJGdGFibGUlM0U=[\/vc_raw_html][vc_column_text css=&#8221;.vc_custom_1688463931965{margin-top: 20px !important;}&#8221;]<\/p>\n<p style=\"font-size: 12px;\">* CMM se r\u00e9serve le droit d\u2019\u00e9valuer, au cas par cas, la faisabilit\u00e9 du projet en fonction des dimensions des panneaux \u00e0 produire.<\/p>\n<p>[\/vc_column_text][\/vc_column_inner][vc_column_inner width=&#8221;1\/2&#8243;][vc_single_image image=&#8221;7519&#8243; img_size=&#8221;full&#8221;][\/vc_column_inner][\/vc_row_inner][vc_row_inner css=&#8221;.vc_custom_1680178184687{padding-top: 0px !important;}&#8221;][vc_column_inner width=&#8221;1\/2&#8243;][vc_single_image image=&#8221;7521&#8243; img_size=&#8221;full&#8221;][\/vc_column_inner][vc_column_inner width=&#8221;1\/2&#8243;][vc_single_image image=&#8221;7522&#8243; img_size=&#8221;full&#8221;][\/vc_column_inner][\/vc_row_inner][\/vc_tta_section][\/vc_tta_tabs][\/vc_column][\/vc_row]<\/p>\n","protected":false},"excerpt":{"rendered":"<p>[vc_row][vc_column][vc_empty_space alter_height=&#8221;small&#8221; hide_on_mobile=&#8221;&#8221;][vc_column_text el_class=&#8221;justify&#8221;]Les profil\u00e9s antid\u00e9rapants Full Grip de CMM repr\u00e9sentent une solution pour les situations qui requi\u00e8rent des \u00e9l\u00e9ments particuliers de stabilit\u00e9 et de s\u00e9curit\u00e9 puisque leur denture marqu\u00e9e&hellip;<\/p>\n","protected":false},"author":2,"featured_media":2661,"parent":8178,"menu_order":0,"comment_status":"closed","ping_status":"closed","template":"","meta":[],"_links":{"self":[{"href":"https:\/\/www.cmmlaser.it\/fr\/wp-json\/wp\/v2\/pages\/3008"}],"collection":[{"href":"https:\/\/www.cmmlaser.it\/fr\/wp-json\/wp\/v2\/pages"}],"about":[{"href":"https:\/\/www.cmmlaser.it\/fr\/wp-json\/wp\/v2\/types\/page"}],"author":[{"embeddable":true,"href":"https:\/\/www.cmmlaser.it\/fr\/wp-json\/wp\/v2\/users\/2"}],"replies":[{"embeddable":true,"href":"https:\/\/www.cmmlaser.it\/fr\/wp-json\/wp\/v2\/comments?post=3008"}],"version-history":[{"count":9,"href":"https:\/\/www.cmmlaser.it\/fr\/wp-json\/wp\/v2\/pages\/3008\/revisions"}],"predecessor-version":[{"id":8226,"href":"https:\/\/www.cmmlaser.it\/fr\/wp-json\/wp\/v2\/pages\/3008\/revisions\/8226"}],"up":[{"embeddable":true,"href":"https:\/\/www.cmmlaser.it\/fr\/wp-json\/wp\/v2\/pages\/8178"}],"wp:featuredmedia":[{"embeddable":true,"href":"https:\/\/www.cmmlaser.it\/fr\/wp-json\/wp\/v2\/media\/2661"}],"wp:attachment":[{"href":"https:\/\/www.cmmlaser.it\/fr\/wp-json\/wp\/v2\/media?parent=3008"}],"curies":[{"name":"wp","href":"https:\/\/api.w.org\/{rel}","templated":true}]}}