{"id":2997,"date":"2018-04-13T11:43:34","date_gmt":"2018-04-13T09:43:34","guid":{"rendered":"http:\/\/www.cmmlaser.it\/?page_id=2997"},"modified":"2023-07-04T16:02:58","modified_gmt":"2023-07-04T14:02:58","slug":"profile-antideperant-easy-grip","status":"publish","type":"page","link":"https:\/\/www.cmmlaser.it\/fr\/antiderapants\/profile-antideperant-easy-grip\/","title":{"rendered":"Profil\u00e9 Antid\u00e9perant Easy Grip"},"content":{"rendered":"<p>[vc_row][vc_column][vc_empty_space alter_height=&#8221;small&#8221; hide_on_mobile=&#8221;&#8221;]<div id=\"sc_title_214384653\"\n\t\tclass=\"sc_title sc_title_default justify  vc_custom_1523612542716\"><h2 class=\"sc_item_title sc_title_title sc_align_default sc_item_title_style_default sc_item_title_tag\">Profil\u00e9 Antid\u00e9perant pour les Escaliers<\/h2><\/div><!-- \/.sc_title -->[vc_column_text el_class=&#8221;justify&#8221;]<\/p>\n<div class=\"col1\">\n<div class=\"blk-txt\">\n<div class=\"col1\">\n<div class=\"blk-txt\">\n<p>Les <strong>profil\u00e9s antid\u00e9rapants Easy Grip de CMM<\/strong> sont caract\u00e9ris\u00e9s par une trame antid\u00e9rapante qui permet un drainage ais\u00e9 et assure ainsi la possibilit\u00e9 de les traverser avec des chariots ou des v\u00e9hicules sur roue. Gr\u00e2ce \u00e0 leur trame, ils sont aussi parfaits pour permettre de marcher dans des espaces o\u00f9 il est n\u00e9cessaire de faire \u00e9couler des liquides de vidange comme des huiles et des boues.<\/p>\n<\/div>\n<\/div>\n<div class=\"clear\"><\/div>\n<div class=\"col2\">\n<div class=\"blk-txt\">\n<p>Ce <strong>profil\u00e9 antid\u00e9rapant<\/strong> est, en effet, caract\u00e9ris\u00e9 par un faible niveau de glissance (bas degr\u00e9 de classe R) et est donc dot\u00e9 d&#8217;une tenue qui permet le passage m\u00eame dans des milieux industriels ayant des exigences particuli\u00e8res en termes de s\u00e9curit\u00e9 des travailleurs.<\/p>\n<p>Les <strong>profil\u00e9s Easy Grip<\/strong> sont fabriqu\u00e9s dans les mat\u00e9riaux suivants:<\/p>\n<ul class=\"trx_addons_list_success\">\n<li>T\u00f4le pr\u00e9galvanis\u00e9e<\/li>\n<li>Acier inox<\/li>\n<li>Aluminium Peraluman<\/li>\n<li>Acier carbone<\/li>\n<\/ul>\n<p>Si vous recherchez un profil\u00e9 antid\u00e9rapant avec une trame plus rapproch\u00e9e et une meilleure tenue, CMM conseille de choisir les profil\u00e9s antid\u00e9rapants Full Grip.<\/p>\n<\/div>\n<\/div>\n<\/div>\n<\/div>\n<p>[\/vc_column_text][\/vc_column][\/vc_row][vc_row full_width=&#8221;stretch_row&#8221; css=&#8221;.vc_custom_1674559651315{background-color: #f0f0f0 !important;}&#8221;][vc_column][vc_column_text]<\/p>\n<p id=\"tw-target-text\" class=\"tw-data-text tw-text-large tw-ta\" dir=\"ltr\" data-placeholder=\"Traduzione\"><span class=\"Y2IQFc\" lang=\"fr\">CMM produit diff\u00e9rents types de <strong>profil\u00e9s antid\u00e9rapants \u00e0 prise facile.<\/strong><\/span><\/p>\n<p>[\/vc_column_text][vc_empty_space alter_height=&#8221;medium&#8221; hide_on_mobile=&#8221;&#8221;][vc_tta_tabs style=&#8221;flat&#8221; shape=&#8221;square&#8221; color=&#8221;blue&#8221; active_section=&#8221;1&#8243; no_fill_content_area=&#8221;true&#8221;][vc_tta_section title=&#8221;A1&#8243; tab_id=&#8221;1674560094126-7bd6b0ab-aa58db67-379a&#8221;][vc_row_inner equal_height=&#8221;yes&#8221; content_placement=&#8221;middle&#8221; css=&#8221;.vc_custom_1680166847266{margin-top: 0px !important;border-top-width: 0px !important;padding-top: 0px !important;}&#8221;][vc_column_inner width=&#8221;1\/2&#8243;][vc_column_text css=&#8221;.vc_custom_1688464179086{margin-bottom: 20px !important;}&#8221;]Les profil\u00e9s antid\u00e9rapants <strong>A1<\/strong> repr\u00e9sentent la solution id\u00e9ale pour les clients \u00e0 la recherche d\u2019une surface antid\u00e9rapante peu invasive qui garantit, gr\u00e2ce \u00e0 ses fentes, un drainage facile des \u00e9ventuels huiles et liquides.[\/vc_column_text][vc_raw_html]JTNDdGFibGUlMjBzdHlsZSUzRCUyMndpZHRoJTNBMTAwJTI1JTIyJTNFJTBBJTIwJTIwJTNDdHIlM0UlMEElMjAlMjAlMjAlMjAlM0N0aCUzRU1hdGVyaWFsJTNDJTJGdGglM0UlMEElMjAlMjAlMjAlMjAlM0N0aCUzRSVDMyU4OXBhaXNzZXVyJTIwZGUlMjB0JUMzJUI0bGUlM0MlMkZ0aCUzRSUwQSUyMCUyMCUzQyUyRnRyJTNFJTBBJTIwJTIwJTNDdHIlM0UlMEElMjAlMjAlMjAlMjAlM0N0ZCUzRUFjaWVyJTIwYnJ1dCUyQyUyMGFjaWVyJTIwZ2FsdmFuaXMlQzMlQTklMjAlQzMlQTAlMjBjaGF1ZCUyMFVOSSUyMEVOJTIwSVNPJTIwMTQ2MSUzQyUyRnRkJTNFJTBBJTIwJTIwJTIwJTIwJTNDdGQlMjBzdHlsZSUzRCUyMnRleHQtYWxpZ24lM0ElMjBjZW50ZXIlM0IlMjIlM0UxJTJDNSUyRjIlMkYyJTJDNSUyRjMlM0MlMkZ0ZCUzRSUwQSUyMCUyMCUzQyUyRnRyJTNFJTBBJTIwJTIwJTNDdHIlM0UlMEElMjAlMjAlMjAlMjAlM0N0ZCUzRUFjaWVyJTIwcHIlQzMlQTktZ2FsdmFuaXMlQzMlQTklM0MlMkZ0ZCUzRSUwQSUyMCUyMCUyMCUyMCUzQ3RkJTIwc3R5bGUlM0QlMjJ0ZXh0LWFsaWduJTNBJTIwY2VudGVyJTNCJTIyJTNFMSUyQzUlMkYyJTJGMiUyQzUlMkYzJTNDJTJGdGQlM0UlMEElMjAlMjAlM0MlMkZ0ciUzRSUwQSUyMCUyMCUzQ3RyJTNFJTBBJTIwJTIwJTIwJTIwJTNDdGQlM0VBY2llciUyMGlub3glM0MlMkZ0ZCUzRSUwQSUyMCUyMCUyMCUyMCUzQ3RkJTIwc3R5bGUlM0QlMjJ0ZXh0LWFsaWduJTNBJTIwY2VudGVyJTNCJTIyJTNFMSUyQzUlMkElMkYyJTJBJTNDJTJGdGQlM0UlMEElMjAlMjAlM0MlMkZ0ciUzRSUwQSUyMCUyMCUzQ3RyJTNFJTBBJTIwJTIwJTIwJTIwJTNDdGQlM0VBbHVtaW5pdW0lM0MlMkZ0ZCUzRSUwQSUyMCUyMCUyMCUyMCUzQ3RkJTIwc3R5bGUlM0QlMjJ0ZXh0LWFsaWduJTNBJTIwY2VudGVyJTNCJTIyJTNFMSUyQzUlMkYyJTJGMiUyQzUlM0MlMkZ0ZCUzRSUwQSUyMCUyMCUzQyUyRnRyJTNFJTBBJTIwJTIwJTNDdHIlM0UlMEElMjAlMjAlMjAlMjAlM0N0ZCUyMGNvbHNwYW4lM0QlMjIyJTIyJTIwc3R5bGUlM0QlMjJ0ZXh0LWFsaWduJTNBJTIwY2VudGVyJTNCJTIyJTNFQ2hhbXAlMjBkZSUyMHRyYXZhaWwlMjBtYXhpbXVtJTIwNDAwMHgxNTAwJTNDJTJGdGQlM0UlMEElMjAlMjAlM0MlMkZ0ciUzRSUwQSUzQyUyRnRhYmxlJTNF[\/vc_raw_html][vc_column_text css=&#8221;.vc_custom_1688464252538{margin-top: 20px !important;}&#8221;]<\/p>\n<p style=\"font-size: 12px;\">* CMM se r\u00e9serve le droit d\u2019\u00e9valuer, au cas par cas, la faisabilit\u00e9 du projet en fonction des dimensions des panneaux \u00e0 produire.<\/p>\n<p>[\/vc_column_text][\/vc_column_inner][vc_column_inner width=&#8221;1\/2&#8243;][vc_single_image image=&#8221;7465&#8243; img_size=&#8221;full&#8221;][\/vc_column_inner][\/vc_row_inner][vc_row_inner css=&#8221;.vc_custom_1680166885784{padding-top: 0px !important;}&#8221;][vc_column_inner width=&#8221;1\/2&#8243;][vc_single_image image=&#8221;7463&#8243; img_size=&#8221;full&#8221;][\/vc_column_inner][vc_column_inner width=&#8221;1\/2&#8243;][vc_single_image image=&#8221;7464&#8243; img_size=&#8221;full&#8221;][\/vc_column_inner][\/vc_row_inner][\/vc_tta_section][vc_tta_section title=&#8221;B1&#8243; tab_id=&#8221;1674560094132-47003356-8b67db67-379a&#8221;][vc_row_inner equal_height=&#8221;yes&#8221; content_placement=&#8221;middle&#8221; css=&#8221;.vc_custom_1680170246121{padding-top: 0px !important;}&#8221;][vc_column_inner width=&#8221;1\/2&#8243;][vc_column_text css=&#8221;.vc_custom_1688464270733{margin-bottom: 20px !important;}&#8221;]Les profil\u00e9s <strong>B1<\/strong> sont principalement utilis\u00e9s pour construire des plates-formes de transport d\u2019engins utilis\u00e9s notamment dans le d\u00e9pannage routier. Le mouillage permet d\u2019avoir une excellente adh\u00e9rence des pneus et d\u2019\u00e9viter ainsi leur endommagement.[\/vc_column_text][vc_raw_html]JTNDdGFibGUlMjBzdHlsZSUzRCUyMndpZHRoJTNBMTAwJTI1JTIyJTNFJTBBJTIwJTIwJTNDdHIlM0UlMEElMjAlMjAlMjAlMjAlM0N0aCUzRU1hdGVyaWFsJTNDJTJGdGglM0UlMEElMjAlMjAlMjAlMjAlM0N0aCUzRSVDMyU4OXBhaXNzZXVyJTIwZGUlMjB0JUMzJUI0bGUlM0MlMkZ0aCUzRSUwQSUyMCUyMCUzQyUyRnRyJTNFJTBBJTIwJTIwJTNDdHIlM0UlMEElMjAlMjAlMjAlMjAlM0N0ZCUzRUFjaWVyJTIwYnJ1dCUyQyUyMGFjaWVyJTIwZ2FsdmFuaXMlQzMlQTklMjAlQzMlQTAlMjBjaGF1ZCUyMFVOSSUyMEVOJTIwSVNPJTIwMTQ2MSUyMCUzQyUyRnRkJTNFJTBBJTIwJTIwJTIwJTIwJTNDdGQlMjBzdHlsZSUzRCUyMnRleHQtYWxpZ24lM0ElMjBjZW50ZXIlM0IlMjIlM0UxJTJDNSUyRjIlMkYyJTJDNSUyRjMlM0MlMkZ0ZCUzRSUwQSUyMCUyMCUzQyUyRnRyJTNFJTBBJTIwJTIwJTNDdHIlM0UlMEElMjAlMjAlMjAlMjAlM0N0ZCUzRUFjaWVyJTIwcHIlQzMlQTktZ2FsdmFuaXMlQzMlQTklM0MlMkZ0ZCUzRSUwQSUyMCUyMCUyMCUyMCUzQ3RkJTIwc3R5bGUlM0QlMjJ0ZXh0LWFsaWduJTNBJTIwY2VudGVyJTNCJTIyJTNFMSUyQzUlMkYyJTJGMiUyQzUlMkYzJTNDJTJGdGQlM0UlMEElMjAlMjAlM0MlMkZ0ciUzRSUwQSUyMCUyMCUzQ3RyJTNFJTBBJTIwJTIwJTIwJTIwJTNDdGQlM0VBY2llciUyMGlub3glM0MlMkZ0ZCUzRSUwQSUyMCUyMCUyMCUyMCUzQ3RkJTIwc3R5bGUlM0QlMjJ0ZXh0LWFsaWduJTNBJTIwY2VudGVyJTNCJTIyJTNFMSUyQzUlMkElMkYyJTJBJTNDJTJGdGQlM0UlMEElMjAlMjAlM0MlMkZ0ciUzRSUwQSUyMCUyMCUzQ3RyJTNFJTBBJTIwJTIwJTIwJTIwJTNDdGQlM0VBbHVtaW5pdW0lM0MlMkZ0ZCUzRSUwQSUyMCUyMCUyMCUyMCUzQ3RkJTIwc3R5bGUlM0QlMjJ0ZXh0LWFsaWduJTNBJTIwY2VudGVyJTNCJTIyJTNFMSUyQzUlMkYyJTJGMiUyQzUlMkYzJTNDJTJGdGQlM0UlMEElMjAlMjAlM0MlMkZ0ciUzRSUwQSUyMCUyMCUzQ3RyJTNFJTBBJTIwJTIwJTIwJTIwJTNDdGQlMjBjb2xzcGFuJTNEJTIyMiUyMiUyMHN0eWxlJTNEJTIydGV4dC1hbGlnbiUzQSUyMGNlbnRlciUzQiUyMiUzRUNoYW1wJTIwZGUlMjB0cmF2YWlsJTIwbWF4aW11bSUyMDQwMDB4MTUwMCUzQyUyRnRkJTNFJTBBJTIwJTIwJTNDJTJGdHIlM0UlMEElM0MlMkZ0YWJsZSUzRQ==[\/vc_raw_html][vc_column_text css=&#8221;.vc_custom_1688464339737{margin-top: 20px !important;}&#8221;]<\/p>\n<p style=\"font-size: 12px;\">* CMM se r\u00e9serve le droit d\u2019\u00e9valuer, au cas par cas, la faisabilit\u00e9 du projet en fonction des dimensions des panneaux \u00e0 produire.<\/p>\n<p>[\/vc_column_text][\/vc_column_inner][vc_column_inner width=&#8221;1\/2&#8243;][vc_single_image image=&#8221;7483&#8243; img_size=&#8221;full&#8221;][\/vc_column_inner][\/vc_row_inner][vc_row_inner css=&#8221;.vc_custom_1680170149523{padding-top: 0px !important;}&#8221;][vc_column_inner width=&#8221;1\/2&#8243;][vc_single_image image=&#8221;7560&#8243; img_size=&#8221;full&#8221;][\/vc_column_inner][vc_column_inner width=&#8221;1\/2&#8243;][vc_single_image image=&#8221;7561&#8243; img_size=&#8221;full&#8221;][\/vc_column_inner][\/vc_row_inner][\/vc_tta_section][vc_tta_section title=&#8221;GZ&#8221; tab_id=&#8221;1675848550397-24276947-0621db67-379a&#8221;][vc_row_inner equal_height=&#8221;yes&#8221; content_placement=&#8221;middle&#8221; css=&#8221;.vc_custom_1680170251668{padding-top: 0px !important;}&#8221;][vc_column_inner width=&#8221;1\/2&#8243;][vc_column_text css=&#8221;.vc_custom_1688464359905{margin-bottom: 20px !important;}&#8221;]Les profil\u00e9s antid\u00e9rapants <strong>GZ<\/strong> sont caract\u00e9ris\u00e9s par un haut pouvoir drainant et une r\u00e9sistance \u00e9lev\u00e9e \u00e0 la glissance. De plus, ils sont parfaitement adapt\u00e9s aux espaces int\u00e9rieurs gr\u00e2ce \u00e0 leur trame pas trop invasive.[\/vc_column_text][vc_raw_html]JTNDdGFibGUlMjBzdHlsZSUzRCUyMndpZHRoJTNBMTAwJTI1JTIyJTNFJTBBJTIwJTIwJTNDdHIlM0UlMEElMjAlMjAlMjAlMjAlM0N0aCUzRU1hdGVyaWFsJTNDJTJGdGglM0UlMEElMjAlMjAlMjAlMjAlM0N0aCUzRSVDMyU4OXBhaXNzZXVyJTIwZGUlMjB0JUMzJUI0bGUlM0MlMkZ0aCUzRSUwQSUyMCUyMCUzQyUyRnRyJTNFJTBBJTIwJTIwJTNDdHIlM0UlMEElMjAlMjAlMjAlMjAlM0N0ZCUzRUFjaWVyJTIwYnJ1dCUyQyUyMGFjaWVyJTIwZ2FsdmFuaXMlQzMlQTklMjAlQzMlQTAlMjBjaGF1ZCUyMFVOSSUyMEVOJTIwSVNPJTIwMTQ2MSUyMCUzQyUyRnRkJTNFJTBBJTIwJTIwJTIwJTIwJTNDdGQlMjBzdHlsZSUzRCUyMnRleHQtYWxpZ24lM0ElMjBjZW50ZXIlM0IlMjIlM0UxJTJDNSUyRjIlMkYyJTJDNSUyRjMlM0MlMkZ0ZCUzRSUwQSUyMCUyMCUzQyUyRnRyJTNFJTBBJTIwJTIwJTNDdHIlM0UlMEElMjAlMjAlMjAlMjAlM0N0ZCUzRUFjaWVyJTIwcHIlQzMlQTktZ2FsdmFuaXMlQzMlQTklM0MlMkZ0ZCUzRSUwQSUyMCUyMCUyMCUyMCUzQ3RkJTIwc3R5bGUlM0QlMjJ0ZXh0LWFsaWduJTNBJTIwY2VudGVyJTNCJTIyJTNFMSUyQzUlMkYyJTJGMiUyQzUlMkYzJTNDJTJGdGQlM0UlMEElMjAlMjAlM0MlMkZ0ciUzRSUwQSUyMCUyMCUzQ3RyJTNFJTBBJTIwJTIwJTIwJTIwJTNDdGQlM0VBY2llciUyMGlub3glMkZ0ZCUzRSUwQSUyMCUyMCUyMCUyMCUzQ3RkJTIwc3R5bGUlM0QlMjJ0ZXh0LWFsaWduJTNBJTIwY2VudGVyJTNCJTIyJTNFMSUyQzUlMkYyJTJBJTNDJTJGdGQlM0UlMEElMjAlMjAlM0MlMkZ0ciUzRSUwQSUyMCUyMCUzQ3RyJTNFJTBBJTIwJTIwJTIwJTIwJTNDdGQlM0VBbHVtaW5pdW0lM0MlMkZ0ZCUzRSUwQSUyMCUyMCUyMCUyMCUzQ3RkJTIwc3R5bGUlM0QlMjJ0ZXh0LWFsaWduJTNBJTIwY2VudGVyJTNCJTIyJTNFMSUyQzUlMkYyJTJGMiUyQzUlMkYzJTNDJTJGdGQlM0UlMEElMjAlMjAlM0MlMkZ0ciUzRSUwQSUyMCUyMCUzQ3RyJTNFJTBBJTIwJTIwJTIwJTIwJTNDdGQlMjBjb2xzcGFuJTNEJTIyMiUyMiUyMHN0eWxlJTNEJTIydGV4dC1hbGlnbiUzQSUyMGNlbnRlciUzQiUyMiUzRUNoYW1wJTIwZGUlMjB0cmF2YWlsJTIwbWF4aW11bSUyMDQwMDB4MTUwMCUzQyUyRnRkJTNFJTBBJTIwJTIwJTNDJTJGdHIlM0UlMEElM0MlMkZ0YWJsZSUzRQ==[\/vc_raw_html][vc_column_text css=&#8221;.vc_custom_1688464457119{margin-top: 20px !important;}&#8221;]<\/p>\n<p style=\"font-size: 12px;\">* CMM se r\u00e9serve le droit d\u2019\u00e9valuer, au cas par cas, la faisabilit\u00e9 du projet en fonction des dimensions des panneaux \u00e0 produire.<\/p>\n<p>[\/vc_column_text][\/vc_column_inner][vc_column_inner width=&#8221;1\/2&#8243;][vc_single_image image=&#8221;7566&#8243; img_size=&#8221;full&#8221;][\/vc_column_inner][\/vc_row_inner][vc_row_inner css=&#8221;.vc_custom_1680170187894{padding-top: 0px !important;}&#8221;][vc_column_inner width=&#8221;1\/2&#8243;][vc_single_image image=&#8221;7486&#8243; img_size=&#8221;full&#8221;][\/vc_column_inner][vc_column_inner width=&#8221;1\/2&#8243;][vc_single_image image=&#8221;7487&#8243; img_size=&#8221;full&#8221;][\/vc_column_inner][\/vc_row_inner][\/vc_tta_section][vc_tta_section title=&#8221;P1&#8243; tab_id=&#8221;1675849426003-d1a6571c-b66bdb67-379a&#8221;][vc_row_inner equal_height=&#8221;yes&#8221; content_placement=&#8221;middle&#8221; css=&#8221;.vc_custom_1680170257202{padding-top: 0px !important;}&#8221;][vc_column_inner width=&#8221;1\/2&#8243;][vc_column_text css=&#8221;.vc_custom_1688464472301{margin-bottom: 20px !important;}&#8221;]Les profil\u00e9s antid\u00e9rapants <strong>P1<\/strong> se distingue par leur haut pouvoir drainant et leur r\u00e9sistance \u00e9lev\u00e9e \u00e0 la glissance. De plus, ils sont parfaitement adapt\u00e9s aux espaces int\u00e9rieurs gr\u00e2ce \u00e0 leur trame pas trop dense et invasive.[\/vc_column_text][vc_raw_html]JTNDdGFibGUlMjBzdHlsZSUzRCUyMndpZHRoJTNBMTAwJTI1JTIyJTNFJTBBJTIwJTIwJTNDdHIlM0UlMEElMjAlMjAlMjAlMjAlM0N0aCUzRU1hdGVyaWFsJTNDJTJGdGglM0UlMEElMjAlMjAlMjAlMjAlM0N0aCUzRSVDMyU4OXBhaXNzZXVyJTIwZGUlMjB0JUMzJUI0bGUlM0MlMkZ0aCUzRSUwQSUyMCUyMCUzQyUyRnRyJTNFJTBBJTIwJTIwJTNDdHIlM0UlMEElMjAlMjAlMjAlMjAlM0N0ZCUzRUFjaWVyJTIwYnJ1dCUyQyUyMGFjaWVyJTIwZ2FsdmFuaXMlQzMlQTklMjAlQzMlQTAlMjBjaGF1ZCUyMFVOSSUyMEVOJTIwSVNPJTIwMTQ2MSUzQyUyRnRkJTNFJTBBJTIwJTIwJTIwJTIwJTNDdGQlMjBzdHlsZSUzRCUyMnRleHQtYWxpZ24lM0ElMjBjZW50ZXIlM0IlMjIlM0UxJTJDNSUyRjIlM0MlMkZ0ZCUzRSUwQSUyMCUyMCUzQyUyRnRyJTNFJTBBJTIwJTIwJTNDdHIlM0UlMEElMjAlMjAlMjAlMjAlM0N0ZCUzRUFjaWVyJTIwcHIlQzMlQTktZ2FsdmFuaXMlQzMlQTklM0MlMkZ0ZCUzRSUwQSUyMCUyMCUyMCUyMCUzQ3RkJTIwc3R5bGUlM0QlMjJ0ZXh0LWFsaWduJTNBJTIwY2VudGVyJTNCJTIyJTNFMSUyQzUlMkYyJTNDJTJGdGQlM0UlMEElMjAlMjAlM0MlMkZ0ciUzRSUwQSUyMCUyMCUzQ3RyJTNFJTBBJTIwJTIwJTIwJTIwJTNDdGQlM0VBY2llciUyMGlub3glM0MlMkZ0ZCUzRSUwQSUyMCUyMCUyMCUyMCUzQ3RkJTIwc3R5bGUlM0QlMjJ0ZXh0LWFsaWduJTNBJTIwY2VudGVyJTNCJTIyJTNFMSUyQzUlMkElM0MlMkZ0ZCUzRSUwQSUyMCUyMCUzQyUyRnRyJTNFJTBBJTIwJTIwJTNDdHIlM0UlMEElMjAlMjAlMjAlMjAlM0N0ZCUzRUFsdW1pbml1bSUzQyUyRnRkJTNFJTBBJTIwJTIwJTIwJTIwJTNDdGQlMjBzdHlsZSUzRCUyMnRleHQtYWxpZ24lM0ElMjBjZW50ZXIlM0IlMjIlM0UxJTJDNSUyRjIlM0MlMkZ0ZCUzRSUwQSUyMCUyMCUzQyUyRnRyJTNFJTBBJTIwJTIwJTNDdHIlM0UlMEElMjAlMjAlMjAlMjAlM0N0ZCUyMGNvbHNwYW4lM0QlMjIyJTIyJTIwc3R5bGUlM0QlMjJ0ZXh0LWFsaWduJTNBJTIwY2VudGVyJTNCJTIyJTNFQ2hhbXAlMjBkZSUyMHRyYXZhaWwlMjBtYXhpbXVtJTIwNDAwMHgxNTAwJTNDJTJGdGQlM0UlMEElMjAlMjAlM0MlMkZ0ciUzRSUwQSUzQyUyRnRhYmxlJTNF[\/vc_raw_html][vc_column_text css=&#8221;.vc_custom_1688464544201{margin-top: 20px !important;}&#8221;]<\/p>\n<p style=\"font-size: 12px;\">* CMM se r\u00e9serve le droit d\u2019\u00e9valuer, au cas par cas, la faisabilit\u00e9 du projet en fonction des dimensions des panneaux \u00e0 produire<\/p>\n<p>[\/vc_column_text][\/vc_column_inner][vc_column_inner width=&#8221;1\/2&#8243;][vc_single_image image=&#8221;7493&#8243; img_size=&#8221;full&#8221;][\/vc_column_inner][\/vc_row_inner][vc_row_inner css=&#8221;.vc_custom_1680170196534{padding-top: 0px !important;}&#8221;][vc_column_inner width=&#8221;1\/2&#8243;][vc_single_image image=&#8221;7491&#8243; img_size=&#8221;full&#8221;][\/vc_column_inner][vc_column_inner width=&#8221;1\/2&#8243;][vc_single_image image=&#8221;7492&#8243; img_size=&#8221;full&#8221;][\/vc_column_inner][\/vc_row_inner][\/vc_tta_section][vc_tta_section title=&#8221;P2&#8243; tab_id=&#8221;1675849647789-1c98c355-d7fedb67-379a&#8221;][vc_row_inner equal_height=&#8221;yes&#8221; content_placement=&#8221;middle&#8221; css=&#8221;.vc_custom_1680170262084{padding-top: 0px !important;}&#8221;][vc_column_inner width=&#8221;1\/2&#8243;][vc_column_text css=&#8221;.vc_custom_1688464557470{margin-bottom: 20px !important;}&#8221;]Les profil\u00e9s antid\u00e9rapants <strong>P2<\/strong> se caract\u00e9risent par une r\u00e9sistance \u00e9lev\u00e9e \u00e0 la glissance. De plus, ils sont parfaitement adapt\u00e9s aux espaces int\u00e9rieurs gr\u00e2ce \u00e0 leur trame pas trop dense et invasive[\/vc_column_text][vc_raw_html]JTNDdGFibGUlMjBzdHlsZSUzRCUyMndpZHRoJTNBMTAwJTI1JTIyJTNFJTBBJTIwJTIwJTNDdHIlM0UlMEElMjAlMjAlMjAlMjAlM0N0aCUzRU1hdGVyaWFsJTNDJTJGdGglM0UlMEElMjAlMjAlMjAlMjAlM0N0aCUzRSVDMyU4OXBhaXNzZXVyJTIwZGUlMjB0JUMzJUI0bGUlM0MlMkZ0aCUzRSUwQSUyMCUyMCUzQyUyRnRyJTNFJTBBJTIwJTIwJTNDdHIlM0UlMEElMjAlMjAlMjAlMjAlM0N0ZCUzRUFjaWVyJTIwYnJ1dCUyQyUyMGFjaWVyJTIwZ2FsdmFuaXMlQzMlQTklMjAlQzMlQTAlMjBjaGF1ZCUyMFVOSSUyMEVOJTIwSVNPJTIwMTQ2MSUzQyUyRnRkJTNFJTBBJTIwJTIwJTIwJTIwJTNDdGQlMjBzdHlsZSUzRCUyMnRleHQtYWxpZ24lM0ElMjBjZW50ZXIlM0IlMjIlM0UxJTJDNSUyRjIlMkYyJTJDNSUzQyUyRnRkJTNFJTBBJTIwJTIwJTNDJTJGdHIlM0UlMEElMjAlMjAlM0N0ciUzRSUwQSUyMCUyMCUyMCUyMCUzQ3RkJTNFQWNpZXIlMjBwciVDMyVBOS1nYWx2YW5pcyVDMyVBOSUzQyUyRnRkJTNFJTBBJTIwJTIwJTIwJTIwJTNDdGQlMjBzdHlsZSUzRCUyMnRleHQtYWxpZ24lM0ElMjBjZW50ZXIlM0IlMjIlM0UxJTJDNSUyRjIlMkYyJTJDNSUzQyUyRnRkJTNFJTBBJTIwJTIwJTNDJTJGdHIlM0UlMEElMjAlMjAlM0N0ciUzRSUwQSUyMCUyMCUyMCUyMCUzQ3RkJTNFQWNpZXIlMjBpbm94JTNDJTJGdGQlM0UlMEElMjAlMjAlMjAlMjAlM0N0ZCUyMHN0eWxlJTNEJTIydGV4dC1hbGlnbiUzQSUyMGNlbnRlciUzQiUyMiUzRTElMkM1JTJGMiUyQSUzQyUyRnRkJTNFJTBBJTIwJTIwJTNDJTJGdHIlM0UlMEElMjAlMjAlM0N0ciUzRSUwQSUyMCUyMCUyMCUyMCUzQ3RkJTNFQWx1bWludW0lM0MlMkZ0ZCUzRSUwQSUyMCUyMCUyMCUyMCUzQ3RkJTIwc3R5bGUlM0QlMjJ0ZXh0LWFsaWduJTNBJTIwY2VudGVyJTNCJTIyJTNFMSUyQzUlMkYyJTJGMiUyQzUlM0MlMkZ0ZCUzRSUwQSUyMCUyMCUzQyUyRnRyJTNFJTBBJTIwJTIwJTNDdHIlM0UlMEElMjAlMjAlMjAlMjAlM0N0ZCUyMGNvbHNwYW4lM0QlMjIyJTIyJTIwc3R5bGUlM0QlMjJ0ZXh0LWFsaWduJTNBJTIwY2VudGVyJTNCJTIyJTNFQ2hhbXAlMjBkZSUyMHRyYXZhaWwlMjBtYXhpbXVtJTIwNDAwMHgxNTAwJTNDJTJGdGQlM0UlMEElMjAlMjAlM0MlMkZ0ciUzRSUwQSUzQyUyRnRhYmxlJTNF[\/vc_raw_html][vc_column_text css=&#8221;.vc_custom_1688464625933{margin-top: 20px !important;}&#8221;]<\/p>\n<p style=\"font-size: 12px;\">* CMM se r\u00e9serve le droit d\u2019\u00e9valuer, au cas par cas, la faisabilit\u00e9 du projet en fonction des dimensions des panneaux \u00e0 produire.<\/p>\n<p>[\/vc_column_text][\/vc_column_inner][vc_column_inner width=&#8221;1\/2&#8243;][vc_single_image image=&#8221;7496&#8243; img_size=&#8221;full&#8221;][\/vc_column_inner][\/vc_row_inner][vc_row_inner css=&#8221;.vc_custom_1680170204342{padding-top: 0px !important;}&#8221;][vc_column_inner width=&#8221;1\/2&#8243;][vc_single_image image=&#8221;7497&#8243; img_size=&#8221;full&#8221;][\/vc_column_inner][vc_column_inner width=&#8221;1\/2&#8243;][vc_single_image image=&#8221;7498&#8243; img_size=&#8221;full&#8221;][\/vc_column_inner][\/vc_row_inner][\/vc_tta_section][vc_tta_section title=&#8221;UD&#8221; tab_id=&#8221;1675849814594-59e067a3-668cdb67-379a&#8221;][vc_row_inner equal_height=&#8221;yes&#8221; content_placement=&#8221;middle&#8221; css=&#8221;.vc_custom_1680170391625{padding-top: 0px !important;}&#8221;][vc_column_inner width=&#8221;1\/2&#8243;][vc_column_text css=&#8221;.vc_custom_1688464641317{margin-bottom: 20px !important;}&#8221;]Les profil\u00e9s antid\u00e9rapants <strong>UD<\/strong> se caract\u00e9risent par un haut pouvoir drainant et une r\u00e9sistance \u00e9lev\u00e9e \u00e0 la glissance. De plus, ils sont parfaitement adapt\u00e9s aux espaces int\u00e9rieurs.[\/vc_column_text][vc_raw_html]JTNDdGFibGUlMjBzdHlsZSUzRCUyMndpZHRoJTNBMTAwJTI1JTIyJTNFJTBBJTIwJTIwJTNDdHIlM0UlMEElMjAlMjAlMjAlMjAlM0N0aCUzRU1hdGVyaWFsJTNDJTJGdGglM0UlMEElMjAlMjAlMjAlMjAlM0N0aCUzRSVDMyU4OXBhaXNzZXVyJTIwZGUlMjB0JUMzJUI0bGUlM0MlMkZ0aCUzRSUwQSUyMCUyMCUzQyUyRnRyJTNFJTBBJTIwJTIwJTNDdHIlM0UlMEElMjAlMjAlMjAlMjAlM0N0ZCUzRUFjaWVyJTIwYnJ1dCUyQyUyMGFjaWVyJTIwZ2FsdmFuaXMlQzMlQTklMjAlQzMlQTAlMjBjaGF1ZCUyMFVOSSUyMEVOJTIwSVNPJTIwMTQ2MSUzQyUyRnRkJTNFJTBBJTIwJTIwJTIwJTIwJTNDdGQlMjBzdHlsZSUzRCUyMnRleHQtYWxpZ24lM0ElMjBjZW50ZXIlM0IlMjIlM0UxJTJDNSUyRjIlM0MlMkZ0ZCUzRSUwQSUyMCUyMCUzQyUyRnRyJTNFJTBBJTIwJTIwJTNDdHIlM0UlMEElMjAlMjAlMjAlMjAlM0N0ZCUzRUFjaWVyJTIwcHIlQzMlQTktZ2FsdmFuaXMlQzMlQTklM0MlMkZ0ZCUzRSUwQSUyMCUyMCUyMCUyMCUzQ3RkJTIwc3R5bGUlM0QlMjJ0ZXh0LWFsaWduJTNBJTIwY2VudGVyJTNCJTIyJTNFMSUyQzUlMkYyJTNDJTJGdGQlM0UlMEElMjAlMjAlM0MlMkZ0ciUzRSUwQSUyMCUyMCUzQ3RyJTNFJTBBJTIwJTIwJTIwJTIwJTNDdGQlM0VBY2llciUyMGlub3glM0MlMkZ0ZCUzRSUwQSUyMCUyMCUyMCUyMCUzQ3RkJTIwc3R5bGUlM0QlMjJ0ZXh0LWFsaWduJTNBJTIwY2VudGVyJTNCJTIyJTNFMSUyQzUlMkElM0MlMkZ0ZCUzRSUwQSUyMCUyMCUzQyUyRnRyJTNFJTBBJTIwJTIwJTNDdHIlM0UlMEElMjAlMjAlMjAlMjAlM0N0ZCUzRUFsdW1pbml1bSUzQyUyRnRkJTNFJTBBJTIwJTIwJTIwJTIwJTNDdGQlMjBzdHlsZSUzRCUyMnRleHQtYWxpZ24lM0ElMjBjZW50ZXIlM0IlMjIlM0UxJTJDNSUyRjIlM0MlMkZ0ZCUzRSUwQSUyMCUyMCUzQyUyRnRyJTNFJTBBJTIwJTIwJTNDdHIlM0UlMEElMjAlMjAlMjAlMjAlM0N0ZCUyMGNvbHNwYW4lM0QlMjIyJTIyJTIwc3R5bGUlM0QlMjJ0ZXh0LWFsaWduJTNBJTIwY2VudGVyJTNCJTIyJTNFQ2hhbXAlMjBkZSUyMHRyYXZhaWwlMjBtYXhpbXVtJTIwNDAwMHgxNTAwJTNDJTJGdGQlM0UlMEElMjAlMjAlM0MlMkZ0ciUzRSUwQSUzQyUyRnRhYmxlJTNF[\/vc_raw_html][vc_column_text css=&#8221;.vc_custom_1688464728735{margin-top: 20px !important;}&#8221;]<\/p>\n<p style=\"font-size: 12px;\">* CMM se r\u00e9serve le droit d\u2019\u00e9valuer, au cas par cas, la faisabilit\u00e9 du projet en fonction des dimensions des panneaux \u00e0 produire.<\/p>\n<p>[\/vc_column_text][\/vc_column_inner][vc_column_inner width=&#8221;1\/2&#8243;][vc_single_image image=&#8221;7507&#8243; img_size=&#8221;full&#8221;][\/vc_column_inner][\/vc_row_inner][vc_row_inner css=&#8221;.vc_custom_1680170379823{padding-top: 0px !important;}&#8221;][vc_column_inner width=&#8221;1\/2&#8243;][vc_single_image image=&#8221;7505&#8243; img_size=&#8221;full&#8221;][\/vc_column_inner][vc_column_inner width=&#8221;1\/2&#8243;][vc_single_image image=&#8221;7506&#8243; img_size=&#8221;full&#8221;][\/vc_column_inner][\/vc_row_inner][\/vc_tta_section][\/vc_tta_tabs][\/vc_column][\/vc_row]<\/p>\n","protected":false},"excerpt":{"rendered":"<p>[vc_row][vc_column][vc_empty_space alter_height=&#8221;small&#8221; hide_on_mobile=&#8221;&#8221;][vc_column_text el_class=&#8221;justify&#8221;] Les profil\u00e9s antid\u00e9rapants Easy Grip de CMM sont caract\u00e9ris\u00e9s par une trame antid\u00e9rapante qui permet un drainage ais\u00e9 et assure ainsi la possibilit\u00e9 de les traverser&hellip;<\/p>\n","protected":false},"author":2,"featured_media":2632,"parent":8178,"menu_order":0,"comment_status":"closed","ping_status":"closed","template":"","meta":[],"_links":{"self":[{"href":"https:\/\/www.cmmlaser.it\/fr\/wp-json\/wp\/v2\/pages\/2997"}],"collection":[{"href":"https:\/\/www.cmmlaser.it\/fr\/wp-json\/wp\/v2\/pages"}],"about":[{"href":"https:\/\/www.cmmlaser.it\/fr\/wp-json\/wp\/v2\/types\/page"}],"author":[{"embeddable":true,"href":"https:\/\/www.cmmlaser.it\/fr\/wp-json\/wp\/v2\/users\/2"}],"replies":[{"embeddable":true,"href":"https:\/\/www.cmmlaser.it\/fr\/wp-json\/wp\/v2\/comments?post=2997"}],"version-history":[{"count":13,"href":"https:\/\/www.cmmlaser.it\/fr\/wp-json\/wp\/v2\/pages\/2997\/revisions"}],"predecessor-version":[{"id":8227,"href":"https:\/\/www.cmmlaser.it\/fr\/wp-json\/wp\/v2\/pages\/2997\/revisions\/8227"}],"up":[{"embeddable":true,"href":"https:\/\/www.cmmlaser.it\/fr\/wp-json\/wp\/v2\/pages\/8178"}],"wp:featuredmedia":[{"embeddable":true,"href":"https:\/\/www.cmmlaser.it\/fr\/wp-json\/wp\/v2\/media\/2632"}],"wp:attachment":[{"href":"https:\/\/www.cmmlaser.it\/fr\/wp-json\/wp\/v2\/media?parent=2997"}],"curies":[{"name":"wp","href":"https:\/\/api.w.org\/{rel}","templated":true}]}}