{"id":2988,"date":"2018-04-13T11:26:23","date_gmt":"2018-04-13T09:26:23","guid":{"rendered":"http:\/\/www.cmmlaser.it\/?page_id=2988"},"modified":"2018-04-13T11:26:23","modified_gmt":"2018-04-13T09:26:23","slug":"privacy","status":"publish","type":"page","link":"https:\/\/www.cmmlaser.it\/fr\/privacy\/","title":{"rendered":"Privacy"},"content":{"rendered":"<p>[vc_row][vc_column][vc_column_text css=&#8221;.vc_custom_1523611575844{margin-bottom: 0px !important;}&#8221;]<strong>D\u00e9cret l\u00e9gislatif 30 Juin 2003 n. 196<\/strong><br \/>\n<strong>(G.U. 29 Juillet 2003, n 174 &#8211; Suppl\u00e9ment ordinaire n 123\/L)<\/strong><\/p>\n<p><strong>Note d&#8217;information aux termes de l\u2019Art. 13<\/strong><br \/>\n<strong>Code en mati\u00e8re de protection des donn\u00e9es \u00e0 caract\u00e8re personnel<\/strong><br \/>\nConform\u00e9ment \u00e0 et par l&#8217;effet de l&#8217;art. 13 du d\u00e9cret l\u00e9gislatif n. 196 du 30 Juin 2003 &#8211; code de la confidentialit\u00e9 sur la protection des personnes et autres sujets concernant le traitement des Donn\u00e9es Personnelles, le traitement des informations vous concernant seront bas\u00e9es sur les principes de l&#8217;\u00e9quit\u00e9, de la lic\u00e9it\u00e9 et de la transparence, la protection de votre vie priv\u00e9e et vos droits.<\/p>\n<p>&#8220;Le traitement des Donn\u00e9es Personnelles\u00bb d\u00e9signe toute op\u00e9ration ou ensemble d&#8217;op\u00e9rations effectu\u00e9es avec ou sans l&#8217;aide de moyens \u00e9lectroniques ou quand m\u00eame autoris\u00e9es, concernant la collecte, l&#8217;enregistrement, l&#8217;organisation, la conservation, le traitement, modification, la s\u00e9lection, l&#8217;extraction, la comparaison, l&#8217;utilisation, l&#8217;interconnexion, le blocage, la communication, la diffusion, l&#8217;effacement et la destruction des donn\u00e9es \u00e0 des entit\u00e9s publiques ou priv\u00e9es.<\/p>\n<p><strong>FINALIT\u00c9S DU TRAITEMENT DES DONN\u00c9ES<\/strong><br \/>\nLe traitement dont vos donn\u00e9es font le sujet a la finalit\u00e9 d&#8217;assurer l&#8217;ex\u00e9cution correcte des conditions contractuelles et le cons\u00e9quent respect des obligations civiles et fiscales, la mise \u00e0 jour des donn\u00e9es des clients et des fournisseurs, pour des analyses statistiques internes, pour les informations commerciales et la promotion de notre activit\u00e9.<\/p>\n<p><strong>MODALIT\u00c9S DU TRAITEMENT DES DONN\u00c9ES<\/strong><br \/>\nLes donn\u00e9es seront trait\u00e9es essentiellement avec des instruments \u00e9lectroniques et l&#8217;ordinateur et m\u00e9moris\u00e9s sur des supports informatiques, ou tout type de support adapt\u00e9, en conformit\u00e9 avec les mesures de s\u00e9curit\u00e9 minimales au titre de l&#8217;annexe technique &#8220;B&#8221; au d\u00e9cret l\u00e9gislatif n. 196 du 30 Juin 2003.\u00a0Les donn\u00e9es peuvent \u00eatre communiqu\u00e9es \u00e0 nos employ\u00e9s, collaborateurs, consultants et operateurs;\u00a0aux sujets impliqu\u00e9s dans l&#8217;ex\u00e9cution des obligations contractuelles;\u00a0au personnel des entreprises ext\u00e9rieures pr\u00e9pos\u00e9 \u00e0 la gestion et la maintenance des syst\u00e8mes informatiques; aux banques pour les transactions financi\u00e8res li\u00e9es \u00e0 nos relations d&#8217;affaires; en aucun cas ils feront l\u2019objet de diffusion. Le titulaire des donn\u00e9es est notre entreprise CMM S.r.l.[\/vc_column_text][\/vc_column][\/vc_row]<\/p>\n","protected":false},"excerpt":{"rendered":"<p>[vc_row][vc_column][vc_column_text css=&#8221;.vc_custom_1523611575844{margin-bottom: 0px !important;}&#8221;]D\u00e9cret l\u00e9gislatif 30 Juin 2003 n. 196 (G.U. 29 Juillet 2003, n 174 &#8211; Suppl\u00e9ment ordinaire n 123\/L) Note d&#8217;information aux termes de l\u2019Art. 13 Code en&hellip;<\/p>\n","protected":false},"author":2,"featured_media":0,"parent":0,"menu_order":0,"comment_status":"closed","ping_status":"closed","template":"","meta":[],"_links":{"self":[{"href":"https:\/\/www.cmmlaser.it\/fr\/wp-json\/wp\/v2\/pages\/2988"}],"collection":[{"href":"https:\/\/www.cmmlaser.it\/fr\/wp-json\/wp\/v2\/pages"}],"about":[{"href":"https:\/\/www.cmmlaser.it\/fr\/wp-json\/wp\/v2\/types\/page"}],"author":[{"embeddable":true,"href":"https:\/\/www.cmmlaser.it\/fr\/wp-json\/wp\/v2\/users\/2"}],"replies":[{"embeddable":true,"href":"https:\/\/www.cmmlaser.it\/fr\/wp-json\/wp\/v2\/comments?post=2988"}],"version-history":[{"count":4,"href":"https:\/\/www.cmmlaser.it\/fr\/wp-json\/wp\/v2\/pages\/2988\/revisions"}],"predecessor-version":[{"id":2992,"href":"https:\/\/www.cmmlaser.it\/fr\/wp-json\/wp\/v2\/pages\/2988\/revisions\/2992"}],"wp:attachment":[{"href":"https:\/\/www.cmmlaser.it\/fr\/wp-json\/wp\/v2\/media?parent=2988"}],"curies":[{"name":"wp","href":"https:\/\/api.w.org\/{rel}","templated":true}]}}