{"id":2926,"date":"2018-04-12T18:16:31","date_gmt":"2018-04-12T16:16:31","guid":{"rendered":"http:\/\/www.cmmlaser.it\/?page_id=2926"},"modified":"2018-04-20T16:32:43","modified_gmt":"2018-04-20T14:32:43","slug":"industrie-4-0","status":"publish","type":"page","link":"https:\/\/www.cmmlaser.it\/fr\/cmm-laser\/industrie-4-0\/","title":{"rendered":"Industrie 4.0"},"content":{"rendered":"<p>[vc_row][vc_column][vc_empty_space alter_height=&#8221;small&#8221; hide_on_mobile=&#8221;&#8221;]<div id=\"sc_title_303746230\"\n\t\tclass=\"sc_title sc_title_default justify  vc_custom_1523550446490\"><h3 class=\"sc_item_title sc_title_title sc_align_default sc_item_title_style_default\">Industrie 4.0<\/h3><\/div><!-- \/.sc_title -->[vc_column_text el_class=&#8221;justify&#8221;]Les investissements de l&#8217;<strong>industrie 4.0<\/strong> de ces derni\u00e8res ann\u00e9es ont permis une parfaite fusion de la phase de la conception dans la phase de la production. Aujourd\u2019hui, toutes les installations CMM sont directement connect\u00e9es au syst\u00e8me CAO\/FAO \u00e0 partir duquel elles d\u00e9chargent le projet, la simulation productive, ainsi que les d\u00e9tails d\u2019outillage et d\u2019ex\u00e9cution.<\/p>\n<p>Ces innovations ont permis d\u2019obtenir une excellente optimisation des d\u00e9lais de production et une simplification du travail de l\u2019op\u00e9rateur sur la machine \u2013 toutes les op\u00e9rations sont d\u00e9sormais r\u00e9alis\u00e9es avec davantage de s\u00e9curit\u00e9 et de pr\u00e9cision gr\u00e2ce \u00e0 l\u2019interaction homme-machine (human to machine technology).<br \/>\nChaque commande est pr\u00e9cis\u00e9ment identifi\u00e9e durant tout le cycle de production garantissant ainsi un parfait contr\u00f4le de la fili\u00e8re et la fourniture d\u2019informations pr\u00e9cises \u00e0 l\u2019op\u00e9rateur, au chef de production et en n au client lui-m\u00eame.[\/vc_column_text][vc_empty_space alter_height=&#8221;medium&#8221; hide_on_mobile=&#8221;&#8221;][\/vc_column][\/vc_row][vc_row el_class=&#8221;informazioni_preventivo&#8221;][vc_column]<div class=\"sc_layouts sc_layouts_default sc_layouts_3257\">[vc_row full_width=\"stretch_row\" equal_height=\"yes\" content_placement=\"middle\" scheme=\"dark\" row_delimiter=\"\" row_fixed=\"\" hide_on_mobile=\"\" hide_on_frontpage=\"\" css=\".vc_custom_1523443605967{padding-top: 60px !important;padding-bottom: 60px !important;background-image: url(http:\/\/www.cmmlaser.it\/wp-content\/uploads\/2018\/04\/saldatura-travi.jpg?id=2648) !important;background-position: center !important;background-repeat: no-repeat !important;background-size: cover !important;}\" el_class=\"informazioni_preventivo\"][vc_column width=\"1\/2\"][vc_column_text]\r\n<h3 style=\"text-align: center;\"><strong>Contactez-nous<\/strong> pour plus <strong>d'informations<\/strong> ou pour demander un <strong>devis<\/strong><\/h3>\r\n[\/vc_column_text][\/vc_column][vc_column width=\"1\/2\"][vc_empty_space alter_height=\"medium\" hide_on_mobile=\"\"]\n<div class=\"wpcf7 no-js\" id=\"wpcf7-f3255-o1\" lang=\"it-IT\" dir=\"ltr\">\n<div class=\"screen-reader-response\"><p role=\"status\" aria-live=\"polite\" aria-atomic=\"true\"><\/p> <ul><\/ul><\/div>\n<form action=\"\/fr\/wp-json\/wp\/v2\/pages\/2926#wpcf7-f3255-o1\" method=\"post\" class=\"wpcf7-form init wpcf7-acceptance-as-validation\" aria-label=\"Formulaire de contact\" novalidate=\"novalidate\" data-status=\"init\">\n<div style=\"display: none;\">\n<input type=\"hidden\" name=\"_wpcf7\" value=\"3255\" \/>\n<input type=\"hidden\" name=\"_wpcf7_version\" value=\"5.7.7\" \/>\n<input type=\"hidden\" name=\"_wpcf7_locale\" value=\"it_IT\" \/>\n<input type=\"hidden\" name=\"_wpcf7_unit_tag\" value=\"wpcf7-f3255-o1\" \/>\n<input type=\"hidden\" name=\"_wpcf7_container_post\" value=\"0\" \/>\n<input type=\"hidden\" name=\"_wpcf7_posted_data_hash\" value=\"\" \/>\n<input type=\"hidden\" name=\"_wpcf7_recaptcha_response\" value=\"\" \/>\n<\/div>\n<div class=\"form-footer\">\n\t<div class=\"vc_row contatti footer\">\n\t\t<div class=\"vc_col-sm-6\">\n\t\t\t<p><span class=\"wpcf7-form-control-wrap\" data-name=\"your-name\"><input size=\"40\" class=\"wpcf7-form-control wpcf7-text wpcf7-validates-as-required\" aria-required=\"true\" aria-invalid=\"false\" placeholder=\"Nom et Pr\u00e9nom *\" value=\"\" type=\"text\" name=\"your-name\" \/><\/span>\n\t\t\t<\/p>\n\t\t<\/div>\n\t\t<div class=\"vc_col-sm-6\">\n\t\t\t<p><span class=\"wpcf7-form-control-wrap\" data-name=\"your-agency\"><input size=\"40\" class=\"wpcf7-form-control wpcf7-text\" aria-invalid=\"false\" placeholder=\"Soci\u00e9t\u00e9\" value=\"\" type=\"text\" name=\"your-agency\" \/><\/span>\n\t\t\t<\/p>\n\t\t<\/div>\n\t<\/div>\n\t<div class=\"vc_row contatti footer\">\n\t\t<div class=\"vc_col-sm-12\">\n\t\t\t<p><span class=\"wpcf7-form-control-wrap\" data-name=\"your-email\"><input size=\"40\" class=\"wpcf7-form-control wpcf7-text wpcf7-email wpcf7-validates-as-required wpcf7-validates-as-email\" aria-required=\"true\" aria-invalid=\"false\" placeholder=\"E-Mail *\" value=\"\" type=\"email\" name=\"your-email\" \/><\/span>\n\t\t\t<\/p>\n\t\t<\/div>\n\t<\/div>\n\t<div class=\"vc_row contatti footer\">\n\t\t<div class=\"vc_col-sm-12\">\n\t\t\t<p><span class=\"wpcf7-form-control-wrap\" data-name=\"your-message\"><textarea cols=\"40\" rows=\"10\" class=\"wpcf7-form-control wpcf7-textarea\" aria-invalid=\"false\" placeholder=\"Message\" name=\"your-message\"><\/textarea><\/span>\n\t\t\t<\/p>\n\t\t<\/div>\n\t<\/div>\n\t<p>Je suis d'accord avec la politique de confidentialit\u00e9 (<a class=\"footer_acceptance\" href='\/fr\/privacy\/' target=\"_blank\">voir l'avis de confidentialit\u00e9<\/a>)<span class=\"wpcf7-form-control-wrap\" data-name=\"acceptance-17\"><span class=\"wpcf7-form-control wpcf7-acceptance\"><span class=\"wpcf7-list-item\"><input type=\"checkbox\" name=\"acceptance-17\" value=\"1\" aria-invalid=\"false\" \/><\/span><\/span><\/span>\n\t<\/p>\n\t<div class=\"vc_row contatti footer\">\n\t\t<div class=\"vc_col-sm-8\">\n\t\t\n\t\t<\/div>\n\t\t<div class=\"vc_col-sm-3\" style=\"float:right; text-align:right; padding:0!important\">\n\t\t\t<p><input class=\"wpcf7-form-control has-spinner wpcf7-submit\" type=\"submit\" value=\"Envoyer\" \/>\n\t\t\t<\/p>\n\t\t<\/div>\n\t<\/div>\n<\/div><div class=\"wpcf7-response-output\" aria-hidden=\"true\"><\/div>\n<\/form>\n<\/div>\n[\/vc_column][\/vc_row]<\/div>[\/vc_column][\/vc_row]<\/p>\n","protected":false},"excerpt":{"rendered":"<p>[vc_row][vc_column][vc_empty_space alter_height=&#8221;small&#8221; hide_on_mobile=&#8221;&#8221;][vc_column_text el_class=&#8221;justify&#8221;]Les investissements de l&#8217;industrie 4.0 de ces derni\u00e8res ann\u00e9es ont permis une parfaite fusion de la phase de la conception dans la phase de la production. Aujourd\u2019hui,&hellip;<\/p>\n","protected":false},"author":2,"featured_media":2666,"parent":3379,"menu_order":0,"comment_status":"closed","ping_status":"closed","template":"","meta":[],"_links":{"self":[{"href":"https:\/\/www.cmmlaser.it\/fr\/wp-json\/wp\/v2\/pages\/2926"}],"collection":[{"href":"https:\/\/www.cmmlaser.it\/fr\/wp-json\/wp\/v2\/pages"}],"about":[{"href":"https:\/\/www.cmmlaser.it\/fr\/wp-json\/wp\/v2\/types\/page"}],"author":[{"embeddable":true,"href":"https:\/\/www.cmmlaser.it\/fr\/wp-json\/wp\/v2\/users\/2"}],"replies":[{"embeddable":true,"href":"https:\/\/www.cmmlaser.it\/fr\/wp-json\/wp\/v2\/comments?post=2926"}],"version-history":[{"count":5,"href":"https:\/\/www.cmmlaser.it\/fr\/wp-json\/wp\/v2\/pages\/2926\/revisions"}],"predecessor-version":[{"id":4234,"href":"https:\/\/www.cmmlaser.it\/fr\/wp-json\/wp\/v2\/pages\/2926\/revisions\/4234"}],"up":[{"embeddable":true,"href":"https:\/\/www.cmmlaser.it\/fr\/wp-json\/wp\/v2\/pages\/3379"}],"wp:featuredmedia":[{"embeddable":true,"href":"https:\/\/www.cmmlaser.it\/fr\/wp-json\/wp\/v2\/media\/2666"}],"wp:attachment":[{"href":"https:\/\/www.cmmlaser.it\/fr\/wp-json\/wp\/v2\/media?parent=2926"}],"curies":[{"name":"wp","href":"https:\/\/api.w.org\/{rel}","templated":true}]}}