{"id":2864,"date":"2018-04-12T15:40:03","date_gmt":"2018-04-12T13:40:03","guid":{"rendered":"http:\/\/www.cmmlaser.it\/?page_id=2864"},"modified":"2018-04-20T17:08:54","modified_gmt":"2018-04-20T15:08:54","slug":"environnmeent","status":"publish","type":"page","link":"https:\/\/www.cmmlaser.it\/fr\/cmm-laser\/environnmeent\/","title":{"rendered":"Environnement"},"content":{"rendered":"<p>[vc_row][vc_column][vc_empty_space alter_height=&#8221;small&#8221; hide_on_mobile=&#8221;&#8221;]<div id=\"sc_title_1449769272\"\n\t\tclass=\"sc_title sc_title_default justify  vc_custom_1523822634785\"><h3 class=\"sc_item_title sc_title_title sc_align_default sc_item_title_style_default\">Environnement<\/h3><\/div><!-- \/.sc_title -->[\/vc_column][vc_column width=&#8221;1\/2&#8243;][vc_column_text el_class=&#8221;justify&#8221;]<strong>CMM<\/strong> s\u2019engage \u00e0 <strong>respecter l\u2019environnement<\/strong> et d\u2019en assurer la <strong>protection<\/strong> en <strong>renfor\u00e7ant l\u2018am\u00e9lioration<\/strong> continue de ses prestations et en r\u00e9duisant les risques li\u00e9s aux activit\u00e9s r\u00e9alis\u00e9es et\/ou aux produits\/services offerts.<br \/>\nAfin de respecter un tel objectif, la soci\u00e9t\u00e9 a, au cours de ces six derni\u00e8res ann\u00e9es, effectu\u00e9 d\u2019importants investissements afin de mettre en place ce qui suit:<\/p>\n<ul class=\"trx_addons_list_success\">\n<li>Installation de <strong>panneaux photovolta\u00efques<\/strong>, d\u2019une puissance 806 Kw, dont une bonne partie auto-consomm\u00e9e.<\/li>\n<li>Remplacement des luminaires par des <strong>tubes n\u00e9on \u00e0 induction<\/strong>.<\/li>\n<li>Mise en place de deux <a href=\"http:\/\/www.cmmlaser.it\/decoupe-laser-de-toles\/\">installations Laser T\u00f4les<\/a> dont un <strong>Laser Fibre<\/strong> permettant d\u2019obtenir une r\u00e9duction de la consommation d\u2019\u00e9lectricit\u00e9.<\/li>\n<li>Mise en place de deux <a href=\"http:\/\/www.cmmlaser.it\/decoupe-laser-de-tubes\/\">installations Laser Tubes<\/a> dont un <strong>Laser Fibre<\/strong> permettant d\u2019obtenir une r\u00e9duction de la consommation d\u2019\u00e9lectricit\u00e9.<\/li>\n<li>En 2017, deux <a href=\"http:\/\/www.cmmlaser.it\/pliage\/\">plieuses<\/a> et une <a href=\"http:\/\/www.cmmlaser.it\/poinconnage\/\">poin\u00e7onneuse<\/a>, rentrant dans le plan national de mise \u00e0 jour pr\u00e9vu pour <a href=\"http:\/\/www.cmmlaser.it\/industrie40\/\">l\u2019industrie 4.0<\/a>, ont \u00e9t\u00e9 install\u00e9es.<\/li>\n<li>L\u2019<strong>objectif<\/strong> pour l\u2019ann\u00e9e <strong>2018<\/strong>, consiste \u00e0 r\u00e9aliser, en collaboration avec les constructeurs de nos installations, une <strong>Restructuration Technologique<\/strong> dans le cadre de laquelle nos <strong>installations<\/strong> seront soumises \u00e0 un <strong>contr\u00f4le technique<\/strong> et \u00e0 une <strong>modernisation<\/strong>, en vue d\u2019allonger leur dur\u00e9e de vie utile \u00e0 l\u2019int\u00e9rieur du processus de production. Ainsi, les avantages obtenus seront une <strong>am\u00e9lioration<\/strong> des <strong>prestations<\/strong>, ainsi qu\u2019une <strong>r\u00e9duction<\/strong> de la <strong>consommation \u00e9nerg\u00e9tique<\/strong> et de l\u2019<strong>impact environnemental<\/strong>.<\/li>\n<\/ul>\n<p>[\/vc_column_text][vc_empty_space alter_height=&#8221;small&#8221; hide_on_mobile=&#8221;1&#8243;][\/vc_column][vc_column width=&#8221;1\/2&#8243;][vc_column_text el_class=&#8221;justify&#8221;]Conform\u00e9ment aux engagement pris, <strong>CMM<\/strong> respecte scrupuleusement la r\u00e8glementation sur la <strong>s\u00e9curit\u00e9<\/strong> et la <strong>sant\u00e9 au travail<\/strong> et proc\u00e8de \u00e0 une adaptation continue de ses activit\u00e9s \u00e0 la r\u00e8glementation en vigueur en informant, en formant et en instruisant son personnel en la mati\u00e8re.<br \/>\nLa soci\u00e9t\u00e9 est toujours lanc\u00e9e dans la recherche d\u2019une am\u00e9lioration continue bas\u00e9e sur des processus de production innovants et des machines toujours plus s\u00fbres. Enfin, elle privil\u00e9gie dans le <strong>traitement des d\u00e9chets<\/strong>, chaque fois que cela est possible, leur <strong>r\u00e9cup\u00e9ration<\/strong> et leur <strong>recyclage<\/strong> plut\u00f4t que leur \u00e9limination pure et simple.[\/vc_column_text][vc_empty_space alter_height=&#8221;medium&#8221; hide_on_mobile=&#8221;&#8221;]<div id=\"widget_slider_118347547\" class=\"widget_area sc_widget_slider vc_widget_slider wpb_content_element\"><aside id=\"widget_slider_118347547_widget\" class=\"widget widget_slider\">\t\t\t<div class=\"slider_wrap slider_engine_swiper\">\n\t\t\t\t<div id=\"widget_slider_118347547_outer\" class=\"slider_swiper_outer slider_style_default slider_outer_controls slider_outer_controls_side slider_outer_nopagination slider_outer_titles_center slider_outer_one\"><div id=\"widget_slider_118347547_swiper\" class=\"slider_swiper swiper-slider-container slider_controls slider_controls_side slider_nopagination slider_titles_center slider_one slider_resize slider_height_auto slider_type_bg\" data-ratio=\"16:9\" data-interval=\"3000\" data-effect=\"slide\" data-pagination=\"bullets\" data-slides-per-view=\"1\" data-slides-space=\"0\">\n\t\t\t\t\t\t<div class=\"swiper-wrapper\"><div  class=\"swiper-slide\" data-image=\"https:\/\/www.cmmlaser.it\/wp-content\/uploads\/2018\/04\/CMM-politica-ambientale.jpg\" style=\"background-image:url(https:\/\/www.cmmlaser.it\/wp-content\/uploads\/2018\/04\/CMM-politica-ambientale.jpg);\"><\/div><div  class=\"swiper-slide\" data-image=\"https:\/\/www.cmmlaser.it\/wp-content\/uploads\/2018\/04\/politica-ambientale.jpg\" style=\"background-image:url(https:\/\/www.cmmlaser.it\/wp-content\/uploads\/2018\/04\/politica-ambientale.jpg);\"><\/div><div  class=\"swiper-slide\" data-image=\"https:\/\/www.cmmlaser.it\/wp-content\/uploads\/2018\/04\/CMM-ambiente.jpg\" style=\"background-image:url(https:\/\/www.cmmlaser.it\/wp-content\/uploads\/2018\/04\/CMM-ambiente.jpg);\"><\/div><\/div><div class=\"slider_controls_wrap\"><a class=\"slider_prev swiper-button-prev\" href=\"#\"><\/a><a class=\"slider_next swiper-button-next\" href=\"#\"><\/a><\/div><\/div><\/div>\t\t\t<\/div>\n\t\t\t<\/aside><\/div>[\/vc_column][\/vc_row][vc_row el_class=&#8221;informazioni_preventivo&#8221;][vc_column]<div class=\"sc_layouts sc_layouts_default sc_layouts_3257\">[vc_row full_width=\"stretch_row\" equal_height=\"yes\" content_placement=\"middle\" scheme=\"dark\" row_delimiter=\"\" row_fixed=\"\" hide_on_mobile=\"\" hide_on_frontpage=\"\" css=\".vc_custom_1523443605967{padding-top: 60px !important;padding-bottom: 60px !important;background-image: url(http:\/\/www.cmmlaser.it\/wp-content\/uploads\/2018\/04\/saldatura-travi.jpg?id=2648) !important;background-position: center !important;background-repeat: no-repeat !important;background-size: cover !important;}\" el_class=\"informazioni_preventivo\"][vc_column width=\"1\/2\"][vc_column_text]\r\n<h3 style=\"text-align: center;\"><strong>Contactez-nous<\/strong> pour plus <strong>d'informations<\/strong> ou pour demander un <strong>devis<\/strong><\/h3>\r\n[\/vc_column_text][\/vc_column][vc_column width=\"1\/2\"][vc_empty_space alter_height=\"medium\" hide_on_mobile=\"\"]\n<div class=\"wpcf7 no-js\" id=\"wpcf7-f3255-o1\" lang=\"it-IT\" dir=\"ltr\">\n<div class=\"screen-reader-response\"><p role=\"status\" aria-live=\"polite\" aria-atomic=\"true\"><\/p> <ul><\/ul><\/div>\n<form action=\"\/fr\/wp-json\/wp\/v2\/pages\/2864#wpcf7-f3255-o1\" method=\"post\" class=\"wpcf7-form init wpcf7-acceptance-as-validation\" aria-label=\"Formulaire de contact\" novalidate=\"novalidate\" data-status=\"init\">\n<div style=\"display: none;\">\n<input type=\"hidden\" name=\"_wpcf7\" value=\"3255\" \/>\n<input type=\"hidden\" name=\"_wpcf7_version\" value=\"5.7.7\" \/>\n<input type=\"hidden\" name=\"_wpcf7_locale\" value=\"it_IT\" \/>\n<input type=\"hidden\" name=\"_wpcf7_unit_tag\" value=\"wpcf7-f3255-o1\" \/>\n<input type=\"hidden\" name=\"_wpcf7_container_post\" value=\"0\" \/>\n<input type=\"hidden\" name=\"_wpcf7_posted_data_hash\" value=\"\" \/>\n<input type=\"hidden\" name=\"_wpcf7_recaptcha_response\" value=\"\" \/>\n<\/div>\n<div class=\"form-footer\">\n\t<div class=\"vc_row contatti footer\">\n\t\t<div class=\"vc_col-sm-6\">\n\t\t\t<p><span class=\"wpcf7-form-control-wrap\" data-name=\"your-name\"><input size=\"40\" class=\"wpcf7-form-control wpcf7-text wpcf7-validates-as-required\" aria-required=\"true\" aria-invalid=\"false\" placeholder=\"Nom et Pr\u00e9nom *\" value=\"\" type=\"text\" name=\"your-name\" \/><\/span>\n\t\t\t<\/p>\n\t\t<\/div>\n\t\t<div class=\"vc_col-sm-6\">\n\t\t\t<p><span class=\"wpcf7-form-control-wrap\" data-name=\"your-agency\"><input size=\"40\" class=\"wpcf7-form-control wpcf7-text\" aria-invalid=\"false\" placeholder=\"Soci\u00e9t\u00e9\" value=\"\" type=\"text\" name=\"your-agency\" \/><\/span>\n\t\t\t<\/p>\n\t\t<\/div>\n\t<\/div>\n\t<div class=\"vc_row contatti footer\">\n\t\t<div class=\"vc_col-sm-12\">\n\t\t\t<p><span class=\"wpcf7-form-control-wrap\" data-name=\"your-email\"><input size=\"40\" class=\"wpcf7-form-control wpcf7-text wpcf7-email wpcf7-validates-as-required wpcf7-validates-as-email\" aria-required=\"true\" aria-invalid=\"false\" placeholder=\"E-Mail *\" value=\"\" type=\"email\" name=\"your-email\" \/><\/span>\n\t\t\t<\/p>\n\t\t<\/div>\n\t<\/div>\n\t<div class=\"vc_row contatti footer\">\n\t\t<div class=\"vc_col-sm-12\">\n\t\t\t<p><span class=\"wpcf7-form-control-wrap\" data-name=\"your-message\"><textarea cols=\"40\" rows=\"10\" class=\"wpcf7-form-control wpcf7-textarea\" aria-invalid=\"false\" placeholder=\"Message\" name=\"your-message\"><\/textarea><\/span>\n\t\t\t<\/p>\n\t\t<\/div>\n\t<\/div>\n\t<p>Je suis d'accord avec la politique de confidentialit\u00e9 (<a class=\"footer_acceptance\" href='\/fr\/privacy\/' target=\"_blank\">voir l'avis de confidentialit\u00e9<\/a>)<span class=\"wpcf7-form-control-wrap\" data-name=\"acceptance-17\"><span class=\"wpcf7-form-control wpcf7-acceptance\"><span class=\"wpcf7-list-item\"><input type=\"checkbox\" name=\"acceptance-17\" value=\"1\" aria-invalid=\"false\" \/><\/span><\/span><\/span>\n\t<\/p>\n\t<div class=\"vc_row contatti footer\">\n\t\t<div class=\"vc_col-sm-8\">\n\t\t\n\t\t<\/div>\n\t\t<div class=\"vc_col-sm-3\" style=\"float:right; text-align:right; padding:0!important\">\n\t\t\t<p><input class=\"wpcf7-form-control has-spinner wpcf7-submit\" type=\"submit\" value=\"Envoyer\" \/>\n\t\t\t<\/p>\n\t\t<\/div>\n\t<\/div>\n<\/div><div class=\"wpcf7-response-output\" aria-hidden=\"true\"><\/div>\n<\/form>\n<\/div>\n[\/vc_column][\/vc_row]<\/div>[\/vc_column][\/vc_row]<\/p>\n","protected":false},"excerpt":{"rendered":"<p>[vc_row][vc_column][vc_empty_space alter_height=&#8221;small&#8221; hide_on_mobile=&#8221;&#8221;][\/vc_column][vc_column width=&#8221;1\/2&#8243;][vc_column_text el_class=&#8221;justify&#8221;]CMM s\u2019engage \u00e0 respecter l\u2019environnement et d\u2019en assurer la protection en renfor\u00e7ant l\u2018am\u00e9lioration continue de ses prestations et en r\u00e9duisant les risques li\u00e9s aux activit\u00e9s r\u00e9alis\u00e9es&hellip;<\/p>\n","protected":false},"author":2,"featured_media":2668,"parent":3379,"menu_order":0,"comment_status":"closed","ping_status":"closed","template":"","meta":[],"_links":{"self":[{"href":"https:\/\/www.cmmlaser.it\/fr\/wp-json\/wp\/v2\/pages\/2864"}],"collection":[{"href":"https:\/\/www.cmmlaser.it\/fr\/wp-json\/wp\/v2\/pages"}],"about":[{"href":"https:\/\/www.cmmlaser.it\/fr\/wp-json\/wp\/v2\/types\/page"}],"author":[{"embeddable":true,"href":"https:\/\/www.cmmlaser.it\/fr\/wp-json\/wp\/v2\/users\/2"}],"replies":[{"embeddable":true,"href":"https:\/\/www.cmmlaser.it\/fr\/wp-json\/wp\/v2\/comments?post=2864"}],"version-history":[{"count":5,"href":"https:\/\/www.cmmlaser.it\/fr\/wp-json\/wp\/v2\/pages\/2864\/revisions"}],"predecessor-version":[{"id":3999,"href":"https:\/\/www.cmmlaser.it\/fr\/wp-json\/wp\/v2\/pages\/2864\/revisions\/3999"}],"up":[{"embeddable":true,"href":"https:\/\/www.cmmlaser.it\/fr\/wp-json\/wp\/v2\/pages\/3379"}],"wp:featuredmedia":[{"embeddable":true,"href":"https:\/\/www.cmmlaser.it\/fr\/wp-json\/wp\/v2\/media\/2668"}],"wp:attachment":[{"href":"https:\/\/www.cmmlaser.it\/fr\/wp-json\/wp\/v2\/media?parent=2864"}],"curies":[{"name":"wp","href":"https:\/\/api.w.org\/{rel}","templated":true}]}}