{"id":5481,"date":"2019-01-31T16:51:26","date_gmt":"2019-01-31T15:51:26","guid":{"rendered":"http:\/\/www.cmmlaser.it\/?page_id=5481"},"modified":"2022-10-18T15:46:52","modified_gmt":"2022-10-18T13:46:52","slug":"planung-und-entwicklung","status":"publish","type":"page","link":"https:\/\/www.cmmlaser.it\/de\/planung-und-entwicklung\/","title":{"rendered":"Planung und Entwicklung"},"content":{"rendered":"<p>[vc_row][vc_column][vc_empty_space alter_height=&#8221;small&#8221; hide_on_mobile=&#8221;&#8221;]<div id=\"sc_title_789971324\"\n\t\tclass=\"sc_title sc_title_default justify  vc_custom_1523614055732\"><h3 class=\"sc_item_title sc_title_title sc_align_default sc_item_title_style_default\">Planung und Entwicklung<\/h3><\/div><!-- \/.sc_title -->[\/vc_column][vc_column width=&#8221;6\/12&#8243;][vc_column_text el_class=&#8221;justify&#8221;]Die Planungs- und Entwicklungsphase ist ein sehr\u00a0wichtiger Baustein f\u00fcr die Organisation der gesamten Produktionskette: CMM arbeitet aktiv mit den eigenen Kunden zusammen, um Projektl\u00f6sungen zu nden, die zur Optimierung des zu realisierenden Produktes beitragen k\u00f6nnen und in diesem Zuge den Aufwand an Rohstoffen und Fertigungszeiten verbessern.<br \/>\nDas im Laufe der Jahre angeeignete Know-how, verbunden mit laufenden Investitionen in Software und in die Weiterbildung des Personals, haben es CMM erm\u00f6glicht, sich in einem taffen Marktgeschehen als zuverl\u00e4ssiger, konkurrenzf\u00e4higer und innovativer Partner zu pro lieren.[\/vc_column_text][vc_empty_space alter_height=&#8221;small&#8221; hide_on_mobile=&#8221;2&#8243;][\/vc_column][vc_column width=&#8221;6\/12&#8243;]<div id=\"widget_slider_1738406492\" class=\"widget_area sc_widget_slider vc_widget_slider wpb_content_element\"><aside id=\"widget_slider_1738406492_widget\" class=\"widget widget_slider\">\t\t\t<div class=\"slider_wrap slider_engine_swiper\">\n\t\t\t\t<div id=\"widget_slider_1738406492_outer\" class=\"slider_swiper_outer slider_style_default slider_outer_controls slider_outer_controls_side slider_outer_nopagination slider_outer_titles_center slider_outer_one\"><div id=\"widget_slider_1738406492_swiper\" class=\"slider_swiper swiper-slider-container slider_controls slider_controls_side slider_nopagination slider_titles_center slider_one slider_resize slider_height_auto slider_type_bg\" data-ratio=\"16:9\" data-interval=\"3000\" data-effect=\"slide\" data-pagination=\"bullets\" data-slides-per-view=\"1\" data-slides-space=\"0\">\n\t\t\t\t\t\t<div class=\"swiper-wrapper\"><div  class=\"swiper-slide\" data-image=\"https:\/\/www.cmmlaser.it\/wp-content\/uploads\/2018\/04\/progettazione-travi.jpg\" style=\"background-image:url(https:\/\/www.cmmlaser.it\/wp-content\/uploads\/2018\/04\/progettazione-travi.jpg);\"><\/div><div  class=\"swiper-slide\" data-image=\"https:\/\/www.cmmlaser.it\/wp-content\/uploads\/2018\/04\/progettazione-tubi.jpg\" style=\"background-image:url(https:\/\/www.cmmlaser.it\/wp-content\/uploads\/2018\/04\/progettazione-tubi.jpg);\"><\/div><div  class=\"swiper-slide\" data-image=\"https:\/\/www.cmmlaser.it\/wp-content\/uploads\/2018\/04\/progettazione-lamiere.jpg\" style=\"background-image:url(https:\/\/www.cmmlaser.it\/wp-content\/uploads\/2018\/04\/progettazione-lamiere.jpg);\"><\/div><\/div><div class=\"slider_controls_wrap\"><a class=\"slider_prev swiper-button-prev\" href=\"#\"><\/a><a class=\"slider_next swiper-button-next\" href=\"#\"><\/a><\/div><\/div><\/div>\t\t\t<\/div>\n\t\t\t<\/aside><\/div>[\/vc_column][\/vc_row][vc_row el_class=&#8221;informazioni_preventivo&#8221;][vc_column][vc_empty_space alter_height=&#8221;medium&#8221; hide_on_mobile=&#8221;&#8221;]<div class=\"sc_layouts sc_layouts_default sc_layouts_3258\"><p>[vc_row full_width=\"stretch_row\" equal_height=\"yes\" content_placement=\"middle\" scheme=\"dark\" row_delimiter=\"\" row_fixed=\"\" hide_on_mobile=\"\" hide_on_frontpage=\"\" css=\".vc_custom_1523443605967{padding-top: 60px !important;padding-bottom: 60px !important;background-image: url(http:\/\/www.cmmlaser.it\/wp-content\/uploads\/2018\/04\/saldatura-travi.jpg?id=2648) !important;background-position: center !important;background-repeat: no-repeat !important;background-size: cover !important;}\" el_class=\"informazioni_preventivo\"][vc_column width=\"1\/2\"][vc_column_text]<\/p>\r\n<h3 style=\"text-align: center;\"><strong>Kontaktieren<\/strong> Sie uns f\u00fcr <strong>Informationen<\/strong> oder um ein <strong>Angebot<\/strong> anzufordern. Wir beraten Sie gerne in deutscher Sprache.<\/h3>\r\n<p>[\/vc_column_text][\/vc_column][vc_column width=\"1\/2\"][vc_empty_space alter_height=\"medium\" hide_on_mobile=\"\"]\n<div class=\"wpcf7 no-js\" id=\"wpcf7-f3256-o1\" lang=\"it-IT\" dir=\"ltr\">\n<div class=\"screen-reader-response\"><p role=\"status\" aria-live=\"polite\" aria-atomic=\"true\"><\/p> <ul><\/ul><\/div>\n<form action=\"\/de\/wp-json\/wp\/v2\/pages\/5481#wpcf7-f3256-o1\" method=\"post\" class=\"wpcf7-form init wpcf7-acceptance-as-validation\" aria-label=\"Kontaktformular\" novalidate=\"novalidate\" data-status=\"init\">\n<div style=\"display: none;\">\n<input type=\"hidden\" name=\"_wpcf7\" value=\"3256\" \/>\n<input type=\"hidden\" name=\"_wpcf7_version\" value=\"5.7.7\" \/>\n<input type=\"hidden\" name=\"_wpcf7_locale\" value=\"it_IT\" \/>\n<input type=\"hidden\" name=\"_wpcf7_unit_tag\" value=\"wpcf7-f3256-o1\" \/>\n<input type=\"hidden\" name=\"_wpcf7_container_post\" value=\"0\" \/>\n<input type=\"hidden\" name=\"_wpcf7_posted_data_hash\" value=\"\" \/>\n<input type=\"hidden\" name=\"_wpcf7_recaptcha_response\" value=\"\" \/>\n<\/div>\n<div class=\"form-footer\">\n\t<div class=\"vc_row contatti footer\">\n\t\t<div class=\"vc_col-sm-6\">\n\t\t\t<p><span class=\"wpcf7-form-control-wrap\" data-name=\"your-name\"><input size=\"40\" class=\"wpcf7-form-control wpcf7-text wpcf7-validates-as-required\" aria-required=\"true\" aria-invalid=\"false\" placeholder=\"Name und Vorname *\" value=\"\" type=\"text\" name=\"your-name\" \/><\/span>\n\t\t\t<\/p>\n\t\t<\/div>\n\t\t<div class=\"vc_col-sm-6\">\n\t\t\t<p><span class=\"wpcf7-form-control-wrap\" data-name=\"your-agency\"><input size=\"40\" class=\"wpcf7-form-control wpcf7-text\" aria-invalid=\"false\" placeholder=\"Unternehmen\" value=\"\" type=\"text\" name=\"your-agency\" \/><\/span>\n\t\t\t<\/p>\n\t\t<\/div>\n\t<\/div>\n\t<div class=\"vc_row contatti footer\">\n\t\t<div class=\"vc_col-sm-12\">\n\t\t\t<p><span class=\"wpcf7-form-control-wrap\" data-name=\"your-email\"><input size=\"40\" class=\"wpcf7-form-control wpcf7-text wpcf7-email wpcf7-validates-as-required wpcf7-validates-as-email\" aria-required=\"true\" aria-invalid=\"false\" placeholder=\"E-Mail *\" value=\"\" type=\"email\" name=\"your-email\" \/><\/span>\n\t\t\t<\/p>\n\t\t<\/div>\n\t<\/div>\n\t<div class=\"vc_row contatti footer\">\n\t\t<div class=\"vc_col-sm-12\">\n\t\t\t<p><span class=\"wpcf7-form-control-wrap\" data-name=\"your-message\"><textarea cols=\"40\" rows=\"10\" class=\"wpcf7-form-control wpcf7-textarea\" aria-invalid=\"false\" placeholder=\"Nachricht\" name=\"your-message\"><\/textarea><\/span>\n\t\t\t<\/p>\n\t\t<\/div>\n\t<\/div>\n\t<p>Ich akzeptiere die Datenschutzregelung (<a class=\"footer_acceptance\" href='\/de\/privacy\/' target=\"_blank\">Siehe die Datenschutzhinweise<\/a>)<span class=\"wpcf7-form-control-wrap\" data-name=\"acceptance-17\"><span class=\"wpcf7-form-control wpcf7-acceptance\"><span class=\"wpcf7-list-item\"><input type=\"checkbox\" name=\"acceptance-17\" value=\"1\" aria-invalid=\"false\" \/><\/span><\/span><\/span>\n\t<\/p>\n\t<div class=\"vc_row contatti footer\">\n\t\t<div class=\"vc_col-sm-8\">\n\t\t\n\t\t<\/div>\n\t\t<div class=\"vc_col-sm-3\" style=\"float:right; text-align:right; padding:0!important\">\n\t\t\t<p><input class=\"wpcf7-form-control has-spinner wpcf7-submit\" type=\"submit\" value=\"Senden\" \/>\n\t\t\t<\/p>\n\t\t<\/div>\n\t<\/div>\n<\/div><div class=\"wpcf7-response-output\" aria-hidden=\"true\"><\/div>\n<\/form>\n<\/div>\n[\/vc_column][\/vc_row]<\/p>\r\n<\/div>[\/vc_column][\/vc_row]<\/p>\n","protected":false},"excerpt":{"rendered":"<p>[vc_row][vc_column][vc_empty_space alter_height=&#8221;small&#8221; hide_on_mobile=&#8221;&#8221;][\/vc_column][vc_column width=&#8221;6\/12&#8243;][vc_column_text el_class=&#8221;justify&#8221;]Die Planungs- und Entwicklungsphase ist ein sehr\u00a0wichtiger Baustein f\u00fcr die Organisation der gesamten Produktionskette: CMM arbeitet aktiv mit den eigenen Kunden zusammen, um Projektl\u00f6sungen zu nden,&hellip;<\/p>\n","protected":false},"author":5,"featured_media":0,"parent":0,"menu_order":0,"comment_status":"closed","ping_status":"closed","template":"","meta":[],"_links":{"self":[{"href":"https:\/\/www.cmmlaser.it\/de\/wp-json\/wp\/v2\/pages\/5481"}],"collection":[{"href":"https:\/\/www.cmmlaser.it\/de\/wp-json\/wp\/v2\/pages"}],"about":[{"href":"https:\/\/www.cmmlaser.it\/de\/wp-json\/wp\/v2\/types\/page"}],"author":[{"embeddable":true,"href":"https:\/\/www.cmmlaser.it\/de\/wp-json\/wp\/v2\/users\/5"}],"replies":[{"embeddable":true,"href":"https:\/\/www.cmmlaser.it\/de\/wp-json\/wp\/v2\/comments?post=5481"}],"version-history":[{"count":1,"href":"https:\/\/www.cmmlaser.it\/de\/wp-json\/wp\/v2\/pages\/5481\/revisions"}],"predecessor-version":[{"id":7322,"href":"https:\/\/www.cmmlaser.it\/de\/wp-json\/wp\/v2\/pages\/5481\/revisions\/7322"}],"wp:attachment":[{"href":"https:\/\/www.cmmlaser.it\/de\/wp-json\/wp\/v2\/media?parent=5481"}],"curies":[{"name":"wp","href":"https:\/\/api.w.org\/{rel}","templated":true}]}}