{"id":3624,"date":"2018-04-16T19:58:50","date_gmt":"2018-04-16T17:58:50","guid":{"rendered":"http:\/\/www.cmmlaser.it\/?page_id=3624"},"modified":"2023-07-21T16:41:23","modified_gmt":"2023-07-21T14:41:23","slug":"koennen-sie-mir-die-vollstaendige-rueckverfolgbarkeit-der-mit-laserschneiden-bearbeiteten-teile-garantieren","status":"publish","type":"page","link":"https:\/\/www.cmmlaser.it\/de\/faq\/koennen-sie-mir-die-vollstaendige-rueckverfolgbarkeit-der-mit-laserschneiden-bearbeiteten-teile-garantieren\/","title":{"rendered":"K\u00f6nnen Sie mir die vollst\u00e4ndige R\u00fcckverfolgbarkeit der mit Laserschneiden bearbeiteten Teile garantieren?"},"content":{"rendered":"<p>[vc_row][vc_column][vc_empty_space alter_height=&#8221;small&#8221; hide_on_mobile=&#8221;&#8221;][vc_column_text]Ja, wir k\u00f6nnen die vollst\u00e4ndige R\u00fcckverfolgbarkeit des mit dem Laserschneiden bearbeiteten Einzelst\u00fccks garantieren, dank der Zertifizierung nach UNI EN ISO 9001: 2008, die die Kontrolle des gesamten Produktionszyklus und des guten Funktionierens auf organischer Ebene und der UNI EN 1090-Zertifizierung gew\u00e4hrleistet. 1, die die Herstellung und CE-Kennzeichnung von Stahl- und Aluminium-Strukturelementen mit den Ausf\u00fchrungsklassen EXC1, EXC2 und EXC3 erm\u00f6glicht.[\/vc_column_text][vc_empty_space alter_height=&#8221;small&#8221; hide_on_mobile=&#8221;&#8221;][\/vc_column][\/vc_row]<\/p>\n","protected":false},"excerpt":{"rendered":"<p>[vc_row][vc_column][vc_empty_space alter_height=&#8221;small&#8221; hide_on_mobile=&#8221;&#8221;][vc_column_text]Ja, wir k\u00f6nnen die vollst\u00e4ndige R\u00fcckverfolgbarkeit des mit dem Laserschneiden bearbeiteten Einzelst\u00fccks garantieren, dank der Zertifizierung nach UNI EN ISO 9001: 2008, die die Kontrolle des gesamten Produktionszyklus&hellip;<\/p>\n","protected":false},"author":2,"featured_media":0,"parent":3364,"menu_order":0,"comment_status":"closed","ping_status":"closed","template":"","meta":[],"_links":{"self":[{"href":"https:\/\/www.cmmlaser.it\/de\/wp-json\/wp\/v2\/pages\/3624"}],"collection":[{"href":"https:\/\/www.cmmlaser.it\/de\/wp-json\/wp\/v2\/pages"}],"about":[{"href":"https:\/\/www.cmmlaser.it\/de\/wp-json\/wp\/v2\/types\/page"}],"author":[{"embeddable":true,"href":"https:\/\/www.cmmlaser.it\/de\/wp-json\/wp\/v2\/users\/2"}],"replies":[{"embeddable":true,"href":"https:\/\/www.cmmlaser.it\/de\/wp-json\/wp\/v2\/comments?post=3624"}],"version-history":[{"count":1,"href":"https:\/\/www.cmmlaser.it\/de\/wp-json\/wp\/v2\/pages\/3624\/revisions"}],"predecessor-version":[{"id":3625,"href":"https:\/\/www.cmmlaser.it\/de\/wp-json\/wp\/v2\/pages\/3624\/revisions\/3625"}],"up":[{"embeddable":true,"href":"https:\/\/www.cmmlaser.it\/de\/wp-json\/wp\/v2\/pages\/3364"}],"wp:attachment":[{"href":"https:\/\/www.cmmlaser.it\/de\/wp-json\/wp\/v2\/media?parent=3624"}],"curies":[{"name":"wp","href":"https:\/\/api.w.org\/{rel}","templated":true}]}}