{"id":3555,"date":"2018-04-16T18:40:32","date_gmt":"2018-04-16T16:40:32","guid":{"rendered":"http:\/\/www.cmmlaser.it\/?page_id=3555"},"modified":"2020-07-31T14:15:53","modified_gmt":"2020-07-31T12:15:53","slug":"ist-es-moeglich-vor-der-bestellung-eine-probe-der-zu-bearbeitenden-teile-mit-laserschneidrohren-blechen-und-traegern-zu-erhalten","status":"publish","type":"page","link":"https:\/\/www.cmmlaser.it\/de\/faq\/ist-es-moeglich-vor-der-bestellung-eine-probe-der-zu-bearbeitenden-teile-mit-laserschneidrohren-blechen-und-traegern-zu-erhalten\/","title":{"rendered":"Ist es m\u00f6glich, vor der Bestellung eine Probe der zu bearbeitenden Teile mit Laserschneidrohren, Blechen und Tr\u00e4gern zu erhalten?"},"content":{"rendered":"<p>[vc_row][vc_column][vc_empty_space alter_height=&#8221;small&#8221; hide_on_mobile=&#8221;&#8221;][vc_column_text]Ja, Sie k\u00f6nnen eine Auswahl der Teile anfordern, die Sie mit <a href=\"\/de\/laserschneiden\/laserschneiden-von-rohren\/\" target=\"_blank\" rel=\"noopener\"><strong>Laserschneiden von Rohren<\/strong><\/a>, Blechen und Tr\u00e4gern bearbeiten m\u00f6chten, um eine Vorstellung vom Endergebnis zu erhalten.<\/p>\n<p>Dar\u00fcber hinaus k\u00f6nnen unsere Mitarbeiter Ihnen einen \u00dcberblick \u00fcber die Machbarkeit, die Kosten und die Lieferzeiten Ihrer Bestellung geben, ohne dabei die Anzahl der angeforderten Teile oder die Art der auszuf\u00fchrenden Arbeiten einzuschr\u00e4nken.[\/vc_column_text][vc_empty_space alter_height=&#8221;small&#8221; hide_on_mobile=&#8221;&#8221;][\/vc_column][\/vc_row]<\/p>\n","protected":false},"excerpt":{"rendered":"<p>[vc_row][vc_column][vc_empty_space alter_height=&#8221;small&#8221; hide_on_mobile=&#8221;&#8221;][vc_column_text]Ja, Sie k\u00f6nnen eine Auswahl der Teile anfordern, die Sie mit Laserschneiden von Rohren, Blechen und Tr\u00e4gern bearbeiten m\u00f6chten, um eine Vorstellung vom Endergebnis zu erhalten. Dar\u00fcber hinaus&hellip;<\/p>\n","protected":false},"author":2,"featured_media":0,"parent":3364,"menu_order":0,"comment_status":"closed","ping_status":"closed","template":"","meta":[],"_links":{"self":[{"href":"https:\/\/www.cmmlaser.it\/de\/wp-json\/wp\/v2\/pages\/3555"}],"collection":[{"href":"https:\/\/www.cmmlaser.it\/de\/wp-json\/wp\/v2\/pages"}],"about":[{"href":"https:\/\/www.cmmlaser.it\/de\/wp-json\/wp\/v2\/types\/page"}],"author":[{"embeddable":true,"href":"https:\/\/www.cmmlaser.it\/de\/wp-json\/wp\/v2\/users\/2"}],"replies":[{"embeddable":true,"href":"https:\/\/www.cmmlaser.it\/de\/wp-json\/wp\/v2\/comments?post=3555"}],"version-history":[{"count":4,"href":"https:\/\/www.cmmlaser.it\/de\/wp-json\/wp\/v2\/pages\/3555\/revisions"}],"predecessor-version":[{"id":6551,"href":"https:\/\/www.cmmlaser.it\/de\/wp-json\/wp\/v2\/pages\/3555\/revisions\/6551"}],"up":[{"embeddable":true,"href":"https:\/\/www.cmmlaser.it\/de\/wp-json\/wp\/v2\/pages\/3364"}],"wp:attachment":[{"href":"https:\/\/www.cmmlaser.it\/de\/wp-json\/wp\/v2\/media?parent=3555"}],"curies":[{"name":"wp","href":"https:\/\/api.w.org\/{rel}","templated":true}]}}