{"id":3544,"date":"2018-04-16T18:29:20","date_gmt":"2018-04-16T16:29:20","guid":{"rendered":"http:\/\/www.cmmlaser.it\/?page_id=3544"},"modified":"2018-04-23T17:06:00","modified_gmt":"2018-04-23T15:06:00","slug":"ist-es-moeglich-angepasste-anti-rutsch-profile-zu-haben","status":"publish","type":"page","link":"https:\/\/www.cmmlaser.it\/de\/faq\/ist-es-moeglich-angepasste-anti-rutsch-profile-zu-haben\/","title":{"rendered":"Ist es m\u00f6glich, angepasste Anti-Rutsch-Profile zu haben?"},"content":{"rendered":"<p>[vc_row][vc_column][vc_column_text]Ja, unsere beiden <strong>Anti-Rutsch Profile<\/strong> (Modell A1 und Modell C2) k\u00f6nnen sowohl in der Form als auch in den Oberfl\u00e4chen, aber auch in der rutschfesten Struktur und in den zu verwendenden Materialien individuell gestaltet werden.<\/p>\n<p>Die von CMM f\u00fcr seine Anti-Rutsch-Profile verarbeiteten Materialien sind:<\/p>\n<ul class=\"trx_addons_list_success\">\n<li>Vorverzinktes Blech<\/li>\n<li>Edelstahl<\/li>\n<li>Aluminium Peraluman<\/li>\n<li>Kohlenstoffstahl<\/li>\n<\/ul>\n<p>Alle diese Materialien sind je nach Bedarf pulverbeschichtet, elektrolytisch verzinkt oder feuerverzinkt erh\u00e4ltlich.<br \/>\nDie rutschhemmenden CMM-Profile gew\u00e4hrleisten kurze Lieferzeiten dank eines effizienten und flexiblen Produktionssystems und komplement\u00e4rer Stufenstrukturen dank der M\u00f6glichkeit, Bleche bis zu 20 mm Dicke, Strukturrohre und offene Profile zu bearbeiten.[\/vc_column_text][\/vc_column][\/vc_row]<\/p>\n","protected":false},"excerpt":{"rendered":"<p>[vc_row][vc_column][vc_column_text]Ja, unsere beiden Anti-Rutsch Profile (Modell A1 und Modell C2) k\u00f6nnen sowohl in der Form als auch in den Oberfl\u00e4chen, aber auch in der rutschfesten Struktur und in den zu&hellip;<\/p>\n","protected":false},"author":2,"featured_media":0,"parent":3364,"menu_order":0,"comment_status":"closed","ping_status":"closed","template":"","meta":[],"_links":{"self":[{"href":"https:\/\/www.cmmlaser.it\/de\/wp-json\/wp\/v2\/pages\/3544"}],"collection":[{"href":"https:\/\/www.cmmlaser.it\/de\/wp-json\/wp\/v2\/pages"}],"about":[{"href":"https:\/\/www.cmmlaser.it\/de\/wp-json\/wp\/v2\/types\/page"}],"author":[{"embeddable":true,"href":"https:\/\/www.cmmlaser.it\/de\/wp-json\/wp\/v2\/users\/2"}],"replies":[{"embeddable":true,"href":"https:\/\/www.cmmlaser.it\/de\/wp-json\/wp\/v2\/comments?post=3544"}],"version-history":[{"count":3,"href":"https:\/\/www.cmmlaser.it\/de\/wp-json\/wp\/v2\/pages\/3544\/revisions"}],"predecessor-version":[{"id":4310,"href":"https:\/\/www.cmmlaser.it\/de\/wp-json\/wp\/v2\/pages\/3544\/revisions\/4310"}],"up":[{"embeddable":true,"href":"https:\/\/www.cmmlaser.it\/de\/wp-json\/wp\/v2\/pages\/3364"}],"wp:attachment":[{"href":"https:\/\/www.cmmlaser.it\/de\/wp-json\/wp\/v2\/media?parent=3544"}],"curies":[{"name":"wp","href":"https:\/\/api.w.org\/{rel}","templated":true}]}}