{"id":3456,"date":"2018-04-16T16:28:59","date_gmt":"2018-04-16T14:28:59","guid":{"rendered":"http:\/\/www.cmmlaser.it\/?page_id=3456"},"modified":"2018-06-19T15:17:47","modified_gmt":"2018-06-19T13:17:47","slug":"kupfer","status":"publish","type":"page","link":"https:\/\/www.cmmlaser.it\/de\/losungen\/metallmaterialien\/kupfer\/","title":{"rendered":"Kupfer"},"content":{"rendered":"<p>[vc_row][vc_column][vc_empty_space alter_height=&#8221;small&#8221; hide_on_mobile=&#8221;&#8221;]<div id=\"sc_title_1756024355\"\n\t\tclass=\"sc_title sc_title_default\"><h2 class=\"sc_item_title sc_title_title sc_align_default sc_item_title_style_default sc_item_title_tag\">Kupfer Laserschneiden<\/h2><\/div><!-- \/.sc_title -->[vc_column_text]Zum <strong>Kupfer\u00a0Laserschneiden<\/strong> sowie Biegen und F\u00fcgen, duktilem und verformbarem <a href=\"\/de\/metallmaterialien\/\" target=\"_blank\" rel=\"noopener\">Material<\/a>, aber auch widerstandsf\u00e4hig und recycelbar, arbeitet <strong>CMM<\/strong> mit Dicken bis 8 mm. Die Anforderungen der Kunden werden von den CMM-Mitarbeitern am besten erf\u00fcllt, um ein m\u00f6glichst zufriedenstellendes Ergebnis zu erzielen, unabh\u00e4ngig davon, ob es sich um eine einzelne Komponente oder ein fertiges und vollst\u00e4ndiges Produkt handelt.<\/p>\n<p>Das Laserschneiden von Kupferblechen kann alle Arten von Einrichtungsgegenst\u00e4nden, Gravuren, Designs und Dekorationen auf Paneelen f\u00fcr die verschiedensten Funktionen, wie beispielsweise Arbeitsfl\u00e4chen f\u00fcr H\u00e4user oder \u00f6ffentliche Geb\u00e4ude, realisieren.[\/vc_column_text][vc_empty_space alter_height=&#8221;medium&#8221; hide_on_mobile=&#8221;&#8221;][\/vc_column][\/vc_row]<\/p>\n","protected":false},"excerpt":{"rendered":"<p>[vc_row][vc_column][vc_empty_space alter_height=&#8221;small&#8221; hide_on_mobile=&#8221;&#8221;][vc_column_text]Zum Kupfer\u00a0Laserschneiden sowie Biegen und F\u00fcgen, duktilem und verformbarem Material, aber auch widerstandsf\u00e4hig und recycelbar, arbeitet CMM mit Dicken bis 8 mm. Die Anforderungen der Kunden werden von&hellip;<\/p>\n","protected":false},"author":2,"featured_media":3680,"parent":3372,"menu_order":0,"comment_status":"closed","ping_status":"closed","template":"","meta":[],"_links":{"self":[{"href":"https:\/\/www.cmmlaser.it\/de\/wp-json\/wp\/v2\/pages\/3456"}],"collection":[{"href":"https:\/\/www.cmmlaser.it\/de\/wp-json\/wp\/v2\/pages"}],"about":[{"href":"https:\/\/www.cmmlaser.it\/de\/wp-json\/wp\/v2\/types\/page"}],"author":[{"embeddable":true,"href":"https:\/\/www.cmmlaser.it\/de\/wp-json\/wp\/v2\/users\/2"}],"replies":[{"embeddable":true,"href":"https:\/\/www.cmmlaser.it\/de\/wp-json\/wp\/v2\/comments?post=3456"}],"version-history":[{"count":5,"href":"https:\/\/www.cmmlaser.it\/de\/wp-json\/wp\/v2\/pages\/3456\/revisions"}],"predecessor-version":[{"id":4309,"href":"https:\/\/www.cmmlaser.it\/de\/wp-json\/wp\/v2\/pages\/3456\/revisions\/4309"}],"up":[{"embeddable":true,"href":"https:\/\/www.cmmlaser.it\/de\/wp-json\/wp\/v2\/pages\/3372"}],"wp:featuredmedia":[{"embeddable":true,"href":"https:\/\/www.cmmlaser.it\/de\/wp-json\/wp\/v2\/media\/3680"}],"wp:attachment":[{"href":"https:\/\/www.cmmlaser.it\/de\/wp-json\/wp\/v2\/media?parent=3456"}],"curies":[{"name":"wp","href":"https:\/\/api.w.org\/{rel}","templated":true}]}}