{"id":3433,"date":"2018-04-16T16:23:30","date_gmt":"2018-04-16T14:23:30","guid":{"rendered":"http:\/\/www.cmmlaser.it\/?page_id=3433"},"modified":"2026-02-13T16:44:43","modified_gmt":"2026-02-13T15:44:43","slug":"aluminium","status":"publish","type":"page","link":"https:\/\/www.cmmlaser.it\/de\/planung-und-entwicklung\/aluminium\/","title":{"rendered":"Aluminium"},"content":{"rendered":"<p>[vc_row][vc_column][vc_empty_space alter_height=&#8221;small&#8221; hide_on_mobile=&#8221;&#8221;]<div id=\"sc_title_169328604\"\n\t\tclass=\"sc_title sc_title_default\"><h2 class=\"sc_item_title sc_title_title sc_align_default sc_item_title_style_default sc_item_title_tag\">Laserschneiden von Aluminiumblechen<\/h2><\/div><!-- \/.sc_title -->[vc_column_text]<strong>CMM<\/strong> bietet <a href=\"\/de\/laserschneiden\/blechlaserschneiden\/\" target=\"_blank\" rel=\"noopener\"><strong>Laserschneiden von Aluminiumblechen<\/strong> <\/a>mit einer maximalen Dicke von 30 mm, ein leichtes, duktiles und widerstandsf\u00e4higes Metall, das den Einsatz in der Luft- und Raumfahrt und im Transportwesen erm\u00f6glicht, da es sich ohne Korrosion selbst konservieren kann.<\/p>\n<p>F\u00fcr das <strong>Aluminium Laserschneiden<\/strong>\u00a0ist CMM in der Lage, jeder Phase der Bearbeitung zu folgen: Stanzen, Biegen, Schwei\u00dfen und Montage. Wenn die Anfrage des Kunden ein komplettes Produkt betrifft, kann das Unternehmen jede Anfrage erf\u00fcllen, sowie im Falle einer einteiligen Bestellung oder einer einzelnen Bearbeitungsphase. Die Einsatzgebiete von lasergeschnittenen Aluminiumprodukten reichen von rutschfesten Profilen \u00fcber Einrichtungszubeh\u00f6r und Veredelungselemente bis hin zu den Geh\u00e4usen.[\/vc_column_text][vc_empty_space alter_height=&#8221;medium&#8221; hide_on_mobile=&#8221;&#8221;][\/vc_column][\/vc_row]<\/p>\n","protected":false},"excerpt":{"rendered":"<p>[vc_row][vc_column][vc_empty_space alter_height=&#8221;small&#8221; hide_on_mobile=&#8221;&#8221;][vc_column_text]CMM bietet Laserschneiden von Aluminiumblechen mit einer maximalen Dicke von 30 mm, ein leichtes, duktiles und widerstandsf\u00e4higes Metall, das den Einsatz in der Luft- und Raumfahrt und im&hellip;<\/p>\n","protected":false},"author":2,"featured_media":3677,"parent":5481,"menu_order":0,"comment_status":"closed","ping_status":"closed","template":"","meta":[],"_links":{"self":[{"href":"https:\/\/www.cmmlaser.it\/de\/wp-json\/wp\/v2\/pages\/3433"}],"collection":[{"href":"https:\/\/www.cmmlaser.it\/de\/wp-json\/wp\/v2\/pages"}],"about":[{"href":"https:\/\/www.cmmlaser.it\/de\/wp-json\/wp\/v2\/types\/page"}],"author":[{"embeddable":true,"href":"https:\/\/www.cmmlaser.it\/de\/wp-json\/wp\/v2\/users\/2"}],"replies":[{"embeddable":true,"href":"https:\/\/www.cmmlaser.it\/de\/wp-json\/wp\/v2\/comments?post=3433"}],"version-history":[{"count":6,"href":"https:\/\/www.cmmlaser.it\/de\/wp-json\/wp\/v2\/pages\/3433\/revisions"}],"predecessor-version":[{"id":27735,"href":"https:\/\/www.cmmlaser.it\/de\/wp-json\/wp\/v2\/pages\/3433\/revisions\/27735"}],"up":[{"embeddable":true,"href":"https:\/\/www.cmmlaser.it\/de\/wp-json\/wp\/v2\/pages\/5481"}],"wp:featuredmedia":[{"embeddable":true,"href":"https:\/\/www.cmmlaser.it\/de\/wp-json\/wp\/v2\/media\/3677"}],"wp:attachment":[{"href":"https:\/\/www.cmmlaser.it\/de\/wp-json\/wp\/v2\/media?parent=3433"}],"curies":[{"name":"wp","href":"https:\/\/api.w.org\/{rel}","templated":true}]}}