{"id":3381,"date":"2018-04-16T16:06:11","date_gmt":"2018-04-16T14:06:11","guid":{"rendered":"http:\/\/www.cmmlaser.it\/?page_id=3381"},"modified":"2023-07-21T10:19:00","modified_gmt":"2023-07-21T08:19:00","slug":"ueber-uns","status":"publish","type":"page","link":"https:\/\/www.cmmlaser.it\/de\/ueber-uns\/","title":{"rendered":"\u00dcber uns"},"content":{"rendered":"<p>[vc_row el_class=&#8221;news&#8221;][vc_column][vc_empty_space alter_height=&#8221;medium&#8221; hide_on_mobile=&#8221;&#8221;]<div id=\"sc_title_1253183854\"\n\t\tclass=\"sc_title sc_title_default\"><h2 class=\"sc_item_title sc_title_title sc_align_left sc_item_title_style_default sc_item_title_tag\">Laserschneideservice-Zentrum auf europ\u00e4ischer Ebene anerkannt<\/h2><\/div><!-- \/.sc_title -->[vc_column_text]<strong>CMM<\/strong> ist eines der wichtigsten europ\u00e4ischen Servicezentren f\u00fcr das <strong>Laserschneiden von Rohren<\/strong>, blechzuschnitt, <strong>edelstahl schneiden<\/strong> und blechumformung im Auftrag von Dritten, angefangen von dem vom Kunden gelieferten Design oder von der hauseigenen technischen Abteilung des Unternehmens bis hin zum fertigen und kompletten Produkt.<\/p>\n<p>Spezialisiert auf mehr als 40 Jahre in der <a href=\"\/de\/machining\/\" target=\"_blank\" rel=\"noopener\"><strong>metallbearbeitung<\/strong>,<\/a> ist die Konstanz der technologischen Investitionen das Merkmal, das es erm\u00f6glicht hat, seine Leistung zu verbessern, um das hohe Qualit\u00e4tsniveau des Endprodukts zu erreichen, das vollst\u00e4ndig und im Einklang mit den Zielen sein muss des Kunden.<\/p>\n<p>In CMM verbindet sich der handwerkliche und famili\u00e4re Ursprung mit dem Wunsch, immer den Horizont zu erweitern, sich als Partner und Lieferanten zu pr\u00e4sentieren, den Kunden in seinen Bed\u00fcrfnissen und W\u00fcnschen zu h\u00f6ren und zu begleiten, ein Vertrauensverh\u00e4ltnis aufzubauen.[\/vc_column_text][vc_empty_space alter_height=&#8221;medium&#8221; hide_on_mobile=&#8221;&#8221;][vc_basic_grid post_type=&#8221;ids&#8221; element_width=&#8221;3&#8243; item=&#8221;1953&#8243; grid_id=&#8221;vc_gid:1638369707077-5d29af51-edb7-1&#8243; include=&#8221;3094, 2892, 2868, 2928&#8243;][vc_empty_space alter_height=&#8221;medium&#8221; hide_on_mobile=&#8221;&#8221;][\/vc_column][\/vc_row][vc_row full_width=&#8221;stretch_row&#8221; full_height=&#8221;yes&#8221; content_placement=&#8221;middle&#8221; css_animation=&#8221;fadeIn&#8221; css=&#8221;.vc_custom_1638272694453{padding-top: 0px !important;padding-bottom: 0px !important;background: #ffffff url(http:\/\/www.cmmlaser.it\/wp-content\/uploads\/2018\/04\/CMM-laser-sedi.png?id=2681) !important;background-position: center !important;background-repeat: no-repeat !important;background-size: cover !important;}&#8221; el_id=&#8221;sedi&#8221;][vc_column][vc_empty_space alter_height=&#8221;large&#8221; hide_on_mobile=&#8221;&#8221;][vc_column_text css_animation=&#8221;slideInLeft&#8221; el_class=&#8221;sedi&#8221; css=&#8221;.vc_custom_1638271860775{background-color: rgba(255,255,255,0.4) !important;*background-color: rgb(255,255,255) !important;}&#8221;]<\/p>\n<h2>Wir arbeiten weltweit<\/h2>\n<p>[\/vc_column_text][vc_empty_space alter_height=&#8221;medium&#8221; hide_on_mobile=&#8221;&#8221;]<div id=\"sc_skills_1264792946\"\n\t\tclass=\"sc_skills sc_skills_counter\"\n\t\t\t\tdata-type=\"counter\"\n\t\t><div class=\"sc_skills_columns sc_item_columns trx_addons_columns_wrap columns_padding_bottom\"><div class=\"sc_skills_column trx_addons_column-1_5\"><div class=\"sc_skills_item_wrap\"><div class=\"sc_skills_item\"><div class=\"sc_skills_total\" data-start=\"0\" data-stop=\"3\" data-step=\"200\" data-max=\"20000\" data-speed=\"28\" data-duration=\"0\" data-ed=\"\">0<\/div><\/div><div class=\"sc_skills_item_title\">Produktionsst\u00e4tten<\/div><\/div><\/div><div class=\"sc_skills_column trx_addons_column-1_5\"><div class=\"sc_skills_item_wrap\"><div class=\"sc_skills_item\"><div class=\"sc_skills_total\" data-start=\"0\" data-stop=\"20000\" data-step=\"200\" data-max=\"20000\" data-speed=\"39\" data-duration=\"3900\" data-ed=\"\">0<\/div><\/div><div class=\"sc_skills_item_title\">Produktionsfl\u00e4che (MQ)<\/div><\/div><\/div><div class=\"sc_skills_column trx_addons_column-1_5\"><div class=\"sc_skills_item_wrap\"><div class=\"sc_skills_item\"><div class=\"sc_skills_total\" data-start=\"0\" data-stop=\"130\" data-step=\"200\" data-max=\"20000\" data-speed=\"21\" data-duration=\"14\" data-ed=\"\">0<\/div><\/div><div class=\"sc_skills_item_title\">Mitarbeiter<\/div><\/div><\/div><div class=\"sc_skills_column trx_addons_column-1_5\"><div class=\"sc_skills_item_wrap\"><div class=\"sc_skills_item\"><div class=\"sc_skills_total\" data-start=\"0\" data-stop=\"40\" data-step=\"200\" data-max=\"20000\" data-speed=\"20\" data-duration=\"4\" data-ed=\"\">0<\/div><\/div><div class=\"sc_skills_item_title\">J\u00e4hrige Erfahrung<\/div><\/div><\/div><div class=\"sc_skills_column trx_addons_column-1_5\"><div class=\"sc_skills_item_wrap\"><div class=\"sc_skills_item\"><div class=\"sc_skills_total\" data-start=\"0\" data-stop=\"10500\" data-step=\"200\" data-max=\"20000\" data-speed=\"21\" data-duration=\"1103\" data-ed=\"\">0<\/div><\/div><div class=\"sc_skills_item_title\">Tonnen stahl im jahr 2021 verarbeitet<\/div><\/div><\/div><\/div><\/div>[vc_empty_space alter_height=&#8221;large&#8221; hide_on_mobile=&#8221;&#8221;][\/vc_column][\/vc_row][vc_row el_class=&#8221;informazioni_preventivo&#8221;][vc_column]<div class=\"sc_layouts sc_layouts_default sc_layouts_3258\"><p>[vc_row full_width=\"stretch_row\" equal_height=\"yes\" content_placement=\"middle\" scheme=\"dark\" row_delimiter=\"\" row_fixed=\"\" hide_on_mobile=\"\" hide_on_frontpage=\"\" css=\".vc_custom_1523443605967{padding-top: 60px !important;padding-bottom: 60px !important;background-image: url(http:\/\/www.cmmlaser.it\/wp-content\/uploads\/2018\/04\/saldatura-travi.jpg?id=2648) !important;background-position: center !important;background-repeat: no-repeat !important;background-size: cover !important;}\" el_class=\"informazioni_preventivo\"][vc_column width=\"1\/2\"][vc_column_text]<\/p>\r\n<h3 style=\"text-align: center;\"><strong>Kontaktieren<\/strong> Sie uns f\u00fcr <strong>Informationen<\/strong> oder um ein <strong>Angebot<\/strong> anzufordern. Wir beraten Sie gerne in deutscher Sprache.<\/h3>\r\n<p>[\/vc_column_text][\/vc_column][vc_column width=\"1\/2\"][vc_empty_space alter_height=\"medium\" hide_on_mobile=\"\"]\n<div class=\"wpcf7 no-js\" id=\"wpcf7-f3256-o1\" lang=\"it-IT\" dir=\"ltr\">\n<div class=\"screen-reader-response\"><p role=\"status\" aria-live=\"polite\" aria-atomic=\"true\"><\/p> <ul><\/ul><\/div>\n<form action=\"\/de\/wp-json\/wp\/v2\/pages\/3381#wpcf7-f3256-o1\" method=\"post\" class=\"wpcf7-form init wpcf7-acceptance-as-validation\" aria-label=\"Kontaktformular\" novalidate=\"novalidate\" data-status=\"init\">\n<div style=\"display: none;\">\n<input type=\"hidden\" name=\"_wpcf7\" value=\"3256\" \/>\n<input type=\"hidden\" name=\"_wpcf7_version\" value=\"5.7.7\" \/>\n<input type=\"hidden\" name=\"_wpcf7_locale\" value=\"it_IT\" \/>\n<input type=\"hidden\" name=\"_wpcf7_unit_tag\" value=\"wpcf7-f3256-o1\" \/>\n<input type=\"hidden\" name=\"_wpcf7_container_post\" value=\"0\" \/>\n<input type=\"hidden\" name=\"_wpcf7_posted_data_hash\" value=\"\" \/>\n<input type=\"hidden\" name=\"_wpcf7_recaptcha_response\" value=\"\" \/>\n<\/div>\n<div class=\"form-footer\">\n\t<div class=\"vc_row contatti footer\">\n\t\t<div class=\"vc_col-sm-6\">\n\t\t\t<p><span class=\"wpcf7-form-control-wrap\" data-name=\"your-name\"><input size=\"40\" class=\"wpcf7-form-control wpcf7-text wpcf7-validates-as-required\" aria-required=\"true\" aria-invalid=\"false\" placeholder=\"Name und Vorname *\" value=\"\" type=\"text\" name=\"your-name\" \/><\/span>\n\t\t\t<\/p>\n\t\t<\/div>\n\t\t<div class=\"vc_col-sm-6\">\n\t\t\t<p><span class=\"wpcf7-form-control-wrap\" data-name=\"your-agency\"><input size=\"40\" class=\"wpcf7-form-control wpcf7-text\" aria-invalid=\"false\" placeholder=\"Unternehmen\" value=\"\" type=\"text\" name=\"your-agency\" \/><\/span>\n\t\t\t<\/p>\n\t\t<\/div>\n\t<\/div>\n\t<div class=\"vc_row contatti footer\">\n\t\t<div class=\"vc_col-sm-12\">\n\t\t\t<p><span class=\"wpcf7-form-control-wrap\" data-name=\"your-email\"><input size=\"40\" class=\"wpcf7-form-control wpcf7-text wpcf7-email wpcf7-validates-as-required wpcf7-validates-as-email\" aria-required=\"true\" aria-invalid=\"false\" placeholder=\"E-Mail *\" value=\"\" type=\"email\" name=\"your-email\" \/><\/span>\n\t\t\t<\/p>\n\t\t<\/div>\n\t<\/div>\n\t<div class=\"vc_row contatti footer\">\n\t\t<div class=\"vc_col-sm-12\">\n\t\t\t<p><span class=\"wpcf7-form-control-wrap\" data-name=\"your-message\"><textarea cols=\"40\" rows=\"10\" class=\"wpcf7-form-control wpcf7-textarea\" aria-invalid=\"false\" placeholder=\"Nachricht\" name=\"your-message\"><\/textarea><\/span>\n\t\t\t<\/p>\n\t\t<\/div>\n\t<\/div>\n\t<p>Ich akzeptiere die Datenschutzregelung (<a class=\"footer_acceptance\" href='\/de\/privacy\/' target=\"_blank\">Siehe die Datenschutzhinweise<\/a>)<span class=\"wpcf7-form-control-wrap\" data-name=\"acceptance-17\"><span class=\"wpcf7-form-control wpcf7-acceptance\"><span class=\"wpcf7-list-item\"><input type=\"checkbox\" name=\"acceptance-17\" value=\"1\" aria-invalid=\"false\" \/><\/span><\/span><\/span>\n\t<\/p>\n\t<div class=\"vc_row contatti footer\">\n\t\t<div class=\"vc_col-sm-8\">\n\t\t\n\t\t<\/div>\n\t\t<div class=\"vc_col-sm-3\" style=\"float:right; text-align:right; padding:0!important\">\n\t\t\t<p><input class=\"wpcf7-form-control has-spinner wpcf7-submit\" type=\"submit\" value=\"Senden\" \/>\n\t\t\t<\/p>\n\t\t<\/div>\n\t<\/div>\n<\/div><div class=\"wpcf7-response-output\" aria-hidden=\"true\"><\/div>\n<\/form>\n<\/div>\n[\/vc_column][\/vc_row]<\/p>\r\n<\/div>[\/vc_column][\/vc_row]<\/p>\n","protected":false},"excerpt":{"rendered":"<p>[vc_row el_class=&#8221;news&#8221;][vc_column][vc_empty_space alter_height=&#8221;medium&#8221; hide_on_mobile=&#8221;&#8221;][vc_column_text]CMM ist eines der wichtigsten europ\u00e4ischen Servicezentren f\u00fcr das Laserschneiden von Rohren, blechzuschnitt, edelstahl schneiden und blechumformung im Auftrag von Dritten, angefangen von dem vom Kunden gelieferten&hellip;<\/p>\n","protected":false},"author":2,"featured_media":0,"parent":0,"menu_order":0,"comment_status":"closed","ping_status":"closed","template":"","meta":[],"_links":{"self":[{"href":"https:\/\/www.cmmlaser.it\/de\/wp-json\/wp\/v2\/pages\/3381"}],"collection":[{"href":"https:\/\/www.cmmlaser.it\/de\/wp-json\/wp\/v2\/pages"}],"about":[{"href":"https:\/\/www.cmmlaser.it\/de\/wp-json\/wp\/v2\/types\/page"}],"author":[{"embeddable":true,"href":"https:\/\/www.cmmlaser.it\/de\/wp-json\/wp\/v2\/users\/2"}],"replies":[{"embeddable":true,"href":"https:\/\/www.cmmlaser.it\/de\/wp-json\/wp\/v2\/comments?post=3381"}],"version-history":[{"count":10,"href":"https:\/\/www.cmmlaser.it\/de\/wp-json\/wp\/v2\/pages\/3381\/revisions"}],"predecessor-version":[{"id":6808,"href":"https:\/\/www.cmmlaser.it\/de\/wp-json\/wp\/v2\/pages\/3381\/revisions\/6808"}],"wp:attachment":[{"href":"https:\/\/www.cmmlaser.it\/de\/wp-json\/wp\/v2\/media?parent=3381"}],"curies":[{"name":"wp","href":"https:\/\/api.w.org\/{rel}","templated":true}]}}