{"id":3364,"date":"2018-04-16T16:01:37","date_gmt":"2018-04-16T14:01:37","guid":{"rendered":"http:\/\/www.cmmlaser.it\/?page_id=3364"},"modified":"2023-09-13T15:31:51","modified_gmt":"2023-09-13T13:31:51","slug":"faq","status":"publish","type":"page","link":"https:\/\/www.cmmlaser.it\/de\/faq\/","title":{"rendered":"FAQ"},"content":{"rendered":"<p>[vc_row el_class=&#8221;news&#8221;][vc_column][vc_empty_space alter_height=&#8221;medium&#8221; hide_on_mobile=&#8221;&#8221;][vc_column_text]<\/p>\n<h2>Wie schnell k\u00f6nnen Sie auf meine erste Kontaktanfrage reagieren?<\/h2>\n<p>In 24 Stunden.<\/p>\n<p>[\/vc_column_text][vc_empty_space height=&#8221;92px&#8221; alter_height=&#8221;medium&#8221; hide_on_mobile=&#8221;&#8221;][vc_column_text]<\/p>\n<h2>Wie schnell kann ich ein Angebot von Ihnen erhalten, nach Zusendung unserer Anfrage?<\/h2>\n<p>Wir bearbeiten alle Anfragen innerhalb 3 Tage.[\/vc_column_text][vc_empty_space height=&#8221;92px&#8221; alter_height=&#8221;medium&#8221; hide_on_mobile=&#8221;&#8221;][vc_column_text]<\/p>\n<h2>Sind Sie in der Lage, technische Beratung in deutscher Sprache zu leisten?<\/h2>\n<p>Ja, unsere Mitarbeiter in der Verkaufsabteilung sowie in unseren beiden technischen Abteilungen sind in der Lage, jeden technischen Aspekt mit Ihnen auf Deutsch zu besprechen.<\/p>\n<p>[\/vc_column_text][vc_empty_space height=&#8221;92px&#8221; alter_height=&#8221;medium&#8221; hide_on_mobile=&#8221;&#8221;][vc_column_text]<\/p>\n<h2>Wie stellen Sie die R\u00fcckverfolgbarkeit jedes bearbeiteten Teils sicher?<\/h2>\n<p>CMM kann die Kennzeichnung von Einzelteilen durch Angabe des Gusscodes des Rohstoffs, des Produktionsjahres, der Teilenummer, der Auftragsnummer und anderer Informationen auf Wunsch des Kunden vornehmen.<\/p>\n<p>[\/vc_column_text][vc_empty_space height=&#8221;92px&#8221; alter_height=&#8221;medium&#8221; hide_on_mobile=&#8221;&#8221;][vc_column_text]<\/p>\n<h2>Gibt es Konstruktionsgrenzen f\u00fcr die von Ihnen hergestellten Teile?<\/h2>\n<p>Dank unserer Kompetenz im Laserschneiden von Blechen f\u00fcr die elektromechanische Industrie sind uns beim Design keine Grenzen gesetzt. Wir k\u00f6nnen jede Form herstellen, von einem Mindestdurchmesser von 12 mm bis zu einem H\u00f6chstdurchmesser von 610 mm.[\/vc_column_text][vc_empty_space height=&#8221;92px&#8221; alter_height=&#8221;medium&#8221; hide_on_mobile=&#8221;&#8221;][vc_column_text]<\/p>\n<h2>Sind Sie in der Lage, die Teile einschlie\u00dflich des Materials zu liefern, oder \u00fcbernehmen Sie nur den Laserzuschnitt?<\/h2>\n<p>Wir haben uns auf die Komplettlieferung spezialisiert, so dass sich der Kunde nicht um die Beschaffung von Rohren, Tr\u00e4gern oder Blechen k\u00fcmmern muss. Dank der N\u00e4he unserer Lieferanten im Umkreis von wenigen Kilometern verf\u00fcgen wir \u00fcber eine gro\u00dfe Auswahl an Materialien auf Lager.[\/vc_column_text][vc_empty_space height=&#8221;92px&#8221; alter_height=&#8221;medium&#8221; hide_on_mobile=&#8221;&#8221;][vc_column_text]<\/p>\n<h2>F\u00fchren Sie eine Machbarkeitsstudie \u00fcber das Laserschneiden jedes Werkst\u00fccks durch?<\/h2>\n<p>Ja, wir k\u00f6nnen Ihnen eine Machbarkeitsstudie \u00fcber das\u00a0Laserschneiden\u00a0jedes St\u00fcckes liefern und Ihnen alle Details \u00fcber die Durchf\u00fchrbarkeit Ihres Arbeitsprojektes geben, auch mit Hinweisen auf Kosten und Zeit, unabh\u00e4ngig von der Anzahl der ben\u00f6tigten Teile und der Art der Arbeit.<\/p>\n<p>[\/vc_column_text][vc_empty_space height=&#8221;92px&#8221; alter_height=&#8221;medium&#8221; hide_on_mobile=&#8221;&#8221;][vc_column_text]<\/p>\n<h2>Teilen Sie uns im Voraus mit, wann die verarbeiteten Rohren, Blechen und Tr\u00e4gern geliefert werden?<\/h2>\n<p>Ja, wir werden Sie umgehend \u00fcber die Lieferzeiten unserer\u00a0<a href=\"https:\/\/www.cmmlaser.it\/de\/laserschneiden\/laserschneiden-von-rohren\/\">Laserschneidverfahren f\u00fcr Rohre<\/a>, Bleche und Tr\u00e4ger informieren, nachdem wir die Machbarkeit Ihres Projekts in all seinen Aspekten bewertet und die erwarteten Kosten mitgeteilt haben.<\/p>\n<p>[\/vc_column_text][vc_empty_space height=&#8221;92px&#8221; alter_height=&#8221;medium&#8221; hide_on_mobile=&#8221;&#8221;][vc_column_text]<\/p>\n<h2>Ist es m\u00f6glich, angepasste Anti-Rutsch-Profile zu haben?<\/h2>\n<p>Ja, unsere beiden <strong>Anti-Rutsch Profile<\/strong> (Modell A1 und Modell C2) k\u00f6nnen sowohl in der Form als auch in den Oberfl\u00e4chen, aber auch in der rutschfesten Struktur und in den zu verwendenden Materialien individuell gestaltet werden.<\/p>\n<p>Die von CMM f\u00fcr seine Anti-Rutsch-Profile verarbeiteten Materialien sind:<\/p>\n<ul class=\"trx_addons_list_success\">\n<li>Vorverzinktes Blech<\/li>\n<li>Edelstahl<\/li>\n<li>Aluminium Peraluman<\/li>\n<li>Kohlenstoffstahl<\/li>\n<\/ul>\n<p>Alle diese Materialien sind je nach Bedarf pulverbeschichtet, elektrolytisch verzinkt oder feuerverzinkt erh\u00e4ltlich.<br \/>\nDie rutschhemmenden CMM-Profile gew\u00e4hrleisten kurze Lieferzeiten dank eines effizienten und flexiblen Produktionssystems und komplement\u00e4rer Stufenstrukturen dank der M\u00f6glichkeit, Bleche bis zu 20 mm Dicke, Strukturrohre und offene Profile zu bearbeiten.<\/p>\n<p>[\/vc_column_text][vc_empty_space height=&#8221;92px&#8221; alter_height=&#8221;medium&#8221; hide_on_mobile=&#8221;&#8221;][vc_column_text]<\/p>\n<h2>Ist es m\u00f6glich, vor dem Laserschneiden von Rohren, Blechen und Tr\u00e4gern die Lieferzeiten zu erfahren?<\/h2>\n<p>Ja, wir werden Sie umgehend \u00fcber die Lieferzeiten unserer <a href=\"\/de\/laserschneiden\/laserschneiden-von-rohren\/\" target=\"_blank\" rel=\"noopener\"><strong>Laserschneidverfahren f\u00fcr Rohre<\/strong><\/a>, Bleche und Tr\u00e4ger informieren, nachdem wir die Machbarkeit Ihres Projekts in all seinen Aspekten bewertet und die erwarteten Kosten mitgeteilt haben.<\/p>\n<p>[\/vc_column_text][vc_empty_space height=&#8221;92px&#8221; alter_height=&#8221;medium&#8221; hide_on_mobile=&#8221;&#8221;][vc_column_text]<\/p>\n<h2>Ist es m\u00f6glich, vor der Bestellung eine Probe der zu bearbeitenden Teile mit Laserschneidrohren, Blechen und Tr\u00e4gern zu erhalten?<\/h2>\n<p>Ja, Sie k\u00f6nnen eine Auswahl der Teile anfordern, die Sie mit <a href=\"\/de\/laserschneiden\/laserschneiden-von-rohren\/\" target=\"_blank\" rel=\"noopener\"><strong>Laserschneiden von Rohren<\/strong><\/a>, Blechen und Tr\u00e4gern bearbeiten m\u00f6chten, um eine Vorstellung vom Endergebnis zu erhalten.<\/p>\n<p>Dar\u00fcber hinaus k\u00f6nnen unsere Mitarbeiter Ihnen einen \u00dcberblick \u00fcber die Machbarkeit, die Kosten und die Lieferzeiten Ihrer Bestellung geben, ohne dabei die Anzahl der angeforderten Teile oder die Art der auszuf\u00fchrenden Arbeiten einzuschr\u00e4nken.<\/p>\n<p>[\/vc_column_text][vc_empty_space height=&#8221;92px&#8221; alter_height=&#8221;medium&#8221; hide_on_mobile=&#8221;&#8221;][vc_column_text]<\/p>\n<h2>K\u00f6nnen Sie uns die vollst\u00e4ndige R\u00fcckverfolgbarkeit der mit Laserschneiden bearbeiteten Teile garantieren?<\/h2>\n<p>Ja, wir k\u00f6nnen die vollst\u00e4ndige R\u00fcckverfolgbarkeit des mit dem Laserschneiden bearbeiteten Einzelst\u00fccks garantieren, dank der Zertifizierung nach UNI EN ISO 9001: 2008, die die Kontrolle des gesamten Produktionszyklus und des guten Funktionierens auf organischer Ebene und der UNI EN 1090-Zertifizierung gew\u00e4hrleistet. 1, die die Herstellung und CE-Kennzeichnung von Stahl- und Aluminium-Strukturelementen mit den Ausf\u00fchrungsklassen EXC1, EXC2 und EXC3 erm\u00f6glicht.[\/vc_column_text][vc_empty_space height=&#8221;92px&#8221; alter_height=&#8221;medium&#8221; hide_on_mobile=&#8221;&#8221;][vc_column_text]<\/p>\n<h2>Werden meine Projektdaten zum Laserschneiden von Rohren, Blechen und Tr\u00e4gern gesch\u00fctzt? Wie kann ich sicher sein, dass sie nicht ver\u00f6ffentlicht werden?<\/h2>\n<p>Um die Daten Ihrer Projekte im Zusammenhang mit dem Laserschneiden von Rohren, Blechen und Tr\u00e4gern zu sch\u00fctzen, verwenden wir eine sichere Software, die eine sichere Sicherung ohne Risiko gew\u00e4hrleistet. In unserem technischen B\u00fcro k\u00fcmmern wir uns um Ihre Daten mit den neuesten CAD \/ CAM-Systemen und wir verf\u00fcgen \u00fcber ein Informationssystem auf Unternehmensebene, das Gesch\u00e4ftskontinuit\u00e4t und Disaster Recovery garantiert.<\/p>\n<p>[\/vc_column_text][vc_empty_space height=&#8221;92px&#8221; alter_height=&#8221;medium&#8221; hide_on_mobile=&#8221;&#8221;][\/vc_column][\/vc_row]<\/p>\n","protected":false},"excerpt":{"rendered":"<p>[vc_row el_class=&#8221;news&#8221;][vc_column][vc_empty_space alter_height=&#8221;medium&#8221; hide_on_mobile=&#8221;&#8221;][vc_column_text] Wie schnell k\u00f6nnen Sie auf meine erste Kontaktanfrage reagieren? In 24 Stunden. [\/vc_column_text][vc_empty_space height=&#8221;92px&#8221; alter_height=&#8221;medium&#8221; hide_on_mobile=&#8221;&#8221;][vc_column_text] Wie schnell kann ich ein Angebot von Ihnen erhalten, nach&hellip;<\/p>\n","protected":false},"author":2,"featured_media":0,"parent":0,"menu_order":0,"comment_status":"closed","ping_status":"closed","template":"","meta":[],"_links":{"self":[{"href":"https:\/\/www.cmmlaser.it\/de\/wp-json\/wp\/v2\/pages\/3364"}],"collection":[{"href":"https:\/\/www.cmmlaser.it\/de\/wp-json\/wp\/v2\/pages"}],"about":[{"href":"https:\/\/www.cmmlaser.it\/de\/wp-json\/wp\/v2\/types\/page"}],"author":[{"embeddable":true,"href":"https:\/\/www.cmmlaser.it\/de\/wp-json\/wp\/v2\/users\/2"}],"replies":[{"embeddable":true,"href":"https:\/\/www.cmmlaser.it\/de\/wp-json\/wp\/v2\/comments?post=3364"}],"version-history":[{"count":14,"href":"https:\/\/www.cmmlaser.it\/de\/wp-json\/wp\/v2\/pages\/3364\/revisions"}],"predecessor-version":[{"id":7181,"href":"https:\/\/www.cmmlaser.it\/de\/wp-json\/wp\/v2\/pages\/3364\/revisions\/7181"}],"wp:attachment":[{"href":"https:\/\/www.cmmlaser.it\/de\/wp-json\/wp\/v2\/media?parent=3364"}],"curies":[{"name":"wp","href":"https:\/\/api.w.org\/{rel}","templated":true}]}}