{"id":3316,"date":"2018-04-16T10:27:54","date_gmt":"2018-04-16T08:27:54","guid":{"rendered":"http:\/\/www.cmmlaser.it\/?page_id=3316"},"modified":"2023-07-04T15:38:44","modified_gmt":"2023-07-04T13:38:44","slug":"anti-rutsch-profil-full-grip","status":"publish","type":"page","link":"https:\/\/www.cmmlaser.it\/de\/anti-rutsch-profile\/anti-rutsch-profil-full-grip\/","title":{"rendered":"Anti-Rutsch Profil Full Grip"},"content":{"rendered":"<p>[vc_row][vc_column][vc_empty_space alter_height=&#8221;small&#8221; hide_on_mobile=&#8221;&#8221;]<div id=\"sc_title_565761459\"\n\t\tclass=\"sc_title sc_title_default justify  vc_custom_1524497068600\"><h2 class=\"sc_item_title sc_title_title sc_align_default sc_item_title_style_default sc_item_title_tag\">Anti-Rutsch Profil Full Grip<\/h2><\/div><!-- \/.sc_title -->[vc_column_text el_class=&#8221;justify&#8221;]Die rutschhemmenden Profile Full Grip von CMM stellen eine L\u00f6sung f\u00fcr alle Situationen dar, in denen besondere Stabilit\u00e4t und Sicherheit n\u00f6tig sind. Die dicht gestanzte Oberfl\u00e4che gew\u00e4hrt hohen Grip und erm\u00f6glicht durch die breiten Schlitze ein leichtes Abflie\u00dfen von \u00d6l und Schnee.<br \/>\nDas Hauptmerkmal dieses Anti-RutschProfils ist die dichte Stanzung, die eine hohe Rutschsicherheit (R-Wert) garantiert. Damit ist es die ideale L\u00f6sung f\u00fcr Branchen, in denen besonderer Grip und Arbeitssicherheit erforderlich sind.<\/p>\n<p>Die Full Grip-Oberfl\u00e4che besteht aus folgenden Materialien:<\/p>\n<ul class=\"trx_addons_list_success\">\n<li>Vorverzinktes Blech<\/li>\n<li>Rostfreier Stahl<\/li>\n<li>Peralumanaluminium<\/li>\n<li>Kohlenstoffstahl<\/li>\n<\/ul>\n<p>Wenn Sie ein rutschfestes Profil mit weniger Grip und einer angenehmeren und begehbaren Oberfl\u00e4che ben\u00f6tigen, bietet Ihnen CMM die <strong>Anti-Rutsch profil<\/strong> Modelle der Easy Grip-Linie, die speziell f\u00fcr diese Anforderungen entwickelt wurden.[\/vc_column_text][\/vc_column][\/vc_row][vc_row full_width=&#8221;stretch_row&#8221; css=&#8221;.vc_custom_1674559651315{background-color: #f0f0f0 !important;}&#8221;][vc_column][vc_column_text]CMM produziert verschiedene Arten von <strong>Anti-Rutsch-Profilen mit vollem Griff.<\/strong>[\/vc_column_text][vc_empty_space alter_height=&#8221;medium&#8221; hide_on_mobile=&#8221;&#8221;][vc_tta_tabs style=&#8221;flat&#8221; shape=&#8221;square&#8221; color=&#8221;blue&#8221; active_section=&#8221;1&#8243; no_fill_content_area=&#8221;true&#8221;][vc_tta_section title=&#8221;BL&#8221; tab_id=&#8221;1674560094126-7bd6b0ab-aa58392a-ea28&#8243;][vc_row_inner equal_height=&#8221;yes&#8221; content_placement=&#8221;middle&#8221; css=&#8221;.vc_custom_1680171139037{padding-top: 0px !important;}&#8221;][vc_column_inner width=&#8221;1\/2&#8243;][vc_column_text css=&#8221;.vc_custom_1688472659720{margin-bottom: 20px !important;}&#8221;]Die rutschhemmenden Profile <strong>BL<\/strong> stellen eine L\u00f6sung f\u00fcr alle Situationen dar, in denen besondere Stabilit\u00e4t und Sicherheit n\u00f6tig sind: Die dichte Kammverzahnung garantiert n\u00e4mlich optimalen Grip und ist ideal f\u00fcr Auftraggeber, die hohe Haftung und Arbeitssicherheit brauchen.[\/vc_column_text][vc_column_text css=&#8221;.vc_custom_1688472672095{margin-top: 20px !important;}&#8221;]<\/p>\n<p style=\"font-size: 12px;\">* CMM beh\u00e4lt sich vor, die Machbarkeit je nach Gr\u00f6\u00dfe der erforderlichen Platten von Fall zu Fall zu beurteilen.<\/p>\n<p>[\/vc_column_text][vc_raw_html]JTNDdGFibGUlMjBzdHlsZSUzRCUyMndpZHRoJTNBMTAwJTI1JTIyJTNFJTBBJTIwJTIwJTNDdHIlM0UlMEElMjAlMjAlMjAlMjAlM0N0aCUzRU1hdGVyaWFsJTNDJTJGdGglM0UlMEElMjAlMjAlMjAlMjAlM0N0aCUzRUJMRUNIRElDS0UlM0MlMkZ0aCUzRSUwQSUyMCUyMCUzQyUyRnRyJTNFJTBBJTIwJTIwJTNDdHIlM0UlMEElMjAlMjAlMjAlMjAlM0N0ZCUzRVJvaHN0YWhsJTJDJTIwZmV1ZXJ2ZXJ6aW5rdGVyJTIwU3RhaGwlMjBVTkklMjBFTiUyMElTTyUyMDE0NjElM0MlMkZ0ZCUzRSUwQSUyMCUyMCUyMCUyMCUzQ3RkJTIwc3R5bGUlM0QlMjJ0ZXh0LWFsaWduJTNBJTIwY2VudGVyJTNCJTIyJTNFMSUyQzUlMkYyJTJGMiUyQzUlM0MlMkZ0ZCUzRSUwQSUyMCUyMCUzQyUyRnRyJTNFJTBBJTIwJTIwJTNDdHIlM0UlMEElMjAlMjAlMjAlMjAlM0N0ZCUzRVZvcnZlcnppbmt0ZXIlMjBTdGFobCUzQyUyRnRkJTNFJTBBJTIwJTIwJTIwJTIwJTNDdGQlMjBzdHlsZSUzRCUyMnRleHQtYWxpZ24lM0ElMjBjZW50ZXIlM0IlMjIlM0UxJTJDNSUyRjIlMkYyJTJDNSUzQyUyRnRkJTNFJTBBJTIwJTIwJTNDJTJGdHIlM0UlMEElMjAlMjAlM0N0ciUzRSUwQSUyMCUyMCUyMCUyMCUzQ3RkJTNFRWRlbHN0YWhsJTNDJTJGdGQlM0UlMEElMjAlMjAlMjAlMjAlM0N0ZCUyMHN0eWxlJTNEJTIydGV4dC1hbGlnbiUzQSUyMGNlbnRlciUzQiUyMiUzRTElMkM1JTJGMiUyQSUzQyUyRnRkJTNFJTBBJTIwJTIwJTNDJTJGdHIlM0UlMEElMjAlMjAlM0N0ciUzRSUwQSUyMCUyMCUyMCUyMCUzQ3RkJTNFQWx1bWluaXVtJTNDJTJGdGQlM0UlMEElMjAlMjAlMjAlMjAlM0N0ZCUyMHN0eWxlJTNEJTIydGV4dC1hbGlnbiUzQSUyMGNlbnRlciUzQiUyMiUzRTElMkM1JTJGMiUyRjIlMkM1JTNDJTJGdGQlM0UlMEElMjAlMjAlM0MlMkZ0ciUzRSUwQSUyMCUyMCUzQ3RyJTNFJTBBJTIwJTIwJTIwJTIwJTNDdGQlMjBjb2xzcGFuJTNEJTIyMiUyMiUyMHN0eWxlJTNEJTIydGV4dC1hbGlnbiUzQSUyMGNlbnRlciUzQiUyMiUzRU1heGltYWxlciUyMEFyYmVpdHNiZXJlaWNoJTIwNDAwMHgxNTAwJTNDJTJGdGQlM0UlMEElMjAlMjAlM0MlMkZ0ciUzRSUwQSUzQyUyRnRhYmxlJTNF[\/vc_raw_html][\/vc_column_inner][vc_column_inner width=&#8221;1\/2&#8243;][vc_single_image image=&#8221;7558&#8243; img_size=&#8221;full&#8221;][\/vc_column_inner][\/vc_row_inner][vc_row_inner css=&#8221;.vc_custom_1680171042120{padding-top: 0px !important;}&#8221;][vc_column_inner width=&#8221;1\/2&#8243;][vc_single_image image=&#8221;7511&#8243; img_size=&#8221;full&#8221;][\/vc_column_inner][vc_column_inner width=&#8221;1\/2&#8243;][vc_single_image image=&#8221;7512&#8243; img_size=&#8221;full&#8221;][\/vc_column_inner][\/vc_row_inner][\/vc_tta_section][vc_tta_section title=&#8221;C2&#8243; tab_id=&#8221;1674560094132-47003356-8b67392a-ea28&#8243;][vc_row_inner equal_height=&#8221;yes&#8221; content_placement=&#8221;middle&#8221; css=&#8221;.vc_custom_1680171863386{padding-top: 0px !important;}&#8221;][vc_column_inner width=&#8221;1\/2&#8243;][vc_column_text css=&#8221;.vc_custom_1688472771736{margin-bottom: 20px !important;}&#8221;]Die rutschhemmenden Profile <strong>C2<\/strong> stellen eine L\u00f6sung f\u00fcr alle Situationen dar, in denen besondere Stabilit\u00e4t und Sicherheit n\u00f6tig sind: Die dicht gestanzte Kammverzahnung garantiert n\u00e4mlich optimalen Grip und ist ideal f\u00fcr Auftraggeber, die hohe Haftung und Arbeitssicherheit brauchen.[\/vc_column_text][vc_raw_html]JTNDdGFibGUlMjBzdHlsZSUzRCUyMndpZHRoJTNBMTAwJTI1JTIyJTNFJTBBJTIwJTIwJTNDdHIlM0UlMEElMjAlMjAlMjAlMjAlM0N0aCUzRU1hdGVyaWFsJTNDJTJGdGglM0UlMEElMjAlMjAlMjAlMjAlM0N0aCUzRUJMRUNIRElDS0UlM0MlMkZ0aCUzRSUwQSUyMCUyMCUzQyUyRnRyJTNFJTBBJTIwJTIwJTNDdHIlM0UlMEElMjAlMjAlMjAlMjAlM0N0ZCUzRVJvaHN0YWhsJTJDJTIwZmV1ZXJ2ZXJ6aW5rdGVyJTIwU3RhaGwlMjBVTkklMjBFTiUyMElTTyUyMDE0NjElM0MlMkZ0ZCUzRSUwQSUyMCUyMCUyMCUyMCUzQ3RkJTIwc3R5bGUlM0QlMjJ0ZXh0LWFsaWduJTNBJTIwY2VudGVyJTNCJTIyJTNFMSUyQzUlMkYyJTJGMiUyQzUlMkYzJTJBJTNDJTJGdGQlM0UlMEElMjAlMjAlM0MlMkZ0ciUzRSUwQSUyMCUyMCUzQ3RyJTNFJTBBJTIwJTIwJTIwJTIwJTNDdGQlM0VWb3J2ZXJ6aW5rdGVyJTIwU3RhaGwlM0MlMkZ0ZCUzRSUwQSUyMCUyMCUyMCUyMCUzQ3RkJTIwc3R5bGUlM0QlMjJ0ZXh0LWFsaWduJTNBJTIwY2VudGVyJTNCJTIyJTNFMSUyQzUlMkYyJTJGMiUyQzUlMkYzJTJBJTNDJTJGdGQlM0UlMEElMjAlMjAlM0MlMkZ0ciUzRSUwQSUyMCUyMCUzQ3RyJTNFJTBBJTIwJTIwJTIwJTIwJTNDdGQlM0VFZGVsc3RhaGwlM0MlMkZ0ZCUzRSUwQSUyMCUyMCUyMCUyMCUzQ3RkJTIwc3R5bGUlM0QlMjJ0ZXh0LWFsaWduJTNBJTIwY2VudGVyJTNCJTIyJTNFMSUyQzUlMkElMkYyJTJBJTNDJTJGdGQlM0UlMEElMjAlMjAlM0MlMkZ0ciUzRSUwQSUyMCUyMCUzQ3RyJTNFJTBBJTIwJTIwJTIwJTIwJTNDdGQlM0VBbHVtaW5pdW0lM0MlMkZ0ZCUzRSUwQSUyMCUyMCUyMCUyMCUzQ3RkJTIwc3R5bGUlM0QlMjJ0ZXh0LWFsaWduJTNBJTIwY2VudGVyJTNCJTIyJTNFMSUyQzUlMkYyJTJGMiUyQzUlMkYzJTJBJTNDJTJGdGQlM0UlMEElMjAlMjAlM0MlMkZ0ciUzRSUwQSUyMCUyMCUzQ3RyJTNFJTBBJTIwJTIwJTIwJTIwJTNDdGQlMjBjb2xzcGFuJTNEJTIyMiUyMiUyMHN0eWxlJTNEJTIydGV4dC1hbGlnbiUzQSUyMGNlbnRlciUzQiUyMiUzRU1heGltYWxlciUyMEFyYmVpdHNiZXJlaWNoJTIwNDAwMHgxNTAwJTNDJTJGdGQlM0UlMEElMjAlMjAlM0MlMkZ0ciUzRSUwQSUzQyUyRnRhYmxlJTNF[\/vc_raw_html][vc_column_text css=&#8221;.vc_custom_1688472864349{margin-top: 20px !important;}&#8221;]<\/p>\n<p style=\"font-size: 12px;\">* CMM beh\u00e4lt sich vor, die Machbarkeit je nach Gr\u00f6\u00dfe der erforderlichen Platten von Fall zu Fall zu beurteilen.<\/p>\n<p>[\/vc_column_text][\/vc_column_inner][vc_column_inner width=&#8221;1\/2&#8243;][vc_single_image image=&#8221;7517&#8243; img_size=&#8221;full&#8221;][\/vc_column_inner][\/vc_row_inner][vc_row_inner css=&#8221;.vc_custom_1680171852328{padding-top: 0px !important;}&#8221;][vc_column_inner width=&#8221;1\/2&#8243;][vc_single_image image=&#8221;7515&#8243; img_size=&#8221;full&#8221;][\/vc_column_inner][vc_column_inner width=&#8221;1\/2&#8243;][vc_single_image image=&#8221;7516&#8243; img_size=&#8221;full&#8221;][\/vc_column_inner][\/vc_row_inner][\/vc_tta_section][vc_tta_section title=&#8221;FG&#8221; tab_id=&#8221;1675848550397-24276947-0621392a-ea28&#8243;][vc_row_inner equal_height=&#8221;yes&#8221; content_placement=&#8221;middle&#8221; css=&#8221;.vc_custom_1680178190303{padding-top: 0px !important;}&#8221;][vc_column_inner width=&#8221;1\/2&#8243;][vc_column_text css=&#8221;.vc_custom_1688472882553{margin-bottom: 20px !important;}&#8221;]Die Anti-Rutsch-Profile <strong>FG<\/strong> stellen eine L\u00f6sung f\u00fcr alle Situationen dar, in denen besondere Stabilit\u00e4t und Sicherheit n\u00f6tig sind. Die dicht gestanzte Oberfl\u00e4che gew\u00e4hrt hohen Grip und erm\u00f6glicht durch die breiten Schlitze ein leichtes Abflie\u00dfen von \u00d6l und Schnee. Die dichte Stanzung ist das Hauptmerkmal dieses rutschhemmenden Profils, das einen hohen R-Wert bietet und damit ideal f\u00fcr alle ist, die hohen Grip und Sicherheit brauchen.[\/vc_column_text][vc_raw_html]JTNDdGFibGUlMjBzdHlsZSUzRCUyMndpZHRoJTNBMTAwJTI1JTIyJTNFJTBBJTIwJTIwJTNDdHIlM0UlMEElMjAlMjAlMjAlMjAlM0N0aCUzRU1hdGVyaWFsJTNDJTJGdGglM0UlMEElMjAlMjAlMjAlMjAlM0N0aCUzRUJMRUNIRElDS0UlM0MlMkZ0aCUzRSUwQSUyMCUyMCUzQyUyRnRyJTNFJTBBJTIwJTIwJTNDdHIlM0UlMEElMjAlMjAlMjAlMjAlM0N0ZCUzRVJvaHN0YWhsJTJDJTIwZmV1ZXJ2ZXJ6aW5rdGVyJTIwU3RhaGwlMjBVTkklMjBFTiUyMElTTyUyMDE0NjElM0MlMkZ0ZCUzRSUwQSUyMCUyMCUyMCUyMCUzQ3RkJTIwc3R5bGUlM0QlMjJ0ZXh0LWFsaWduJTNBJTIwY2VudGVyJTNCJTIyJTNFMSUyQzUlMkYyJTNDJTJGdGQlM0UlMEElMjAlMjAlM0MlMkZ0ciUzRSUwQSUyMCUyMCUzQ3RyJTNFJTBBJTIwJTIwJTIwJTIwJTNDdGQlM0VWb3J2ZXJ6aW5rdGVyJTIwU3RhaGwlM0MlMkZ0ZCUzRSUwQSUyMCUyMCUyMCUyMCUzQ3RkJTIwc3R5bGUlM0QlMjJ0ZXh0LWFsaWduJTNBJTIwY2VudGVyJTNCJTIyJTNFMSUyQzUlMkYyJTNDJTJGdGQlM0UlMEElMjAlMjAlM0MlMkZ0ciUzRSUwQSUyMCUyMCUzQ3RyJTNFJTBBJTIwJTIwJTIwJTIwJTNDdGQlM0VFZGVsc3RhaGwlM0MlMkZ0ZCUzRSUwQSUyMCUyMCUyMCUyMCUzQ3RkJTIwc3R5bGUlM0QlMjJ0ZXh0LWFsaWduJTNBJTIwY2VudGVyJTNCJTIyJTNFMSUyQzUlM0MlMkZ0ZCUzRSUwQSUyMCUyMCUzQyUyRnRyJTNFJTBBJTIwJTIwJTNDdHIlM0UlMEElMjAlMjAlMjAlMjAlM0N0ZCUzRUFsdW1pbml1bSUzQyUyRnRkJTNFJTBBJTIwJTIwJTIwJTIwJTNDdGQlMjBzdHlsZSUzRCUyMnRleHQtYWxpZ24lM0ElMjBjZW50ZXIlM0IlMjIlM0UxJTJDNSUyRjIlMkYyJTJDNSUzQyUyRnRkJTNFJTBBJTIwJTIwJTNDJTJGdHIlM0UlMEElMjAlMjAlM0N0ciUzRSUwQSUyMCUyMCUyMCUyMCUzQ3RkJTIwY29sc3BhbiUzRCUyMjIlMjIlMjBzdHlsZSUzRCUyMnRleHQtYWxpZ24lM0ElMjBjZW50ZXIlM0IlMjIlM0VNYXhpbWFsZXIlMjBBcmJlaXRzYmVyZWljaCUyMDQwMDB4MTUwMCUzQyUyRnRkJTNFJTBBJTIwJTIwJTNDJTJGdHIlM0UlMEElM0MlMkZ0YWJsZSUzRQ==[\/vc_raw_html][vc_column_text css=&#8221;.vc_custom_1688472953235{margin-top: 20px !important;}&#8221;]<\/p>\n<p style=\"font-size: 12px;\">* CMM beh\u00e4lt sich vor, die Machbarkeit je nach Gr\u00f6\u00dfe der erforderlichen Platten von Fall zu Fall zu beurteilen<\/p>\n<p>[\/vc_column_text][\/vc_column_inner][vc_column_inner width=&#8221;1\/2&#8243;][vc_single_image image=&#8221;7519&#8243; img_size=&#8221;full&#8221;][\/vc_column_inner][\/vc_row_inner][vc_row_inner css=&#8221;.vc_custom_1680178184687{padding-top: 0px !important;}&#8221;][vc_column_inner width=&#8221;1\/2&#8243;][vc_single_image image=&#8221;7521&#8243; img_size=&#8221;full&#8221;][\/vc_column_inner][vc_column_inner width=&#8221;1\/2&#8243;][vc_single_image image=&#8221;7522&#8243; img_size=&#8221;full&#8221;][\/vc_column_inner][\/vc_row_inner][\/vc_tta_section][\/vc_tta_tabs][\/vc_column][\/vc_row]<\/p>\n","protected":false},"excerpt":{"rendered":"<p>[vc_row][vc_column][vc_empty_space alter_height=&#8221;small&#8221; hide_on_mobile=&#8221;&#8221;][vc_column_text el_class=&#8221;justify&#8221;]Die rutschhemmenden Profile Full Grip von CMM stellen eine L\u00f6sung f\u00fcr alle Situationen dar, in denen besondere Stabilit\u00e4t und Sicherheit n\u00f6tig sind. Die dicht gestanzte Oberfl\u00e4che gew\u00e4hrt&hellip;<\/p>\n","protected":false},"author":2,"featured_media":2661,"parent":3416,"menu_order":0,"comment_status":"closed","ping_status":"closed","template":"","meta":[],"_links":{"self":[{"href":"https:\/\/www.cmmlaser.it\/de\/wp-json\/wp\/v2\/pages\/3316"}],"collection":[{"href":"https:\/\/www.cmmlaser.it\/de\/wp-json\/wp\/v2\/pages"}],"about":[{"href":"https:\/\/www.cmmlaser.it\/de\/wp-json\/wp\/v2\/types\/page"}],"author":[{"embeddable":true,"href":"https:\/\/www.cmmlaser.it\/de\/wp-json\/wp\/v2\/users\/2"}],"replies":[{"embeddable":true,"href":"https:\/\/www.cmmlaser.it\/de\/wp-json\/wp\/v2\/comments?post=3316"}],"version-history":[{"count":6,"href":"https:\/\/www.cmmlaser.it\/de\/wp-json\/wp\/v2\/pages\/3316\/revisions"}],"predecessor-version":[{"id":8182,"href":"https:\/\/www.cmmlaser.it\/de\/wp-json\/wp\/v2\/pages\/3316\/revisions\/8182"}],"up":[{"embeddable":true,"href":"https:\/\/www.cmmlaser.it\/de\/wp-json\/wp\/v2\/pages\/3416"}],"wp:featuredmedia":[{"embeddable":true,"href":"https:\/\/www.cmmlaser.it\/de\/wp-json\/wp\/v2\/media\/2661"}],"wp:attachment":[{"href":"https:\/\/www.cmmlaser.it\/de\/wp-json\/wp\/v2\/media?parent=3316"}],"curies":[{"name":"wp","href":"https:\/\/api.w.org\/{rel}","templated":true}]}}