{"id":3314,"date":"2018-04-16T10:27:25","date_gmt":"2018-04-16T08:27:25","guid":{"rendered":"http:\/\/www.cmmlaser.it\/?page_id=3314"},"modified":"2023-07-04T15:39:01","modified_gmt":"2023-07-04T13:39:01","slug":"anti-rutsch-profil-easy-grip","status":"publish","type":"page","link":"https:\/\/www.cmmlaser.it\/de\/anti-rutsch-profile\/anti-rutsch-profil-easy-grip\/","title":{"rendered":"Anti-Rutsch Profil Easy Grip"},"content":{"rendered":"<p>[vc_row][vc_column][vc_empty_space alter_height=&#8221;small&#8221; hide_on_mobile=&#8221;&#8221;]<div id=\"sc_title_950615922\"\n\t\tclass=\"sc_title sc_title_default justify  vc_custom_1524497364609\"><h2 class=\"sc_item_title sc_title_title sc_align_default sc_item_title_style_default sc_item_title_tag\">Anti-Rutsch Profil Easy Grip<\/h2><\/div><!-- \/.sc_title -->[vc_column_text el_class=&#8221;justify&#8221;]<\/p>\n<div class=\"col1\">\n<div class=\"blk-txt\">\n<p>Die rutschhemmenden Profile Easy Grip von CMM zeichnen sich durch eine rutschfeste Textur aus, die eine einfache Dr\u00e4nage zulassen und ein Befahren mit Wagen oder Fahrzeugen erm\u00f6glichen. Mit ihrer Struktur sind sie au\u00dferdem ideal f\u00fcr begehbare Fl\u00e4chen, von denen Fl\u00fcssigkeiten wie \u00d6l oder Schlamm abflie\u00dfen m\u00fcssen.<\/p>\n<p>Diese rutschhemmenden Profile bieten au\u00dferdem einen Grip, mit dem sie auch in Industrieumgebungen begangen werden k\u00f6nnen, die besondere Anforderungen an die Arbeitnehmersicherheit stellen.<\/p><\/div>\n<\/div>\n<div><\/div>\n<div class=\"col2\">\n<div class=\"blk-txt\">\n<p>Die <strong>Easy Grip profile<\/strong> besteht aus folgenden Materialien:<\/p>\n<ul class=\"trx_addons_list_success\">\n<li>Vorverzinktes Blech<\/li>\n<li>Rostfreier Stahl<\/li>\n<li>Peralumanaluminium<\/li>\n<li>Kohlenstoffstahl<\/li>\n<\/ul>\n<p>Wenn Sie ein rutschfestes Profil mit engmaschigeren Linien und mehr Griffigkeit suchen, empfiehlt CMM die Wahl der <strong>Anti-Rutsch Profil<\/strong> Full Grip.<\/div>\n<\/div>\n<p>[\/vc_column_text][\/vc_column][\/vc_row][vc_row full_width=&#8221;stretch_row&#8221; css=&#8221;.vc_custom_1674559651315{background-color: #f0f0f0 !important;}&#8221;][vc_column][vc_column_text]<\/p>\n<p id=\"tw-target-text\" class=\"tw-data-text tw-text-large tw-ta\" dir=\"ltr\" data-placeholder=\"Traduzione\"><span class=\"Y2IQFc\" lang=\"de\">CMM produziert verschiedene <strong>Arten griffiger Anti-Rutsch-Profile.<\/strong><\/span><\/p>\n<p>[\/vc_column_text][vc_empty_space alter_height=&#8221;medium&#8221; hide_on_mobile=&#8221;&#8221;][vc_tta_tabs style=&#8221;flat&#8221; shape=&#8221;square&#8221; color=&#8221;blue&#8221; active_section=&#8221;1&#8243; no_fill_content_area=&#8221;true&#8221;][vc_tta_section title=&#8221;A1&#8243; tab_id=&#8221;1674560094126-7bd6b0ab-aa58a494-a391&#8243;][vc_row_inner equal_height=&#8221;yes&#8221; content_placement=&#8221;middle&#8221; css=&#8221;.vc_custom_1680166847266{margin-top: 0px !important;border-top-width: 0px !important;padding-top: 0px !important;}&#8221;][vc_column_inner width=&#8221;1\/2&#8243;][vc_column_text css=&#8221;.vc_custom_1688473321100{margin-bottom: 20px !important;}&#8221;]Die rutschhemmenden Profile <strong>A1<\/strong> bieten eine gute L\u00f6sung, wenn man eine wenig invasive rutschfeste Oberfl\u00e4che braucht, die mit ihren Schlitz\u00f6ffnungen eine Dr\u00e4nagefunktion f\u00fcr eventuelle \u00d6le oder Fl\u00fcssigkeiten garantiert.[\/vc_column_text][vc_raw_html]JTNDdGFibGUlMjBzdHlsZSUzRCUyMndpZHRoJTNBMTAwJTI1JTIyJTNFJTBBJTIwJTIwJTNDdHIlM0UlMEElMjAlMjAlMjAlMjAlM0N0aCUzRU1hdGVyaWFsJTNDJTJGdGglM0UlMEElMjAlMjAlMjAlMjAlM0N0aCUzRUJMRUNIRElDS0UlM0MlMkZ0aCUzRSUwQSUyMCUyMCUzQyUyRnRyJTNFJTBBJTIwJTIwJTNDdHIlM0UlMEElMjAlMjAlMjAlMjAlM0N0ZCUzRVJvaHN0YWhsJTJDJTIwZmV1ZXJ2ZXJ6aW5rdGVyJTIwU3RhaGwlMjBVTkklMjBFTiUyMElTTyUyMDE0NjElM0MlMkZ0ZCUzRSUwQSUyMCUyMCUyMCUyMCUzQ3RkJTIwc3R5bGUlM0QlMjJ0ZXh0LWFsaWduJTNBJTIwY2VudGVyJTNCJTIyJTNFMSUyQzUlMkYyJTJGMiUyQzUlMkYzJTNDJTJGdGQlM0UlMEElMjAlMjAlM0MlMkZ0ciUzRSUwQSUyMCUyMCUzQ3RyJTNFJTBBJTIwJTIwJTIwJTIwJTNDdGQlM0VWb3J2ZXJ6aW5rdGVyJTIwU3RhaGwlM0MlMkZ0ZCUzRSUwQSUyMCUyMCUyMCUyMCUzQ3RkJTIwc3R5bGUlM0QlMjJ0ZXh0LWFsaWduJTNBJTIwY2VudGVyJTNCJTIyJTNFMSUyQzUlMkYyJTJGMiUyQzUlMkYzJTNDJTJGdGQlM0UlMEElMjAlMjAlM0MlMkZ0ciUzRSUwQSUyMCUyMCUzQ3RyJTNFJTBBJTIwJTIwJTIwJTIwJTNDdGQlM0VFZGVsc3RhaGwlM0MlMkZ0ZCUzRSUwQSUyMCUyMCUyMCUyMCUzQ3RkJTIwc3R5bGUlM0QlMjJ0ZXh0LWFsaWduJTNBJTIwY2VudGVyJTNCJTIyJTNFMSUyQzUlMkElMkYyJTJBJTNDJTJGdGQlM0UlMEElMjAlMjAlM0MlMkZ0ciUzRSUwQSUyMCUyMCUzQ3RyJTNFJTBBJTIwJTIwJTIwJTIwJTNDdGQlM0VBbHVtaW5pdW0lM0MlMkZ0ZCUzRSUwQSUyMCUyMCUyMCUyMCUzQ3RkJTIwc3R5bGUlM0QlMjJ0ZXh0LWFsaWduJTNBJTIwY2VudGVyJTNCJTIyJTNFMSUyQzUlMkYyJTJGMiUyQzUlM0MlMkZ0ZCUzRSUwQSUyMCUyMCUzQyUyRnRyJTNFJTBBJTIwJTIwJTNDdHIlM0UlMEElMjAlMjAlMjAlMjAlM0N0ZCUyMGNvbHNwYW4lM0QlMjIyJTIyJTIwc3R5bGUlM0QlMjJ0ZXh0LWFsaWduJTNBJTIwY2VudGVyJTNCJTIyJTNFTWF4aW1hbGVyJTIwQXJiZWl0c2JlcmVpY2glMjA0MDAweDE1MDAlM0MlMkZ0ZCUzRSUwQSUyMCUyMCUzQyUyRnRyJTNFJTBBJTNDJTJGdGFibGUlM0U=[\/vc_raw_html][vc_column_text css=&#8221;.vc_custom_1688473380267{margin-top: 20px !important;}&#8221;]<\/p>\n<p style=\"font-size: 12px;\">* CMM beh\u00e4lt sich vor, die Machbarkeit je nach Gr\u00f6\u00dfe der erforderlichen Platten von Fall zu Fall zu beurteilen.<\/p>\n<p>[\/vc_column_text][\/vc_column_inner][vc_column_inner width=&#8221;1\/2&#8243;][vc_single_image image=&#8221;7465&#8243; img_size=&#8221;full&#8221;][\/vc_column_inner][\/vc_row_inner][vc_row_inner css=&#8221;.vc_custom_1680166885784{padding-top: 0px !important;}&#8221;][vc_column_inner width=&#8221;1\/2&#8243;][vc_single_image image=&#8221;7463&#8243; img_size=&#8221;full&#8221;][\/vc_column_inner][vc_column_inner width=&#8221;1\/2&#8243;][vc_single_image image=&#8221;7464&#8243; img_size=&#8221;full&#8221;][\/vc_column_inner][\/vc_row_inner][\/vc_tta_section][vc_tta_section title=&#8221;B1&#8243; tab_id=&#8221;1674560094132-47003356-8b67a494-a391&#8243;][vc_row_inner equal_height=&#8221;yes&#8221; content_placement=&#8221;middle&#8221; css=&#8221;.vc_custom_1680170246121{padding-top: 0px !important;}&#8221;][vc_column_inner width=&#8221;1\/2&#8243;][vc_column_text css=&#8221;.vc_custom_1688473394150{margin-bottom: 20px !important;}&#8221;]Die Profile <strong>B1<\/strong> werden haupts\u00e4chlich verwendet, um Ladefl\u00e4chen f\u00fcr den Fahrzeugtransport zu konstruieren, zum Beispiel f\u00fcr den Pannenhilfsdienst. Durch die Riffelung bieten sie einen optimalen Grip f\u00fcr die Reifen ohne Gefahr einer Besch\u00e4digung.[\/vc_column_text][vc_raw_html]JTNDdGFibGUlMjBzdHlsZSUzRCUyMndpZHRoJTNBMTAwJTI1JTIyJTNFJTBBJTIwJTIwJTNDdHIlM0UlMEElMjAlMjAlMjAlMjAlM0N0aCUzRU1hdGVyaWFsJTNDJTJGdGglM0UlMEElMjAlMjAlMjAlMjAlM0N0aCUzRUJMRUNIRElDS0UlM0MlMkZ0aCUzRSUwQSUyMCUyMCUzQyUyRnRyJTNFJTBBJTIwJTIwJTNDdHIlM0UlMEElMjAlMjAlMjAlMjAlM0N0ZCUzRVJvaHN0YWhsJTJDJTIwZmV1ZXJ2ZXJ6aW5rdGVyJTIwU3RhaGwlMjBVTkklMjBFTiUyMElTTyUyMDE0NjElM0MlMkZ0ZCUzRSUwQSUyMCUyMCUyMCUyMCUzQ3RkJTIwc3R5bGUlM0QlMjJ0ZXh0LWFsaWduJTNBJTIwY2VudGVyJTNCJTIyJTNFMSUyQzUlMkYyJTJGMiUyQzUlMkYzJTNDJTJGdGQlM0UlMEElMjAlMjAlM0MlMkZ0ciUzRSUwQSUyMCUyMCUzQ3RyJTNFJTBBJTIwJTIwJTIwJTIwJTNDdGQlM0VWb3J2ZXJ6aW5rdGVyJTIwU3RhaGwlM0MlMkZ0ZCUzRSUwQSUyMCUyMCUyMCUyMCUzQ3RkJTIwc3R5bGUlM0QlMjJ0ZXh0LWFsaWduJTNBJTIwY2VudGVyJTNCJTIyJTNFMSUyQzUlMkYyJTJGMiUyQzUlMkYzJTNDJTJGdGQlM0UlMEElMjAlMjAlM0MlMkZ0ciUzRSUwQSUyMCUyMCUzQ3RyJTNFJTBBJTIwJTIwJTIwJTIwJTNDdGQlM0VFZGVsc3RhaGwlM0MlMkZ0ZCUzRSUwQSUyMCUyMCUyMCUyMCUzQ3RkJTIwc3R5bGUlM0QlMjJ0ZXh0LWFsaWduJTNBJTIwY2VudGVyJTNCJTIyJTNFMSUyQzUlMkElMkYyJTJBJTNDJTJGdGQlM0UlMEElMjAlMjAlM0MlMkZ0ciUzRSUwQSUyMCUyMCUzQ3RyJTNFJTBBJTIwJTIwJTIwJTIwJTNDdGQlM0VBbHVtaW5pdW0lM0MlMkZ0ZCUzRSUwQSUyMCUyMCUyMCUyMCUzQ3RkJTIwc3R5bGUlM0QlMjJ0ZXh0LWFsaWduJTNBJTIwY2VudGVyJTNCJTIyJTNFMSUyQzUlMkYyJTJGMiUyQzUlMkYzJTNDJTJGdGQlM0UlMEElMjAlMjAlM0MlMkZ0ciUzRSUwQSUyMCUyMCUzQ3RyJTNFJTBBJTIwJTIwJTIwJTIwJTNDdGQlMjBjb2xzcGFuJTNEJTIyMiUyMiUyMHN0eWxlJTNEJTIydGV4dC1hbGlnbiUzQSUyMGNlbnRlciUzQiUyMiUzRU1heGltYWxlciUyMEFyYmVpdHNiZXJlaWNoJTIwNDAwMHgxNTAwJTNDJTJGdGQlM0UlMEElMjAlMjAlM0MlMkZ0ciUzRSUwQSUzQyUyRnRhYmxlJTNF[\/vc_raw_html][vc_column_text css=&#8221;.vc_custom_1688473460434{margin-top: 20px !important;}&#8221;]<\/p>\n<p style=\"font-size: 12px;\">* CMM beh\u00e4lt sich vor, die Machbarkeit je nach Gr\u00f6\u00dfe der erforderlichen Platten von Fall zu Fall zu beurteilen.<\/p>\n<p>[\/vc_column_text][\/vc_column_inner][vc_column_inner width=&#8221;1\/2&#8243;][vc_single_image image=&#8221;7483&#8243; img_size=&#8221;full&#8221;][\/vc_column_inner][\/vc_row_inner][vc_row_inner css=&#8221;.vc_custom_1680170149523{padding-top: 0px !important;}&#8221;][vc_column_inner width=&#8221;1\/2&#8243;][vc_single_image image=&#8221;7560&#8243; img_size=&#8221;full&#8221;][\/vc_column_inner][vc_column_inner width=&#8221;1\/2&#8243;][vc_single_image image=&#8221;7561&#8243; img_size=&#8221;full&#8221;][\/vc_column_inner][\/vc_row_inner][\/vc_tta_section][vc_tta_section title=&#8221;GZ&#8221; tab_id=&#8221;1675848550397-24276947-0621a494-a391&#8243;][vc_row_inner equal_height=&#8221;yes&#8221; content_placement=&#8221;middle&#8221; css=&#8221;.vc_custom_1680170251668{padding-top: 0px !important;}&#8221;][vc_column_inner width=&#8221;1\/2&#8243;][vc_column_text css=&#8221;.vc_custom_1688473475687{margin-bottom: 20px !important;}&#8221;]Die rutschhemmenden Profile <strong>GZ<\/strong> zeichnen sich durch einen guten Dr\u00e4nageeffekt und hohe Rutschsicherheit (R-Wert) aus. Sie eignen sich optimal f\u00fcr Innenr\u00e4ume, da die Struktur nicht zu invasiv ist.[\/vc_column_text][vc_raw_html]JTNDdGFibGUlMjBzdHlsZSUzRCUyMndpZHRoJTNBMTAwJTI1JTIyJTNFJTBBJTIwJTIwJTNDdHIlM0UlMEElMjAlMjAlMjAlMjAlM0N0aCUzRU1hdGVyaWFsJTNDJTJGdGglM0UlMEElMjAlMjAlMjAlMjAlM0N0aCUzRUJMRUNIRElDS0UlM0MlMkZ0aCUzRSUwQSUyMCUyMCUzQyUyRnRyJTNFJTBBJTIwJTIwJTNDdHIlM0UlMEElMjAlMjAlMjAlMjAlM0N0ZCUzRVJvaHN0YWhsJTJDJTIwZmV1ZXJ2ZXJ6aW5rdGVyJTIwU3RhaGwlMjBVTkklMjBFTiUyMElTTyUyMDE0NjElM0MlMkZ0ZCUzRSUwQSUyMCUyMCUyMCUyMCUzQ3RkJTIwc3R5bGUlM0QlMjJ0ZXh0LWFsaWduJTNBJTIwY2VudGVyJTNCJTIyJTNFMSUyQzUlMkYyJTJGMiUyQzUlMkYzJTNDJTJGdGQlM0UlMEElMjAlMjAlM0MlMkZ0ciUzRSUwQSUyMCUyMCUzQ3RyJTNFJTBBJTIwJTIwJTIwJTIwJTNDdGQlM0VWb3J2ZXJ6aW5rdGVyJTIwU3RhaGwlM0MlMkZ0ZCUzRSUwQSUyMCUyMCUyMCUyMCUzQ3RkJTIwc3R5bGUlM0QlMjJ0ZXh0LWFsaWduJTNBJTIwY2VudGVyJTNCJTIyJTNFMSUyQzUlMkYyJTJGMiUyQzUlMkYzJTNDJTJGdGQlM0UlMEElMjAlMjAlM0MlMkZ0ciUzRSUwQSUyMCUyMCUzQ3RyJTNFJTBBJTIwJTIwJTIwJTIwJTNDdGQlM0VFZGVsc3RhaGwlM0MlMkZ0ZCUzRSUwQSUyMCUyMCUyMCUyMCUzQ3RkJTIwc3R5bGUlM0QlMjJ0ZXh0LWFsaWduJTNBJTIwY2VudGVyJTNCJTIyJTNFMSUyQzUlMkYyJTJBJTNDJTJGdGQlM0UlMEElMjAlMjAlM0MlMkZ0ciUzRSUwQSUyMCUyMCUzQ3RyJTNFJTBBJTIwJTIwJTIwJTIwJTNDdGQlM0VBbHVtaW5pdW0lM0MlMkZ0ZCUzRSUwQSUyMCUyMCUyMCUyMCUzQ3RkJTIwc3R5bGUlM0QlMjJ0ZXh0LWFsaWduJTNBJTIwY2VudGVyJTNCJTIyJTNFMSUyQzUlMkYyJTJGMiUyQzUlMkYzJTNDJTJGdGQlM0UlMEElMjAlMjAlM0MlMkZ0ciUzRSUwQSUyMCUyMCUzQ3RyJTNFJTBBJTIwJTIwJTIwJTIwJTNDdGQlMjBjb2xzcGFuJTNEJTIyMiUyMiUyMHN0eWxlJTNEJTIydGV4dC1hbGlnbiUzQSUyMGNlbnRlciUzQiUyMiUzRU1heGltYWxlciUyMEFyYmVpdHNiZXJlaWNoJTIwNDAwMHgxNTAwJTNDJTJGdGQlM0UlMEElMjAlMjAlM0MlMkZ0ciUzRSUwQSUzQyUyRnRhYmxlJTNF[\/vc_raw_html][vc_column_text css=&#8221;.vc_custom_1688473538871{margin-top: 20px !important;}&#8221;]<\/p>\n<p style=\"font-size: 12px;\">* CMM beh\u00e4lt sich vor, die Machbarkeit je nach Gr\u00f6\u00dfe der erforderlichen Platten von Fall zu Fall zu beurteilen.<\/p>\n<p>[\/vc_column_text][\/vc_column_inner][vc_column_inner width=&#8221;1\/2&#8243;][vc_single_image image=&#8221;7566&#8243; img_size=&#8221;full&#8221;][\/vc_column_inner][\/vc_row_inner][vc_row_inner css=&#8221;.vc_custom_1680170187894{padding-top: 0px !important;}&#8221;][vc_column_inner width=&#8221;1\/2&#8243;][vc_single_image image=&#8221;7486&#8243; img_size=&#8221;full&#8221;][\/vc_column_inner][vc_column_inner width=&#8221;1\/2&#8243;][vc_single_image image=&#8221;7487&#8243; img_size=&#8221;full&#8221;][\/vc_column_inner][\/vc_row_inner][\/vc_tta_section][vc_tta_section title=&#8221;P1&#8243; tab_id=&#8221;1675849426003-d1a6571c-b66ba494-a391&#8243;][vc_row_inner equal_height=&#8221;yes&#8221; content_placement=&#8221;middle&#8221; css=&#8221;.vc_custom_1680170257202{padding-top: 0px !important;}&#8221;][vc_column_inner width=&#8221;1\/2&#8243;][vc_column_text css=&#8221;.vc_custom_1688473549705{margin-bottom: 20px !important;}&#8221;]Die rutschhemmenden Profile <strong>P1<\/strong> zeichnen sich durch einen optimalen Dr\u00e4nageeffekt und hohe Rutschsicherheit (R-Wert) aus. Sie eignen sich hervorragend f\u00fcr Innenr\u00e4ume, da die Textur nicht zu dicht und zu invasiv ist.[\/vc_column_text][vc_raw_html]JTNDdGFibGUlMjBzdHlsZSUzRCUyMndpZHRoJTNBMTAwJTI1JTIyJTNFJTBBJTIwJTIwJTNDdHIlM0UlMEElMjAlMjAlMjAlMjAlM0N0aCUzRU1hdGVyaWFsJTNDJTJGdGglM0UlMEElMjAlMjAlMjAlMjAlM0N0aCUzRUJMRUNIRElDS0UlM0MlMkZ0aCUzRSUwQSUyMCUyMCUzQyUyRnRyJTNFJTBBJTIwJTIwJTNDdHIlM0UlMEElMjAlMjAlMjAlMjAlM0N0ZCUzRVJvaHN0YWhsJTJDJTIwZmV1ZXJ2ZXJ6aW5rdGVyJTIwU3RhaGwlMjBVTkklMjBFTiUyMElTTyUyMDE0NjElM0MlMkZ0ZCUzRSUwQSUyMCUyMCUyMCUyMCUzQ3RkJTIwc3R5bGUlM0QlMjJ0ZXh0LWFsaWduJTNBJTIwY2VudGVyJTNCJTIyJTNFMSUyQzUlMkYyJTNDJTJGdGQlM0UlMEElMjAlMjAlM0MlMkZ0ciUzRSUwQSUyMCUyMCUzQ3RyJTNFJTBBJTIwJTIwJTIwJTIwJTNDdGQlM0VWb3J2ZXJ6aW5rdGVyJTIwU3RhaGwlM0MlMkZ0ZCUzRSUwQSUyMCUyMCUyMCUyMCUzQ3RkJTIwc3R5bGUlM0QlMjJ0ZXh0LWFsaWduJTNBJTIwY2VudGVyJTNCJTIyJTNFMSUyQzUlMkYyJTNDJTJGdGQlM0UlMEElMjAlMjAlM0MlMkZ0ciUzRSUwQSUyMCUyMCUzQ3RyJTNFJTBBJTIwJTIwJTIwJTIwJTNDdGQlM0VFZGVsc3RhaGwlM0MlMkZ0ZCUzRSUwQSUyMCUyMCUyMCUyMCUzQ3RkJTIwc3R5bGUlM0QlMjJ0ZXh0LWFsaWduJTNBJTIwY2VudGVyJTNCJTIyJTNFMSUyQzUlMkElM0MlMkZ0ZCUzRSUwQSUyMCUyMCUzQyUyRnRyJTNFJTBBJTIwJTIwJTNDdHIlM0UlMEElMjAlMjAlMjAlMjAlM0N0ZCUzRUFsdW1pbml1bSUzQyUyRnRkJTNFJTBBJTIwJTIwJTIwJTIwJTNDdGQlMjBzdHlsZSUzRCUyMnRleHQtYWxpZ24lM0ElMjBjZW50ZXIlM0IlMjIlM0UxJTJDNSUyRjIlM0MlMkZ0ZCUzRSUwQSUyMCUyMCUzQyUyRnRyJTNFJTBBJTIwJTIwJTNDdHIlM0UlMEElMjAlMjAlMjAlMjAlM0N0ZCUyMGNvbHNwYW4lM0QlMjIyJTIyJTIwc3R5bGUlM0QlMjJ0ZXh0LWFsaWduJTNBJTIwY2VudGVyJTNCJTIyJTNFTWF4aW1hbGVyJTIwQXJiZWl0c2JlcmVpY2glMjA0MDAweDE1MDAlM0MlMkZ0ZCUzRSUwQSUyMCUyMCUzQyUyRnRyJTNFJTBBJTNDJTJGdGFibGUlM0U=[\/vc_raw_html][vc_column_text css=&#8221;.vc_custom_1688473604104{margin-top: 20px !important;}&#8221;]<\/p>\n<p style=\"font-size: 12px;\">* CMM beh\u00e4lt sich vor, die Machbarkeit je nach Gr\u00f6\u00dfe der erforderlichen Platten von Fall zu Fall zu beurteilen.<\/p>\n<p>[\/vc_column_text][\/vc_column_inner][vc_column_inner width=&#8221;1\/2&#8243;][vc_single_image image=&#8221;7493&#8243; img_size=&#8221;full&#8221;][\/vc_column_inner][\/vc_row_inner][vc_row_inner css=&#8221;.vc_custom_1680170196534{padding-top: 0px !important;}&#8221;][vc_column_inner width=&#8221;1\/2&#8243;][vc_single_image image=&#8221;7491&#8243; img_size=&#8221;full&#8221;][\/vc_column_inner][vc_column_inner width=&#8221;1\/2&#8243;][vc_single_image image=&#8221;7492&#8243; img_size=&#8221;full&#8221;][\/vc_column_inner][\/vc_row_inner][\/vc_tta_section][vc_tta_section title=&#8221;P2&#8243; tab_id=&#8221;1675849647789-1c98c355-d7fea494-a391&#8243;][vc_row_inner equal_height=&#8221;yes&#8221; content_placement=&#8221;middle&#8221; css=&#8221;.vc_custom_1680170262084{padding-top: 0px !important;}&#8221;][vc_column_inner width=&#8221;1\/2&#8243;][vc_column_text css=&#8221;.vc_custom_1688473615156{margin-bottom: 20px !important;}&#8221;]Die rutschhemmenden Profile <strong>P2<\/strong> zeichnen sich durch eine gute Rutschsicherheit (R-Wert) aus. Sie eignen sich hervorragend f\u00fcr Innenr\u00e4ume, da die Textur nicht zu dicht und zu invasiv ist.[\/vc_column_text][vc_raw_html]JTNDdGFibGUlMjBzdHlsZSUzRCUyMndpZHRoJTNBMTAwJTI1JTIyJTNFJTBBJTIwJTIwJTNDdHIlM0UlMEElMjAlMjAlMjAlMjAlM0N0aCUzRU1hdGVyaWFsJTNDJTJGdGglM0UlMEElMjAlMjAlMjAlMjAlM0N0aCUzRUJMRUNIRElDS0UlM0MlMkZ0aCUzRSUwQSUyMCUyMCUzQyUyRnRyJTNFJTBBJTIwJTIwJTNDdHIlM0UlMEElMjAlMjAlMjAlMjAlM0N0ZCUzRVJvaHN0YWhsJTJDJTIwZmV1ZXJ2ZXJ6aW5rdGVyJTIwU3RhaGwlMjBVTkklMjBFTiUyMElTTyUyMDE0NjElM0MlMkZ0ZCUzRSUwQSUyMCUyMCUyMCUyMCUzQ3RkJTIwc3R5bGUlM0QlMjJ0ZXh0LWFsaWduJTNBJTIwY2VudGVyJTNCJTIyJTNFMSUyQzUlMkYyJTJGMiUyQzUlM0MlMkZ0ZCUzRSUwQSUyMCUyMCUzQyUyRnRyJTNFJTBBJTIwJTIwJTNDdHIlM0UlMEElMjAlMjAlMjAlMjAlM0N0ZCUzRVZvcnZlcnppbmt0ZXIlMjBTdGFobCUzQyUyRnRkJTNFJTBBJTIwJTIwJTIwJTIwJTNDdGQlMjBzdHlsZSUzRCUyMnRleHQtYWxpZ24lM0ElMjBjZW50ZXIlM0IlMjIlM0UxJTJDNSUyRjIlMkYyJTJDNSUzQyUyRnRkJTNFJTBBJTIwJTIwJTNDJTJGdHIlM0UlMEElMjAlMjAlM0N0ciUzRSUwQSUyMCUyMCUyMCUyMCUzQ3RkJTNFRWRlbHN0YWhsJTNDJTJGdGQlM0UlMEElMjAlMjAlMjAlMjAlM0N0ZCUyMHN0eWxlJTNEJTIydGV4dC1hbGlnbiUzQSUyMGNlbnRlciUzQiUyMiUzRTElMkM1JTJGMiUyQSUzQyUyRnRkJTNFJTBBJTIwJTIwJTNDJTJGdHIlM0UlMEElMjAlMjAlM0N0ciUzRSUwQSUyMCUyMCUyMCUyMCUzQ3RkJTNFQWx1bWluaXVtJTNDJTJGdGQlM0UlMEElMjAlMjAlMjAlMjAlM0N0ZCUyMHN0eWxlJTNEJTIydGV4dC1hbGlnbiUzQSUyMGNlbnRlciUzQiUyMiUzRTElMkM1JTJGMiUyRjIlMkM1JTNDJTJGdGQlM0UlMEElMjAlMjAlM0MlMkZ0ciUzRSUwQSUyMCUyMCUzQ3RyJTNFJTBBJTIwJTIwJTIwJTIwJTNDdGQlMjBjb2xzcGFuJTNEJTIyMiUyMiUyMHN0eWxlJTNEJTIydGV4dC1hbGlnbiUzQSUyMGNlbnRlciUzQiUyMiUzRU1heGltYWxlciUyMEFyYmVpdHNiZXJlaWNoJTIwNDAwMHgxNTAwJTNDJTJGdGQlM0UlMEElMjAlMjAlM0MlMkZ0ciUzRSUwQSUzQyUyRnRhYmxlJTNF[\/vc_raw_html][vc_column_text css=&#8221;.vc_custom_1688473666435{margin-top: 20px !important;}&#8221;]<\/p>\n<p style=\"font-size: 12px;\">* CMM beh\u00e4lt sich vor, die Machbarkeit je nach Gr\u00f6\u00dfe der erforderlichen Platten von Fall zu Fall zu beurteilen<\/p>\n<p>[\/vc_column_text][\/vc_column_inner][vc_column_inner width=&#8221;1\/2&#8243;][vc_single_image image=&#8221;7496&#8243; img_size=&#8221;full&#8221;][\/vc_column_inner][\/vc_row_inner][vc_row_inner css=&#8221;.vc_custom_1680170204342{padding-top: 0px !important;}&#8221;][vc_column_inner width=&#8221;1\/2&#8243;][vc_single_image image=&#8221;7497&#8243; img_size=&#8221;full&#8221;][\/vc_column_inner][vc_column_inner width=&#8221;1\/2&#8243;][vc_single_image image=&#8221;7498&#8243; img_size=&#8221;full&#8221;][\/vc_column_inner][\/vc_row_inner][\/vc_tta_section][vc_tta_section title=&#8221;UD&#8221; tab_id=&#8221;1675849814594-59e067a3-668ca494-a391&#8243;][vc_row_inner equal_height=&#8221;yes&#8221; content_placement=&#8221;middle&#8221; css=&#8221;.vc_custom_1680170391625{padding-top: 0px !important;}&#8221;][vc_column_inner width=&#8221;1\/2&#8243;][vc_column_text css=&#8221;.vc_custom_1688473684136{margin-bottom: 20px !important;}&#8221;]Die rutschhemmenden Profile <strong>UD<\/strong> zeichnen sich durch einen optimalen Dr\u00e4nageeffekt und gute Rutschsicherheit (R-Wert) aus. Sie eignen sich hervorragend auch f\u00fcr Innenr\u00e4ume.[\/vc_column_text][vc_raw_html]JTNDdGFibGUlMjBzdHlsZSUzRCUyMndpZHRoJTNBMTAwJTI1JTIyJTNFJTBBJTIwJTIwJTNDdHIlM0UlMEElMjAlMjAlMjAlMjAlM0N0aCUzRU1hdGVyaWFsJTNDJTJGdGglM0UlMEElMjAlMjAlMjAlMjAlM0N0aCUzRUJMRUNIRElDS0UlM0MlMkZ0aCUzRSUwQSUyMCUyMCUzQyUyRnRyJTNFJTBBJTIwJTIwJTNDdHIlM0UlMEElMjAlMjAlMjAlMjAlM0N0ZCUzRVJvaHN0YWhsJTJDJTIwZmV1ZXJ2ZXJ6aW5rdGVyJTIwU3RhaGwlMjBVTkklMjBFTiUyMElTTyUyMDE0NjElM0MlMkZ0ZCUzRSUwQSUyMCUyMCUyMCUyMCUzQ3RkJTIwc3R5bGUlM0QlMjJ0ZXh0LWFsaWduJTNBJTIwY2VudGVyJTNCJTIyJTNFMSUyQzUlMkYyJTNDJTJGdGQlM0UlMEElMjAlMjAlM0MlMkZ0ciUzRSUwQSUyMCUyMCUzQ3RyJTNFJTBBJTIwJTIwJTIwJTIwJTNDdGQlM0VWb3J2ZXJ6aW5rdGVyJTIwU3RhaGwlM0MlMkZ0ZCUzRSUwQSUyMCUyMCUyMCUyMCUzQ3RkJTIwc3R5bGUlM0QlMjJ0ZXh0LWFsaWduJTNBJTIwY2VudGVyJTNCJTIyJTNFMSUyQzUlMkYyJTNDJTJGdGQlM0UlMEElMjAlMjAlM0MlMkZ0ciUzRSUwQSUyMCUyMCUzQ3RyJTNFJTBBJTIwJTIwJTIwJTIwJTNDdGQlM0VFZGVsc3RhaGwlM0MlMkZ0ZCUzRSUwQSUyMCUyMCUyMCUyMCUzQ3RkJTIwc3R5bGUlM0QlMjJ0ZXh0LWFsaWduJTNBJTIwY2VudGVyJTNCJTIyJTNFMSUyQzUlMkElM0MlMkZ0ZCUzRSUwQSUyMCUyMCUzQyUyRnRyJTNFJTBBJTIwJTIwJTNDdHIlM0UlMEElMjAlMjAlMjAlMjAlM0N0ZCUzRUFsdW1pbml1bSUzQyUyRnRkJTNFJTBBJTIwJTIwJTIwJTIwJTNDdGQlMjBzdHlsZSUzRCUyMnRleHQtYWxpZ24lM0ElMjBjZW50ZXIlM0IlMjIlM0UxJTJDNSUyRjIlM0MlMkZ0ZCUzRSUwQSUyMCUyMCUzQyUyRnRyJTNFJTBBJTIwJTIwJTNDdHIlM0UlMEElMjAlMjAlMjAlMjAlM0N0ZCUyMGNvbHNwYW4lM0QlMjIyJTIyJTIwc3R5bGUlM0QlMjJ0ZXh0LWFsaWduJTNBJTIwY2VudGVyJTNCJTIyJTNFTWF4aW1hbGVyJTIwQXJiZWl0c2JlcmVpY2glMjA0MDAweDE1MDAlM0MlMkZ0ZCUzRSUwQSUyMCUyMCUzQyUyRnRyJTNFJTBBJTNDJTJGdGFibGUlM0U=[\/vc_raw_html][vc_column_text css=&#8221;.vc_custom_1688473739872{margin-top: 20px !important;}&#8221;]<\/p>\n<p style=\"font-size: 12px;\">* CMM beh\u00e4lt sich vor, die Machbarkeit je nach Gr\u00f6\u00dfe der erforderlichen Platten von Fall zu Fall zu beurteilen<\/p>\n<p>[\/vc_column_text][\/vc_column_inner][vc_column_inner width=&#8221;1\/2&#8243;][vc_single_image image=&#8221;7507&#8243; img_size=&#8221;full&#8221;][\/vc_column_inner][\/vc_row_inner][vc_row_inner css=&#8221;.vc_custom_1680170379823{padding-top: 0px !important;}&#8221;][vc_column_inner width=&#8221;1\/2&#8243;][vc_single_image image=&#8221;7505&#8243; img_size=&#8221;full&#8221;][\/vc_column_inner][vc_column_inner width=&#8221;1\/2&#8243;][vc_single_image image=&#8221;7506&#8243; img_size=&#8221;full&#8221;][\/vc_column_inner][\/vc_row_inner][\/vc_tta_section][\/vc_tta_tabs][\/vc_column][\/vc_row]<\/p>\n","protected":false},"excerpt":{"rendered":"<p>[vc_row][vc_column][vc_empty_space alter_height=&#8221;small&#8221; hide_on_mobile=&#8221;&#8221;][vc_column_text el_class=&#8221;justify&#8221;] Die rutschhemmenden Profile Easy Grip von CMM zeichnen sich durch eine rutschfeste Textur aus, die eine einfache Dr\u00e4nage zulassen und ein Befahren mit Wagen oder Fahrzeugen&hellip;<\/p>\n","protected":false},"author":2,"featured_media":2632,"parent":3416,"menu_order":0,"comment_status":"closed","ping_status":"closed","template":"","meta":[],"_links":{"self":[{"href":"https:\/\/www.cmmlaser.it\/de\/wp-json\/wp\/v2\/pages\/3314"}],"collection":[{"href":"https:\/\/www.cmmlaser.it\/de\/wp-json\/wp\/v2\/pages"}],"about":[{"href":"https:\/\/www.cmmlaser.it\/de\/wp-json\/wp\/v2\/types\/page"}],"author":[{"embeddable":true,"href":"https:\/\/www.cmmlaser.it\/de\/wp-json\/wp\/v2\/users\/2"}],"replies":[{"embeddable":true,"href":"https:\/\/www.cmmlaser.it\/de\/wp-json\/wp\/v2\/comments?post=3314"}],"version-history":[{"count":7,"href":"https:\/\/www.cmmlaser.it\/de\/wp-json\/wp\/v2\/pages\/3314\/revisions"}],"predecessor-version":[{"id":8185,"href":"https:\/\/www.cmmlaser.it\/de\/wp-json\/wp\/v2\/pages\/3314\/revisions\/8185"}],"up":[{"embeddable":true,"href":"https:\/\/www.cmmlaser.it\/de\/wp-json\/wp\/v2\/pages\/3416"}],"wp:featuredmedia":[{"embeddable":true,"href":"https:\/\/www.cmmlaser.it\/de\/wp-json\/wp\/v2\/media\/2632"}],"wp:attachment":[{"href":"https:\/\/www.cmmlaser.it\/de\/wp-json\/wp\/v2\/media?parent=3314"}],"curies":[{"name":"wp","href":"https:\/\/api.w.org\/{rel}","templated":true}]}}