{"id":3094,"date":"2018-04-13T15:26:34","date_gmt":"2018-04-13T13:26:34","guid":{"rendered":"http:\/\/www.cmmlaser.it\/?page_id=3094"},"modified":"2022-12-07T16:24:28","modified_gmt":"2022-12-07T15:24:28","slug":"laserschneiden-von-drittanbietern","status":"publish","type":"page","link":"https:\/\/www.cmmlaser.it\/de\/ueber-uns\/laserschneiden-von-drittanbietern\/","title":{"rendered":"Laserschneiden von Drittanbietern"},"content":{"rendered":"<p>[vc_row equal_height=&#8221;yes&#8221; css_animation=&#8221;slideInLeft&#8221; el_id=&#8221;storia&#8221;][vc_column][vc_empty_space alter_height=&#8221;small&#8221; hide_on_mobile=&#8221;&#8221;][\/vc_column][vc_column width=&#8221;1\/2&#8243;][vc_single_image image=&#8221;2673&#8243; img_size=&#8221;large&#8221; alignment=&#8221;center&#8221;][vc_empty_space alter_height=&#8221;medium&#8221; hide_on_mobile=&#8221;&#8221;][\/vc_column][vc_column width=&#8221;1\/2&#8243;]<div id=\"sc_title_615613059\"\n\t\tclass=\"sc_title sc_title_default\"><h2 class=\"sc_item_title sc_title_title sc_align_default sc_item_title_style_default sc_item_title_tag\">Die Etappen der Geschichte von CMM<\/h2><\/div><!-- \/.sc_title -->[vc_tta_tabs style=&#8221;flat&#8221; shape=&#8221;square&#8221; color=&#8221;blue&#8221; active_section=&#8221;1&#8243; no_fill_content_area=&#8221;true&#8221;][vc_tta_section title=&#8221;1974&#8243; tab_id=&#8221;1485784971404-8682046f-17f0&#8243;][vc_column_text]Die Geschichte von CMM beginnt im Jahr 1974 mit der Er\u00f6ffnung des Familienbetriebs Ghirardi in Medole, einem Metallbauunternehmen, das sich mit der handwerklichen Ver- und Bearbeitung von Stahl f\u00fcr Private befasst.[\/vc_column_text][\/vc_tta_section][vc_tta_section title=&#8221;1978&#8243; tab_id=&#8221;1485784971491-d4994758-c559&#8243;][vc_column_text]Nach nur vier Jahren wagt sich CMM 1978, in einer Zeit, die durch die wirtschaftliche Expansion Italiens gekennzeichnet ist, an den Firmenmarkt.[\/vc_column_text][\/vc_tta_section][vc_tta_section title=&#8221;1981 &#8211; 1989&#8243; tab_id=&#8221;1485785070957-9af0be1d-c28e&#8221;][vc_column_text]Zwischen 1981 und 1989 werden die ersten numerisch gesteuerten Abkantpress- und Lochstanzmaschinen eingef\u00fchrt, auf deren Grundlage die heute im Unternehmen verwendeten Laserschneidmaschinen entstanden sind.[\/vc_column_text][\/vc_tta_section][vc_tta_section title=&#8221;1994 &#8211; 1996&#8243; tab_id=&#8221;1485785088815-c311a9d2-4ef8&#8243;][vc_column_text]Die erste kombinierte Laserstanzmaschine h\u00e4lt 1994 Einzug ins Unternehmen, 1996 ist die Laserschneidmaschine mit seitlicher Spindel an der Reihe, die, einer Eingebung gleich, den Markttendenzen im Bereich der Laseranwendungen f\u00fcr die Bearbeitung von Rohren vorauseilt.[\/vc_column_text][\/vc_tta_section][vc_tta_section title=&#8221;1998&#8243; tab_id=&#8221;1521725744097-551e6662-a1ab&#8221;][vc_column_text]1998 wird die erste Laserschneidmaschine f\u00fcr Rohre installiert und damit der Grundstein f\u00fcr das gelegt, was die zentrale Gesch\u00e4ftst\u00e4tigkeit des Unternehmens werden wird, f\u00fcr die es sich auf europ\u00e4ischer Ebene auszeichnet und f\u00fcr die 2001eine gesonderte Division er\u00f6ffnet wird.[\/vc_column_text][\/vc_tta_section][vc_tta_section title=&#8221;Jahrtausendwende&#8221; tab_id=&#8221;1521725796296-cfff968c-a43a&#8221;][vc_column_text]Anfang des neuen Jahrtausends, mit der Erschlie\u00dfung der ausl\u00e4ndischen M\u00e4rkte, entwickelt sich CMM vom kleinen Handwerksbetrieb zum internationalen Unternehmen, das 2007 eine weitere Investition t\u00e4tigt und ein neues Au\u00dfenhandelsb\u00fcro er\u00f6ffnet.[\/vc_column_text][\/vc_tta_section][vc_tta_section title=&#8221;2007&#8243; tab_id=&#8221;1521725807402-24067dc6-1701&#8243;][vc_column_text]2007 ist ein wichtiges Jahr f\u00fcr CMM, denn es ist durch die Einf\u00fchrung einer Maschine der absoluten Spitzenklasse gekennzeichnet.[\/vc_column_text][\/vc_tta_section][vc_tta_section title=&#8221;HEUTE&#8221; tab_id=&#8221;1521725819984-cf8f397a-247f&#8221;][vc_column_text]Seit Anfang des neuen Jahrtausends bis heute hat CMM laufend in die Fortbildung der eigenen Mitarbeiter, in die technologische Erneuerung der Maschinen und in den Vertrieb auf den Auslandsm\u00e4rkten investiert, wobei das Unternehmen auch die aus historischer Sicht schwierigsten Momente f\u00fcr Italien mit positivem Trend \u00fcberwunden hat.<br \/>\nHeute ist CMM eines der namhaftesten europ\u00e4ischen Zentren f\u00fcr das Laserschneiden von Rohren, Tr\u00e4gern und Blechen &#8211; ein konstant wachsendes, solides Unternehmen, das unerm\u00fcdlich nach der jeweils optimalen L\u00f6sung f\u00fcr seine Kunden sucht.[\/vc_column_text][\/vc_tta_section][\/vc_tta_tabs][vc_row_inner el_class=&#8221;row_brochure&#8221;][vc_column_inner width=&#8221;1\/2&#8243;][vc_column_text el_class=&#8221;sc_item_button sc_button_wrap brochure&#8221;]<a href=\"http:\/\/www.cmmlaser.it\/wp-content\/uploads\/2018\/04\/CMM_brochure_2018_D-FR.pdf\" target=\"_blank\" rel=\"noopener\">Laden Sie die Brosch\u00fcre herunter<\/a>[\/vc_column_text][\/vc_column_inner][vc_column_inner width=&#8221;1\/2&#8243;][\/vc_column_inner][\/vc_row_inner][vc_empty_space alter_height=&#8221;medium&#8221; hide_on_mobile=&#8221;&#8221;][\/vc_column][\/vc_row][vc_row full_width=&#8221;stretch_row&#8221; equal_height=&#8221;yes&#8221; css_animation=&#8221;flipInX&#8221; css=&#8221;.vc_custom_1522057149338{background-color: #f0f0f0 !important;}&#8221; el_id=&#8221;mission&#8221;][vc_column][vc_empty_space alter_height=&#8221;medium&#8221; hide_on_mobile=&#8221;&#8221;][\/vc_column][vc_column width=&#8221;1\/2&#8243;]<div id=\"sc_title_939544094\"\n\t\tclass=\"sc_title sc_title_default\"><h2 class=\"sc_item_title sc_title_title sc_align_default sc_item_title_style_default sc_item_title_tag\">Die Mission des Unternehmens<\/h2><div class=\"sc_item_descr sc_title_descr sc_align_default\">Die synergetische Zusammenarbeit mit dem Kunden unter Einsatz der <strong>Laserschneid<\/strong> technologie wie auch der Aufbau einer auf gegenseitigem Vertrauen basierenden nachhaltigen Kundenbeziehung, ist das Ziel, dem CMM Tag f\u00fcr Tag verpflichtet ist.<br \/>\nDie Kooperation mit unseren Kunden geht \u00fcber das reine Auftraggeber-Lieferanten-Verh\u00e4ltnis hinaus: Wir begreifen uns zun\u00e4chst und vor allem als Partner, der f\u00fcr jedes Erfordernis stets die optimale L\u00f6sung zu finden vermag, nat\u00fcrlich stets zeitnah und termingerecht.<\/div><\/div><!-- \/.sc_title -->[\/vc_column][vc_column width=&#8221;1\/2&#8243;][vc_single_image image=&#8221;2692&#8243; img_size=&#8221;large&#8221;][\/vc_column][vc_column][vc_empty_space alter_height=&#8221;medium&#8221; hide_on_mobile=&#8221;&#8221;][\/vc_column][\/vc_row][vc_row full_width=&#8221;stretch_row&#8221; full_height=&#8221;yes&#8221; content_placement=&#8221;middle&#8221; css_animation=&#8221;fadeIn&#8221; css=&#8221;.vc_custom_1638272022977{padding-top: 0px !important;padding-bottom: 0px !important;background: #ffffff url(https:\/\/www.cmmlaser.it\/wp-content\/uploads\/2021\/11\/CMM-laser-sedi-1-3.png?id=6700) !important;background-position: center !important;background-repeat: no-repeat !important;background-size: cover !important;}&#8221; el_id=&#8221;sedi&#8221;][vc_column][vc_empty_space alter_height=&#8221;large&#8221; hide_on_mobile=&#8221;&#8221;][vc_column_text css_animation=&#8221;slideInLeft&#8221; el_class=&#8221;sedi&#8221; css=&#8221;.vc_custom_1638272265231{background-color: rgba(255,255,255,0.4) !important;*background-color: rgb(255,255,255) !important;}&#8221;]<\/p>\n<h2>Wir arbeiten weltweit<\/h2>\n<p>[\/vc_column_text][vc_empty_space alter_height=&#8221;medium&#8221; hide_on_mobile=&#8221;&#8221;]<div id=\"sc_skills_634754722\"\n\t\tclass=\"sc_skills sc_skills_counter\"\n\t\t\t\tdata-type=\"counter\"\n\t\t><div class=\"sc_skills_columns sc_item_columns trx_addons_columns_wrap columns_padding_bottom\"><div class=\"sc_skills_column trx_addons_column-1_5\"><div class=\"sc_skills_item_wrap\"><div class=\"sc_skills_item\"><div class=\"sc_skills_total\" data-start=\"0\" data-stop=\"2\" data-step=\"200\" data-max=\"20000\" data-speed=\"20\" data-duration=\"0\" data-ed=\"\">0<\/div><\/div><div class=\"sc_skills_item_title\">Produktionsst\u00e4tten<\/div><\/div><\/div><div class=\"sc_skills_column trx_addons_column-1_5\"><div class=\"sc_skills_item_wrap\"><div class=\"sc_skills_item\"><div class=\"sc_skills_total\" data-start=\"0\" data-stop=\"20000\" data-step=\"200\" data-max=\"20000\" data-speed=\"17\" data-duration=\"1700\" data-ed=\"\">0<\/div><\/div><div class=\"sc_skills_item_title\">Produktionsfl\u00e4che (MQ)<\/div><\/div><\/div><div class=\"sc_skills_column trx_addons_column-1_5\"><div class=\"sc_skills_item_wrap\"><div class=\"sc_skills_item\"><div class=\"sc_skills_total\" data-start=\"0\" data-stop=\"130\" data-step=\"200\" data-max=\"20000\" data-speed=\"15\" data-duration=\"10\" data-ed=\"\">0<\/div><\/div><div class=\"sc_skills_item_title\">Mitarbeiter<\/div><\/div><\/div><div class=\"sc_skills_column trx_addons_column-1_5\"><div class=\"sc_skills_item_wrap\"><div class=\"sc_skills_item\"><div class=\"sc_skills_total\" data-start=\"0\" data-stop=\"40\" data-step=\"200\" data-max=\"20000\" data-speed=\"31\" data-duration=\"6\" data-ed=\"\">0<\/div><\/div><div class=\"sc_skills_item_title\">J\u00e4hrige Erfahrung<\/div><\/div><\/div><div class=\"sc_skills_column trx_addons_column-1_5\"><div class=\"sc_skills_item_wrap\"><div class=\"sc_skills_item\"><div class=\"sc_skills_total\" data-start=\"0\" data-stop=\"10500\" data-step=\"200\" data-max=\"20000\" data-speed=\"32\" data-duration=\"1680\" data-ed=\"\">0<\/div><\/div><div class=\"sc_skills_item_title\">Tonnen stahl im jahr 2021 verarbeitet<\/div><\/div><\/div><\/div><\/div>[vc_empty_space alter_height=&#8221;large&#8221; hide_on_mobile=&#8221;&#8221;][\/vc_column][\/vc_row][vc_row el_class=&#8221;informazioni_preventivo&#8221;][vc_column]<div class=\"sc_layouts sc_layouts_default sc_layouts_3258\"><p>[vc_row full_width=\"stretch_row\" equal_height=\"yes\" content_placement=\"middle\" scheme=\"dark\" row_delimiter=\"\" row_fixed=\"\" hide_on_mobile=\"\" hide_on_frontpage=\"\" css=\".vc_custom_1523443605967{padding-top: 60px !important;padding-bottom: 60px !important;background-image: url(http:\/\/www.cmmlaser.it\/wp-content\/uploads\/2018\/04\/saldatura-travi.jpg?id=2648) !important;background-position: center !important;background-repeat: no-repeat !important;background-size: cover !important;}\" el_class=\"informazioni_preventivo\"][vc_column width=\"1\/2\"][vc_column_text]<\/p>\r\n<h3 style=\"text-align: center;\"><strong>Kontaktieren<\/strong> Sie uns f\u00fcr <strong>Informationen<\/strong> oder um ein <strong>Angebot<\/strong> anzufordern. Wir beraten Sie gerne in deutscher Sprache.<\/h3>\r\n<p>[\/vc_column_text][\/vc_column][vc_column width=\"1\/2\"][vc_empty_space alter_height=\"medium\" hide_on_mobile=\"\"]\n<div class=\"wpcf7 no-js\" id=\"wpcf7-f3256-o1\" lang=\"it-IT\" dir=\"ltr\">\n<div class=\"screen-reader-response\"><p role=\"status\" aria-live=\"polite\" aria-atomic=\"true\"><\/p> <ul><\/ul><\/div>\n<form action=\"\/de\/wp-json\/wp\/v2\/pages\/3094#wpcf7-f3256-o1\" method=\"post\" class=\"wpcf7-form init wpcf7-acceptance-as-validation\" aria-label=\"Kontaktformular\" novalidate=\"novalidate\" data-status=\"init\">\n<div style=\"display: none;\">\n<input type=\"hidden\" name=\"_wpcf7\" value=\"3256\" \/>\n<input type=\"hidden\" name=\"_wpcf7_version\" value=\"5.7.7\" \/>\n<input type=\"hidden\" name=\"_wpcf7_locale\" value=\"it_IT\" \/>\n<input type=\"hidden\" name=\"_wpcf7_unit_tag\" value=\"wpcf7-f3256-o1\" \/>\n<input type=\"hidden\" name=\"_wpcf7_container_post\" value=\"0\" \/>\n<input type=\"hidden\" name=\"_wpcf7_posted_data_hash\" value=\"\" \/>\n<input type=\"hidden\" name=\"_wpcf7_recaptcha_response\" value=\"\" \/>\n<\/div>\n<div class=\"form-footer\">\n\t<div class=\"vc_row contatti footer\">\n\t\t<div class=\"vc_col-sm-6\">\n\t\t\t<p><span class=\"wpcf7-form-control-wrap\" data-name=\"your-name\"><input size=\"40\" class=\"wpcf7-form-control wpcf7-text wpcf7-validates-as-required\" aria-required=\"true\" aria-invalid=\"false\" placeholder=\"Name und Vorname *\" value=\"\" type=\"text\" name=\"your-name\" \/><\/span>\n\t\t\t<\/p>\n\t\t<\/div>\n\t\t<div class=\"vc_col-sm-6\">\n\t\t\t<p><span class=\"wpcf7-form-control-wrap\" data-name=\"your-agency\"><input size=\"40\" class=\"wpcf7-form-control wpcf7-text\" aria-invalid=\"false\" placeholder=\"Unternehmen\" value=\"\" type=\"text\" name=\"your-agency\" \/><\/span>\n\t\t\t<\/p>\n\t\t<\/div>\n\t<\/div>\n\t<div class=\"vc_row contatti footer\">\n\t\t<div class=\"vc_col-sm-12\">\n\t\t\t<p><span class=\"wpcf7-form-control-wrap\" data-name=\"your-email\"><input size=\"40\" class=\"wpcf7-form-control wpcf7-text wpcf7-email wpcf7-validates-as-required wpcf7-validates-as-email\" aria-required=\"true\" aria-invalid=\"false\" placeholder=\"E-Mail *\" value=\"\" type=\"email\" name=\"your-email\" \/><\/span>\n\t\t\t<\/p>\n\t\t<\/div>\n\t<\/div>\n\t<div class=\"vc_row contatti footer\">\n\t\t<div class=\"vc_col-sm-12\">\n\t\t\t<p><span class=\"wpcf7-form-control-wrap\" data-name=\"your-message\"><textarea cols=\"40\" rows=\"10\" class=\"wpcf7-form-control wpcf7-textarea\" aria-invalid=\"false\" placeholder=\"Nachricht\" name=\"your-message\"><\/textarea><\/span>\n\t\t\t<\/p>\n\t\t<\/div>\n\t<\/div>\n\t<p>Ich akzeptiere die Datenschutzregelung (<a class=\"footer_acceptance\" href='\/de\/privacy\/' target=\"_blank\">Siehe die Datenschutzhinweise<\/a>)<span class=\"wpcf7-form-control-wrap\" data-name=\"acceptance-17\"><span class=\"wpcf7-form-control wpcf7-acceptance\"><span class=\"wpcf7-list-item\"><input type=\"checkbox\" name=\"acceptance-17\" value=\"1\" aria-invalid=\"false\" \/><\/span><\/span><\/span>\n\t<\/p>\n\t<div class=\"vc_row contatti footer\">\n\t\t<div class=\"vc_col-sm-8\">\n\t\t\n\t\t<\/div>\n\t\t<div class=\"vc_col-sm-3\" style=\"float:right; text-align:right; padding:0!important\">\n\t\t\t<p><input class=\"wpcf7-form-control has-spinner wpcf7-submit\" type=\"submit\" value=\"Senden\" \/>\n\t\t\t<\/p>\n\t\t<\/div>\n\t<\/div>\n<\/div><div class=\"wpcf7-response-output\" aria-hidden=\"true\"><\/div>\n<\/form>\n<\/div>\n[\/vc_column][\/vc_row]<\/p>\r\n<\/div>[\/vc_column][\/vc_row]<\/p>\n","protected":false},"excerpt":{"rendered":"<p>[vc_row equal_height=&#8221;yes&#8221; css_animation=&#8221;slideInLeft&#8221; el_id=&#8221;storia&#8221;][vc_column][vc_empty_space alter_height=&#8221;small&#8221; hide_on_mobile=&#8221;&#8221;][\/vc_column][vc_column width=&#8221;1\/2&#8243;][vc_single_image image=&#8221;2673&#8243; img_size=&#8221;large&#8221; alignment=&#8221;center&#8221;][vc_empty_space alter_height=&#8221;medium&#8221; hide_on_mobile=&#8221;&#8221;][\/vc_column][vc_column width=&#8221;1\/2&#8243;][vc_tta_tabs style=&#8221;flat&#8221; shape=&#8221;square&#8221; color=&#8221;blue&#8221; active_section=&#8221;1&#8243; no_fill_content_area=&#8221;true&#8221;][vc_tta_section title=&#8221;1974&#8243; tab_id=&#8221;1485784971404-8682046f-17f0&#8243;][vc_column_text]Die Geschichte von CMM beginnt im Jahr 1974 mit der Er\u00f6ffnung&hellip;<\/p>\n","protected":false},"author":2,"featured_media":2673,"parent":3381,"menu_order":0,"comment_status":"closed","ping_status":"closed","template":"","meta":[],"_links":{"self":[{"href":"https:\/\/www.cmmlaser.it\/de\/wp-json\/wp\/v2\/pages\/3094"}],"collection":[{"href":"https:\/\/www.cmmlaser.it\/de\/wp-json\/wp\/v2\/pages"}],"about":[{"href":"https:\/\/www.cmmlaser.it\/de\/wp-json\/wp\/v2\/types\/page"}],"author":[{"embeddable":true,"href":"https:\/\/www.cmmlaser.it\/de\/wp-json\/wp\/v2\/users\/2"}],"replies":[{"embeddable":true,"href":"https:\/\/www.cmmlaser.it\/de\/wp-json\/wp\/v2\/comments?post=3094"}],"version-history":[{"count":24,"href":"https:\/\/www.cmmlaser.it\/de\/wp-json\/wp\/v2\/pages\/3094\/revisions"}],"predecessor-version":[{"id":7341,"href":"https:\/\/www.cmmlaser.it\/de\/wp-json\/wp\/v2\/pages\/3094\/revisions\/7341"}],"up":[{"embeddable":true,"href":"https:\/\/www.cmmlaser.it\/de\/wp-json\/wp\/v2\/pages\/3381"}],"wp:featuredmedia":[{"embeddable":true,"href":"https:\/\/www.cmmlaser.it\/de\/wp-json\/wp\/v2\/media\/2673"}],"wp:attachment":[{"href":"https:\/\/www.cmmlaser.it\/de\/wp-json\/wp\/v2\/media?parent=3094"}],"curies":[{"name":"wp","href":"https:\/\/api.w.org\/{rel}","templated":true}]}}