{"id":3066,"date":"2018-04-13T14:24:51","date_gmt":"2018-04-13T12:24:51","guid":{"rendered":"http:\/\/www.cmmlaser.it\/?page_id=3066"},"modified":"2022-01-03T13:21:00","modified_gmt":"2022-01-03T12:21:00","slug":"laserschneiden-von-rohren","status":"publish","type":"page","link":"https:\/\/www.cmmlaser.it\/de\/laserschneiden\/laserschneiden-von-rohren\/","title":{"rendered":"Laserschneiden von Rohren"},"content":{"rendered":"<p>[vc_row][vc_column][vc_empty_space alter_height=&#8221;small&#8221; hide_on_mobile=&#8221;&#8221;]<div id=\"sc_title_260804884\"\n\t\tclass=\"sc_title sc_title_default justify  vc_custom_1641212333200\"><h2 class=\"sc_item_title sc_title_title sc_align_default sc_item_title_style_default sc_item_title_tag\">Laserschneiden von Rohren<\/h2><\/div><!-- \/.sc_title -->[\/vc_column][vc_column width=&#8221;6\/12&#8243;][vc_column_text el_class=&#8221;justify&#8221;]<strong>CMM<\/strong> verf\u00fcgt \u00fcber eine auf h\u00f6chstem europ\u00e4ischen Niveau angesiedelte gesonderte Division f\u00fcr das <strong>Laserschneiden von Rohren<\/strong>, <strong>Rundstahl und Stahlprofilen<\/strong>.<\/p>\n<p>Der Grundstein zu diesem Gesch\u00e4ftsbereich wird von CMM 1998 mit der Installation der ersten Maschine gelegt und ist ab dem Moment durch ein unaufh\u00f6rliches und exponentielles Wachstum gekennzeichnet, bis im Jahr 2000 die exklusiv dem <strong>Laserschneiden von Rohren<\/strong> gewidmete Sparte eingerichtet wird: Heute besitzt das Unternehmen neun Laseranlagen der j\u00fcngsten Generation, die in der Lage sind,<strong> Rohre mit einem Mindestdurchmesser von 12 mm bis max. 610 mm<\/strong> abzul\u00e4ngen.<\/p>\n<p>Die Zielgruppen sind Unternehmen folgender <strong>Sektoren<\/strong>:<\/p>\n<p><strong>Landwirtschaft<br \/>\nNahrungsmittel<br \/>\nEinrichtung<br \/>\nAutomotive<br \/>\nChemie<br \/>\nBauwesen<br \/>\nErdbau<br \/>\nElektrohaushaltsger\u00e4te<br \/>\nPetrochemie<\/strong>.<\/p>\n<p>Die Besonderheit des Servicecenters von CMM besteht darin, Rohre<strong> nicht nur aus Carbon- und Edelstahl<\/strong> verarbeiten zu k\u00f6nnen, sondern <strong>auch<\/strong> &#8211; dank innovativer Glasfasertechnologie &#8211; <strong>Kupfer, Messing und Aluminium<\/strong>. CMM befasst sich neben dem <strong>Laserschneiden von Rohren<\/strong> au\u00dferdem mit <strong>Lochen, Ver\u00f6sen, Abrunden, Markieren, Abkanten und Schr\u00e4gschneiden<\/strong>. F\u00fcr jede Rohrtypologie steht nicht nur die optimale Anlage zur Verf\u00fcgung, sondern auch ein umfassendes Serviceangebot, das allen Kundenerfordernissen gerecht zu werden vermag.<br \/>\nDas technische Team von CMM bedient sich f\u00fcr die <strong>3D-Planung einer innovativen Software<\/strong>, welche die direkt vom Kunden bereitgestellten Dateien verarbeitet und dabei stets neue Technologiel\u00f6sungen eruiert, die zur Verbesserung der Qualit\u00e4t des gebotenen Services beizutragen in der Lage sind.<\/p>\n<p>Neben dem Laserschneiden von Rohren befasst sich CMM auch mit <a href=\"\/de\/laserschneiden\/blechlaserschneiden\/\" target=\"_blank\" rel=\"noopener\">Blechschneiden <\/a>und <a href=\"\/de\/laserschneiden\/laserschneiden-von-traegern\/\" target=\"_blank\" rel=\"noopener\">Laserschneiden von Tr\u00e4gern<\/a>.[\/vc_column_text][vc_empty_space alter_height=&#8221;small&#8221; hide_on_mobile=&#8221;2&#8243;][\/vc_column][vc_column width=&#8221;6\/12&#8243;][vc_column_text el_class=&#8221;justify&#8221;]<\/p>\n<table summary=\"Laserschneiden von Rohren Dritter\" cellspacing=\"0\">\n<tbody>\n<tr>\n<td style=\"text-align: center;\">Anzahl Anlagen<\/td>\n<td style=\"text-align: center;\">9<\/td>\n<\/tr>\n<tr>\n<td style=\"text-align: center;\">Min. Durchmesser<\/td>\n<td style=\"text-align: center;\">12 mm<\/td>\n<\/tr>\n<tr>\n<td style=\"text-align: center;\">Max. Durchmesser<\/td>\n<td style=\"text-align: center;\">508 mm<\/td>\n<\/tr>\n<tr>\n<td style=\"text-align: center;\">Spitzenlast<\/td>\n<td style=\"text-align: center;\">200 daN\/m<\/td>\n<\/tr>\n<tr>\n<td style=\"text-align: center;\">Min. Stabl\u00e4nge<\/td>\n<td style=\"text-align: center;\">2.500 mm<\/td>\n<\/tr>\n<tr>\n<td style=\"text-align: center;\">Max. Stabl\u00e4nge<\/td>\n<td style=\"text-align: center;\">15.000 mm<\/td>\n<\/tr>\n<tr>\n<td style=\"text-align: center;\">Max. Dicke<\/td>\n<td style=\"text-align: center;\">20 mm<\/td>\n<\/tr>\n<tr>\n<td style=\"text-align: center;\">Bearbeitbare Materialien<\/td>\n<td style=\"text-align: center;\">Edelstahl, Eisen, Aluminium, Messing, Kupfer<\/td>\n<\/tr>\n<\/tbody>\n<\/table>\n<p>[\/vc_column_text][vc_empty_space alter_height=&#8221;small&#8221; hide_on_mobile=&#8221;&#8221;]<div id=\"widget_slider_1370194882\" class=\"widget_area sc_widget_slider vc_widget_slider wpb_content_element\"><aside id=\"widget_slider_1370194882_widget\" class=\"widget widget_slider\">\t\t\t<div class=\"slider_wrap slider_engine_swiper\">\n\t\t\t\t<div id=\"widget_slider_1370194882_outer\" class=\"slider_swiper_outer slider_style_default slider_outer_controls slider_outer_controls_side slider_outer_nopagination slider_outer_titles_center slider_outer_one\"><div id=\"widget_slider_1370194882_swiper\" class=\"slider_swiper swiper-slider-container slider_controls slider_controls_side slider_nopagination slider_titles_center slider_one slider_resize slider_height_auto slider_type_bg\" data-ratio=\"16:9\" data-interval=\"3000\" data-effect=\"slide\" data-pagination=\"bullets\" data-slides-per-view=\"1\" data-slides-space=\"0\">\n\t\t\t\t\t\t<div class=\"swiper-wrapper\"><div  class=\"swiper-slide\" data-image=\"https:\/\/www.cmmlaser.it\/wp-content\/uploads\/2018\/04\/taglio-laser-tubi-profili-acciaio.jpg\" style=\"background-image:url(https:\/\/www.cmmlaser.it\/wp-content\/uploads\/2018\/04\/taglio-laser-tubi-profili-acciaio.jpg);\"><\/div><div  class=\"swiper-slide\" data-image=\"https:\/\/www.cmmlaser.it\/wp-content\/uploads\/2018\/04\/taglio-laser-tubolari.jpg\" style=\"background-image:url(https:\/\/www.cmmlaser.it\/wp-content\/uploads\/2018\/04\/taglio-laser-tubolari.jpg);\"><\/div><div  class=\"swiper-slide\" data-image=\"https:\/\/www.cmmlaser.it\/wp-content\/uploads\/2018\/04\/taglio-laser-tubi.jpg\" style=\"background-image:url(https:\/\/www.cmmlaser.it\/wp-content\/uploads\/2018\/04\/taglio-laser-tubi.jpg);\"><\/div><\/div><div class=\"slider_controls_wrap\"><a class=\"slider_prev swiper-button-prev\" href=\"#\"><\/a><a class=\"slider_next swiper-button-next\" href=\"#\"><\/a><\/div><\/div><\/div>\t\t\t<\/div>\n\t\t\t<\/aside><\/div>[\/vc_column][\/vc_row][vc_row full_width=&#8221;stretch_row&#8221; equal_height=&#8221;yes&#8221; css=&#8221;.vc_custom_1548932386603{padding-top: 0px !important;background-color: #f0f0f0 !important;}&#8221;][vc_column][vc_empty_space alter_height=&#8221;small&#8221; hide_on_mobile=&#8221;&#8221;]<div id=\"sc_title_1153370647\"\n\t\tclass=\"sc_title sc_title_default  vc_custom_1641201003646\"><h2 class=\"sc_item_title sc_title_title sc_align_center sc_item_title_style_default sc_item_title_tag\">Brauchbare Formate<\/h2><\/div><!-- \/.sc_title -->[\/vc_column][vc_column width=&#8221;1\/4&#8243; offset=&#8221;vc_col-xs-6&#8243;][vc_single_image image=&#8221;5399&#8243; img_size=&#8221;200&#215;200&#8243; alignment=&#8221;center&#8221;][vc_column_text el_class=&#8221;titolo_formato&#8221;]<\/p>\n<p>rund<\/p>\n<p>[\/vc_column_text][\/vc_column][vc_column width=&#8221;1\/4&#8243; offset=&#8221;vc_col-xs-6&#8243;][vc_single_image image=&#8221;5304&#8243; img_size=&#8221;200&#215;200&#8243; alignment=&#8221;center&#8221;][vc_column_text el_class=&#8221;titolo_formato&#8221;]<\/p>\n<p>Quadrat<\/p>\n<p>[\/vc_column_text][\/vc_column][vc_column width=&#8221;1\/4&#8243; offset=&#8221;vc_col-xs-6&#8243;][vc_single_image image=&#8221;5296&#8243; img_size=&#8221;200&#215;200&#8243; alignment=&#8221;center&#8221;][vc_column_text el_class=&#8221;titolo_formato&#8221;]<\/p>\n<p>Viereck<\/p>\n<p>[\/vc_column_text][\/vc_column][vc_column width=&#8221;1\/4&#8243; offset=&#8221;vc_col-xs-6&#8243;][vc_single_image image=&#8221;5292&#8243; img_size=&#8221;200&#215;200&#8243; alignment=&#8221;center&#8221;][vc_column_text el_class=&#8221;titolo_formato&#8221;]<\/p>\n<p>Oval<\/p>\n<p>[\/vc_column_text][\/vc_column][vc_column][vc_empty_space height=&#8221;10px&#8221; alter_height=&#8221;small&#8221; hide_on_mobile=&#8221;&#8221;]<div class=\"sc_item_button sc_button_wrap sc_align_center\"><a href=\"https:\/\/www.cmmlaser.it\/wp-content\/uploads\/2022\/01\/tabella-dimensione-tagli-1.jpg\" id=\"sc_button_214819110\" class=\"sc_button sc_button_default sc_button_size_normal sc_button_icon_left\"><span class=\"sc_button_text sc_align_center\"><span class=\"sc_button_title\">Siehe bearbeitbare Schnittma\u00dfe<\/span><\/span><!-- \/.sc_button_text --><\/a><!-- \/.sc_button --><\/div><!-- \/.sc_item_button -->[vc_empty_space height=&#8221;10px&#8221; alter_height=&#8221;small&#8221; hide_on_mobile=&#8221;&#8221;][\/vc_column][\/vc_row][vc_row][vc_column][vc_empty_space height=&#8221;20px&#8221; alter_height=&#8221;small&#8221; hide_on_mobile=&#8221;&#8221;]<div id=\"sc_title_2063514557\"\n\t\tclass=\"sc_title sc_title_default  vc_custom_1641201147358\"><h2 class=\"sc_item_title sc_title_title sc_align_center sc_item_title_style_default sc_item_title_tag\">Verarbeitbare Materialien<\/h2><\/div><!-- \/.sc_title -->[vc_empty_space height=&#8221;20px&#8221; alter_height=&#8221;small&#8221; hide_on_mobile=&#8221;&#8221;][\/vc_column][vc_column width=&#8221;1\/4&#8243; offset=&#8221;vc_col-xs-6&#8243;][vc_single_image image=&#8221;5229&#8243; alignment=&#8221;center&#8221; onclick=&#8221;custom_link&#8221; link=&#8221;\/materiali-lavorabili\/taglio-laser-ferro\/&#8221;][vc_column_text el_class=&#8221;titolo_materiali&#8221; css=&#8221;.vc_custom_1641201175883{margin-top: 10px !important;margin-bottom: 10px !important;}&#8221;]<\/p>\n<p>Eisen<\/p>\n<p>[\/vc_column_text][\/vc_column][vc_column width=&#8221;1\/4&#8243; offset=&#8221;vc_col-xs-6&#8243;][vc_single_image image=&#8221;5241&#8243; alignment=&#8221;center&#8221; onclick=&#8221;custom_link&#8221; link=&#8221;\/materiali-lavorabili\/taglio-laser-acciaio-inox\/&#8221;][vc_column_text el_class=&#8221;titolo_materiali&#8221; css=&#8221;.vc_custom_1641201205874{margin-top: 10px !important;margin-bottom: 10px !important;}&#8221;]<\/p>\n<p>Inox<\/p>\n<p>[\/vc_column_text][\/vc_column][vc_column width=&#8221;1\/4&#8243; offset=&#8221;vc_col-xs-6&#8243;][vc_single_image image=&#8221;5253&#8243; alignment=&#8221;center&#8221; onclick=&#8221;custom_link&#8221; link=&#8221;\/materiali-lavorabili\/taglio-laser-alluminio\/&#8221;][vc_column_text el_class=&#8221;titolo_materiali&#8221; css=&#8221;.vc_custom_1641201222108{margin-top: 10px !important;margin-bottom: 10px !important;}&#8221;]<\/p>\n<p>Aluminium<\/p>\n<p>[\/vc_column_text][\/vc_column][vc_column width=&#8221;1\/4&#8243; el_class=&#8221;titolo_materiali&#8221; offset=&#8221;vc_col-xs-6&#8243;][vc_single_image image=&#8221;5257&#8243; alignment=&#8221;center&#8221; onclick=&#8221;custom_link&#8221; link=&#8221;\/materiali-lavorabili\/taglio-laser-ferro-zincato\/&#8221;][vc_column_text el_class=&#8221;titolo_materiali&#8221; css=&#8221;.vc_custom_1641201273035{margin-top: 10px !important;margin-bottom: 10px !important;}&#8221;]<\/p>\n<p>Verzinktes Eisen<\/p>\n<p>[\/vc_column_text][\/vc_column][vc_column width=&#8221;1\/4&#8243; offset=&#8221;vc_col-xs-6&#8243;][vc_single_image image=&#8221;5224&#8243; alignment=&#8221;center&#8221; onclick=&#8221;custom_link&#8221; link=&#8221;\/materiali-lavorabili\/taglio-laser-ottone\/&#8221;][vc_column_text el_class=&#8221;titolo_materiali&#8221; css=&#8221;.vc_custom_1641201293779{margin-top: 10px !important;margin-bottom: 10px !important;}&#8221;]<\/p>\n<p>Messing<\/p>\n<p>[\/vc_column_text][\/vc_column][vc_column width=&#8221;1\/4&#8243; offset=&#8221;vc_col-xs-6&#8243;][vc_single_image image=&#8221;5270&#8243; alignment=&#8221;center&#8221; onclick=&#8221;custom_link&#8221; link=&#8221;\/materiali-lavorabili\/taglio-laser-rame\/&#8221;][vc_column_text el_class=&#8221;titolo_materiali&#8221; css=&#8221;.vc_custom_1641201312970{margin-top: 10px !important;margin-bottom: 10px !important;}&#8221;]<\/p>\n<p>Kupfer<\/p>\n<p>[\/vc_column_text][\/vc_column][\/vc_row][vc_row full_width=&#8221;stretch_row&#8221; css_animation=&#8221;slideInUp&#8221; css=&#8221;.vc_custom_1639125497413{padding-top: 0px !important;padding-bottom: 0px !important;background-color: #f0f0f0 !important;}&#8221;][vc_column][vc_empty_space alter_height=&#8221;medium&#8221; hide_on_mobile=&#8221;&#8221;]<div id=\"sc_title_83090729\"\n\t\tclass=\"sc_title sc_title_default\"><h2 class=\"sc_item_title sc_title_title sc_align_left sc_item_title_style_default sc_item_title_tag\"><b>Wir beraten Sie gerne, in deutscher Sprache.<\/b><br \/>\nSie suchen einen kompetenten Partner. Wir stellen die Verf\u00fcgbarkeit von Rohstoffen sicher, entwickeln optimal auf Ihre Bed\u00fcrfnisse zugeschnittene Konzepte und garantieren eine termingerechte Fertigstellung. <b>Wir freuen uns auf Ihre Kontaktaufnahme!<\/b><\/h2><\/div><!-- \/.sc_title -->[vc_empty_space alter_height=&#8221;medium&#8221; hide_on_mobile=&#8221;&#8221;][\/vc_column][\/vc_row][vc_row el_class=&#8221;informazioni_preventivo&#8221;][vc_column]<div class=\"sc_layouts sc_layouts_default sc_layouts_3258\"><p>[vc_row full_width=\"stretch_row\" equal_height=\"yes\" content_placement=\"middle\" scheme=\"dark\" row_delimiter=\"\" row_fixed=\"\" hide_on_mobile=\"\" hide_on_frontpage=\"\" css=\".vc_custom_1523443605967{padding-top: 60px !important;padding-bottom: 60px !important;background-image: url(http:\/\/www.cmmlaser.it\/wp-content\/uploads\/2018\/04\/saldatura-travi.jpg?id=2648) !important;background-position: center !important;background-repeat: no-repeat !important;background-size: cover !important;}\" el_class=\"informazioni_preventivo\"][vc_column width=\"1\/2\"][vc_column_text]<\/p>\r\n<h3 style=\"text-align: center;\"><strong>Kontaktieren<\/strong> Sie uns f\u00fcr <strong>Informationen<\/strong> oder um ein <strong>Angebot<\/strong> anzufordern. Wir beraten Sie gerne in deutscher Sprache.<\/h3>\r\n<p>[\/vc_column_text][\/vc_column][vc_column width=\"1\/2\"][vc_empty_space alter_height=\"medium\" hide_on_mobile=\"\"]\n<div class=\"wpcf7 no-js\" id=\"wpcf7-f3256-o1\" lang=\"it-IT\" dir=\"ltr\">\n<div class=\"screen-reader-response\"><p role=\"status\" aria-live=\"polite\" aria-atomic=\"true\"><\/p> <ul><\/ul><\/div>\n<form action=\"\/de\/wp-json\/wp\/v2\/pages\/3066#wpcf7-f3256-o1\" method=\"post\" class=\"wpcf7-form init wpcf7-acceptance-as-validation\" aria-label=\"Kontaktformular\" novalidate=\"novalidate\" data-status=\"init\">\n<div style=\"display: none;\">\n<input type=\"hidden\" name=\"_wpcf7\" value=\"3256\" \/>\n<input type=\"hidden\" name=\"_wpcf7_version\" value=\"5.7.7\" \/>\n<input type=\"hidden\" name=\"_wpcf7_locale\" value=\"it_IT\" \/>\n<input type=\"hidden\" name=\"_wpcf7_unit_tag\" value=\"wpcf7-f3256-o1\" \/>\n<input type=\"hidden\" name=\"_wpcf7_container_post\" value=\"0\" \/>\n<input type=\"hidden\" name=\"_wpcf7_posted_data_hash\" value=\"\" \/>\n<input type=\"hidden\" name=\"_wpcf7_recaptcha_response\" value=\"\" \/>\n<\/div>\n<div class=\"form-footer\">\n\t<div class=\"vc_row contatti footer\">\n\t\t<div class=\"vc_col-sm-6\">\n\t\t\t<p><span class=\"wpcf7-form-control-wrap\" data-name=\"your-name\"><input size=\"40\" class=\"wpcf7-form-control wpcf7-text wpcf7-validates-as-required\" aria-required=\"true\" aria-invalid=\"false\" placeholder=\"Name und Vorname *\" value=\"\" type=\"text\" name=\"your-name\" \/><\/span>\n\t\t\t<\/p>\n\t\t<\/div>\n\t\t<div class=\"vc_col-sm-6\">\n\t\t\t<p><span class=\"wpcf7-form-control-wrap\" data-name=\"your-agency\"><input size=\"40\" class=\"wpcf7-form-control wpcf7-text\" aria-invalid=\"false\" placeholder=\"Unternehmen\" value=\"\" type=\"text\" name=\"your-agency\" \/><\/span>\n\t\t\t<\/p>\n\t\t<\/div>\n\t<\/div>\n\t<div class=\"vc_row contatti footer\">\n\t\t<div class=\"vc_col-sm-12\">\n\t\t\t<p><span class=\"wpcf7-form-control-wrap\" data-name=\"your-email\"><input size=\"40\" class=\"wpcf7-form-control wpcf7-text wpcf7-email wpcf7-validates-as-required wpcf7-validates-as-email\" aria-required=\"true\" aria-invalid=\"false\" placeholder=\"E-Mail *\" value=\"\" type=\"email\" name=\"your-email\" \/><\/span>\n\t\t\t<\/p>\n\t\t<\/div>\n\t<\/div>\n\t<div class=\"vc_row contatti footer\">\n\t\t<div class=\"vc_col-sm-12\">\n\t\t\t<p><span class=\"wpcf7-form-control-wrap\" data-name=\"your-message\"><textarea cols=\"40\" rows=\"10\" class=\"wpcf7-form-control wpcf7-textarea\" aria-invalid=\"false\" placeholder=\"Nachricht\" name=\"your-message\"><\/textarea><\/span>\n\t\t\t<\/p>\n\t\t<\/div>\n\t<\/div>\n\t<p>Ich akzeptiere die Datenschutzregelung (<a class=\"footer_acceptance\" href='\/de\/privacy\/' target=\"_blank\">Siehe die Datenschutzhinweise<\/a>)<span class=\"wpcf7-form-control-wrap\" data-name=\"acceptance-17\"><span class=\"wpcf7-form-control wpcf7-acceptance\"><span class=\"wpcf7-list-item\"><input type=\"checkbox\" name=\"acceptance-17\" value=\"1\" aria-invalid=\"false\" \/><\/span><\/span><\/span>\n\t<\/p>\n\t<div class=\"vc_row contatti footer\">\n\t\t<div class=\"vc_col-sm-8\">\n\t\t\n\t\t<\/div>\n\t\t<div class=\"vc_col-sm-3\" style=\"float:right; text-align:right; padding:0!important\">\n\t\t\t<p><input class=\"wpcf7-form-control has-spinner wpcf7-submit\" type=\"submit\" value=\"Senden\" \/>\n\t\t\t<\/p>\n\t\t<\/div>\n\t<\/div>\n<\/div><div class=\"wpcf7-response-output\" aria-hidden=\"true\"><\/div>\n<\/form>\n<\/div>\n[\/vc_column][\/vc_row]<\/p>\r\n<\/div>[\/vc_column][\/vc_row]<\/p>\n","protected":false},"excerpt":{"rendered":"<p>[vc_row][vc_column][vc_empty_space alter_height=&#8221;small&#8221; hide_on_mobile=&#8221;&#8221;][\/vc_column][vc_column width=&#8221;6\/12&#8243;][vc_column_text el_class=&#8221;justify&#8221;]CMM verf\u00fcgt \u00fcber eine auf h\u00f6chstem europ\u00e4ischen Niveau angesiedelte gesonderte Division f\u00fcr das Laserschneiden von Rohren, Rundstahl und Stahlprofilen. Der Grundstein zu diesem Gesch\u00e4ftsbereich wird von&hellip;<\/p>\n","protected":false},"author":2,"featured_media":2620,"parent":3390,"menu_order":0,"comment_status":"closed","ping_status":"closed","template":"","meta":[],"_links":{"self":[{"href":"https:\/\/www.cmmlaser.it\/de\/wp-json\/wp\/v2\/pages\/3066"}],"collection":[{"href":"https:\/\/www.cmmlaser.it\/de\/wp-json\/wp\/v2\/pages"}],"about":[{"href":"https:\/\/www.cmmlaser.it\/de\/wp-json\/wp\/v2\/types\/page"}],"author":[{"embeddable":true,"href":"https:\/\/www.cmmlaser.it\/de\/wp-json\/wp\/v2\/users\/2"}],"replies":[{"embeddable":true,"href":"https:\/\/www.cmmlaser.it\/de\/wp-json\/wp\/v2\/comments?post=3066"}],"version-history":[{"count":22,"href":"https:\/\/www.cmmlaser.it\/de\/wp-json\/wp\/v2\/pages\/3066\/revisions"}],"predecessor-version":[{"id":7195,"href":"https:\/\/www.cmmlaser.it\/de\/wp-json\/wp\/v2\/pages\/3066\/revisions\/7195"}],"up":[{"embeddable":true,"href":"https:\/\/www.cmmlaser.it\/de\/wp-json\/wp\/v2\/pages\/3390"}],"wp:featuredmedia":[{"embeddable":true,"href":"https:\/\/www.cmmlaser.it\/de\/wp-json\/wp\/v2\/media\/2620"}],"wp:attachment":[{"href":"https:\/\/www.cmmlaser.it\/de\/wp-json\/wp\/v2\/media?parent=3066"}],"curies":[{"name":"wp","href":"https:\/\/api.w.org\/{rel}","templated":true}]}}