{"id":3062,"date":"2018-04-13T14:13:43","date_gmt":"2018-04-13T12:13:43","guid":{"rendered":"http:\/\/www.cmmlaser.it\/?page_id=3062"},"modified":"2022-01-03T14:22:20","modified_gmt":"2022-01-03T13:22:20","slug":"laserschneiden-von-tragern","status":"publish","type":"page","link":"https:\/\/www.cmmlaser.it\/de\/laserschneiden\/laserschneiden-von-tragern\/","title":{"rendered":"Laserschneiden von Tr\u00e4gern"},"content":{"rendered":"<p>[vc_row][vc_column][vc_empty_space alter_height=&#8221;small&#8221; hide_on_mobile=&#8221;&#8221;]<div id=\"sc_title_1811272150\"\n\t\tclass=\"sc_title sc_title_default justify  vc_custom_1524494198906\"><h2 class=\"sc_item_title sc_title_title sc_align_default sc_item_title_style_default sc_item_title_tag\">Laserschneiden von Tr\u00e4gern<\/h2><\/div><!-- \/.sc_title -->[\/vc_column][vc_column width=&#8221;6\/12&#8243;][vc_column_text el_class=&#8221;justify&#8221;]<strong>CMM<\/strong> ist mit Hilfe von neun Anlagen f\u00fcr 3D-Bearbeitungen in der Lage, den Kunden das <strong>Laserschneiden von Tr\u00e4gern<\/strong>, offenen Profilen (<strong><em>Winkel-, U-, T- und Omegaprofilen<\/em><\/strong>) und flachen Walzprofilen, mit max. L\u00e4nge von 15 m, zu offerieren.<\/p>\n<p><strong>Abrunden, Lochen, Lasergravur und -markierung<\/strong> geh\u00f6ren ebenfalls zum Dienstleistungsangebot des Unternehmens. Mit dem <strong>Laserschneiden von gewalzten Stahltr\u00e4gern<\/strong> lassen sich die Produktionskosten zahlreicher Metallstrukturen merklich senken: Das ist auch der Grund, warum die Lasertechnologie die meistverwendete Methode zum Ausf\u00fchren von Ver\u00f6sungen und Schnitten ist, ohne den Einschr\u00e4nkungen der Lochstanzmaschinen zu unterliegen. Hochmoderne Entwicklungssoftware und direkt von den Maschinenherstellern entwickelte <strong>CAD\/CAM-Systeme<\/strong> sorgen daf\u00fcr, dass die Anlagen von CMM L\u00f6cher jeder beliebigen Form und Gr\u00f6\u00dfe auszuf\u00fchren verm\u00f6gen.<\/p>\n<p><strong>Wabentr\u00e4ger<\/strong> haben sich im vergangenen Jahrzehnt als hochinnovative technische L\u00f6sung beim Bau von gewichtsreduzierten Balkenlagen erwiesen, deren Abmessungen und Tragf\u00e4higkeit sehr viel gr\u00f6\u00dfer sind als diejenigen von herk\u00f6mmlichen Tr\u00e4gern. Mit diesen Ergebnissen einher ging auch eine <strong>Verbesserung der \u00c4sthetik<\/strong> <strong>durch<\/strong> die M\u00f6glichkeit zur besseren Integrierung der Anlagen- und <strong>Beleuchtungstechnik<\/strong>: eine technische L\u00f6sung, die auch <strong>eine architektonische bzw. st\u00e4dtebauliche Funktion<\/strong> zu erf\u00fcllen vermochte.<\/p>\n<p>Die <a href=\"\/de\/laserschneiden\/\" target=\"_blank\" rel=\"noopener\">Laserbearbeitung<\/a> ist die Technik, die mehr als andere extrem saubere und pr\u00e4zise Feinbearbeitungen zul\u00e4sst und damit die Realisierung von Wabentr\u00e4gern m\u00f6glich gemacht hat, die keinerlei Einschr\u00e4nkungen mit Blick auf Form und Abmessungen unterliegen: <strong>CMM hat das eigene anwendungs- und projektbezogene Know-how beim Bau von Komplettstrukturen in Partnerschaft mit wichtigen internationalen Akteuren<\/strong> umzusetzen gewusst, wobei das Unternehmen unter Beweis gestellt hat, dass es hervorragende Produktionszeiten und eine einzigartige Pr\u00e4zision in der Montagephase zu gew\u00e4hrleisten vermag.<\/p>\n<p>Wenn Sie einen Partner f\u00fcr die Herstellung von Laserstrahlen sowie f\u00fcr das <a href=\"\/de\/laserschneiden\/blechlaserschneiden\/\" target=\"_blank\" rel=\"noopener\">Laserschneiden von Blechen<\/a> und Laserschneiden suchen, garantieren Ihnen CMM-Rohre Zuverl\u00e4ssigkeit, Erfahrung und Qualit\u00e4t des Endproduktes.[\/vc_column_text][vc_empty_space alter_height=&#8221;small&#8221; hide_on_mobile=&#8221;2&#8243;][\/vc_column][vc_column width=&#8221;6\/12&#8243;][vc_column_text el_class=&#8221;justify&#8221;]<\/p>\n<table summary=\"Laserschneiden von Strahlern Dritter\" cellspacing=\"0\">\n<tbody>\n<tr>\n<td style=\"text-align: center;\">Anzahl Anlagen<\/td>\n<td style=\"text-align: center;\">9<\/td>\n<\/tr>\n<tr>\n<td style=\"text-align: center;\">Min. Durchmesser<\/td>\n<td style=\"text-align: center;\">12 mm<\/td>\n<\/tr>\n<tr>\n<td style=\"text-align: center;\">Max. Durchmesser<\/td>\n<td style=\"text-align: center;\">508 mm<\/td>\n<\/tr>\n<tr>\n<td style=\"text-align: center;\">Spitzenlast<\/td>\n<td style=\"text-align: center;\">200 daN\/m<\/td>\n<\/tr>\n<tr>\n<td style=\"text-align: center;\">Min. Stabl\u00e4nge<\/td>\n<td style=\"text-align: center;\">2.500 mm<\/td>\n<\/tr>\n<tr>\n<td style=\"text-align: center;\">Max. Stabl\u00e4nge<\/td>\n<td style=\"text-align: center;\">15.000 mm<\/td>\n<\/tr>\n<tr>\n<td style=\"text-align: center;\">Max. Dicke<\/td>\n<td style=\"text-align: center;\">20 mm<\/td>\n<\/tr>\n<tr>\n<td style=\"text-align: center;\">Earbeitbare Materialien<\/td>\n<td style=\"text-align: center;\">Edelstahl, Eisen, Aluminium, Messing, Kupfer<\/td>\n<\/tr>\n<tr>\n<td style=\"text-align: center;\">Profilarten<\/td>\n<td style=\"text-align: center;\">H, T, U, Omega und Winkel<\/td>\n<\/tr>\n<\/tbody>\n<\/table>\n<p>[\/vc_column_text][vc_empty_space alter_height=&#8221;small&#8221; hide_on_mobile=&#8221;&#8221;]<div id=\"widget_slider_569743129\" class=\"widget_area sc_widget_slider vc_widget_slider wpb_content_element\"><aside id=\"widget_slider_569743129_widget\" class=\"widget widget_slider\">\t\t\t<div class=\"slider_wrap slider_engine_swiper\">\n\t\t\t\t<div id=\"widget_slider_569743129_outer\" class=\"slider_swiper_outer slider_style_default slider_outer_controls slider_outer_controls_side slider_outer_nopagination slider_outer_titles_center slider_outer_one\"><div id=\"widget_slider_569743129_swiper\" class=\"slider_swiper swiper-slider-container slider_controls slider_controls_side slider_nopagination slider_titles_center slider_one slider_resize slider_height_auto slider_type_bg\" data-ratio=\"16:9\" data-interval=\"3000\" data-effect=\"slide\" data-pagination=\"bullets\" data-slides-per-view=\"1\" data-slides-space=\"0\">\n\t\t\t\t\t\t<div class=\"swiper-wrapper\"><div  class=\"swiper-slide\" data-image=\"https:\/\/www.cmmlaser.it\/wp-content\/uploads\/2018\/04\/taglio-laser-travi-laminate-in-acciaio.jpg\" style=\"background-image:url(https:\/\/www.cmmlaser.it\/wp-content\/uploads\/2018\/04\/taglio-laser-travi-laminate-in-acciaio.jpg);\"><\/div><div  class=\"swiper-slide\" data-image=\"https:\/\/www.cmmlaser.it\/wp-content\/uploads\/2018\/04\/taglio-laser-laminati-piatti.jpg\" style=\"background-image:url(https:\/\/www.cmmlaser.it\/wp-content\/uploads\/2018\/04\/taglio-laser-laminati-piatti.jpg);\"><\/div><div  class=\"swiper-slide\" data-image=\"https:\/\/www.cmmlaser.it\/wp-content\/uploads\/2018\/04\/taglio-laser-travi.jpg\" style=\"background-image:url(https:\/\/www.cmmlaser.it\/wp-content\/uploads\/2018\/04\/taglio-laser-travi.jpg);\"><\/div><\/div><div class=\"slider_controls_wrap\"><a class=\"slider_prev swiper-button-prev\" href=\"#\"><\/a><a class=\"slider_next swiper-button-next\" href=\"#\"><\/a><\/div><\/div><\/div>\t\t\t<\/div>\n\t\t\t<\/aside><\/div>[\/vc_column][\/vc_row][vc_row full_width=&#8221;stretch_row&#8221; equal_height=&#8221;yes&#8221; css=&#8221;.vc_custom_1548932386603{padding-top: 0px !important;background-color: #f0f0f0 !important;}&#8221;][vc_column][vc_empty_space alter_height=&#8221;small&#8221; hide_on_mobile=&#8221;&#8221;]<div id=\"sc_title_2039189844\"\n\t\tclass=\"sc_title sc_title_default  vc_custom_1641215070925\"><h2 class=\"sc_item_title sc_title_title sc_align_center sc_item_title_style_default sc_item_title_tag\">Brauchbare Formate<\/h2><\/div><!-- \/.sc_title -->[\/vc_column][vc_column width=&#8221;1\/6&#8243; offset=&#8221;vc_col-lg-offset-1 vc_col-md-offset-1 vc_col-sm-offset-1 vc_col-xs-6&#8243;][vc_single_image image=&#8221;5373&#8243; img_size=&#8221;200&#215;200&#8243; alignment=&#8221;center&#8221;][vc_column_text el_class=&#8221;titolo_formato&#8221;]<\/p>\n<p>Flach<\/p>\n<p>[\/vc_column_text][\/vc_column][vc_column width=&#8221;1\/6&#8243; offset=&#8221;vc_col-xs-6&#8243;][vc_single_image image=&#8221;5368&#8243; img_size=&#8221;200&#215;200&#8243; alignment=&#8221;center&#8221;][vc_column_text el_class=&#8221;titolo_formato&#8221;]<\/p>\n<p>Eckig<\/p>\n<p>[\/vc_column_text][\/vc_column][vc_column width=&#8221;1\/6&#8243; offset=&#8221;vc_col-xs-6&#8243;][vc_single_image image=&#8221;5378&#8243; img_size=&#8221;200&#215;200&#8243; alignment=&#8221;center&#8221;][vc_column_text el_class=&#8221;titolo_formato&#8221;]<\/p>\n<p>U-Profil<\/p>\n<p>[\/vc_column_text][\/vc_column][vc_column width=&#8221;1\/6&#8243; offset=&#8221;vc_col-xs-6&#8243;][vc_single_image image=&#8221;5391&#8243; img_size=&#8221;200&#215;200&#8243; alignment=&#8221;center&#8221;][vc_column_text el_class=&#8221;titolo_formato&#8221;]<\/p>\n<p>L-Profil<\/p>\n<p>[\/vc_column_text][\/vc_column][vc_column width=&#8221;1\/6&#8243; offset=&#8221;vc_col-lg-offset-0 vc_col-md-offset-0 vc_col-sm-offset-0 vc_col-xs-offset-3 vc_col-xs-6&#8243;][vc_single_image image=&#8221;5387&#8243; img_size=&#8221;200&#215;200&#8243;][vc_column_text el_class=&#8221;titolo_formato&#8221;]<\/p>\n<p>H \/ IPE Profil<\/p>\n<p>[\/vc_column_text][\/vc_column][vc_column][vc_empty_space height=&#8221;10px&#8221; alter_height=&#8221;small&#8221; hide_on_mobile=&#8221;&#8221;]<div class=\"sc_item_button sc_button_wrap sc_align_center\"><a href=\"https:\/\/www.cmmlaser.it\/wp-content\/uploads\/2022\/01\/dimensioni-tagli-travi-big.jpg\" id=\"sc_button_653657833\" class=\"sc_button sc_button_default sc_button_size_normal sc_button_icon_left\"><span class=\"sc_button_text sc_align_center\"><span class=\"sc_button_title\">Siehe bearbeitbare schnittmasse<\/span><\/span><!-- \/.sc_button_text --><\/a><!-- \/.sc_button --><\/div><!-- \/.sc_item_button -->[vc_empty_space height=&#8221;10px&#8221; alter_height=&#8221;small&#8221; hide_on_mobile=&#8221;&#8221;][\/vc_column][\/vc_row][vc_row][vc_column][vc_empty_space height=&#8221;20px&#8221; alter_height=&#8221;small&#8221; hide_on_mobile=&#8221;&#8221;]<div id=\"sc_title_1815890823\"\n\t\tclass=\"sc_title sc_title_default  vc_custom_1641201872474\"><h2 class=\"sc_item_title sc_title_title sc_align_center sc_item_title_style_default sc_item_title_tag\">Verarbeitbare Materialien<\/h2><\/div><!-- \/.sc_title -->[vc_empty_space height=&#8221;20px&#8221; alter_height=&#8221;small&#8221; hide_on_mobile=&#8221;&#8221;][\/vc_column][vc_column width=&#8221;1\/4&#8243; offset=&#8221;vc_col-xs-6&#8243;][vc_single_image image=&#8221;5229&#8243; alignment=&#8221;center&#8221; onclick=&#8221;custom_link&#8221; link=&#8221;\/materiali-lavorabili\/taglio-laser-ferro\/&#8221;][vc_column_text el_class=&#8221;titolo_materiali&#8221; css=&#8221;.vc_custom_1641201879884{margin-top: 10px !important;margin-bottom: 10px !important;}&#8221;]<\/p>\n<p>Eisen<\/p>\n<p>[\/vc_column_text][\/vc_column][vc_column width=&#8221;1\/4&#8243; offset=&#8221;vc_col-xs-6&#8243;][vc_single_image image=&#8221;5241&#8243; alignment=&#8221;center&#8221; onclick=&#8221;custom_link&#8221; link=&#8221;\/materiali-lavorabili\/taglio-laser-acciaio-inox\/&#8221;][vc_column_text el_class=&#8221;titolo_materiali&#8221; css=&#8221;.vc_custom_1641201888118{margin-top: 10px !important;margin-bottom: 10px !important;}&#8221;]<\/p>\n<p>Inox<\/p>\n<p>[\/vc_column_text][\/vc_column][vc_column width=&#8221;1\/4&#8243; offset=&#8221;vc_col-xs-6&#8243;][vc_single_image image=&#8221;5253&#8243; alignment=&#8221;center&#8221; onclick=&#8221;custom_link&#8221; link=&#8221;\/materiali-lavorabili\/taglio-laser-alluminio\/&#8221;][vc_column_text el_class=&#8221;titolo_materiali&#8221; css=&#8221;.vc_custom_1641201897062{margin-top: 10px !important;margin-bottom: 10px !important;}&#8221;]<\/p>\n<p>Aluminium<\/p>\n<p>[\/vc_column_text][\/vc_column][vc_column width=&#8221;1\/4&#8243; el_class=&#8221;titolo_materiali&#8221; offset=&#8221;vc_col-xs-6&#8243;][vc_single_image image=&#8221;5257&#8243; alignment=&#8221;center&#8221; onclick=&#8221;custom_link&#8221; link=&#8221;\/materiali-lavorabili\/taglio-laser-ferro-zincato\/&#8221;][vc_column_text el_class=&#8221;titolo_materiali&#8221; css=&#8221;.vc_custom_1641201905667{margin-top: 10px !important;margin-bottom: 10px !important;}&#8221;]<\/p>\n<p>Verzinktes Eisen<\/p>\n<p>[\/vc_column_text][\/vc_column][\/vc_row][vc_row full_width=&#8221;stretch_row&#8221; css_animation=&#8221;slideInUp&#8221; css=&#8221;.vc_custom_1639125839285{padding-top: 0px !important;padding-bottom: 0px !important;background-color: #f0f0f0 !important;}&#8221;][vc_column][vc_empty_space alter_height=&#8221;medium&#8221; hide_on_mobile=&#8221;&#8221;]<div id=\"sc_title_1043202428\"\n\t\tclass=\"sc_title sc_title_default\"><h2 class=\"sc_item_title sc_title_title sc_align_left sc_item_title_style_default sc_item_title_tag\"><b>Wir beraten Sie gerne, in deutscher Sprache.<\/b><br \/>\nSie suchen einen kompetenten Partner. Wir stellen die Verf\u00fcgbarkeit von Rohstoffen sicher, entwickeln optimal auf Ihre Bed\u00fcrfnisse zugeschnittene Konzepte und garantieren eine termingerechte Fertigstellung. <b>Wir freuen uns auf Ihre Kontaktaufnahme!<\/b><\/h2><\/div><!-- \/.sc_title -->[vc_empty_space alter_height=&#8221;medium&#8221; hide_on_mobile=&#8221;&#8221;][\/vc_column][\/vc_row][vc_row el_class=&#8221;informazioni_preventivo&#8221;][vc_column]<div class=\"sc_layouts sc_layouts_default sc_layouts_3258\"><p>[vc_row full_width=\"stretch_row\" equal_height=\"yes\" content_placement=\"middle\" scheme=\"dark\" row_delimiter=\"\" row_fixed=\"\" hide_on_mobile=\"\" hide_on_frontpage=\"\" css=\".vc_custom_1523443605967{padding-top: 60px !important;padding-bottom: 60px !important;background-image: url(http:\/\/www.cmmlaser.it\/wp-content\/uploads\/2018\/04\/saldatura-travi.jpg?id=2648) !important;background-position: center !important;background-repeat: no-repeat !important;background-size: cover !important;}\" el_class=\"informazioni_preventivo\"][vc_column width=\"1\/2\"][vc_column_text]<\/p>\r\n<h3 style=\"text-align: center;\"><strong>Kontaktieren<\/strong> Sie uns f\u00fcr <strong>Informationen<\/strong> oder um ein <strong>Angebot<\/strong> anzufordern. Wir beraten Sie gerne in deutscher Sprache.<\/h3>\r\n<p>[\/vc_column_text][\/vc_column][vc_column width=\"1\/2\"][vc_empty_space alter_height=\"medium\" hide_on_mobile=\"\"]\n<div class=\"wpcf7 no-js\" id=\"wpcf7-f3256-o1\" lang=\"it-IT\" dir=\"ltr\">\n<div class=\"screen-reader-response\"><p role=\"status\" aria-live=\"polite\" aria-atomic=\"true\"><\/p> <ul><\/ul><\/div>\n<form action=\"\/de\/wp-json\/wp\/v2\/pages\/3062#wpcf7-f3256-o1\" method=\"post\" class=\"wpcf7-form init wpcf7-acceptance-as-validation\" aria-label=\"Kontaktformular\" novalidate=\"novalidate\" data-status=\"init\">\n<div style=\"display: none;\">\n<input type=\"hidden\" name=\"_wpcf7\" value=\"3256\" \/>\n<input type=\"hidden\" name=\"_wpcf7_version\" value=\"5.7.7\" \/>\n<input type=\"hidden\" name=\"_wpcf7_locale\" value=\"it_IT\" \/>\n<input type=\"hidden\" name=\"_wpcf7_unit_tag\" value=\"wpcf7-f3256-o1\" \/>\n<input type=\"hidden\" name=\"_wpcf7_container_post\" value=\"0\" \/>\n<input type=\"hidden\" name=\"_wpcf7_posted_data_hash\" value=\"\" \/>\n<input type=\"hidden\" name=\"_wpcf7_recaptcha_response\" value=\"\" \/>\n<\/div>\n<div class=\"form-footer\">\n\t<div class=\"vc_row contatti footer\">\n\t\t<div class=\"vc_col-sm-6\">\n\t\t\t<p><span class=\"wpcf7-form-control-wrap\" data-name=\"your-name\"><input size=\"40\" class=\"wpcf7-form-control wpcf7-text wpcf7-validates-as-required\" aria-required=\"true\" aria-invalid=\"false\" placeholder=\"Name und Vorname *\" value=\"\" type=\"text\" name=\"your-name\" \/><\/span>\n\t\t\t<\/p>\n\t\t<\/div>\n\t\t<div class=\"vc_col-sm-6\">\n\t\t\t<p><span class=\"wpcf7-form-control-wrap\" data-name=\"your-agency\"><input size=\"40\" class=\"wpcf7-form-control wpcf7-text\" aria-invalid=\"false\" placeholder=\"Unternehmen\" value=\"\" type=\"text\" name=\"your-agency\" \/><\/span>\n\t\t\t<\/p>\n\t\t<\/div>\n\t<\/div>\n\t<div class=\"vc_row contatti footer\">\n\t\t<div class=\"vc_col-sm-12\">\n\t\t\t<p><span class=\"wpcf7-form-control-wrap\" data-name=\"your-email\"><input size=\"40\" class=\"wpcf7-form-control wpcf7-text wpcf7-email wpcf7-validates-as-required wpcf7-validates-as-email\" aria-required=\"true\" aria-invalid=\"false\" placeholder=\"E-Mail *\" value=\"\" type=\"email\" name=\"your-email\" \/><\/span>\n\t\t\t<\/p>\n\t\t<\/div>\n\t<\/div>\n\t<div class=\"vc_row contatti footer\">\n\t\t<div class=\"vc_col-sm-12\">\n\t\t\t<p><span class=\"wpcf7-form-control-wrap\" data-name=\"your-message\"><textarea cols=\"40\" rows=\"10\" class=\"wpcf7-form-control wpcf7-textarea\" aria-invalid=\"false\" placeholder=\"Nachricht\" name=\"your-message\"><\/textarea><\/span>\n\t\t\t<\/p>\n\t\t<\/div>\n\t<\/div>\n\t<p>Ich akzeptiere die Datenschutzregelung (<a class=\"footer_acceptance\" href='\/de\/privacy\/' target=\"_blank\">Siehe die Datenschutzhinweise<\/a>)<span class=\"wpcf7-form-control-wrap\" data-name=\"acceptance-17\"><span class=\"wpcf7-form-control wpcf7-acceptance\"><span class=\"wpcf7-list-item\"><input type=\"checkbox\" name=\"acceptance-17\" value=\"1\" aria-invalid=\"false\" \/><\/span><\/span><\/span>\n\t<\/p>\n\t<div class=\"vc_row contatti footer\">\n\t\t<div class=\"vc_col-sm-8\">\n\t\t\n\t\t<\/div>\n\t\t<div class=\"vc_col-sm-3\" style=\"float:right; text-align:right; padding:0!important\">\n\t\t\t<p><input class=\"wpcf7-form-control has-spinner wpcf7-submit\" type=\"submit\" value=\"Senden\" \/>\n\t\t\t<\/p>\n\t\t<\/div>\n\t<\/div>\n<\/div><div class=\"wpcf7-response-output\" aria-hidden=\"true\"><\/div>\n<\/form>\n<\/div>\n[\/vc_column][\/vc_row]<\/p>\r\n<\/div>[\/vc_column][\/vc_row]<\/p>\n","protected":false},"excerpt":{"rendered":"<p>[vc_row][vc_column][vc_empty_space alter_height=&#8221;small&#8221; hide_on_mobile=&#8221;&#8221;][\/vc_column][vc_column width=&#8221;6\/12&#8243;][vc_column_text el_class=&#8221;justify&#8221;]CMM ist mit Hilfe von neun Anlagen f\u00fcr 3D-Bearbeitungen in der Lage, den Kunden das Laserschneiden von Tr\u00e4gern, offenen Profilen (Winkel-, U-, T- und Omegaprofilen) und&hellip;<\/p>\n","protected":false},"author":2,"featured_media":2630,"parent":3390,"menu_order":0,"comment_status":"closed","ping_status":"closed","template":"","meta":[],"_links":{"self":[{"href":"https:\/\/www.cmmlaser.it\/de\/wp-json\/wp\/v2\/pages\/3062"}],"collection":[{"href":"https:\/\/www.cmmlaser.it\/de\/wp-json\/wp\/v2\/pages"}],"about":[{"href":"https:\/\/www.cmmlaser.it\/de\/wp-json\/wp\/v2\/types\/page"}],"author":[{"embeddable":true,"href":"https:\/\/www.cmmlaser.it\/de\/wp-json\/wp\/v2\/users\/2"}],"replies":[{"embeddable":true,"href":"https:\/\/www.cmmlaser.it\/de\/wp-json\/wp\/v2\/comments?post=3062"}],"version-history":[{"count":18,"href":"https:\/\/www.cmmlaser.it\/de\/wp-json\/wp\/v2\/pages\/3062\/revisions"}],"predecessor-version":[{"id":7206,"href":"https:\/\/www.cmmlaser.it\/de\/wp-json\/wp\/v2\/pages\/3062\/revisions\/7206"}],"up":[{"embeddable":true,"href":"https:\/\/www.cmmlaser.it\/de\/wp-json\/wp\/v2\/pages\/3390"}],"wp:featuredmedia":[{"embeddable":true,"href":"https:\/\/www.cmmlaser.it\/de\/wp-json\/wp\/v2\/media\/2630"}],"wp:attachment":[{"href":"https:\/\/www.cmmlaser.it\/de\/wp-json\/wp\/v2\/media?parent=3062"}],"curies":[{"name":"wp","href":"https:\/\/api.w.org\/{rel}","templated":true}]}}