{"id":3052,"date":"2018-04-13T12:54:44","date_gmt":"2018-04-13T10:54:44","guid":{"rendered":"http:\/\/www.cmmlaser.it\/?page_id=3052"},"modified":"2025-10-17T12:24:53","modified_gmt":"2025-10-17T10:24:53","slug":"blechlaserschneiden","status":"publish","type":"page","link":"https:\/\/www.cmmlaser.it\/de\/laserschneiden\/blechlaserschneiden\/","title":{"rendered":"Blechlaserschneiden"},"content":{"rendered":"<p>[vc_row][vc_column][vc_empty_space alter_height=&#8221;small&#8221; hide_on_mobile=&#8221;&#8221;]<div id=\"sc_title_1691766043\"\n\t\tclass=\"sc_title sc_title_default justify  vc_custom_1529413335769\"><h3 class=\"sc_item_title sc_title_title sc_align_default sc_item_title_style_default\">Blechlaserschneiden<\/h3><\/div><!-- \/.sc_title -->[\/vc_column][vc_column width=&#8221;6\/12&#8243;][vc_column_text el_class=&#8221;justify&#8221;]<strong>CMM<\/strong> ist eines der bedeutendsten italienischen Lohnveredelungsunternehmen der metallverarbeitenden Branche, das sich im Laufe der Zeit zu einem High-Tech-Zentrum f\u00fcr diverse Werkstoffe und Bearbeitungen entwickelt hat: <strong>Blechlaserschneiden<\/strong>, <strong>Blechbiegen, Laserzuschnitte, Blechumformung<\/strong>.<\/p>\n<p>Wir verf\u00fcgen heute \u00fcber vier <strong>Laserschneidanlagen<\/strong> mit automatischer Be- und Entladung, die in der Lage sind, <strong>Folien bis 8000 x 2500 m Gr\u00f6\u00dfe<\/strong> zu verarbeiten.<\/p>\n<p>Die Zielgruppen sind Unternehmen folgender <strong>Sektoren<\/strong>:<\/p>\n<p><strong>Landwirtschaft<br \/>\n<\/strong><strong>Nahrungsmittel<br \/>\nEinrichtung<br \/>\nAutomotive<br \/>\nChemie<br \/>\nBauwesen<br \/>\nErdbau<br \/>\nElektrohaushaltsger\u00e4te<br \/>\nPetrochemie<\/strong><\/p>\n<p>Die Division Metalle von CMM ist in der Lage, <strong>Edelstahl<\/strong> und &#8211; dank innovativer Glasfasertechnologie &#8211; <a href=\"\/de\/metallmaterialien\/\" target=\"_blank\" rel=\"noopener\">NE-Metalle<\/a> wie <u>Aluminium, Kupfer und Messing<\/u> zu verarbeiten.<\/p>\n<p>Es ist uns m\u00f6glich, eine gro\u00dfe Zahl von Auftr\u00e4gen zugleich zu bearbeiten, dabei den Anteil an fehlerhafter oder beim Bearbeiten unbrauchbar gewordener Ware signifikant zu reduzieren und dadurch dem Endkunden einen beachtlichen wirtschaftlichen Vorteil zu verschaffen.<\/p>\n<p>Das Unternehmen widmet sich auch dem Laserschneiden von Rohren und dem <strong>Laserstrahlschneiden<\/strong> mit der Professionalit\u00e4t, die seine Arbeit auszeichnet.[\/vc_column_text][vc_empty_space alter_height=&#8221;small&#8221; hide_on_mobile=&#8221;2&#8243;][\/vc_column][vc_column width=&#8221;6\/12&#8243;][vc_column_text el_class=&#8221;justify&#8221;]<\/p>\n<table summary=\"Lasergeschnittenes Blatt Dritte Parteien\" cellspacing=\"0\">\n<tbody>\n<tr>\n<td style=\"text-align: center;\">Anzahl Anlagen<\/td>\n<td style=\"text-align: center;\">4<\/td>\n<\/tr>\n<tr>\n<td style=\"text-align: center;\">Leistung<\/td>\n<td style=\"text-align: center;\">30 KW<\/td>\n<\/tr>\n<tr>\n<td style=\"text-align: center;\">Max. Arbeitsbereich<\/td>\n<td style=\"text-align: center;\">8000 mm x 2500 mm<\/td>\n<\/tr>\n<tr>\n<td style=\"text-align: center;\">Bearbeitbare Dicke<\/td>\n<td style=\"text-align: center;\">60 mm<\/td>\n<\/tr>\n<\/tbody>\n<\/table>\n<p>[\/vc_column_text][vc_empty_space alter_height=&#8221;small&#8221; hide_on_mobile=&#8221;&#8221;]<div id=\"widget_slider_285564007\" class=\"widget_area sc_widget_slider vc_widget_slider wpb_content_element\"><aside id=\"widget_slider_285564007_widget\" class=\"widget widget_slider\">\t\t\t<div class=\"slider_wrap slider_engine_swiper\">\n\t\t\t\t<div id=\"widget_slider_285564007_outer\" class=\"slider_swiper_outer slider_style_default slider_outer_controls slider_outer_controls_side slider_outer_nopagination slider_outer_titles_center slider_outer_one\"><div id=\"widget_slider_285564007_swiper\" class=\"slider_swiper swiper-slider-container slider_controls slider_controls_side slider_nopagination slider_titles_center slider_one slider_resize slider_height_auto slider_type_bg\" data-ratio=\"16:9\" data-interval=\"3000\" data-effect=\"slide\" data-pagination=\"bullets\" data-slides-per-view=\"1\" data-slides-space=\"0\">\n\t\t\t\t\t\t<div class=\"swiper-wrapper\"><div  class=\"swiper-slide\" data-image=\"https:\/\/www.cmmlaser.it\/wp-content\/uploads\/2018\/04\/taglio-laser-di-lamiere.jpg\" style=\"background-image:url(https:\/\/www.cmmlaser.it\/wp-content\/uploads\/2018\/04\/taglio-laser-di-lamiere.jpg);\"><\/div><div  class=\"swiper-slide\" data-image=\"https:\/\/www.cmmlaser.it\/wp-content\/uploads\/2018\/04\/taglio-laser-lamiere-conto-terzi.jpg\" style=\"background-image:url(https:\/\/www.cmmlaser.it\/wp-content\/uploads\/2018\/04\/taglio-laser-lamiere-conto-terzi.jpg);\"><\/div><div  class=\"swiper-slide\" data-image=\"https:\/\/www.cmmlaser.it\/wp-content\/uploads\/2018\/04\/taglio-laser-lamiere.jpg\" style=\"background-image:url(https:\/\/www.cmmlaser.it\/wp-content\/uploads\/2018\/04\/taglio-laser-lamiere.jpg);\"><\/div><\/div><div class=\"slider_controls_wrap\"><a class=\"slider_prev swiper-button-prev\" href=\"#\"><\/a><a class=\"slider_next swiper-button-next\" href=\"#\"><\/a><\/div><\/div><\/div>\t\t\t<\/div>\n\t\t\t<\/aside><\/div>[\/vc_column][\/vc_row][vc_row][vc_column]<div id=\"sc_title_614511852\"\n\t\tclass=\"sc_title sc_title_default  vc_custom_1641201574075\"><h2 class=\"sc_item_title sc_title_title sc_align_center sc_item_title_style_default sc_item_title_tag\">Verarbeitbare Materialien<\/h2><\/div><!-- \/.sc_title -->[vc_empty_space height=&#8221;20px&#8221; alter_height=&#8221;small&#8221; hide_on_mobile=&#8221;&#8221;][\/vc_column][vc_column width=&#8221;1\/4&#8243; offset=&#8221;vc_col-xs-6&#8243;][vc_single_image image=&#8221;5229&#8243; alignment=&#8221;center&#8221; onclick=&#8221;custom_link&#8221; link=&#8221;\/materiali-lavorabili\/taglio-laser-ferro\/&#8221;][vc_column_text el_class=&#8221;titolo_materiali&#8221; css=&#8221;.vc_custom_1641201583859{margin-top: 10px !important;margin-bottom: 10px !important;}&#8221;]Eisen[\/vc_column_text][\/vc_column][vc_column width=&#8221;1\/4&#8243; offset=&#8221;vc_col-xs-6&#8243;][vc_single_image image=&#8221;5241&#8243; alignment=&#8221;center&#8221; onclick=&#8221;custom_link&#8221; link=&#8221;\/materiali-lavorabili\/taglio-laser-acciaio-inox\/&#8221;][vc_column_text el_class=&#8221;titolo_materiali&#8221; css=&#8221;.vc_custom_1641201591317{margin-top: 10px !important;margin-bottom: 10px !important;}&#8221;]Inox[\/vc_column_text][\/vc_column][vc_column width=&#8221;1\/4&#8243; offset=&#8221;vc_col-xs-6&#8243;][vc_single_image image=&#8221;5253&#8243; alignment=&#8221;center&#8221; onclick=&#8221;custom_link&#8221; link=&#8221;\/materiali-lavorabili\/taglio-laser-alluminio\/&#8221;][vc_column_text el_class=&#8221;titolo_materiali&#8221; css=&#8221;.vc_custom_1641201602038{margin-top: 10px !important;margin-bottom: 10px !important;}&#8221;]Aluminium[\/vc_column_text][\/vc_column][vc_column width=&#8221;1\/4&#8243; el_class=&#8221;titolo_materiali&#8221; offset=&#8221;vc_col-xs-6&#8243;][vc_single_image image=&#8221;5257&#8243; alignment=&#8221;center&#8221; onclick=&#8221;custom_link&#8221; link=&#8221;\/materiali-lavorabili\/taglio-laser-ferro-zincato\/&#8221;][vc_column_text el_class=&#8221;titolo_materiali&#8221; css=&#8221;.vc_custom_1641201610216{margin-top: 10px !important;margin-bottom: 10px !important;}&#8221;]Verzinktes Eisen[\/vc_column_text][\/vc_column][vc_column width=&#8221;1\/4&#8243; offset=&#8221;vc_col-xs-6&#8243;][vc_single_image image=&#8221;5224&#8243; alignment=&#8221;center&#8221; onclick=&#8221;custom_link&#8221; link=&#8221;\/materiali-lavorabili\/taglio-laser-ottone\/&#8221;][vc_column_text el_class=&#8221;titolo_materiali&#8221; css=&#8221;.vc_custom_1641201620555{margin-top: 10px !important;margin-bottom: 10px !important;}&#8221;]Messing[\/vc_column_text][\/vc_column][vc_column width=&#8221;1\/4&#8243; offset=&#8221;vc_col-xs-6&#8243;][vc_single_image image=&#8221;5270&#8243; alignment=&#8221;center&#8221; onclick=&#8221;custom_link&#8221; link=&#8221;\/materiali-lavorabili\/taglio-laser-rame\/&#8221;][vc_column_text el_class=&#8221;titolo_materiali&#8221; css=&#8221;.vc_custom_1641201630184{margin-top: 10px !important;margin-bottom: 10px !important;}&#8221;]Kupfer[\/vc_column_text][\/vc_column][vc_column width=&#8221;1\/4&#8243; offset=&#8221;vc_col-xs-6&#8243;][vc_single_image image=&#8221;5548&#8243; alignment=&#8221;center&#8221; onclick=&#8221;custom_link&#8221; link=&#8221;\/materiali-lavorabili\/taglio-laser-domex\/&#8221;][vc_column_text el_class=&#8221;titolo_materiali&#8221; css=&#8221;.vc_custom_1641201639713{margin-top: 10px !important;margin-bottom: 10px !important;}&#8221;]Domex[\/vc_column_text][\/vc_column][vc_column width=&#8221;1\/4&#8243; offset=&#8221;vc_col-xs-6&#8243;][vc_single_image image=&#8221;5540&#8243; alignment=&#8221;center&#8221; onclick=&#8221;custom_link&#8221; link=&#8221;\/materiali-lavorabili\/taglio-laser-hardox\/&#8221;][vc_column_text el_class=&#8221;titolo_materiali&#8221; css=&#8221;.vc_custom_1641201644899{margin-top: 10px !important;margin-bottom: 10px !important;}&#8221;]Hardox[\/vc_column_text][\/vc_column][\/vc_row][vc_row full_width=&#8221;stretch_row&#8221; css_animation=&#8221;slideInUp&#8221; css=&#8221;.vc_custom_1639125725989{padding-top: 0px !important;padding-bottom: 0px !important;background-color: #f0f0f0 !important;}&#8221;][vc_column][vc_empty_space alter_height=&#8221;medium&#8221; hide_on_mobile=&#8221;&#8221;]<div id=\"sc_title_1791401004\"\n\t\tclass=\"sc_title sc_title_default\"><h2 class=\"sc_item_title sc_title_title sc_align_left sc_item_title_style_default sc_item_title_tag\"><b>Wir beraten Sie gerne, in deutscher Sprache.<\/b><br \/>\nSie suchen einen kompetenten Partner. Wir stellen die Verf\u00fcgbarkeit von Rohstoffen sicher, entwickeln optimal auf Ihre Bed\u00fcrfnisse zugeschnittene Konzepte und garantieren eine termingerechte Fertigstellung. <b>Wir freuen uns auf Ihre Kontaktaufnahme!<\/b><\/h2><\/div><!-- \/.sc_title -->[vc_empty_space alter_height=&#8221;medium&#8221; hide_on_mobile=&#8221;&#8221;][\/vc_column][\/vc_row][vc_row el_class=&#8221;informazioni_preventivo&#8221;][vc_column]<div class=\"sc_layouts sc_layouts_default sc_layouts_3258\"><p>[vc_row full_width=\"stretch_row\" equal_height=\"yes\" content_placement=\"middle\" scheme=\"dark\" row_delimiter=\"\" row_fixed=\"\" hide_on_mobile=\"\" hide_on_frontpage=\"\" css=\".vc_custom_1523443605967{padding-top: 60px !important;padding-bottom: 60px !important;background-image: url(http:\/\/www.cmmlaser.it\/wp-content\/uploads\/2018\/04\/saldatura-travi.jpg?id=2648) !important;background-position: center !important;background-repeat: no-repeat !important;background-size: cover !important;}\" el_class=\"informazioni_preventivo\"][vc_column width=\"1\/2\"][vc_column_text]<\/p>\r\n<h3 style=\"text-align: center;\"><strong>Kontaktieren<\/strong> Sie uns f\u00fcr <strong>Informationen<\/strong> oder um ein <strong>Angebot<\/strong> anzufordern. Wir beraten Sie gerne in deutscher Sprache.<\/h3>\r\n<p>[\/vc_column_text][\/vc_column][vc_column width=\"1\/2\"][vc_empty_space alter_height=\"medium\" hide_on_mobile=\"\"]\n<div class=\"wpcf7 no-js\" id=\"wpcf7-f3256-o1\" lang=\"it-IT\" dir=\"ltr\">\n<div class=\"screen-reader-response\"><p role=\"status\" aria-live=\"polite\" aria-atomic=\"true\"><\/p> <ul><\/ul><\/div>\n<form action=\"\/de\/wp-json\/wp\/v2\/pages\/3052#wpcf7-f3256-o1\" method=\"post\" class=\"wpcf7-form init wpcf7-acceptance-as-validation\" aria-label=\"Kontaktformular\" novalidate=\"novalidate\" data-status=\"init\">\n<div style=\"display: none;\">\n<input type=\"hidden\" name=\"_wpcf7\" value=\"3256\" \/>\n<input type=\"hidden\" name=\"_wpcf7_version\" value=\"5.7.7\" \/>\n<input type=\"hidden\" name=\"_wpcf7_locale\" value=\"it_IT\" \/>\n<input type=\"hidden\" name=\"_wpcf7_unit_tag\" value=\"wpcf7-f3256-o1\" \/>\n<input type=\"hidden\" name=\"_wpcf7_container_post\" value=\"0\" \/>\n<input type=\"hidden\" name=\"_wpcf7_posted_data_hash\" value=\"\" \/>\n<input type=\"hidden\" name=\"_wpcf7_recaptcha_response\" value=\"\" \/>\n<\/div>\n<div class=\"form-footer\">\n\t<div class=\"vc_row contatti footer\">\n\t\t<div class=\"vc_col-sm-6\">\n\t\t\t<p><span class=\"wpcf7-form-control-wrap\" data-name=\"your-name\"><input size=\"40\" class=\"wpcf7-form-control wpcf7-text wpcf7-validates-as-required\" aria-required=\"true\" aria-invalid=\"false\" placeholder=\"Name und Vorname *\" value=\"\" type=\"text\" name=\"your-name\" \/><\/span>\n\t\t\t<\/p>\n\t\t<\/div>\n\t\t<div class=\"vc_col-sm-6\">\n\t\t\t<p><span class=\"wpcf7-form-control-wrap\" data-name=\"your-agency\"><input size=\"40\" class=\"wpcf7-form-control wpcf7-text\" aria-invalid=\"false\" placeholder=\"Unternehmen\" value=\"\" type=\"text\" name=\"your-agency\" \/><\/span>\n\t\t\t<\/p>\n\t\t<\/div>\n\t<\/div>\n\t<div class=\"vc_row contatti footer\">\n\t\t<div class=\"vc_col-sm-12\">\n\t\t\t<p><span class=\"wpcf7-form-control-wrap\" data-name=\"your-email\"><input size=\"40\" class=\"wpcf7-form-control wpcf7-text wpcf7-email wpcf7-validates-as-required wpcf7-validates-as-email\" aria-required=\"true\" aria-invalid=\"false\" placeholder=\"E-Mail *\" value=\"\" type=\"email\" name=\"your-email\" \/><\/span>\n\t\t\t<\/p>\n\t\t<\/div>\n\t<\/div>\n\t<div class=\"vc_row contatti footer\">\n\t\t<div class=\"vc_col-sm-12\">\n\t\t\t<p><span class=\"wpcf7-form-control-wrap\" data-name=\"your-message\"><textarea cols=\"40\" rows=\"10\" class=\"wpcf7-form-control wpcf7-textarea\" aria-invalid=\"false\" placeholder=\"Nachricht\" name=\"your-message\"><\/textarea><\/span>\n\t\t\t<\/p>\n\t\t<\/div>\n\t<\/div>\n\t<p>Ich akzeptiere die Datenschutzregelung (<a class=\"footer_acceptance\" href='\/de\/privacy\/' target=\"_blank\">Siehe die Datenschutzhinweise<\/a>)<span class=\"wpcf7-form-control-wrap\" data-name=\"acceptance-17\"><span class=\"wpcf7-form-control wpcf7-acceptance\"><span class=\"wpcf7-list-item\"><input type=\"checkbox\" name=\"acceptance-17\" value=\"1\" aria-invalid=\"false\" \/><\/span><\/span><\/span>\n\t<\/p>\n\t<div class=\"vc_row contatti footer\">\n\t\t<div class=\"vc_col-sm-8\">\n\t\t\n\t\t<\/div>\n\t\t<div class=\"vc_col-sm-3\" style=\"float:right; text-align:right; padding:0!important\">\n\t\t\t<p><input class=\"wpcf7-form-control has-spinner wpcf7-submit\" type=\"submit\" value=\"Senden\" \/>\n\t\t\t<\/p>\n\t\t<\/div>\n\t<\/div>\n<\/div><div class=\"wpcf7-response-output\" aria-hidden=\"true\"><\/div>\n<\/form>\n<\/div>\n[\/vc_column][\/vc_row]<\/p>\r\n<\/div>[\/vc_column][\/vc_row]<\/p>\n","protected":false},"excerpt":{"rendered":"<p>[vc_row][vc_column][vc_empty_space alter_height=&#8221;small&#8221; hide_on_mobile=&#8221;&#8221;][\/vc_column][vc_column width=&#8221;6\/12&#8243;][vc_column_text el_class=&#8221;justify&#8221;]CMM ist eines der bedeutendsten italienischen Lohnveredelungsunternehmen der metallverarbeitenden Branche, das sich im Laufe der Zeit zu einem High-Tech-Zentrum f\u00fcr diverse Werkstoffe und Bearbeitungen entwickelt hat:&hellip;<\/p>\n","protected":false},"author":2,"featured_media":2623,"parent":3390,"menu_order":0,"comment_status":"closed","ping_status":"closed","template":"","meta":[],"_links":{"self":[{"href":"https:\/\/www.cmmlaser.it\/de\/wp-json\/wp\/v2\/pages\/3052"}],"collection":[{"href":"https:\/\/www.cmmlaser.it\/de\/wp-json\/wp\/v2\/pages"}],"about":[{"href":"https:\/\/www.cmmlaser.it\/de\/wp-json\/wp\/v2\/types\/page"}],"author":[{"embeddable":true,"href":"https:\/\/www.cmmlaser.it\/de\/wp-json\/wp\/v2\/users\/2"}],"replies":[{"embeddable":true,"href":"https:\/\/www.cmmlaser.it\/de\/wp-json\/wp\/v2\/comments?post=3052"}],"version-history":[{"count":25,"href":"https:\/\/www.cmmlaser.it\/de\/wp-json\/wp\/v2\/pages\/3052\/revisions"}],"predecessor-version":[{"id":25777,"href":"https:\/\/www.cmmlaser.it\/de\/wp-json\/wp\/v2\/pages\/3052\/revisions\/25777"}],"up":[{"embeddable":true,"href":"https:\/\/www.cmmlaser.it\/de\/wp-json\/wp\/v2\/pages\/3390"}],"wp:featuredmedia":[{"embeddable":true,"href":"https:\/\/www.cmmlaser.it\/de\/wp-json\/wp\/v2\/media\/2623"}],"wp:attachment":[{"href":"https:\/\/www.cmmlaser.it\/de\/wp-json\/wp\/v2\/media?parent=3052"}],"curies":[{"name":"wp","href":"https:\/\/api.w.org\/{rel}","templated":true}]}}