{"id":3027,"date":"2018-04-13T12:25:50","date_gmt":"2018-04-13T10:25:50","guid":{"rendered":"http:\/\/www.cmmlaser.it\/?page_id=3027"},"modified":"2022-01-03T13:23:12","modified_gmt":"2022-01-03T12:23:12","slug":"stanzen","status":"publish","type":"page","link":"https:\/\/www.cmmlaser.it\/de\/losungen\/stanzen\/","title":{"rendered":"Stanzen"},"content":{"rendered":"<p>[vc_row][vc_column][vc_empty_space alter_height=&#8221;small&#8221; hide_on_mobile=&#8221;&#8221;]<div id=\"sc_title_2005789181\"\n\t\tclass=\"sc_title sc_title_default justify  vc_custom_1641212466355\"><h3 class=\"sc_item_title sc_title_title sc_align_default sc_item_title_style_default\">Stanzen von Blechen<\/h3><\/div><!-- \/.sc_title -->[\/vc_column][vc_column width=&#8221;6\/12&#8243;][vc_column_text el_class=&#8221;justify&#8221;]Das <strong>Stanzen von Blechen<\/strong> ist der T\u00e4tigkeitszweig, auf\u00a0dem CMM die eigene Gesch\u00e4ftsaktivit\u00e4t aufgebaut hat und der auch heute noch von grundlegender Bedeutung\u00a0f\u00fcr das Unternehmen ist: <u>Verschalungen, Carter, Loch- und Buckelbleche<\/u> jeder beliebigen Form und Gr\u00f6\u00dfe werden\u00a0von <strong>zwei Anlagen mit<\/strong> <strong>automatischer Be- und Entladung ausgef\u00fchrt<\/strong>. Im Zuge des kontinuierlichen Updates der Blechstanztechniken hat das Unternehmen eine neue Linie f\u00fcr rutschfeste Profile eingef\u00fchrt.<\/p>\n<p>CMM hat in leistungsf\u00e4higere Blechstanzmaschinen investiert und wird dies auch weiterhin tun; dadurch werden eine <u>hohe Produktivit\u00e4t, Pr\u00e4zision und Nutzungsvielfalt gew\u00e4hrleistet<\/u> \u2013 fundamentale Eigenschaften f\u00fcr die Lohnveredelung, der das Unternehmen verpflichtet ist.<\/p>\n<p><strong>CMM<\/strong> hat sich ein fundiertes Know-how in der\u00a0Realisierung von ma\u00dfgefertigten Profilen f\u00fcr verschiedene Anwendungsfelder angeeignet. Die M\u00f6glichkeit, das<br \/>\n<strong>Blechstanzen<\/strong>, das <strong><a href=\"\/de\/laserschneiden\/\" target=\"_blank\" rel=\"noopener\">Laserschneiden<\/a><\/strong> und <strong>das Falzen miteinander zu kombinieren<\/strong>, gestattet es, gezielt auf die Kundenbed\u00fcrfnisse abgestimmte Profile anzufertigen. Das Ankaufen von Profilen in Standardgr\u00f6\u00dfen, die anschlie\u00dfend unter gro\u00dfem Zeit- und Materialaufwand bearbeitet werden, geh\u00f6rt bei CMM mittlerweile der Vergangenheit an.<br \/>\n<strong>Das Erzeugnis wird je nach Installationszweck bereits\u00a0im Voraus geplant und mit hochspezialisierten\u00a0Maschinen bearbeitet, sodass ein perfektes Ergebnis\u00a0ohne Abfallprodukte und weitere Investitionen durch den Endkunden gew\u00e4hrleistet werden kann<\/strong>.<\/p>\n<p>Durch diese Aktivit\u00e4t werden zahlreiche Anwendungsbereiche abgedeckt, die sich von\u00a0<a href=\"\/de\/anti-rutsch-profile\" target=\"_blank\" rel=\"noopener\">rutschfesten Profilen<\/a> f\u00fcr Sportanlagen \u00fcber solche f\u00fcr Produktionsmaschinen bis hin zu Inneneinrichtungen und Vorhangfassaden f\u00fcr Industriebauten usw. erstrecken.[\/vc_column_text][vc_empty_space alter_height=&#8221;small&#8221; hide_on_mobile=&#8221;2&#8243;][\/vc_column][vc_column width=&#8221;6\/12&#8243;][vc_column_text el_class=&#8221;justify&#8221;]<\/p>\n<table summary=\"Stanzb\u00f6gen\" cellspacing=\"0\">\n<tbody>\n<tr>\n<td style=\"text-align: center;\">Anzahl Anlagen<\/td>\n<td style=\"text-align: center;\">2<\/td>\n<\/tr>\n<tr>\n<td style=\"text-align: center;\">Arbeitsbereich<\/td>\n<td style=\"text-align: center;\">4000 mm x 1500 mm<\/td>\n<\/tr>\n<tr>\n<td style=\"text-align: center;\">Optionen<\/td>\n<td style=\"text-align: center;\">Automatische Be- und Entladung<\/td>\n<\/tr>\n<\/tbody>\n<\/table>\n<p>[\/vc_column_text][vc_empty_space alter_height=&#8221;small&#8221; hide_on_mobile=&#8221;&#8221;]<div id=\"widget_slider_134596473\" class=\"widget_area sc_widget_slider vc_widget_slider wpb_content_element\"><aside id=\"widget_slider_134596473_widget\" class=\"widget widget_slider\">\t\t\t<div class=\"slider_wrap slider_engine_swiper\">\n\t\t\t\t<div id=\"widget_slider_134596473_outer\" class=\"slider_swiper_outer slider_style_default slider_outer_controls slider_outer_controls_side slider_outer_nopagination slider_outer_titles_center slider_outer_one\"><div id=\"widget_slider_134596473_swiper\" class=\"slider_swiper swiper-slider-container slider_controls slider_controls_side slider_nopagination slider_titles_center slider_one slider_resize slider_height_auto slider_type_bg\" data-ratio=\"16:9\" data-interval=\"3000\" data-effect=\"slide\" data-pagination=\"bullets\" data-slides-per-view=\"1\" data-slides-space=\"0\">\n\t\t\t\t\t\t<div class=\"swiper-wrapper\"><div  class=\"swiper-slide\" data-image=\"https:\/\/www.cmmlaser.it\/wp-content\/uploads\/2018\/04\/punzonatura-carico-scarico-automatico.jpg\" style=\"background-image:url(https:\/\/www.cmmlaser.it\/wp-content\/uploads\/2018\/04\/punzonatura-carico-scarico-automatico.jpg);\"><\/div><div  class=\"swiper-slide\" data-image=\"https:\/\/www.cmmlaser.it\/wp-content\/uploads\/2018\/04\/punzonatura-lamiere-forate.jpg\" style=\"background-image:url(https:\/\/www.cmmlaser.it\/wp-content\/uploads\/2018\/04\/punzonatura-lamiere-forate.jpg);\"><\/div><div  class=\"swiper-slide\" data-image=\"https:\/\/www.cmmlaser.it\/wp-content\/uploads\/2018\/04\/punzonatura-lamiere.jpg\" style=\"background-image:url(https:\/\/www.cmmlaser.it\/wp-content\/uploads\/2018\/04\/punzonatura-lamiere.jpg);\"><\/div><\/div><div class=\"slider_controls_wrap\"><a class=\"slider_prev swiper-button-prev\" href=\"#\"><\/a><a class=\"slider_next swiper-button-next\" href=\"#\"><\/a><\/div><\/div><\/div>\t\t\t<\/div>\n\t\t\t<\/aside><\/div>[\/vc_column][\/vc_row][vc_row el_class=&#8221;informazioni_preventivo&#8221;][vc_column]<div class=\"sc_layouts sc_layouts_default sc_layouts_3258\"><p>[vc_row full_width=\"stretch_row\" equal_height=\"yes\" content_placement=\"middle\" scheme=\"dark\" row_delimiter=\"\" row_fixed=\"\" hide_on_mobile=\"\" hide_on_frontpage=\"\" css=\".vc_custom_1523443605967{padding-top: 60px !important;padding-bottom: 60px !important;background-image: url(http:\/\/www.cmmlaser.it\/wp-content\/uploads\/2018\/04\/saldatura-travi.jpg?id=2648) !important;background-position: center !important;background-repeat: no-repeat !important;background-size: cover !important;}\" el_class=\"informazioni_preventivo\"][vc_column width=\"1\/2\"][vc_column_text]<\/p>\r\n<h3 style=\"text-align: center;\"><strong>Kontaktieren<\/strong> Sie uns f\u00fcr <strong>Informationen<\/strong> oder um ein <strong>Angebot<\/strong> anzufordern. Wir beraten Sie gerne in deutscher Sprache.<\/h3>\r\n<p>[\/vc_column_text][\/vc_column][vc_column width=\"1\/2\"][vc_empty_space alter_height=\"medium\" hide_on_mobile=\"\"]\n<div class=\"wpcf7 no-js\" id=\"wpcf7-f3256-o1\" lang=\"it-IT\" dir=\"ltr\">\n<div class=\"screen-reader-response\"><p role=\"status\" aria-live=\"polite\" aria-atomic=\"true\"><\/p> <ul><\/ul><\/div>\n<form action=\"\/de\/wp-json\/wp\/v2\/pages\/3027#wpcf7-f3256-o1\" method=\"post\" class=\"wpcf7-form init wpcf7-acceptance-as-validation\" aria-label=\"Kontaktformular\" novalidate=\"novalidate\" data-status=\"init\">\n<div style=\"display: none;\">\n<input type=\"hidden\" name=\"_wpcf7\" value=\"3256\" \/>\n<input type=\"hidden\" name=\"_wpcf7_version\" value=\"5.7.7\" \/>\n<input type=\"hidden\" name=\"_wpcf7_locale\" value=\"it_IT\" \/>\n<input type=\"hidden\" name=\"_wpcf7_unit_tag\" value=\"wpcf7-f3256-o1\" \/>\n<input type=\"hidden\" name=\"_wpcf7_container_post\" value=\"0\" \/>\n<input type=\"hidden\" name=\"_wpcf7_posted_data_hash\" value=\"\" \/>\n<input type=\"hidden\" name=\"_wpcf7_recaptcha_response\" value=\"\" \/>\n<\/div>\n<div class=\"form-footer\">\n\t<div class=\"vc_row contatti footer\">\n\t\t<div class=\"vc_col-sm-6\">\n\t\t\t<p><span class=\"wpcf7-form-control-wrap\" data-name=\"your-name\"><input size=\"40\" class=\"wpcf7-form-control wpcf7-text wpcf7-validates-as-required\" aria-required=\"true\" aria-invalid=\"false\" placeholder=\"Name und Vorname *\" value=\"\" type=\"text\" name=\"your-name\" \/><\/span>\n\t\t\t<\/p>\n\t\t<\/div>\n\t\t<div class=\"vc_col-sm-6\">\n\t\t\t<p><span class=\"wpcf7-form-control-wrap\" data-name=\"your-agency\"><input size=\"40\" class=\"wpcf7-form-control wpcf7-text\" aria-invalid=\"false\" placeholder=\"Unternehmen\" value=\"\" type=\"text\" name=\"your-agency\" \/><\/span>\n\t\t\t<\/p>\n\t\t<\/div>\n\t<\/div>\n\t<div class=\"vc_row contatti footer\">\n\t\t<div class=\"vc_col-sm-12\">\n\t\t\t<p><span class=\"wpcf7-form-control-wrap\" data-name=\"your-email\"><input size=\"40\" class=\"wpcf7-form-control wpcf7-text wpcf7-email wpcf7-validates-as-required wpcf7-validates-as-email\" aria-required=\"true\" aria-invalid=\"false\" placeholder=\"E-Mail *\" value=\"\" type=\"email\" name=\"your-email\" \/><\/span>\n\t\t\t<\/p>\n\t\t<\/div>\n\t<\/div>\n\t<div class=\"vc_row contatti footer\">\n\t\t<div class=\"vc_col-sm-12\">\n\t\t\t<p><span class=\"wpcf7-form-control-wrap\" data-name=\"your-message\"><textarea cols=\"40\" rows=\"10\" class=\"wpcf7-form-control wpcf7-textarea\" aria-invalid=\"false\" placeholder=\"Nachricht\" name=\"your-message\"><\/textarea><\/span>\n\t\t\t<\/p>\n\t\t<\/div>\n\t<\/div>\n\t<p>Ich akzeptiere die Datenschutzregelung (<a class=\"footer_acceptance\" href='\/de\/privacy\/' target=\"_blank\">Siehe die Datenschutzhinweise<\/a>)<span class=\"wpcf7-form-control-wrap\" data-name=\"acceptance-17\"><span class=\"wpcf7-form-control wpcf7-acceptance\"><span class=\"wpcf7-list-item\"><input type=\"checkbox\" name=\"acceptance-17\" value=\"1\" aria-invalid=\"false\" \/><\/span><\/span><\/span>\n\t<\/p>\n\t<div class=\"vc_row contatti footer\">\n\t\t<div class=\"vc_col-sm-8\">\n\t\t\n\t\t<\/div>\n\t\t<div class=\"vc_col-sm-3\" style=\"float:right; text-align:right; padding:0!important\">\n\t\t\t<p><input class=\"wpcf7-form-control has-spinner wpcf7-submit\" type=\"submit\" value=\"Senden\" \/>\n\t\t\t<\/p>\n\t\t<\/div>\n\t<\/div>\n<\/div><div class=\"wpcf7-response-output\" aria-hidden=\"true\"><\/div>\n<\/form>\n<\/div>\n[\/vc_column][\/vc_row]<\/p>\r\n<\/div>[\/vc_column][\/vc_row]<\/p>\n","protected":false},"excerpt":{"rendered":"<p>[vc_row][vc_column][vc_empty_space alter_height=&#8221;small&#8221; hide_on_mobile=&#8221;&#8221;][\/vc_column][vc_column width=&#8221;6\/12&#8243;][vc_column_text el_class=&#8221;justify&#8221;]Das Stanzen von Blechen ist der T\u00e4tigkeitszweig, auf\u00a0dem CMM die eigene Gesch\u00e4ftsaktivit\u00e4t aufgebaut hat und der auch heute noch von grundlegender Bedeutung\u00a0f\u00fcr das Unternehmen ist: Verschalungen,&hellip;<\/p>\n","protected":false},"author":2,"featured_media":2634,"parent":3398,"menu_order":0,"comment_status":"closed","ping_status":"closed","template":"","meta":[],"_links":{"self":[{"href":"https:\/\/www.cmmlaser.it\/de\/wp-json\/wp\/v2\/pages\/3027"}],"collection":[{"href":"https:\/\/www.cmmlaser.it\/de\/wp-json\/wp\/v2\/pages"}],"about":[{"href":"https:\/\/www.cmmlaser.it\/de\/wp-json\/wp\/v2\/types\/page"}],"author":[{"embeddable":true,"href":"https:\/\/www.cmmlaser.it\/de\/wp-json\/wp\/v2\/users\/2"}],"replies":[{"embeddable":true,"href":"https:\/\/www.cmmlaser.it\/de\/wp-json\/wp\/v2\/comments?post=3027"}],"version-history":[{"count":16,"href":"https:\/\/www.cmmlaser.it\/de\/wp-json\/wp\/v2\/pages\/3027\/revisions"}],"predecessor-version":[{"id":7196,"href":"https:\/\/www.cmmlaser.it\/de\/wp-json\/wp\/v2\/pages\/3027\/revisions\/7196"}],"up":[{"embeddable":true,"href":"https:\/\/www.cmmlaser.it\/de\/wp-json\/wp\/v2\/pages\/3398"}],"wp:featuredmedia":[{"embeddable":true,"href":"https:\/\/www.cmmlaser.it\/de\/wp-json\/wp\/v2\/media\/2634"}],"wp:attachment":[{"href":"https:\/\/www.cmmlaser.it\/de\/wp-json\/wp\/v2\/media?parent=3027"}],"curies":[{"name":"wp","href":"https:\/\/api.w.org\/{rel}","templated":true}]}}