{"id":2892,"date":"2018-04-12T17:09:04","date_gmt":"2018-04-12T15:09:04","guid":{"rendered":"http:\/\/www.cmmlaser.it\/?page_id=2892"},"modified":"2025-07-25T12:05:08","modified_gmt":"2025-07-25T10:05:08","slug":"zertifizierungen","status":"publish","type":"page","link":"https:\/\/www.cmmlaser.it\/de\/ueber-uns\/zertifizierungen\/","title":{"rendered":"Zertifizierungen"},"content":{"rendered":"<p>[vc_row][vc_column width=&#8221;1\/3&#8243;][vc_empty_space alter_height=&#8221;small&#8221; hide_on_mobile=&#8221;&#8221;]<div id=\"sc_icons_1259028642\" \n\tclass=\"sc_icons sc_icons_default sc_icons_size_medium sc_align_center\"><div class=\"sc_icons_item\"><div class=\"sc_icons_image\"><img src=\"https:\/\/www.cmmlaser.it\/wp-content\/uploads\/2022\/12\/SGQ_SAL-2-1-1.png\" alt=\"\" width=\"370\" height=\"125\"><\/div><h2 class=\"sc_icons_item_title\"><span>ISO 9001 : 2015<\/span><\/h2><div class=\"sc_icons_item_description\"><span>Seit 1996 ist CMM im Besitz der Zertifizierung UNI EN ISO 9001:2015 als Nachweis f\u00fcr das auf den gesamten Fertigungszyklus angewandte Kontrollsystem und einen funktionst\u00fcchtigen Personalstab.<\/span><\/div><\/div><\/div><!-- \/.sc_icons -->[vc_empty_space alter_height=&#8221;small&#8221; hide_on_mobile=&#8221;&#8221;]<div class=\"sc_item_button sc_button_wrap sc_align_center\"><a href=\"https:\/\/www.cmmlaser.it\/wp-content\/uploads\/2023\/12\/2023-12-18-9645.pdf\" id=\"sc_button_419429826\" class=\"sc_button sc_button_default sc_button_size_normal sc_button_icon_left\"><span class=\"sc_button_text sc_align_center\"><span class=\"sc_button_title\">Download<\/span><\/span><!-- \/.sc_button_text --><\/a><!-- \/.sc_button --><\/div><!-- \/.sc_item_button -->[\/vc_column][vc_column width=&#8221;1\/3&#8243;][vc_empty_space alter_height=&#8221;small&#8221; hide_on_mobile=&#8221;&#8221;]<div id=\"sc_icons_532702774\" \n\tclass=\"sc_icons sc_icons_default sc_icons_size_medium sc_align_center\"><div class=\"sc_icons_item\"><div class=\"sc_icons_image\"><img src=\"https:\/\/www.cmmlaser.it\/wp-content\/uploads\/2022\/12\/SGQ_SAL-2-1-1.png\" alt=\"\" width=\"370\" height=\"125\"><\/div><h2 class=\"sc_icons_item_title\"><span>ISO 3834 - 2 : 2021<\/span><\/h2><div class=\"sc_icons_item_description\"><span>Seit 2012 arbeitet CMM gem\u00e4\u00df der Richtlinie UNI EN ISO 3834-2:2021, einer Qualit\u00e4tszertifizierung, die dem Unternehmen sowohl f\u00fcr das Hand- als auch das Roboterschwei\u00dfen verliehen wurde und neben dem diesbez\u00fcglichen Ausbildungsnachweis auch einen mit den Richtlinien konform gehenden Fertigungsprozess sicherstellt.<\/span><\/div><\/div><\/div><!-- \/.sc_icons -->[vc_empty_space alter_height=&#8221;small&#8221; hide_on_mobile=&#8221;&#8221;]<div class=\"sc_item_button sc_button_wrap sc_align_center\"><a href=\"https:\/\/www.cmmlaser.it\/wp-content\/uploads\/2023\/12\/2023-12-18-W2M03.pdf\" id=\"sc_button_326131927\" class=\"sc_button sc_button_default sc_button_size_normal sc_button_icon_left\"><span class=\"sc_button_text sc_align_center\"><span class=\"sc_button_title\">Download<\/span><\/span><!-- \/.sc_button_text --><\/a><!-- \/.sc_button --><\/div><!-- \/.sc_item_button -->[\/vc_column][vc_column width=&#8221;1\/3&#8243;][vc_empty_space alter_height=&#8221;small&#8221; hide_on_mobile=&#8221;&#8221;]<div id=\"sc_icons_549481657\" \n\tclass=\"sc_icons sc_icons_default sc_icons_size_medium sc_align_center\"><div class=\"sc_icons_item\"><div class=\"sc_icons_image\"><img src=\"https:\/\/www.cmmlaser.it\/wp-content\/uploads\/2023\/12\/certificato_conformita.png\" alt=\"\" width=\"370\" height=\"125\"><\/div><h2 class=\"sc_icons_item_title\"><span>EN 1090-1<\/span><\/h2><div class=\"sc_icons_item_description\"><span>2014 hat CMM f\u00fcr die Produktion und die CE-Kennzeichnung von Strukturteilen aus Stahl der Ausf\u00fchrungsklassen EXC1, EXC2 und EXC3 die Qualit\u00e4tszerti zierung UNI EN 1090-1 erlangt, die es heute noch innehat.<\/span><\/div><\/div><\/div><!-- \/.sc_icons -->[vc_empty_space alter_height=&#8221;small&#8221; hide_on_mobile=&#8221;&#8221;]<div class=\"sc_item_button sc_button_wrap sc_align_center\"><a href=\"https:\/\/www.cmmlaser.it\/wp-content\/uploads\/2025\/07\/2025-07-01-1608-CPR-P160-eng.pdf\" id=\"sc_button_28375134\" class=\"sc_button sc_button_default sc_button_size_normal sc_button_icon_left\"><span class=\"sc_button_text sc_align_center\"><span class=\"sc_button_title\">Download<\/span><\/span><!-- \/.sc_button_text --><\/a><!-- \/.sc_button --><\/div><!-- \/.sc_item_button -->[\/vc_column][\/vc_row][vc_row el_class=&#8221;certificati&#8221;][vc_column][vc_masonry_media_grid gap=&#8221;35&#8243; grid_id=&#8221;vc_gid:1753437786665-6222f5011dc82faf0788a0a08e0b9cb6-7&#8243; include=&#8221;9725,9726,23132&#8243;][vc_empty_space alter_height=&#8221;small&#8221; hide_on_mobile=&#8221;&#8221;][\/vc_column][\/vc_row][vc_row el_class=&#8221;informazioni_preventivo&#8221;][vc_column]<div class=\"sc_layouts sc_layouts_default sc_layouts_3258\"><p>[vc_row full_width=\"stretch_row\" equal_height=\"yes\" content_placement=\"middle\" scheme=\"dark\" row_delimiter=\"\" row_fixed=\"\" hide_on_mobile=\"\" hide_on_frontpage=\"\" css=\".vc_custom_1523443605967{padding-top: 60px !important;padding-bottom: 60px !important;background-image: url(http:\/\/www.cmmlaser.it\/wp-content\/uploads\/2018\/04\/saldatura-travi.jpg?id=2648) !important;background-position: center !important;background-repeat: no-repeat !important;background-size: cover !important;}\" el_class=\"informazioni_preventivo\"][vc_column width=\"1\/2\"][vc_column_text]<\/p>\r\n<h3 style=\"text-align: center;\"><strong>Kontaktieren<\/strong> Sie uns f\u00fcr <strong>Informationen<\/strong> oder um ein <strong>Angebot<\/strong> anzufordern. Wir beraten Sie gerne in deutscher Sprache.<\/h3>\r\n<p>[\/vc_column_text][\/vc_column][vc_column width=\"1\/2\"][vc_empty_space alter_height=\"medium\" hide_on_mobile=\"\"]\n<div class=\"wpcf7 no-js\" id=\"wpcf7-f3256-o1\" lang=\"it-IT\" dir=\"ltr\">\n<div class=\"screen-reader-response\"><p role=\"status\" aria-live=\"polite\" aria-atomic=\"true\"><\/p> <ul><\/ul><\/div>\n<form action=\"\/de\/wp-json\/wp\/v2\/pages\/2892#wpcf7-f3256-o1\" method=\"post\" class=\"wpcf7-form init wpcf7-acceptance-as-validation\" aria-label=\"Kontaktformular\" novalidate=\"novalidate\" data-status=\"init\">\n<div style=\"display: none;\">\n<input type=\"hidden\" name=\"_wpcf7\" value=\"3256\" \/>\n<input type=\"hidden\" name=\"_wpcf7_version\" value=\"5.7.7\" \/>\n<input type=\"hidden\" name=\"_wpcf7_locale\" value=\"it_IT\" \/>\n<input type=\"hidden\" name=\"_wpcf7_unit_tag\" value=\"wpcf7-f3256-o1\" \/>\n<input type=\"hidden\" name=\"_wpcf7_container_post\" value=\"0\" \/>\n<input type=\"hidden\" name=\"_wpcf7_posted_data_hash\" value=\"\" \/>\n<input type=\"hidden\" name=\"_wpcf7_recaptcha_response\" value=\"\" \/>\n<\/div>\n<div class=\"form-footer\">\n\t<div class=\"vc_row contatti footer\">\n\t\t<div class=\"vc_col-sm-6\">\n\t\t\t<p><span class=\"wpcf7-form-control-wrap\" data-name=\"your-name\"><input size=\"40\" class=\"wpcf7-form-control wpcf7-text wpcf7-validates-as-required\" aria-required=\"true\" aria-invalid=\"false\" placeholder=\"Name und Vorname *\" value=\"\" type=\"text\" name=\"your-name\" \/><\/span>\n\t\t\t<\/p>\n\t\t<\/div>\n\t\t<div class=\"vc_col-sm-6\">\n\t\t\t<p><span class=\"wpcf7-form-control-wrap\" data-name=\"your-agency\"><input size=\"40\" class=\"wpcf7-form-control wpcf7-text\" aria-invalid=\"false\" placeholder=\"Unternehmen\" value=\"\" type=\"text\" name=\"your-agency\" \/><\/span>\n\t\t\t<\/p>\n\t\t<\/div>\n\t<\/div>\n\t<div class=\"vc_row contatti footer\">\n\t\t<div class=\"vc_col-sm-12\">\n\t\t\t<p><span class=\"wpcf7-form-control-wrap\" data-name=\"your-email\"><input size=\"40\" class=\"wpcf7-form-control wpcf7-text wpcf7-email wpcf7-validates-as-required wpcf7-validates-as-email\" aria-required=\"true\" aria-invalid=\"false\" placeholder=\"E-Mail *\" value=\"\" type=\"email\" name=\"your-email\" \/><\/span>\n\t\t\t<\/p>\n\t\t<\/div>\n\t<\/div>\n\t<div class=\"vc_row contatti footer\">\n\t\t<div class=\"vc_col-sm-12\">\n\t\t\t<p><span class=\"wpcf7-form-control-wrap\" data-name=\"your-message\"><textarea cols=\"40\" rows=\"10\" class=\"wpcf7-form-control wpcf7-textarea\" aria-invalid=\"false\" placeholder=\"Nachricht\" name=\"your-message\"><\/textarea><\/span>\n\t\t\t<\/p>\n\t\t<\/div>\n\t<\/div>\n\t<p>Ich akzeptiere die Datenschutzregelung (<a class=\"footer_acceptance\" href='\/de\/privacy\/' target=\"_blank\">Siehe die Datenschutzhinweise<\/a>)<span class=\"wpcf7-form-control-wrap\" data-name=\"acceptance-17\"><span class=\"wpcf7-form-control wpcf7-acceptance\"><span class=\"wpcf7-list-item\"><input type=\"checkbox\" name=\"acceptance-17\" value=\"1\" aria-invalid=\"false\" \/><\/span><\/span><\/span>\n\t<\/p>\n\t<div class=\"vc_row contatti footer\">\n\t\t<div class=\"vc_col-sm-8\">\n\t\t\n\t\t<\/div>\n\t\t<div class=\"vc_col-sm-3\" style=\"float:right; text-align:right; padding:0!important\">\n\t\t\t<p><input class=\"wpcf7-form-control has-spinner wpcf7-submit\" type=\"submit\" value=\"Senden\" \/>\n\t\t\t<\/p>\n\t\t<\/div>\n\t<\/div>\n<\/div><div class=\"wpcf7-response-output\" aria-hidden=\"true\"><\/div>\n<\/form>\n<\/div>\n[\/vc_column][\/vc_row]<\/p>\r\n<\/div>[\/vc_column][\/vc_row]<\/p>\n","protected":false},"excerpt":{"rendered":"<p>[vc_row][vc_column width=&#8221;1\/3&#8243;][vc_empty_space alter_height=&#8221;small&#8221; hide_on_mobile=&#8221;&#8221;][vc_empty_space alter_height=&#8221;small&#8221; hide_on_mobile=&#8221;&#8221;][\/vc_column][vc_column width=&#8221;1\/3&#8243;][vc_empty_space alter_height=&#8221;small&#8221; hide_on_mobile=&#8221;&#8221;][vc_empty_space alter_height=&#8221;small&#8221; hide_on_mobile=&#8221;&#8221;][\/vc_column][vc_column width=&#8221;1\/3&#8243;][vc_empty_space alter_height=&#8221;small&#8221; hide_on_mobile=&#8221;&#8221;][vc_empty_space alter_height=&#8221;small&#8221; hide_on_mobile=&#8221;&#8221;][\/vc_column][\/vc_row][vc_row el_class=&#8221;certificati&#8221;][vc_column][vc_masonry_media_grid gap=&#8221;35&#8243; grid_id=&#8221;vc_gid:1753437786665-6222f5011dc82faf0788a0a08e0b9cb6-7&#8243; include=&#8221;9725,9726,23132&#8243;][vc_empty_space alter_height=&#8221;small&#8221; hide_on_mobile=&#8221;&#8221;][\/vc_column][\/vc_row][vc_row el_class=&#8221;informazioni_preventivo&#8221;][vc_column][\/vc_column][\/vc_row]<\/p>\n","protected":false},"author":2,"featured_media":2624,"parent":3381,"menu_order":0,"comment_status":"closed","ping_status":"closed","template":"","meta":[],"_links":{"self":[{"href":"https:\/\/www.cmmlaser.it\/de\/wp-json\/wp\/v2\/pages\/2892"}],"collection":[{"href":"https:\/\/www.cmmlaser.it\/de\/wp-json\/wp\/v2\/pages"}],"about":[{"href":"https:\/\/www.cmmlaser.it\/de\/wp-json\/wp\/v2\/types\/page"}],"author":[{"embeddable":true,"href":"https:\/\/www.cmmlaser.it\/de\/wp-json\/wp\/v2\/users\/2"}],"replies":[{"embeddable":true,"href":"https:\/\/www.cmmlaser.it\/de\/wp-json\/wp\/v2\/comments?post=2892"}],"version-history":[{"count":31,"href":"https:\/\/www.cmmlaser.it\/de\/wp-json\/wp\/v2\/pages\/2892\/revisions"}],"predecessor-version":[{"id":23134,"href":"https:\/\/www.cmmlaser.it\/de\/wp-json\/wp\/v2\/pages\/2892\/revisions\/23134"}],"up":[{"embeddable":true,"href":"https:\/\/www.cmmlaser.it\/de\/wp-json\/wp\/v2\/pages\/3381"}],"wp:featuredmedia":[{"embeddable":true,"href":"https:\/\/www.cmmlaser.it\/de\/wp-json\/wp\/v2\/media\/2624"}],"wp:attachment":[{"href":"https:\/\/www.cmmlaser.it\/de\/wp-json\/wp\/v2\/media?parent=2892"}],"curies":[{"name":"wp","href":"https:\/\/api.w.org\/{rel}","templated":true}]}}