{"id":2868,"date":"2018-04-12T15:59:13","date_gmt":"2018-04-12T13:59:13","guid":{"rendered":"http:\/\/www.cmmlaser.it\/?page_id=2868"},"modified":"2018-04-23T16:26:14","modified_gmt":"2018-04-23T14:26:14","slug":"umwelt","status":"publish","type":"page","link":"https:\/\/www.cmmlaser.it\/de\/ueber-uns\/umwelt\/","title":{"rendered":"Umwelt"},"content":{"rendered":"<p>[vc_row][vc_column][vc_empty_space alter_height=&#8221;small&#8221; hide_on_mobile=&#8221;&#8221;]<div id=\"sc_title_223583023\"\n\t\tclass=\"sc_title sc_title_default justify  vc_custom_1523541268183\"><h3 class=\"sc_item_title sc_title_title sc_align_default sc_item_title_style_default\">Umwelt<\/h3><\/div><!-- \/.sc_title -->[\/vc_column][vc_column width=&#8221;1\/2&#8243;][vc_column_text el_class=&#8221;justify&#8221;]<strong>CMM<\/strong> macht sich f\u00fcr den <strong>Schutz der Umwelt<\/strong> stark und ist darauf bedacht, die eigenen Leistungen in diesem Bereich kontinuierlich zu verbessern und die mit der ausge\u00fcbten T\u00e4tigkeit und dem bereitgestellten Produktund Dienstleistungsangebot verbundenen Risiken so weit wie m\u00f6glich einzuschr\u00e4nken. In diesem Rahmen hat das Unternehmen in den vergangenen sechs Jahren bedeutende Investitionen get\u00e4tigt und folgende Resultate erzielt:<\/p>\n<ul class=\"trx_addons_list_success\">\n<li>Installation von <strong>Solarpaneelen<\/strong> mit einer Leistung von 806 kW, die zum Gro\u00dfteil dem Eigenverbrauch dient.<\/li>\n<li>Austausch der Beleuchtungsk\u00f6rper aus Neon gegen <strong>Induktionslampen<\/strong>.<\/li>\n<li>Installation von zwei <a href=\"http:\/\/www.cmmlaser.it\/de\/laserschneiden\/blechlaserschneiden\/\" target=\"_blank\" rel=\"noopener\"><strong>Laseranlagen f\u00fcr Bleche<\/strong><\/a>, davon ein Faserlaser, der f\u00fcr eine Senkung des Stromverbrauchs sorgt.<\/li>\n<li>Installation von zwei <a href=\"http:\/\/www.cmmlaser.it\/de\/laserschneiden\/laserschneiden-von-rohren\/\" target=\"_blank\" rel=\"noopener\"><strong>Laseranlagen f\u00fcr Rohre<\/strong><\/a>, davon ein Faserlaser, der ebenfalls einen geringeren Stromverbrauch garantiert.<\/li>\n<li>2017 sind zwei <a href=\"http:\/\/www.cmmlaser.it\/de\/machining\/falzen\/\" target=\"_blank\" rel=\"noopener\">Falzmaschinen<\/a> und eine <a href=\"http:\/\/www.cmmlaser.it\/de\/machining\/stanzen\/\" target=\"_blank\" rel=\"noopener\">Stanzmaschine<\/a> installiert worden, die unter das durch Industrie 4.0 vorgesehene Landesprogramm f\u00fcr technologisches Update fallen.<\/li>\n<li>Das Ziel f\u00fcr 2018, das in Zusammenarbeit mit den Herstellern unserer Anlagen verfolgt wird, ist eine technologische Modernisierung, in deren Rahmen unsere Anlagen \u00fcberholt und umgebaut werden, um ihre Lebensdauer innerhalb des Produktionsprozesses zu verl\u00e4ngern. Das Ganze wird sich in eine Verbesserung der Leistungen sowie eine Senkung des Energieverbrauchs und der Umweltauswirkungen umsetzen.<\/li>\n<\/ul>\n<p>[\/vc_column_text][vc_empty_space alter_height=&#8221;small&#8221; hide_on_mobile=&#8221;1&#8243;][\/vc_column][vc_column width=&#8221;1\/2&#8243;][vc_column_text el_class=&#8221;justify&#8221;]In \u00dcbereinstimmung mit den eingegangenen Verpflichtungen ist CMM stets auf die Einhaltung der Vorschriften im Bereich Arbeitssicherheit und Gesundheitsschutz bedacht. Das Unternehmen passt sich der geltenden Gesetzgebung laufend an, indem es den eigenen Personalstab informiert, aus- und weiterbildet. Wir sind durch innovative Produktionsabl\u00e4ufe und immer sicherere Maschinen darum bem\u00fcht, uns st\u00e4ndig zu verbessern. Und was die Abfallbewirtschaftung betrifft, ziehen wir, wo immer m\u00f6glich, die <strong>Wiederverwertung<\/strong> und das Recycling der Entsorgung vor.[\/vc_column_text][vc_empty_space alter_height=&#8221;medium&#8221; hide_on_mobile=&#8221;&#8221;]<div id=\"widget_slider_1695772769\" class=\"widget_area sc_widget_slider vc_widget_slider wpb_content_element\"><aside id=\"widget_slider_1695772769_widget\" class=\"widget widget_slider\">\t\t\t<div class=\"slider_wrap slider_engine_swiper\">\n\t\t\t\t<div id=\"widget_slider_1695772769_outer\" class=\"slider_swiper_outer slider_style_default slider_outer_controls slider_outer_controls_side slider_outer_nopagination slider_outer_titles_center slider_outer_one\"><div id=\"widget_slider_1695772769_swiper\" class=\"slider_swiper swiper-slider-container slider_controls slider_controls_side slider_nopagination slider_titles_center slider_one slider_resize slider_height_auto slider_type_bg\" data-ratio=\"16:9\" data-interval=\"3000\" data-effect=\"slide\" data-pagination=\"bullets\" data-slides-per-view=\"1\" data-slides-space=\"0\">\n\t\t\t\t\t\t<div class=\"swiper-wrapper\"><div  class=\"swiper-slide\" data-image=\"https:\/\/www.cmmlaser.it\/wp-content\/uploads\/2018\/04\/CMM-politica-ambientale.jpg\" style=\"background-image:url(https:\/\/www.cmmlaser.it\/wp-content\/uploads\/2018\/04\/CMM-politica-ambientale.jpg);\"><\/div><div  class=\"swiper-slide\" data-image=\"https:\/\/www.cmmlaser.it\/wp-content\/uploads\/2018\/04\/politica-ambientale.jpg\" style=\"background-image:url(https:\/\/www.cmmlaser.it\/wp-content\/uploads\/2018\/04\/politica-ambientale.jpg);\"><\/div><div  class=\"swiper-slide\" data-image=\"https:\/\/www.cmmlaser.it\/wp-content\/uploads\/2018\/04\/CMM-ambiente.jpg\" style=\"background-image:url(https:\/\/www.cmmlaser.it\/wp-content\/uploads\/2018\/04\/CMM-ambiente.jpg);\"><\/div><\/div><div class=\"slider_controls_wrap\"><a class=\"slider_prev swiper-button-prev\" href=\"#\"><\/a><a class=\"slider_next swiper-button-next\" href=\"#\"><\/a><\/div><\/div><\/div>\t\t\t<\/div>\n\t\t\t<\/aside><\/div>[\/vc_column][\/vc_row][vc_row el_class=&#8221;informazioni_preventivo&#8221;][vc_column]<div class=\"sc_layouts sc_layouts_default sc_layouts_3258\"><p>[vc_row full_width=\"stretch_row\" equal_height=\"yes\" content_placement=\"middle\" scheme=\"dark\" row_delimiter=\"\" row_fixed=\"\" hide_on_mobile=\"\" hide_on_frontpage=\"\" css=\".vc_custom_1523443605967{padding-top: 60px !important;padding-bottom: 60px !important;background-image: url(http:\/\/www.cmmlaser.it\/wp-content\/uploads\/2018\/04\/saldatura-travi.jpg?id=2648) !important;background-position: center !important;background-repeat: no-repeat !important;background-size: cover !important;}\" el_class=\"informazioni_preventivo\"][vc_column width=\"1\/2\"][vc_column_text]<\/p>\r\n<h3 style=\"text-align: center;\"><strong>Kontaktieren<\/strong> Sie uns f\u00fcr <strong>Informationen<\/strong> oder um ein <strong>Angebot<\/strong> anzufordern. Wir beraten Sie gerne in deutscher Sprache.<\/h3>\r\n<p>[\/vc_column_text][\/vc_column][vc_column width=\"1\/2\"][vc_empty_space alter_height=\"medium\" hide_on_mobile=\"\"]\n<div class=\"wpcf7 no-js\" id=\"wpcf7-f3256-o1\" lang=\"it-IT\" dir=\"ltr\">\n<div class=\"screen-reader-response\"><p role=\"status\" aria-live=\"polite\" aria-atomic=\"true\"><\/p> <ul><\/ul><\/div>\n<form action=\"\/de\/wp-json\/wp\/v2\/pages\/2868#wpcf7-f3256-o1\" method=\"post\" class=\"wpcf7-form init wpcf7-acceptance-as-validation\" aria-label=\"Kontaktformular\" novalidate=\"novalidate\" data-status=\"init\">\n<div style=\"display: none;\">\n<input type=\"hidden\" name=\"_wpcf7\" value=\"3256\" \/>\n<input type=\"hidden\" name=\"_wpcf7_version\" value=\"5.7.7\" \/>\n<input type=\"hidden\" name=\"_wpcf7_locale\" value=\"it_IT\" \/>\n<input type=\"hidden\" name=\"_wpcf7_unit_tag\" value=\"wpcf7-f3256-o1\" \/>\n<input type=\"hidden\" name=\"_wpcf7_container_post\" value=\"0\" \/>\n<input type=\"hidden\" name=\"_wpcf7_posted_data_hash\" value=\"\" \/>\n<input type=\"hidden\" name=\"_wpcf7_recaptcha_response\" value=\"\" \/>\n<\/div>\n<div class=\"form-footer\">\n\t<div class=\"vc_row contatti footer\">\n\t\t<div class=\"vc_col-sm-6\">\n\t\t\t<p><span class=\"wpcf7-form-control-wrap\" data-name=\"your-name\"><input size=\"40\" class=\"wpcf7-form-control wpcf7-text wpcf7-validates-as-required\" aria-required=\"true\" aria-invalid=\"false\" placeholder=\"Name und Vorname *\" value=\"\" type=\"text\" name=\"your-name\" \/><\/span>\n\t\t\t<\/p>\n\t\t<\/div>\n\t\t<div class=\"vc_col-sm-6\">\n\t\t\t<p><span class=\"wpcf7-form-control-wrap\" data-name=\"your-agency\"><input size=\"40\" class=\"wpcf7-form-control wpcf7-text\" aria-invalid=\"false\" placeholder=\"Unternehmen\" value=\"\" type=\"text\" name=\"your-agency\" \/><\/span>\n\t\t\t<\/p>\n\t\t<\/div>\n\t<\/div>\n\t<div class=\"vc_row contatti footer\">\n\t\t<div class=\"vc_col-sm-12\">\n\t\t\t<p><span class=\"wpcf7-form-control-wrap\" data-name=\"your-email\"><input size=\"40\" class=\"wpcf7-form-control wpcf7-text wpcf7-email wpcf7-validates-as-required wpcf7-validates-as-email\" aria-required=\"true\" aria-invalid=\"false\" placeholder=\"E-Mail *\" value=\"\" type=\"email\" name=\"your-email\" \/><\/span>\n\t\t\t<\/p>\n\t\t<\/div>\n\t<\/div>\n\t<div class=\"vc_row contatti footer\">\n\t\t<div class=\"vc_col-sm-12\">\n\t\t\t<p><span class=\"wpcf7-form-control-wrap\" data-name=\"your-message\"><textarea cols=\"40\" rows=\"10\" class=\"wpcf7-form-control wpcf7-textarea\" aria-invalid=\"false\" placeholder=\"Nachricht\" name=\"your-message\"><\/textarea><\/span>\n\t\t\t<\/p>\n\t\t<\/div>\n\t<\/div>\n\t<p>Ich akzeptiere die Datenschutzregelung (<a class=\"footer_acceptance\" href='\/de\/privacy\/' target=\"_blank\">Siehe die Datenschutzhinweise<\/a>)<span class=\"wpcf7-form-control-wrap\" data-name=\"acceptance-17\"><span class=\"wpcf7-form-control wpcf7-acceptance\"><span class=\"wpcf7-list-item\"><input type=\"checkbox\" name=\"acceptance-17\" value=\"1\" aria-invalid=\"false\" \/><\/span><\/span><\/span>\n\t<\/p>\n\t<div class=\"vc_row contatti footer\">\n\t\t<div class=\"vc_col-sm-8\">\n\t\t\n\t\t<\/div>\n\t\t<div class=\"vc_col-sm-3\" style=\"float:right; text-align:right; padding:0!important\">\n\t\t\t<p><input class=\"wpcf7-form-control has-spinner wpcf7-submit\" type=\"submit\" value=\"Senden\" \/>\n\t\t\t<\/p>\n\t\t<\/div>\n\t<\/div>\n<\/div><div class=\"wpcf7-response-output\" aria-hidden=\"true\"><\/div>\n<\/form>\n<\/div>\n[\/vc_column][\/vc_row]<\/p>\r\n<\/div>[\/vc_column][\/vc_row]<\/p>\n","protected":false},"excerpt":{"rendered":"<p>[vc_row][vc_column][vc_empty_space alter_height=&#8221;small&#8221; hide_on_mobile=&#8221;&#8221;][\/vc_column][vc_column width=&#8221;1\/2&#8243;][vc_column_text el_class=&#8221;justify&#8221;]CMM macht sich f\u00fcr den Schutz der Umwelt stark und ist darauf bedacht, die eigenen Leistungen in diesem Bereich kontinuierlich zu verbessern und die mit der&hellip;<\/p>\n","protected":false},"author":2,"featured_media":2668,"parent":3381,"menu_order":0,"comment_status":"closed","ping_status":"closed","template":"","meta":[],"_links":{"self":[{"href":"https:\/\/www.cmmlaser.it\/de\/wp-json\/wp\/v2\/pages\/2868"}],"collection":[{"href":"https:\/\/www.cmmlaser.it\/de\/wp-json\/wp\/v2\/pages"}],"about":[{"href":"https:\/\/www.cmmlaser.it\/de\/wp-json\/wp\/v2\/types\/page"}],"author":[{"embeddable":true,"href":"https:\/\/www.cmmlaser.it\/de\/wp-json\/wp\/v2\/users\/2"}],"replies":[{"embeddable":true,"href":"https:\/\/www.cmmlaser.it\/de\/wp-json\/wp\/v2\/comments?post=2868"}],"version-history":[{"count":8,"href":"https:\/\/www.cmmlaser.it\/de\/wp-json\/wp\/v2\/pages\/2868\/revisions"}],"predecessor-version":[{"id":4300,"href":"https:\/\/www.cmmlaser.it\/de\/wp-json\/wp\/v2\/pages\/2868\/revisions\/4300"}],"up":[{"embeddable":true,"href":"https:\/\/www.cmmlaser.it\/de\/wp-json\/wp\/v2\/pages\/3381"}],"wp:featuredmedia":[{"embeddable":true,"href":"https:\/\/www.cmmlaser.it\/de\/wp-json\/wp\/v2\/media\/2668"}],"wp:attachment":[{"href":"https:\/\/www.cmmlaser.it\/de\/wp-json\/wp\/v2\/media?parent=2868"}],"curies":[{"name":"wp","href":"https:\/\/api.w.org\/{rel}","templated":true}]}}